{"id":44,"date":"2015-03-13T08:42:15","date_gmt":"2015-03-13T08:42:15","guid":{"rendered":"http:\/\/blogsaverroes.juntadeandalucia.es\/pre\/ceip\/?page_id=44"},"modified":"2019-03-20T13:19:17","modified_gmt":"2019-03-20T12:19:17","slug":"planes-y-programas","status":"publish","type":"page","link":"https:\/\/blogsaverroes.juntadeandalucia.es\/ceprjosenogales\/planes-y-programas\/","title":{"rendered":"Planes y Programas"},"content":{"rendered":"<p>El Colegio de Educaci\u00f3n Primaria Jos\u00e9 Nogales de Aracena (Huelva) constituye una Comunidad Educativa que abandera un Proyecto de Centro comprometido con la educaci\u00f3n integral de su<br \/>\nalumnado.<\/p>\n<p style=\"text-align: center\"><a href=\"https:\/\/blogsaverroes.juntadeandalucia.es\/ceprjosenogales\/files\/2015\/03\/plan.png\"><img loading=\"lazy\" decoding=\"async\" class=\"alignnone wp-image-2254 size-full\" src=\"https:\/\/blogsaverroes.juntadeandalucia.es\/ceprjosenogales\/files\/2015\/03\/plan.png\" alt=\"plan\" width=\"168\" height=\"171\"><\/a><\/p>\n<p style=\"text-align: justify\">La introducci\u00f3n de las competencias claves en el curr\u00edculum escolar junto con la promoci\u00f3n de la convivencia desde una cultura de paz que incorpore valores de solidaridad, respeto a la diversidad, igualdad,&#8230; constituyen los pilares de este Proyecto Educativo que queremos compartir con nuestras familias.<\/p>\n<p><img loading=\"lazy\" decoding=\"async\" class=\"alignnone size-full wp-image-3297 aligncenter\" src=\"https:\/\/blogsaverroes.juntadeandalucia.es\/ceprjosenogales\/files\/2019\/03\/planesyprogramas.png\" alt=\"\" width=\"370\" height=\"150\" srcset=\"https:\/\/blogsaverroes.juntadeandalucia.es\/ceprjosenogales\/files\/2019\/03\/planesyprogramas.png 370w, https:\/\/blogsaverroes.juntadeandalucia.es\/ceprjosenogales\/files\/2019\/03\/planesyprogramas-300x122.png 300w, https:\/\/blogsaverroes.juntadeandalucia.es\/ceprjosenogales\/files\/2019\/03\/planesyprogramas-24x10.png 24w, https:\/\/blogsaverroes.juntadeandalucia.es\/ceprjosenogales\/files\/2019\/03\/planesyprogramas-36x15.png 36w, https:\/\/blogsaverroes.juntadeandalucia.es\/ceprjosenogales\/files\/2019\/03\/planesyprogramas-48x19.png 48w\" sizes=\"(max-width: 370px) 100vw, 370px\" \/><\/p>\n<table style=\"border-color: #166b0b;width: 660px\" border=\"2\">\n<tbody>\n<tr>\n<td style=\"width: 660px\">\n<h3 style=\"text-align: left\"><strong>&nbsp;Planes y programas educativos<\/strong><\/h3>\n<ul>\n<li style=\"text-align: left\"><a href=\"https:\/\/blogsaverroes.juntadeandalucia.es\/ceprjosenogales\/p-l-c\/\" target=\"_blank\" rel=\"noopener\">PLC. Proyecto Ling\u00fc\u00edstico del Centro.<\/a><\/li>\n<li style=\"text-align: left\"><a href=\"https:\/\/blogsaverroes.juntadeandalucia.es\/ceprjosenogales\/prodig\/\" target=\"_blank\" rel=\"noopener\">PRODIG. Programa de digitalizaci\u00f3n de Centros.<\/a><\/li>\n<li style=\"text-align: left\"><a href=\"https:\/\/blogsaverroes.juntadeandalucia.es\/ceprjosenogales\/programa-de-enriquecimiento-curricular\/\" target=\"_blank\" rel=\"noopener\">PEC. Programa de Enriquecimiento Curricular de Andaluc\u00eda. PROFUNDIZA.<\/a><\/li>\n<li style=\"text-align: left\">Plan de apertura de Centros escolares: aula matinal, comedor escolar y actividades extraescolares.<\/li>\n<li style=\"text-align: left\">Escuela TIC 2.0.<\/li>\n<li style=\"text-align: left\">Red Andaluza Escuela Espacio de Paz:<strong> \u00abProyecto Guatemala\u00bb.<\/strong><\/li>\n<li style=\"text-align: left\"><a href=\"https:\/\/blogsaverroes.juntadeandalucia.es\/ceprjosenogales\/files\/2015\/11\/PLAN-BIBLIO-16-17.pdf\" target=\"_blank\" rel=\"noopener\">Plan de lectura y biblioteca escolar.<\/a><\/li>\n<li style=\"text-align: left\">Plan de igualdad entre hombres y mujeres en la educaci\u00f3n.<\/li>\n<li style=\"text-align: left\">Escuelas deportivas.<\/li>\n<li style=\"text-align: left\"><a href=\"http:\/\/www.juntadeandalucia.es\/educacion\/webportal\/abaco-portlet\/content\/ba399d6a-f931-40ac-b0bd-3cebd8f8b5e8\" target=\"_blank\" rel=\"noopener\">Abecedaria.<\/a><\/li>\n<li style=\"text-align: left\">Practicum Grado de maestro.<\/li>\n<li style=\"text-align: left\"><a href=\"https:\/\/blogsaverroes.juntadeandalucia.es\/ceprjosenogales\/files\/2019\/03\/plansalud2018.pdf\" target=\"_blank\" rel=\"noopener\">Creciendo en salud<\/a><\/li>\n<li style=\"text-align: left\"><a href=\"https:\/\/blogsaverroes.juntadeandalucia.es\/ceprjosenogales\/escuelarte\/\" target=\"_blank\" rel=\"noopener\">Escuelarte<\/a><\/li>\n<li style=\"text-align: left\">Plan de Salud Laboral y P.R.L.<\/li>\n<li style=\"text-align: left\">Educaci\u00f3n Vial.<\/li>\n<li style=\"text-align: left\">Plan de formaci\u00f3n en Centro.<\/li>\n<li style=\"text-align: left\"><a href=\"http:\/\/www.juntadeandalucia.es\/educacion\/webportal\/web\/vida-saludable\/programas\/plan-de-consumo-de-fruta\" target=\"_blank\" rel=\"noopener\">Plan de consumo de frutas.<\/a><\/li>\n<li style=\"text-align: left\"><a href=\"http:\/\/www1.ccul.junta-andalucia.es\/cultura\/auladecine\/\" target=\"_blank\" rel=\"noopener\">AulaDcine<\/a><\/li>\n<li style=\"text-align: left\"><a href=\"https:\/\/colaboraeducacion30.juntadeandalucia.es\/educacion\/colabora\/web\/auladjaque\" target=\"_blank\" rel=\"noopener\">AulaDjaque<\/a><\/li>\n<\/ul>\n<p>&nbsp;<\/td>\n<\/tr>\n<\/tbody>\n<\/table>\n<p>&nbsp;<\/p>\n<p>&nbsp;<\/p>\n","protected":false},"excerpt":{"rendered":"<p>El Colegio de Educaci\u00f3n Primaria Jos\u00e9 Nogales de Aracena (Huelva) constituye una Comunidad Educativa que abandera un Proyecto de Centro comprometido con la educaci\u00f3n integral de su alumnado. La introducci\u00f3n de las competencias claves&#46;&#46;&#46;<\/p>\n","protected":false},"author":1,"featured_media":0,"parent":0,"menu_order":0,"comment_status":"closed","ping_status":"closed","template":"","meta":{"ngg_post_thumbnail":0,"footnotes":"","_mc_calendar":[]},"aioseo_notices":[],"_links":{"self":[{"href":"https:\/\/blogsaverroes.juntadeandalucia.es\/ceprjosenogales\/wp-json\/wp\/v2\/pages\/44"}],"collection":[{"href":"https:\/\/blogsaverroes.juntadeandalucia.es\/ceprjosenogales\/wp-json\/wp\/v2\/pages"}],"about":[{"href":"https:\/\/blogsaverroes.juntadeandalucia.es\/ceprjosenogales\/wp-json\/wp\/v2\/types\/page"}],"author":[{"embeddable":true,"href":"https:\/\/blogsaverroes.juntadeandalucia.es\/ceprjosenogales\/wp-json\/wp\/v2\/users\/1"}],"replies":[{"embeddable":true,"href":"https:\/\/blogsaverroes.juntadeandalucia.es\/ceprjosenogales\/wp-json\/wp\/v2\/comments?post=44"}],"version-history":[{"count":21,"href":"https:\/\/blogsaverroes.juntadeandalucia.es\/ceprjosenogales\/wp-json\/wp\/v2\/pages\/44\/revisions"}],"predecessor-version":[{"id":3389,"href":"https:\/\/blogsaverroes.juntadeandalucia.es\/ceprjosenogales\/wp-json\/wp\/v2\/pages\/44\/revisions\/3389"}],"wp:attachment":[{"href":"https:\/\/blogsaverroes.juntadeandalucia.es\/ceprjosenogales\/wp-json\/wp\/v2\/media?parent=44"}],"curies":[{"name":"wp","href":"https:\/\/api.w.org\/{rel}","templated":true}]}}