{"id":49,"date":"2015-03-13T08:47:05","date_gmt":"2015-03-13T08:47:05","guid":{"rendered":"http:\/\/blogsaverroes.juntadeandalucia.es\/pre\/ceip\/?page_id=49"},"modified":"2023-03-23T11:18:40","modified_gmt":"2023-03-23T10:18:40","slug":"proyecto-educativo","status":"publish","type":"page","link":"https:\/\/blogsaverroes.juntadeandalucia.es\/ceprjosenogales\/proyecto-educativo\/","title":{"rendered":"Plan de Centro"},"content":{"rendered":"<p align=\"justify\">En cumplimiento del art\u00edculo 4 de la Orden de 20 de agosto de 2010, el Plan de Centro ser\u00e1 un documento p\u00fablico y se facilitar\u00e1 su conocimiento por la comunidad educativa y a la ciudadan\u00eda en general.<\/p>\n<p align=\"justify\">A tales efectos, se hace p\u00fablico en nuestra p\u00e1gina web, tras su aprobaci\u00f3n en el Consejo Escolar celebrado en este Centro el d\u00eda 28 de octubre de 2019, y en base al Proyecto de Direcci\u00f3n para el cuatrienio 2018-2022.<\/p>\n<table style=\"border-color: #166b0b\" border=\"2\">\n<tbody>\n<tr>\n<td>&nbsp;<\/td>\n<\/tr>\n<\/tbody>\n<\/table>\n<ul style=\"list-style-type: square\">\n<li>\n<h3><a href=\"https:\/\/blogsaverroes.juntadeandalucia.es\/ceprjosenogales\/files\/2019\/12\/PE-2019.pdf\" target=\"_blank\" rel=\"noopener noreferrer\"><span style=\"color: #000000\"><strong>P<\/strong><\/span>royecto <span style=\"color: #000000\"><strong>E<\/strong><\/span>ducativo<\/a><\/h3>\n<\/li>\n<li>\n<h3><a href=\"https:\/\/blogsaverroes.juntadeandalucia.es\/ceprjosenogales\/files\/2020\/11\/1-modificacion-PC.pdf\" target=\"_blank\" rel=\"noopener noreferrer\"><span style=\"color: #000000\"><strong>P<\/strong><\/span>royecto <span style=\"color: #000000\"><strong>E<\/strong><\/span>ducativo &#8211; Primera Revisi\u00f3n<\/a><\/h3>\n<\/li>\n<li>\n<h3><a href=\"https:\/\/blogsaverroes.juntadeandalucia.es\/ceprjosenogales\/files\/2020\/11\/2-modificacion-PC.pdf\" target=\"_blank\" rel=\"noopener noreferrer\"><span style=\"color: #000000\"><strong>P<\/strong><\/span>royecto <strong><span style=\"color: #000000\">E<\/span><\/strong>ducativo &#8211; Segunda Revisi\u00f3n<\/a><\/h3>\n<\/li>\n<li>\n<h3><a href=\"https:\/\/blogsaverroes.juntadeandalucia.es\/ceprjosenogales\/files\/2021\/10\/3actualizacion-PC-2021-2.pdf\" target=\"_blank\" rel=\"noopener noreferrer\"><span style=\"color: #000000\"><strong>P<\/strong><\/span>royecto <span style=\"color: #000000\"><strong>E<\/strong><\/span>ducativo &#8211; Tercera Revisi\u00f3n<\/a><\/h3>\n<\/li>\n<li>\n<h3><a href=\"https:\/\/blogsaverroes.juntadeandalucia.es\/ceprjosenogales\/files\/2023\/03\/pec-4.pdf\" target=\"_blank\" rel=\"noopener noreferrer\"><strong><span style=\"color: #000000\">P<\/span><\/strong>royecto <strong><span style=\"color: #000000\">E<\/span><\/strong>ducativo &#8211; Cuarta Revisi\u00f3n<\/a><\/h3>\n<\/li>\n<\/ul>\n<hr>\n<ul style=\"list-style-type: square\">\n<li>\n<h3><a href=\"https:\/\/blogsaverroes.juntadeandalucia.es\/ceprjosenogales\/files\/2019\/12\/ROF-2019.pdf\" target=\"_blank\" rel=\"noopener noreferrer\"><span style=\"color: #000000\"><strong>R<\/strong><\/span>eglamento de <span style=\"color: #000000\"><strong>O<\/strong><\/span>rganizaci\u00f3n y <span style=\"color: #000000\"><strong>F<\/strong><\/span>uncionamiento<\/a><\/h3>\n<\/li>\n<\/ul>\n<hr>\n<ul style=\"list-style-type: square\">\n<li>\n<h3><a href=\"https:\/\/blogsaverroes.juntadeandalucia.es\/ceprjosenogales\/files\/2019\/12\/PG-2019.pdf\" target=\"_blank\" rel=\"noopener noreferrer\"><span style=\"color: #000000\"><strong>P<\/strong><\/span>royecto de <span style=\"color: #000000\"><strong>G<\/strong><\/span>esti\u00f3n<\/a><\/h3>\n<\/li>\n<\/ul>\n<p>&nbsp;<\/p>\n","protected":false},"excerpt":{"rendered":"<p>En cumplimiento del art\u00edculo 4 de la Orden de 20 de agosto de 2010, el Plan de Centro ser\u00e1 un documento p\u00fablico y se facilitar\u00e1 su conocimiento por la comunidad educativa y a la&#46;&#46;&#46;<\/p>\n","protected":false},"author":1,"featured_media":0,"parent":0,"menu_order":0,"comment_status":"closed","ping_status":"open","template":"","meta":{"ngg_post_thumbnail":0,"footnotes":"","_mc_calendar":[]},"aioseo_notices":[],"_links":{"self":[{"href":"https:\/\/blogsaverroes.juntadeandalucia.es\/ceprjosenogales\/wp-json\/wp\/v2\/pages\/49"}],"collection":[{"href":"https:\/\/blogsaverroes.juntadeandalucia.es\/ceprjosenogales\/wp-json\/wp\/v2\/pages"}],"about":[{"href":"https:\/\/blogsaverroes.juntadeandalucia.es\/ceprjosenogales\/wp-json\/wp\/v2\/types\/page"}],"author":[{"embeddable":true,"href":"https:\/\/blogsaverroes.juntadeandalucia.es\/ceprjosenogales\/wp-json\/wp\/v2\/users\/1"}],"replies":[{"embeddable":true,"href":"https:\/\/blogsaverroes.juntadeandalucia.es\/ceprjosenogales\/wp-json\/wp\/v2\/comments?post=49"}],"version-history":[{"count":32,"href":"https:\/\/blogsaverroes.juntadeandalucia.es\/ceprjosenogales\/wp-json\/wp\/v2\/pages\/49\/revisions"}],"predecessor-version":[{"id":3908,"href":"https:\/\/blogsaverroes.juntadeandalucia.es\/ceprjosenogales\/wp-json\/wp\/v2\/pages\/49\/revisions\/3908"}],"wp:attachment":[{"href":"https:\/\/blogsaverroes.juntadeandalucia.es\/ceprjosenogales\/wp-json\/wp\/v2\/media?parent=49"}],"curies":[{"name":"wp","href":"https:\/\/api.w.org\/{rel}","templated":true}]}}