{"id":99,"date":"2015-03-16T07:22:54","date_gmt":"2015-03-16T07:22:54","guid":{"rendered":"http:\/\/blogsaverroes.juntadeandalucia.es\/pre\/ceip\/?page_id=99"},"modified":"2020-05-27T19:50:25","modified_gmt":"2020-05-27T18:50:25","slug":"comedor-escolar","status":"publish","type":"page","link":"https:\/\/blogsaverroes.juntadeandalucia.es\/ceprjosenogales\/comedor-escolar\/","title":{"rendered":"Comedor escolar"},"content":{"rendered":"<h4><img loading=\"lazy\" decoding=\"async\" class=\"wp-image-3458 aligncenter\" src=\"https:\/\/blogsaverroes.juntadeandalucia.es\/ceprjosenogales\/files\/2019\/12\/comedor.jpg\" alt=\"\" width=\"364\" height=\"273\" srcset=\"https:\/\/blogsaverroes.juntadeandalucia.es\/ceprjosenogales\/files\/2019\/12\/comedor.jpg 1600w, https:\/\/blogsaverroes.juntadeandalucia.es\/ceprjosenogales\/files\/2019\/12\/comedor-300x225.jpg 300w, https:\/\/blogsaverroes.juntadeandalucia.es\/ceprjosenogales\/files\/2019\/12\/comedor-768x576.jpg 768w, https:\/\/blogsaverroes.juntadeandalucia.es\/ceprjosenogales\/files\/2019\/12\/comedor-1024x768.jpg 1024w, https:\/\/blogsaverroes.juntadeandalucia.es\/ceprjosenogales\/files\/2019\/12\/comedor-700x525.jpg 700w, https:\/\/blogsaverroes.juntadeandalucia.es\/ceprjosenogales\/files\/2019\/12\/comedor-24x18.jpg 24w, https:\/\/blogsaverroes.juntadeandalucia.es\/ceprjosenogales\/files\/2019\/12\/comedor-36x27.jpg 36w, https:\/\/blogsaverroes.juntadeandalucia.es\/ceprjosenogales\/files\/2019\/12\/comedor-48x36.jpg 48w\" sizes=\"(max-width: 364px) 100vw, 364px\" \/><\/h4>\n<p style=\"text-align: justify\">El <strong>C.E.Pr. Jos\u00e9 Nogales<\/strong> presta el servicio de comedor escolar para el alumnado de educaci\u00f3n primaria, y de educaci\u00f3n especial durante un tiempo m\u00e1ximo de dos horas a partir de la finalizaci\u00f3n de la jornada lectiva de ma\u00f1ana, de <strong>14.00 a 16:00 horas<\/strong>. El horario de este servicio proporciona a los padres y a las madres un apoyo que les permite compatibilizar sus obligaciones familiares y profesionales, por tanto, el comedor escolar constituye un servicio complementario de gran utilidad para conciliar la vida laboral y familiar. Es, adem\u00e1s, una pieza importante en todas las medidas dirigidas a mejorar los h\u00e1bitos alimenticios de los ni\u00f1os y ni\u00f1as y prevenir problemas de salud como la obesidad.<\/p>\n<p style=\"text-align: justify\">En la organizaci\u00f3n del servicio de comedor escolar, el centro considera la atenci\u00f3n al alumnado usuario, tanto en el tiempo destinado a la comida, como en los per\u00edodos inmediatamente anteriores y posteriores a la misma, todo ello en el marco de la concepci\u00f3n educativa integral que tiene este servicio en los centros. La gesti\u00f3n diaria del servicio se realiza teniendo en cuenta el aforo y el n\u00famero de comensales que hacen uso de dicho servicio.<\/p>\n<p>La atenci\u00f3n al alumnado en el comedor escolar se llevar\u00e1 a cabo por personal cualificado cuyas funciones son las siguientes:<\/p>\n<p style=\"padding-left: 30px\">a) Atender y custodiar al alumnado durante las comidas y en el tiempo anterior y posterior a las mismas.<br \/>\nb) Resolver las incidencias que pudieran presentarse durante ese per\u00edodo.<br \/>\nc) Prestar especial atenci\u00f3n a la labor educativa del comedor: adquisici\u00f3n de h\u00e1bitos sociales e higi\u00e9nico-sanitarios y correcta utilizaci\u00f3n del menaje del comedor.<br \/>\nd) Cualquier otra funci\u00f3n que le pueda ser encomendada por la persona que ejerce la direcci\u00f3n del centro, para el adecuado funcionamiento del comedor escolar.<\/p>\n<p style=\"text-align: justify\">Estos profesionales ejercen una labor educativa dirigida a favorecer la adquisici\u00f3n de buenos h\u00e1bitos sociales, higi\u00e9nicos y alimenticios. Por ejemplo, introduciendo pr\u00e1cticas como el lavado previo de las manos o el cepillado de los dientes despu\u00e9s de las comidas. Adem\u00e1s de la labor educativa que se realiza durante las comidas, despu\u00e9s de estas las empresas que atienden el comedor escolar deben ofrecer al alumnado actividades l\u00fadicas, deportivas o educativas que permitan un uso provechoso de este tiempo.<\/p>\n<h3><strong>Aforo<\/strong><\/h3>\n<p>El comedor escolar de nuestro Colegio cuenta actualmente con un aforo m\u00e1ximo de <strong>90 plazas<\/strong>.<\/p>\n<h3><strong>Solicitudes<\/strong><\/h3>\n<p style=\"text-align: justify\">El servicio de comedor escolar se solicita en el mes de <strong>junio<\/strong> en la matriculaci\u00f3n del alumnado y la solicitud de bonificaciones al precio p\u00fablico de dicho servicio se realiza a principios del mes de <strong>septiembre<\/strong> para posibilitar que los ingresos de referencia para el c\u00e1lculo de la bonificaci\u00f3n sea el del a\u00f1o inmediatamente anterior, y adecuarse en lo posible a la capacidad econ\u00f3mica real de las familias.<\/p>\n<p>&nbsp;Desc\u00e1rgate los formularios, rell\u00e9nalos y entr\u00e9galos en la secretar\u00eda del Colegio:<\/p>\n<table style=\"background-color: #cfcdca\" cellpadding=\"10\" border=\"15\">\n<tbody>\n<tr>\n<td style=\"width: 660px\">\n<ul style=\"list-style-type: square\">\n<li style=\"text-align: left\">Solicitud de inscripci\u00f3n: <a href=\"https:\/\/www.juntadeandalucia.es\/educacion\/portals\/delegate\/content\/6c4342f7-1581-4c26-bc7e-2e49b4b64cee\/Anexo%20II.-%20Servicio%20de%20Aula%20Matinal,%20Comedor%20Escolar%20y%20actividades%20Extraescolares\" target=\"_blank\" rel=\"noopener noreferrer\">Anexo_II<\/a><\/li>\n<li style=\"text-align: left\">Solicitud de bonificaci\u00f3n: <a href=\"https:\/\/www.juntadeandalucia.es\/educacion\/portals\/delegate\/content\/fcc8b9c5-53ad-46ca-9098-80d7b3c81097\/Anexo%20V.-%20Gratuidad\/bonificaci%C3%B3n%20del%20precio%20p%C3%BAblico%20por%20los%20servicios%20complementarios%20de%20Aula%20Matinal,%20Comedor%20Escolar%20y%20Actividades%20Extraescolares\" target=\"_blank\" rel=\"noopener noreferrer\">Anexo_V<\/a><\/li>\n<li style=\"text-align: left\">Solicitud de baja en el servicio: <a href=\"http:\/\/blogsaverroes.juntadeandalucia.es\/ceprjosenogales\/files\/2015\/03\/solicitud_baja_paf.pdf\">Anexo baja<\/a><a href=\"http:\/\/blogsaverroes.juntadeandalucia.es\/ceprjosenogales\/files\/2015\/03\/download_pdf_1.png\"><img loading=\"lazy\" decoding=\"async\" class=\"wp-image-2424 alignright\" src=\"http:\/\/blogsaverroes.juntadeandalucia.es\/ceprjosenogales\/files\/2015\/03\/download_pdf_1.png\" alt=\"\" width=\"43\" height=\"43\" srcset=\"https:\/\/blogsaverroes.juntadeandalucia.es\/ceprjosenogales\/files\/2015\/03\/download_pdf_1.png 256w, https:\/\/blogsaverroes.juntadeandalucia.es\/ceprjosenogales\/files\/2015\/03\/download_pdf_1-150x150.png 150w, https:\/\/blogsaverroes.juntadeandalucia.es\/ceprjosenogales\/files\/2015\/03\/download_pdf_1-100x100.png 100w, https:\/\/blogsaverroes.juntadeandalucia.es\/ceprjosenogales\/files\/2015\/03\/download_pdf_1-24x24.png 24w, https:\/\/blogsaverroes.juntadeandalucia.es\/ceprjosenogales\/files\/2015\/03\/download_pdf_1-36x36.png 36w, https:\/\/blogsaverroes.juntadeandalucia.es\/ceprjosenogales\/files\/2015\/03\/download_pdf_1-48x48.png 48w\" sizes=\"(max-width: 43px) 100vw, 43px\" \/><\/a><\/li>\n<\/ul>\n<\/td>\n<\/tr>\n<\/tbody>\n<\/table>\n<table style=\"border-color: #969393;background-color: #cfcdca\">\n<tbody>\n<tr>\n<td style=\"width: 658px\">\n<h3><strong>Documentaci\u00f3n sobre alimentaci\u00f3n<br \/>\n<\/strong><\/h3>\n<p style=\"text-align: left;padding-left: 30px\"><a href=\"https:\/\/blogsaverroes.juntadeandalucia.es\/ceprjosenogales\/files\/2019\/01\/01_RECOMENDACIONES-PARA-UN-DESAYUNO-SALUDABLE_PIOBIN.pdf\" target=\"_blank\" rel=\"noopener noreferrer\">01 Recomendaciones para un desayuno saludable.<\/a><\/p>\n<p style=\"text-align: left;padding-left: 30px\"><a href=\"https:\/\/blogsaverroes.juntadeandalucia.es\/ceprjosenogales\/files\/2019\/01\/02_EL-JUEGO-DEL-SEM\u00c1FORO-DE-LOS-ALIMENTOS_PIOBIN.pdf\" target=\"_blank\" rel=\"noopener noreferrer\">02 El juego del sem\u00e1foro de los alimentos.<\/a><\/p>\n<p style=\"text-align: left;padding-left: 30px\"><a href=\"https:\/\/blogsaverroes.juntadeandalucia.es\/ceprjosenogales\/files\/2019\/01\/03_Folleto-Act-Fisica-en-familia_Andaluc\u00eda.pdf\" target=\"_blank\" rel=\"noopener noreferrer\">03 Folleto Actividad Fisica en familia.<\/a><\/p>\n<p style=\"text-align: left;padding-left: 30px\"><a href=\"https:\/\/blogsaverroes.juntadeandalucia.es\/ceprjosenogales\/files\/2019\/01\/04_TAMA\u00d1O-ORIENTATIVO-DE-RACIONES-PARA-NI\u00d1OS-Y-NI\u00d1AS_PIOBIN.pdf\" target=\"_blank\" rel=\"noopener noreferrer\">04 Tama\u00f1o orientativo de raciones para ni\u00f1os y ni\u00f1as.<\/a><\/p>\n<p style=\"text-align: left;padding-left: 30px\"><a href=\"https:\/\/blogsaverroes.juntadeandalucia.es\/ceprjosenogales\/files\/2019\/01\/05_Cuestionario-adherencia-dieta-mediterranea.pdf\" target=\"_blank\" rel=\"noopener noreferrer\">05 Cuestionario adherencia dieta mediterranea.<\/a><\/p>\n<\/td>\n<\/tr>\n<\/tbody>\n<\/table>\n<h3>&nbsp;<\/h3>\n<h3><strong>Normativa<\/strong><\/h3>\n<div class=\"portlet-content\">\n<div class=\" portlet-content-container\">\n<div class=\"portlet-body\">\n<div class=\"contenido_portlet \">\n<div class=\"portlet_normativas\">\n<div class=\"listadoNormativas normativas-selected\">\n<div class=\"wrapper-listado\">\n<ul class=\"listado\">\n<li class=\"item item_listado clearfix item\">\n<div class=\"inner-item\">\n<div class=\"wrapper_fecha\">\n<p class=\"fecha\"><span class=\"fecha-dia\">15<\/span> de <span class=\"fecha-mes\">mayo<\/span> de <span class=\"fecha-anyo\">2017<\/span><\/p>\n<\/div>\n<p class=\"titulo\" style=\"text-align: justify\"><a title=\"Resoluci\u00f3n de 15 de mayo de 2017, de la Direcci\u00f3n General de Planificaci\u00f3n y Centros, por la que se establece el calendario de actuaciones en el procedimiento de admisi\u00f3n del alumnado en los servicios complementarios de aula matinal, comedor escolar y actividades extraescolares para el curso escolar 2017\/18.\" href=\"http:\/\/portals.ced.junta-andalucia.es\/educacion\/portals\/web\/ced\/servicios-complementarios\/-\/normativas\/detalle\/resolucion-de-15-de-mayo-de-2017-de-la-direccion-general-de-planificacion-y-centros-por-la-que-se-establece-el\"> Resoluci\u00f3n de 15 de mayo de 2017, de la Direcci\u00f3n General de Planificaci\u00f3n y Centros, por la que se establece el calendario de actuaciones en el procedimiento de admisi\u00f3n del alumnado en los servicios complementarios de aula matinal, comedor escolar y actividades extraescolares para el curso escolar 2017\/18. <\/a><\/p>\n<\/div>\n<\/li>\n<li class=\"item item_listado clearfix item\">\n<div class=\"inner-item\">\n<div class=\"wrapper_fecha\">\n<p class=\"fecha\"><span class=\"fecha-dia\">17<\/span> de <span class=\"fecha-mes\">abril<\/span> de <span class=\"fecha-anyo\">2017<\/span><\/p>\n<\/div>\n<p class=\"titulo\" style=\"text-align: justify\"><a title=\"Orden de 17 abril de 2017, por la que se regula la organizaci\u00f3n y el funcionamiento de los servicios complementarios de aula matinal, comedor escolar y actividades extraescolares, as\u00ed como el uso de las instalaciones de los centros docentes p\u00fablicos de la Comunidad Aut\u00f3noma de Andaluc\u00eda fuera del horario escolar.\" href=\"http:\/\/portals.ced.junta-andalucia.es\/educacion\/portals\/web\/ced\/servicios-complementarios\/-\/normativas\/detalle\/orden-de-17-abril-de-2017-por-la-que-se-regula-la-organizacion-y-el-funcionamiento-de-los-servicios-complementarios-de\"> Orden de 17 abril de 2017, por la que se regula la organizaci\u00f3n y el funcionamiento de los servicios complementarios de aula matinal, comedor escolar y actividades extraescolares, as\u00ed como el uso de las instalaciones de los centros docentes p\u00fablicos de la Comunidad Aut\u00f3noma de Andaluc\u00eda fuera del horario escolar. <\/a><\/p>\n<\/div>\n<\/li>\n<li class=\"item item_listado clearfix item\">\n<div class=\"inner-item\">\n<div class=\"wrapper_fecha\">\n<p class=\"fecha\"><span class=\"fecha-dia\">16<\/span> de <span class=\"fecha-mes\">enero<\/span> de <span class=\"fecha-anyo\">2017<\/span><\/p>\n<\/div>\n<p class=\"titulo\" style=\"text-align: justify\"><a title=\"Decreto 6\/2017, de 16 de enero, por el que se regulan los servicios complementarios de aula matinal, comedor escolar y actividades extraescolares, as\u00ed como el uso de las instalaciones de los centros docentes p\u00fablicos de la Comunidad Aut\u00f3noma de Andaluc\u00eda fuera del horario escolar.\" href=\"http:\/\/portals.ced.junta-andalucia.es\/educacion\/portals\/web\/ced\/servicios-complementarios\/-\/normativas\/detalle\/decreto-6-2017-de-16-de-enero-por-el-que-se-regulan-los-servicios-complementarios-de-aula-matinal-comedor-escolar-y\"> Decreto 6\/2017, de 16 de enero, por el que se regulan los servicios complementarios de aula matinal, comedor escolar y actividades extraescolares, as\u00ed como el uso de las instalaciones de los centros docentes p\u00fablicos de la Comunidad Aut\u00f3noma de Andaluc\u00eda fuera del horario escolar. <\/a><\/p>\n<\/div>\n<\/li>\n<\/ul>\n<\/div>\n<\/div>\n<\/div>\n<\/div>\n<\/div>\n<\/div>\n<\/div>\n<h3><strong>Empresa catering<\/strong><\/h3>\n<table style=\"width: 660px\">\n<tbody>\n<tr>\n<td style=\"width: 34.5667px\">&nbsp;<\/td>\n<td style=\"vertical-align: top;width: 621.433px\"><img loading=\"lazy\" decoding=\"async\" class=\"alignnone wp-image-3419\" src=\"https:\/\/blogsaverroes.juntadeandalucia.es\/ceprjosenogales\/files\/2019\/12\/logo.png\" alt=\"\" width=\"423\" height=\"115\" srcset=\"https:\/\/blogsaverroes.juntadeandalucia.es\/ceprjosenogales\/files\/2019\/12\/logo.png 983w, https:\/\/blogsaverroes.juntadeandalucia.es\/ceprjosenogales\/files\/2019\/12\/logo-300x81.png 300w, https:\/\/blogsaverroes.juntadeandalucia.es\/ceprjosenogales\/files\/2019\/12\/logo-768x209.png 768w, https:\/\/blogsaverroes.juntadeandalucia.es\/ceprjosenogales\/files\/2019\/12\/logo-700x190.png 700w, https:\/\/blogsaverroes.juntadeandalucia.es\/ceprjosenogales\/files\/2019\/12\/logo-24x7.png 24w, https:\/\/blogsaverroes.juntadeandalucia.es\/ceprjosenogales\/files\/2019\/12\/logo-36x10.png 36w, https:\/\/blogsaverroes.juntadeandalucia.es\/ceprjosenogales\/files\/2019\/12\/logo-48x13.png 48w\" sizes=\"(max-width: 423px) 100vw, 423px\" \/><\/td>\n<\/tr>\n<tr>\n<td style=\"width: 34.5667px\">&nbsp;<\/td>\n<td style=\"vertical-align: top;width: 621.433px\">&nbsp;<\/td>\n<\/tr>\n<\/tbody>\n<\/table>\n<table>\n<tbody>\n<tr>\n<td style=\"background-color: #ded9d9\">\n<h2>Documentaci\u00f3n<\/h2>\n<\/td>\n<\/tr>\n<\/tbody>\n<\/table>\n<table style=\"width: 660px;background-color: #e6e6e6\">\n<tbody>\n<tr style=\"height: 24px;border-color: #fafafa\">\n<td style=\"width: 61.7333px;height: 24px\">&nbsp;<\/td>\n<td style=\"width: 593.267px;height: 24px;text-align: left\"><a href=\"https:\/\/blogsaverroes.juntadeandalucia.es\/ceprjosenogales\/files\/2019\/12\/1-circular.pdf\" target=\"_blank\" rel=\"noopener noreferrer\">1- Circular informativa para los padres\/madres.<\/a><\/td>\n<\/tr>\n<tr style=\"height: 24px\">\n<td style=\"width: 61.7333px;height: 24px\">&nbsp;<\/td>\n<td style=\"width: 593.267px;height: 24px;text-align: left\">&nbsp;<\/td>\n<\/tr>\n<tr style=\"height: 24px\">\n<td style=\"width: 61.7333px;height: 24px\">&nbsp;<\/td>\n<td style=\"width: 593.267px;height: 24px;text-align: left\">\n<h4>PROCEDIMIENTO DE SOLICITUD DE MEN\u00daS ESPECIALES<\/h4>\n<p><a href=\"https:\/\/blogsaverroes.juntadeandalucia.es\/ceprjosenogales\/files\/2019\/12\/2-menualergicos.pdf\" target=\"_blank\" rel=\"noopener noreferrer\">2- Men\u00fa especial (a raz\u00f3n de alergias, intolerancias, necesidades personales&#8230;)<\/a><\/p>\n<p><a href=\"https:\/\/blogsaverroes.juntadeandalucia.es\/ceprjosenogales\/files\/2019\/12\/3-menuespecial.pdf\" target=\"_blank\" rel=\"noopener noreferrer\">3- Men\u00fa especial motivos familiares\/ religiosos.<\/a><\/td>\n<\/tr>\n<tr style=\"height: 24px\">\n<td style=\"width: 61.7333px;height: 24px\">&nbsp;<\/td>\n<td style=\"width: 593.267px;height: 24px;text-align: left\">&nbsp;<\/td>\n<\/tr>\n<tr style=\"height: 24px\">\n<td style=\"width: 61.7333px;height: 24px\">&nbsp;<\/td>\n<td style=\"width: 593.267px;height: 24px;text-align: left\"><a href=\"https:\/\/blogsaverroes.juntadeandalucia.es\/ceprjosenogales\/files\/2019\/12\/4-juegos.pdf\" target=\"_blank\" rel=\"noopener noreferrer\">4- Juegos ISE.<\/a><\/td>\n<\/tr>\n<tr style=\"height: 24px\">\n<td style=\"width: 61.7333px;height: 24px\">&nbsp;<\/td>\n<td style=\"width: 593.267px;height: 24px;text-align: left\">&nbsp;<\/td>\n<\/tr>\n<tr style=\"height: 24px\">\n<td style=\"width: 61.7333px;height: 24px\">&nbsp;<\/td>\n<td style=\"width: 593.267px;height: 24px;text-align: left\"><a href=\"https:\/\/blogsaverroes.juntadeandalucia.es\/ceprjosenogales\/files\/2019\/12\/5-degustacion.pdf\" target=\"_blank\" rel=\"noopener noreferrer\">5- Encuesta Degustaci\u00f3n del men\u00fa escolar<\/a><\/td>\n<\/tr>\n<tr style=\"height: 24.8333px\">\n<td style=\"width: 61.7333px;height: 24.8333px\">&nbsp;<\/td>\n<td style=\"width: 593.267px;height: 24.8333px;text-align: left\">&nbsp;<\/td>\n<\/tr>\n<tr style=\"height: 24px\">\n<td style=\"width: 61.7333px;height: 24px\">&nbsp;<\/td>\n<td style=\"width: 593.267px;height: 24px;text-align: center\">\n<h4 style=\"text-align: left\">Plan de Evaluaci\u00f3n de la Oferta Alimentaria<\/h4>\n<p style=\"text-align: left\"><a href=\"https:\/\/blogsaverroes.juntadeandalucia.es\/ceprjosenogales\/files\/2019\/12\/6-planevacole.pdf\" target=\"_blank\" rel=\"noopener noreferrer\">6- Plan EVACOLE 2019\/2020<\/a><\/p>\n<p style=\"text-align: left\"><a href=\"https:\/\/blogsaverroes.juntadeandalucia.es\/ceprjosenogales\/files\/2019\/12\/7-resumenevacole.pdf\" target=\"_blank\" rel=\"noopener noreferrer\">7- Resumen EVACOLE.<\/a><\/p>\n<\/td>\n<\/tr>\n<tr style=\"height: 24px\">\n<td style=\"width: 61.7333px;height: 24px\">&nbsp;<\/td>\n<td style=\"width: 593.267px;height: 24px;text-align: left\">&nbsp;<\/td>\n<\/tr>\n<tr style=\"height: 24px\">\n<td style=\"width: 61.7333px;height: 24px\">&nbsp;<\/td>\n<td style=\"width: 593.267px;height: 24px;text-align: left\"><a href=\"https:\/\/blogsaverroes.juntadeandalucia.es\/ceprjosenogales\/files\/2019\/12\/8-gramajes.pdf\" target=\"_blank\" rel=\"noopener noreferrer\">8- Funcionamiento del cuadro de gramajes.<\/a><\/p>\n<p><a href=\"https:\/\/blogsaverroes.juntadeandalucia.es\/ceprjosenogales\/files\/2019\/12\/9-gramajescoccion.pdf\" target=\"_blank\" rel=\"noopener noreferrer\">9- Gramajes despu\u00e9s de la coccion.<\/a><\/td>\n<\/tr>\n<tr style=\"height: 24px\">\n<td style=\"width: 61.7333px;height: 24px\">&nbsp;<\/td>\n<td style=\"width: 593.267px;height: 24px;text-align: left\">&nbsp;<\/td>\n<\/tr>\n<tr style=\"height: 24px\">\n<td style=\"width: 61.7333px;height: 24px\">&nbsp;<\/td>\n<td style=\"width: 593.267px;height: 24px;text-align: left\"><a href=\"https:\/\/blogsaverroes.juntadeandalucia.es\/ceprjosenogales\/files\/2019\/12\/10-regeneracionalimentos.pdf\" target=\"_blank\" rel=\"noopener noreferrer\">10- Proceso regeneraci\u00f3n de alimentos.<\/a><\/td>\n<\/tr>\n<tr style=\"height: 24px\">\n<td style=\"width: 61.7333px;height: 24px\">&nbsp;<\/td>\n<td style=\"width: 593.267px;height: 24px;text-align: left\">&nbsp;<\/td>\n<\/tr>\n<tr style=\"height: 24px\">\n<td style=\"width: 61.7333px;height: 24px\">&nbsp;<\/td>\n<td style=\"width: 593.267px;height: 24px;text-align: left\"><a href=\"https:\/\/blogsaverroes.juntadeandalucia.es\/ceprjosenogales\/files\/2019\/12\/11-residuos.pdf\" target=\"_blank\" rel=\"noopener noreferrer\">11- Valoraci\u00f3n de residuos en los platos.<\/a><\/td>\n<\/tr>\n<tr style=\"height: 24px\">\n<td style=\"width: 61.7333px;height: 24px\">&nbsp;<\/td>\n<td style=\"width: 593.267px;height: 24px;text-align: left\">&nbsp;<\/td>\n<\/tr>\n<tr style=\"height: 24px\">\n<td style=\"width: 61.7333px;height: 24px\">&nbsp;<\/td>\n<td style=\"width: 593.267px;height: 24px;text-align: left\"><a href=\"https:\/\/blogsaverroes.juntadeandalucia.es\/ceprjosenogales\/files\/2019\/12\/12-aceptabilidad.pdf\" target=\"_blank\" rel=\"noopener noreferrer\">12- Registro de aceptabilidad de los platos.<\/a><\/td>\n<\/tr>\n<\/tbody>\n<\/table>\n<table style=\"background-color: #e6e6e6\">\n<tbody>\n<tr>\n<td style=\"width: 658px;border-color: #ffffff\"><img loading=\"lazy\" decoding=\"async\" class=\"wp-image-3436 aligncenter\" src=\"https:\/\/blogsaverroes.juntadeandalucia.es\/ceprjosenogales\/files\/2019\/12\/logo2-1.jpg\" alt=\"\" width=\"362\" height=\"124\" srcset=\"https:\/\/blogsaverroes.juntadeandalucia.es\/ceprjosenogales\/files\/2019\/12\/logo2-1.jpg 225w, https:\/\/blogsaverroes.juntadeandalucia.es\/ceprjosenogales\/files\/2019\/12\/logo2-1-24x8.jpg 24w, https:\/\/blogsaverroes.juntadeandalucia.es\/ceprjosenogales\/files\/2019\/12\/logo2-1-36x12.jpg 36w, https:\/\/blogsaverroes.juntadeandalucia.es\/ceprjosenogales\/files\/2019\/12\/logo2-1-48x16.jpg 48w\" sizes=\"(max-width: 362px) 100vw, 362px\" \/><\/td>\n<\/tr>\n<tr style=\"background-color: #ffffff\">\n<td style=\"width: 658px;background-color: #e6e6db\">\n<p style=\"text-align: left\">&nbsp;<\/p>\n<\/td>\n<\/tr>\n<tr>\n<td style=\"width: 658px;background-color: #e6e6db\">\n<p style=\"text-align: left\"><a href=\"https:\/\/blogsaverroes.juntadeandalucia.es\/ceprjosenogales\/files\/2019\/12\/menu-enero.pdf\">&nbsp;&nbsp;&nbsp;&nbsp;&nbsp;&nbsp; \u21d2&nbsp; Men\u00fa de&nbsp; enero<\/a><\/p>\n<p>&nbsp;<\/td>\n<\/tr>\n<\/tbody>\n<\/table>\n<h3>&nbsp;<\/h3>\n<h3>&nbsp;<\/h3>\n<h3>&nbsp;<\/h3>\n<h5>&nbsp;<\/h5>\n<p>&nbsp;<\/p>\n<p><strong>&nbsp;<\/strong><\/p>\n<p>&nbsp;<\/p>\n","protected":false},"excerpt":{"rendered":"<p>El C.E.Pr. Jos\u00e9 Nogales presta el servicio de comedor escolar para el alumnado de educaci\u00f3n primaria, y de educaci\u00f3n especial durante un tiempo m\u00e1ximo de dos horas a partir de la finalizaci\u00f3n de la&#46;&#46;&#46;<\/p>\n","protected":false},"author":1,"featured_media":0,"parent":0,"menu_order":0,"comment_status":"closed","ping_status":"open","template":"","meta":{"ngg_post_thumbnail":0,"footnotes":"","_mc_calendar":[]},"aioseo_notices":[],"_links":{"self":[{"href":"https:\/\/blogsaverroes.juntadeandalucia.es\/ceprjosenogales\/wp-json\/wp\/v2\/pages\/99"}],"collection":[{"href":"https:\/\/blogsaverroes.juntadeandalucia.es\/ceprjosenogales\/wp-json\/wp\/v2\/pages"}],"about":[{"href":"https:\/\/blogsaverroes.juntadeandalucia.es\/ceprjosenogales\/wp-json\/wp\/v2\/types\/page"}],"author":[{"embeddable":true,"href":"https:\/\/blogsaverroes.juntadeandalucia.es\/ceprjosenogales\/wp-json\/wp\/v2\/users\/1"}],"replies":[{"embeddable":true,"href":"https:\/\/blogsaverroes.juntadeandalucia.es\/ceprjosenogales\/wp-json\/wp\/v2\/comments?post=99"}],"version-history":[{"count":65,"href":"https:\/\/blogsaverroes.juntadeandalucia.es\/ceprjosenogales\/wp-json\/wp\/v2\/pages\/99\/revisions"}],"predecessor-version":[{"id":2420,"href":"https:\/\/blogsaverroes.juntadeandalucia.es\/ceprjosenogales\/wp-json\/wp\/v2\/pages\/99\/revisions\/2420"}],"wp:attachment":[{"href":"https:\/\/blogsaverroes.juntadeandalucia.es\/ceprjosenogales\/wp-json\/wp\/v2\/media?parent=99"}],"curies":[{"name":"wp","href":"https:\/\/api.w.org\/{rel}","templated":true}]}}