{"id":64,"date":"2020-01-09T11:41:42","date_gmt":"2020-01-09T10:41:42","guid":{"rendered":"http:\/\/blogsaverroes.juntadeandalucia.es\/pre\/nuevoceipv2\/?page_id=64"},"modified":"2024-11-09T08:21:00","modified_gmt":"2024-11-09T07:21:00","slug":"biblioteca","status":"publish","type":"page","link":"https:\/\/blogsaverroes.juntadeandalucia.es\/ceprjuanpedro\/biblioteca\/","title":{"rendered":"Biblioteca"},"content":{"rendered":"<p>[et_pb_section fb_built=&#8221;1&#8243; disabled_on=&#8221;off|off|off&#8221; _builder_version=&#8221;4.16&#8243; custom_padding=&#8221;0px||0px|&#8221; z_index_tablet=&#8221;500&#8243; box_shadow_horizontal_tablet=&#8221;0px&#8221; box_shadow_vertical_tablet=&#8221;0px&#8221; box_shadow_blur_tablet=&#8221;40px&#8221; box_shadow_spread_tablet=&#8221;0px&#8221; global_colors_info=&#8221;{}&#8221;][et_pb_row _builder_version=&#8221;4.16&#8243; background_size=&#8221;initial&#8221; background_position=&#8221;top_left&#8221; background_repeat=&#8221;repeat&#8221; global_colors_info=&#8221;{}&#8221; column_structure=&#8221;2_3,1_3&#8243;][et_pb_column type=&#8221;2_3&#8243; _builder_version=&#8221;4.16&#8243; custom_padding=&#8221;|||&#8221; global_colors_info=&#8221;{}&#8221; custom_padding__hover=&#8221;|||&#8221;][et_pb_image src=&#8221;https:\/\/blogsaverroes.juntadeandalucia.es\/ceprjuanpedro\/files\/2020\/01\/cabecera-interior-4.jpg&#8221; admin_label=&#8221;Imagen de la portada&#8221; _builder_version=&#8221;4.16&#8243; vertical_offset_tablet=&#8221;0&#8243; horizontal_offset_tablet=&#8221;0&#8243; z_index_tablet=&#8221;500&#8243; box_shadow_horizontal_tablet=&#8221;0px&#8221; box_shadow_vertical_tablet=&#8221;0px&#8221; box_shadow_blur_tablet=&#8221;40px&#8221; box_shadow_spread_tablet=&#8221;0px&#8221; global_colors_info=&#8221;{}&#8221;][\/et_pb_image][et_pb_text admin_label=&#8221;Texto descriptivo&#8221; _builder_version=&#8221;4.24.2&#8243; hover_enabled=&#8221;0&#8243; z_index_tablet=&#8221;500&#8243; text_text_shadow_horizontal_length_tablet=&#8221;0px&#8221; text_text_shadow_vertical_length_tablet=&#8221;0px&#8221; text_text_shadow_blur_strength_tablet=&#8221;1px&#8221; link_text_shadow_horizontal_length_tablet=&#8221;0px&#8221; link_text_shadow_vertical_length_tablet=&#8221;0px&#8221; link_text_shadow_blur_strength_tablet=&#8221;1px&#8221; ul_text_shadow_horizontal_length_tablet=&#8221;0px&#8221; ul_text_shadow_vertical_length_tablet=&#8221;0px&#8221; ul_text_shadow_blur_strength_tablet=&#8221;1px&#8221; ol_text_shadow_horizontal_length_tablet=&#8221;0px&#8221; ol_text_shadow_vertical_length_tablet=&#8221;0px&#8221; ol_text_shadow_blur_strength_tablet=&#8221;1px&#8221; quote_text_shadow_horizontal_length_tablet=&#8221;0px&#8221; quote_text_shadow_vertical_length_tablet=&#8221;0px&#8221; quote_text_shadow_blur_strength_tablet=&#8221;1px&#8221; header_text_shadow_horizontal_length_tablet=&#8221;0px&#8221; header_text_shadow_vertical_length_tablet=&#8221;0px&#8221; header_text_shadow_blur_strength_tablet=&#8221;1px&#8221; header_2_text_shadow_horizontal_length_tablet=&#8221;0px&#8221; header_2_text_shadow_vertical_length_tablet=&#8221;0px&#8221; header_2_text_shadow_blur_strength_tablet=&#8221;1px&#8221; header_3_text_shadow_horizontal_length_tablet=&#8221;0px&#8221; header_3_text_shadow_vertical_length_tablet=&#8221;0px&#8221; header_3_text_shadow_blur_strength_tablet=&#8221;1px&#8221; header_4_text_shadow_horizontal_length_tablet=&#8221;0px&#8221; header_4_text_shadow_vertical_length_tablet=&#8221;0px&#8221; header_4_text_shadow_blur_strength_tablet=&#8221;1px&#8221; header_5_text_shadow_horizontal_length_tablet=&#8221;0px&#8221; header_5_text_shadow_vertical_length_tablet=&#8221;0px&#8221; header_5_text_shadow_blur_strength_tablet=&#8221;1px&#8221; header_6_text_shadow_horizontal_length_tablet=&#8221;0px&#8221; header_6_text_shadow_vertical_length_tablet=&#8221;0px&#8221; header_6_text_shadow_blur_strength_tablet=&#8221;1px&#8221; box_shadow_horizontal_tablet=&#8221;0px&#8221; box_shadow_vertical_tablet=&#8221;0px&#8221; box_shadow_blur_tablet=&#8221;40px&#8221; box_shadow_spread_tablet=&#8221;0px&#8221; global_colors_info=&#8221;{}&#8221; sticky_enabled=&#8221;0&#8243;]<\/p>\n<h2>Biblioteca<\/h2>\n<p align=\"justify\"><span style=\"font-size: medium;font-family: 'comic sans ms', sans-serif\">La biblioteca escolar de nuestro colegio es un centro de recursos para la ense\u00f1anza y el aprendizaje que posibilita el acceso a los recursos informativos y culturales, procurando as\u00ed paliar la brecha digital y social. Tiene como objetivo contribuir a que el alumnado alcance las competencias b\u00e1sicas.<\/span><\/p>\n<p align=\"justify\"><span style=\"font-size: medium;font-family: 'comic sans ms', sans-serif\">Como centro de recursos, permite el acceso a materiales informativos actualizados, diversos, apropiados, suficientes en n\u00famero y calidad para todas las \u00e1reas del curr\u00edculo, as\u00ed como para atender a la diversidad y apoyar los planes y proyectos del centro.<\/span><\/p>\n<p align=\"justify\"><span style=\"font-size: medium;font-family: 'comic sans ms', sans-serif\">Entre sus tareas destaca la articulaci\u00f3n de programas de alfabetizaci\u00f3n informacional y digital as\u00ed como de programas de fomento de la lectura.&nbsp;<\/span><span style=\"font-size: medium;font-family: 'comic sans ms', sans-serif\">La biblioteca escolar es un espacio f\u00edsico y digital abierto a toda la comunidad educativa para eventos culturales, profesionales y educativos. En este sentido, la colaboraci\u00f3n con las familias y otras entidades del entorno cobran especial relevancia. <\/span><\/p>\n<p align=\"justify\"><span style=\"font-size: medium;font-family: 'comic sans ms', sans-serif\">Los recursos de aprendizaje y textos seleccionados por la biblioteca escolar procuran atender a las necesidades de todas las \u00e1reas y materias. Asimismo, est\u00e1 dotada de libros de lectura que contribuyen a fomentar en el alumnado pr\u00e1cticas de lectura libre y aut\u00f3noma como fuente de satisfacci\u00f3n personal. Ofrece recursos tanto para compartir, reflexionar y expresar preferencias personales en torno a la lectura como para realizar actividades complementarias de fomento de la lectura, impulsando la innovaci\u00f3n, la creatividad y el pensamiento cr\u00edtico de la comunidad educativa. <\/span><\/p>\n<p align=\"justify\"><span style=\"font-size: medium;font-family: 'comic sans ms', sans-serif\">Se dedica tiempo a la formaci\u00f3n de usuarios, a la alfabetizaci\u00f3n medi\u00e1tica e informacional, a la creaci\u00f3n de comunidades lectoras y al mantenimiento de un cat\u00e1logo adecuado a las necesidades y demandas de los miembros de la comunidad educativa.<\/span><\/p>\n<p align=\"justify\"><span style=\"font-size: medium;font-family: 'comic sans ms', sans-serif\">Adem\u00e1s es un punto de encuentro para el alumnado, un lugar donde el alumnado puede realizar actividades diversas como jugar al ajedrez, grabar un programa de radio, grabar un croma, realizar manualidades y aprender de forma interactiva con los ordenadores que se encuentran en la misma<\/span><\/p>\n<p align=\"justify\"><span style=\"font-size: medium;font-family: 'comic sans ms', sans-serif\">La biblioteca es un lugar abierto y punto de encuentro para toda la Comunidad Educativa.<\/span><\/p>\n<p align=\"justify\"><span style=\"font-size: medium;font-family: 'comic sans ms', sans-serif\">\u00a1Ven a tu biblioteca! \u00a1Te esperamos!<\/span><\/p>\n<p align=\"justify\"><img loading=\"lazy\" decoding=\"async\" class=\"aligncenter wp-image-1144 size-large\" src=\"https:\/\/blogsaverroes.juntadeandalucia.es\/ceprjuanpedro\/files\/2024\/11\/FOTO-BIBLIOTECA-682x1024.png\" alt=\"\" width=\"682\" height=\"1024\"><\/p>\n<p>[\/et_pb_text][\/et_pb_column][et_pb_column type=&#8221;1_3&#8243; _builder_version=&#8221;4.16&#8243; custom_padding=&#8221;|||&#8221; global_colors_info=&#8221;{}&#8221; custom_padding__hover=&#8221;|||&#8221;][et_pb_sidebar area=&#8221;sidebar-1&#8243; _builder_version=&#8221;4.16&#8243; z_index_tablet=&#8221;500&#8243; header_text_shadow_horizontal_length_tablet=&#8221;0px&#8221; header_text_shadow_vertical_length_tablet=&#8221;0px&#8221; header_text_shadow_blur_strength_tablet=&#8221;1px&#8221; body_text_shadow_horizontal_length_tablet=&#8221;0px&#8221; body_text_shadow_vertical_length_tablet=&#8221;0px&#8221; body_text_shadow_blur_strength_tablet=&#8221;1px&#8221; box_shadow_horizontal_tablet=&#8221;0px&#8221; box_shadow_vertical_tablet=&#8221;0px&#8221; box_shadow_blur_tablet=&#8221;40px&#8221; box_shadow_spread_tablet=&#8221;0px&#8221; text_shadow_horizontal_length_tablet=&#8221;0px&#8221; text_shadow_vertical_length_tablet=&#8221;0px&#8221; text_shadow_blur_strength_tablet=&#8221;1px&#8221; global_colors_info=&#8221;{}&#8221;][\/et_pb_sidebar][\/et_pb_column][\/et_pb_row][\/et_pb_section]<\/p>\n","protected":false},"excerpt":{"rendered":"<p>Biblioteca La biblioteca escolar de nuestro colegio es un centro de recursos para la ense\u00f1anza y el aprendizaje que posibilita el acceso a los recursos informativos y culturales, procurando as\u00ed paliar la brecha digital y social. Tiene como objetivo contribuir a que el alumnado alcance las competencias b\u00e1sicas. Como centro de recursos, permite el acceso [&hellip;]<\/p>\n","protected":false},"author":7051,"featured_media":0,"parent":0,"menu_order":0,"comment_status":"closed","ping_status":"closed","template":"","meta":{"_et_pb_use_builder":"on","_et_pb_old_content":"","_et_gb_content_width":"","ngg_post_thumbnail":0,"footnotes":""},"aioseo_notices":[],"_links":{"self":[{"href":"https:\/\/blogsaverroes.juntadeandalucia.es\/ceprjuanpedro\/wp-json\/wp\/v2\/pages\/64"}],"collection":[{"href":"https:\/\/blogsaverroes.juntadeandalucia.es\/ceprjuanpedro\/wp-json\/wp\/v2\/pages"}],"about":[{"href":"https:\/\/blogsaverroes.juntadeandalucia.es\/ceprjuanpedro\/wp-json\/wp\/v2\/types\/page"}],"author":[{"embeddable":true,"href":"https:\/\/blogsaverroes.juntadeandalucia.es\/ceprjuanpedro\/wp-json\/wp\/v2\/users\/7051"}],"replies":[{"embeddable":true,"href":"https:\/\/blogsaverroes.juntadeandalucia.es\/ceprjuanpedro\/wp-json\/wp\/v2\/comments?post=64"}],"version-history":[{"count":1,"href":"https:\/\/blogsaverroes.juntadeandalucia.es\/ceprjuanpedro\/wp-json\/wp\/v2\/pages\/64\/revisions"}],"predecessor-version":[{"id":1145,"href":"https:\/\/blogsaverroes.juntadeandalucia.es\/ceprjuanpedro\/wp-json\/wp\/v2\/pages\/64\/revisions\/1145"}],"wp:attachment":[{"href":"https:\/\/blogsaverroes.juntadeandalucia.es\/ceprjuanpedro\/wp-json\/wp\/v2\/media?parent=64"}],"curies":[{"name":"wp","href":"https:\/\/api.w.org\/{rel}","templated":true}]}}