{"id":840,"date":"2020-12-18T08:38:52","date_gmt":"2020-12-18T07:38:52","guid":{"rendered":"https:\/\/blogsaverroes.juntadeandalucia.es\/pre\/plantilla-pencil\/?page_id=840"},"modified":"2024-12-16T09:46:04","modified_gmt":"2024-12-16T08:46:04","slug":"ampa","status":"publish","type":"page","link":"https:\/\/blogsaverroes.juntadeandalucia.es\/ceprjuanpedro\/ampa\/","title":{"rendered":"AMPA"},"content":{"rendered":"<p>[et_pb_section fb_built=&#8221;1&#8243; _builder_version=&#8221;4.16&#8243; custom_padding=&#8221;0px||0px|&#8221; z_index_tablet=&#8221;500&#8243; box_shadow_horizontal_tablet=&#8221;0px&#8221; box_shadow_vertical_tablet=&#8221;0px&#8221; box_shadow_blur_tablet=&#8221;40px&#8221; box_shadow_spread_tablet=&#8221;0px&#8221; global_colors_info=&#8221;{}&#8221;][et_pb_row _builder_version=&#8221;4.16&#8243; background_size=&#8221;initial&#8221; background_position=&#8221;top_left&#8221; background_repeat=&#8221;repeat&#8221; global_colors_info=&#8221;{}&#8221;][et_pb_column type=&#8221;4_4&#8243; _builder_version=&#8221;4.16&#8243; custom_padding=&#8221;|||&#8221; global_colors_info=&#8221;{}&#8221; custom_padding__hover=&#8221;|||&#8221;][et_pb_image src=&#8221;https:\/\/blogsaverroes.juntadeandalucia.es\/ceprjuanpedro\/files\/2020\/01\/cabecera-interior-4.jpg&#8221; title_text=&#8221;cabecera-interior-4&#8243; admin_label=&#8221;Imagen de la portada&#8221; _builder_version=&#8221;4.16&#8243; z_index_tablet=&#8221;500&#8243; box_shadow_horizontal_tablet=&#8221;0px&#8221; box_shadow_vertical_tablet=&#8221;0px&#8221; box_shadow_blur_tablet=&#8221;40px&#8221; box_shadow_spread_tablet=&#8221;0px&#8221; global_colors_info=&#8221;{}&#8221;][\/et_pb_image][et_pb_text admin_label=&#8221;Texto descriptivo&#8221; _builder_version=&#8221;4.24.2&#8243; hover_enabled=&#8221;0&#8243; z_index_tablet=&#8221;500&#8243; text_text_shadow_horizontal_length_tablet=&#8221;0px&#8221; text_text_shadow_vertical_length_tablet=&#8221;0px&#8221; text_text_shadow_blur_strength_tablet=&#8221;1px&#8221; link_text_shadow_horizontal_length_tablet=&#8221;0px&#8221; link_text_shadow_vertical_length_tablet=&#8221;0px&#8221; link_text_shadow_blur_strength_tablet=&#8221;1px&#8221; ul_text_shadow_horizontal_length_tablet=&#8221;0px&#8221; ul_text_shadow_vertical_length_tablet=&#8221;0px&#8221; ul_text_shadow_blur_strength_tablet=&#8221;1px&#8221; ol_text_shadow_horizontal_length_tablet=&#8221;0px&#8221; ol_text_shadow_vertical_length_tablet=&#8221;0px&#8221; ol_text_shadow_blur_strength_tablet=&#8221;1px&#8221; quote_text_shadow_horizontal_length_tablet=&#8221;0px&#8221; quote_text_shadow_vertical_length_tablet=&#8221;0px&#8221; quote_text_shadow_blur_strength_tablet=&#8221;1px&#8221; header_text_shadow_horizontal_length_tablet=&#8221;0px&#8221; header_text_shadow_vertical_length_tablet=&#8221;0px&#8221; header_text_shadow_blur_strength_tablet=&#8221;1px&#8221; header_2_text_shadow_horizontal_length_tablet=&#8221;0px&#8221; header_2_text_shadow_vertical_length_tablet=&#8221;0px&#8221; header_2_text_shadow_blur_strength_tablet=&#8221;1px&#8221; header_3_text_shadow_horizontal_length_tablet=&#8221;0px&#8221; header_3_text_shadow_vertical_length_tablet=&#8221;0px&#8221; header_3_text_shadow_blur_strength_tablet=&#8221;1px&#8221; header_4_text_shadow_horizontal_length_tablet=&#8221;0px&#8221; header_4_text_shadow_vertical_length_tablet=&#8221;0px&#8221; header_4_text_shadow_blur_strength_tablet=&#8221;1px&#8221; header_5_text_shadow_horizontal_length_tablet=&#8221;0px&#8221; header_5_text_shadow_vertical_length_tablet=&#8221;0px&#8221; header_5_text_shadow_blur_strength_tablet=&#8221;1px&#8221; header_6_text_shadow_horizontal_length_tablet=&#8221;0px&#8221; header_6_text_shadow_vertical_length_tablet=&#8221;0px&#8221; header_6_text_shadow_blur_strength_tablet=&#8221;1px&#8221; box_shadow_horizontal_tablet=&#8221;0px&#8221; box_shadow_vertical_tablet=&#8221;0px&#8221; box_shadow_blur_tablet=&#8221;40px&#8221; box_shadow_spread_tablet=&#8221;0px&#8221; global_colors_info=&#8221;{}&#8221; sticky_enabled=&#8221;0&#8243;]<\/p>\n<h2>AMPA<\/h2>\n<p style=\"text-align: justify\">Somos una asociaci\u00f3n sin \u00e1nimo de lucro, formada por madres y padres comprometidos con la educaci\u00f3n y bienestar de los ni\u00f1os y ni\u00f1as del Colegio Juan Pedro. Nuestro objetivo principal es colaborar con el centro educativo para mejorar la experiencia escolar de nuestros hijos e hijas, fomentando su desarrollo integral en un ambiente de convivencia, respeto y participaci\u00f3n.<\/p>\n<p>\u00bfQu\u00e9 hacemos?<\/p>\n<p>-Organizamos actividades culturales, deportivas y l\u00fadicas.<\/p>\n<p>-Impulsamos proyectos que complementan la formaci\u00f3n educativa.<\/p>\n<p>-Representamos a las familias ante el colegio y las instituciones.<\/p>\n<p>-Colaboramos en la organizaci\u00f3n de eventos escolares (fiestas, excursiones, celebraciones especiales).<\/p>\n<p>-Apoyamos iniciativas que fomenten valores como la inclusi\u00f3n, la igualdad y la sostenibilidad.<\/p>\n<p>\u00bfPor qu\u00e9 ser parte del AMPA?<\/p>\n<p>-Tu voz cuenta. Juntos podemos mejorar el entorno educativo.<\/p>\n<p>-Contribuyes al desarrollo de actividades para todos los ni\u00f1os y ni\u00f1as.<\/p>\n<p>-Ayudas a crear una comunidad m\u00e1s unida y solidaria.<\/p>\n<p>\u00a1Te invitamos a unirte y participar!<br \/>Con tu colaboraci\u00f3n, podemos hacer grandes cosas. S\u00edguenos en nuestras redes sociales y mantente al tanto de todas nuestras iniciativas.<\/p>\n<p>Contacto: <a href=\"mailto:ampajuanpedro@hotmail.com\" target=\"_blank\" rel=\"noopener\">ampajuanpedro@hotmail.com<\/a><br \/>Calle Almendro N\u00b0 42<br \/>Juntos hacemos m\u00e1s.<\/p>\n<p style=\"text-align: justify\">Nuestra presencia en redes sociales:&nbsp;<\/p>\n<p><a href=\"https:\/\/www.facebook.com\/profile.php?id=61567816532485\" target=\"_blank\" rel=\"noopener\">ENLACE A FACEBOOK<\/a><\/p>\n<p><a href=\"https:\/\/www.instagram.com\/ampa_juan_pedro?igsh=MWJ5dTVycXBrc2F0bw==\" target=\"_blank\" rel=\"noopener\">ENLACE A INSTAGRAM<\/a><\/p>\n<p>&nbsp;<\/p>\n<p>&nbsp;<\/p>\n<p>[\/et_pb_text][\/et_pb_column][\/et_pb_row][\/et_pb_section]<\/p>\n","protected":false},"excerpt":{"rendered":"<p>AMPA Somos una asociaci\u00f3n sin \u00e1nimo de lucro, formada por madres y padres comprometidos con la educaci\u00f3n y bienestar de los ni\u00f1os y ni\u00f1as del Colegio Juan Pedro. Nuestro objetivo principal es colaborar con el centro educativo para mejorar la experiencia escolar de nuestros hijos e hijas, fomentando su desarrollo integral en un ambiente de [&hellip;]<\/p>\n","protected":false},"author":7051,"featured_media":0,"parent":0,"menu_order":0,"comment_status":"closed","ping_status":"closed","template":"","meta":{"_et_pb_use_builder":"on","_et_pb_old_content":"","_et_gb_content_width":"","ngg_post_thumbnail":0,"footnotes":""},"aioseo_notices":[],"_links":{"self":[{"href":"https:\/\/blogsaverroes.juntadeandalucia.es\/ceprjuanpedro\/wp-json\/wp\/v2\/pages\/840"}],"collection":[{"href":"https:\/\/blogsaverroes.juntadeandalucia.es\/ceprjuanpedro\/wp-json\/wp\/v2\/pages"}],"about":[{"href":"https:\/\/blogsaverroes.juntadeandalucia.es\/ceprjuanpedro\/wp-json\/wp\/v2\/types\/page"}],"author":[{"embeddable":true,"href":"https:\/\/blogsaverroes.juntadeandalucia.es\/ceprjuanpedro\/wp-json\/wp\/v2\/users\/7051"}],"replies":[{"embeddable":true,"href":"https:\/\/blogsaverroes.juntadeandalucia.es\/ceprjuanpedro\/wp-json\/wp\/v2\/comments?post=840"}],"version-history":[{"count":5,"href":"https:\/\/blogsaverroes.juntadeandalucia.es\/ceprjuanpedro\/wp-json\/wp\/v2\/pages\/840\/revisions"}],"predecessor-version":[{"id":1407,"href":"https:\/\/blogsaverroes.juntadeandalucia.es\/ceprjuanpedro\/wp-json\/wp\/v2\/pages\/840\/revisions\/1407"}],"wp:attachment":[{"href":"https:\/\/blogsaverroes.juntadeandalucia.es\/ceprjuanpedro\/wp-json\/wp\/v2\/media?parent=840"}],"curies":[{"name":"wp","href":"https:\/\/api.w.org\/{rel}","templated":true}]}}