{"id":867,"date":"2020-12-18T08:55:13","date_gmt":"2020-12-18T07:55:13","guid":{"rendered":"https:\/\/blogsaverroes.juntadeandalucia.es\/pre\/plantilla-pencil\/?page_id=867"},"modified":"2025-05-27T17:32:13","modified_gmt":"2025-05-27T16:32:13","slug":"idiomas","status":"publish","type":"page","link":"https:\/\/blogsaverroes.juntadeandalucia.es\/ceprjuanpedro\/idiomas\/","title":{"rendered":"Idiomas"},"content":{"rendered":"<p>[et_pb_section fb_built=&#8221;1&#8243; _builder_version=&#8221;4.16&#8243; custom_padding=&#8221;0px||0px|&#8221; z_index_tablet=&#8221;500&#8243; box_shadow_horizontal_tablet=&#8221;0px&#8221; box_shadow_vertical_tablet=&#8221;0px&#8221; box_shadow_blur_tablet=&#8221;40px&#8221; box_shadow_spread_tablet=&#8221;0px&#8221; global_colors_info=&#8221;{}&#8221;][et_pb_row _builder_version=&#8221;4.16&#8243; background_size=&#8221;initial&#8221; background_position=&#8221;top_left&#8221; background_repeat=&#8221;repeat&#8221; global_colors_info=&#8221;{}&#8221;][et_pb_column type=&#8221;4_4&#8243; _builder_version=&#8221;4.16&#8243; custom_padding=&#8221;|||&#8221; global_colors_info=&#8221;{}&#8221; custom_padding__hover=&#8221;|||&#8221;][et_pb_image src=&#8221;https:\/\/blogsaverroes.juntadeandalucia.es\/ceprjuanpedro\/files\/2020\/01\/cabecera-interior-4.jpg&#8221; title_text=&#8221;cabecera-interior-4&#8243; admin_label=&#8221;Imagen de la portada&#8221; _builder_version=&#8221;4.16&#8243; z_index_tablet=&#8221;500&#8243; box_shadow_horizontal_tablet=&#8221;0px&#8221; box_shadow_vertical_tablet=&#8221;0px&#8221; box_shadow_blur_tablet=&#8221;40px&#8221; box_shadow_spread_tablet=&#8221;0px&#8221; global_colors_info=&#8221;{}&#8221;][\/et_pb_image][et_pb_text admin_label=&#8221;Texto descriptivo&#8221; _builder_version=&#8221;4.24.2&#8243; hover_enabled=&#8221;0&#8243; z_index_tablet=&#8221;500&#8243; text_text_shadow_horizontal_length_tablet=&#8221;0px&#8221; text_text_shadow_vertical_length_tablet=&#8221;0px&#8221; text_text_shadow_blur_strength_tablet=&#8221;1px&#8221; link_text_shadow_horizontal_length_tablet=&#8221;0px&#8221; link_text_shadow_vertical_length_tablet=&#8221;0px&#8221; link_text_shadow_blur_strength_tablet=&#8221;1px&#8221; ul_text_shadow_horizontal_length_tablet=&#8221;0px&#8221; ul_text_shadow_vertical_length_tablet=&#8221;0px&#8221; ul_text_shadow_blur_strength_tablet=&#8221;1px&#8221; ol_text_shadow_horizontal_length_tablet=&#8221;0px&#8221; ol_text_shadow_vertical_length_tablet=&#8221;0px&#8221; ol_text_shadow_blur_strength_tablet=&#8221;1px&#8221; quote_text_shadow_horizontal_length_tablet=&#8221;0px&#8221; quote_text_shadow_vertical_length_tablet=&#8221;0px&#8221; quote_text_shadow_blur_strength_tablet=&#8221;1px&#8221; header_text_shadow_horizontal_length_tablet=&#8221;0px&#8221; header_text_shadow_vertical_length_tablet=&#8221;0px&#8221; header_text_shadow_blur_strength_tablet=&#8221;1px&#8221; header_2_text_shadow_horizontal_length_tablet=&#8221;0px&#8221; header_2_text_shadow_vertical_length_tablet=&#8221;0px&#8221; header_2_text_shadow_blur_strength_tablet=&#8221;1px&#8221; header_3_text_shadow_horizontal_length_tablet=&#8221;0px&#8221; header_3_text_shadow_vertical_length_tablet=&#8221;0px&#8221; header_3_text_shadow_blur_strength_tablet=&#8221;1px&#8221; header_4_text_shadow_horizontal_length_tablet=&#8221;0px&#8221; header_4_text_shadow_vertical_length_tablet=&#8221;0px&#8221; header_4_text_shadow_blur_strength_tablet=&#8221;1px&#8221; header_5_text_shadow_horizontal_length_tablet=&#8221;0px&#8221; header_5_text_shadow_vertical_length_tablet=&#8221;0px&#8221; header_5_text_shadow_blur_strength_tablet=&#8221;1px&#8221; header_6_text_shadow_horizontal_length_tablet=&#8221;0px&#8221; header_6_text_shadow_vertical_length_tablet=&#8221;0px&#8221; header_6_text_shadow_blur_strength_tablet=&#8221;1px&#8221; box_shadow_horizontal_tablet=&#8221;0px&#8221; box_shadow_vertical_tablet=&#8221;0px&#8221; box_shadow_blur_tablet=&#8221;40px&#8221; box_shadow_spread_tablet=&#8221;0px&#8221; global_colors_info=&#8221;{}&#8221; sticky_enabled=&#8221;0&#8243;]<\/p>\n<h2>Auxiliar de Conversaci\u00f3n<\/h2>\n<p style=\"text-align: justify\">Nuestro Centro Educativo cuenta con Auxiliar de Conversaci\u00f3n. Contar con un Auxiliar de Conversaci\u00f3n es muy importante para el aprendizaje de nuestro alumnado. El auxiliar de conversaci\u00f3n asiste a nuestro profesorado titular y act\u00faa como asistente en la ense\u00f1anza de su idioma. Sus funciones espec\u00edficas van fundamentalmente encaminadas a reforzar las destrezas orales del alumnado. Para el alumnado, el auxiliar se convierte en una figura clave en el aprendizaje de la lengua extranjera y su llegada es muy esperada por toda la Comunidad Educativa de nuestro Centro.<\/p>\n<p style=\"text-align: justify\">Gracias a la juventud del auxiliar consigue empatizar con el alumnado y motivarlos para que participen en las tareas propuestas. Adem\u00e1s es una gran oportunidad para tener contacto directo y practicar la lengua con un nativo o nativa. El auxiliar consigue mejorar la&nbsp;comunicaci\u00f3n oral, puesto que puede trabajar con peque\u00f1os grupos centrarse en los aspectos m\u00e1s relevantes y tener en cuenta los gustos y dificultades de los alumnos. No obstante, la figura del Auxiliar &nbsp;de Conversaci\u00f3n no s\u00f3lo favorece el desarrollo de las estrategias de aprendizaje relacionadas con las destrezas orales, sino que tambi\u00e9n favorece el conocimiento de otra&nbsp;cultura y costumbres.<\/p>\n<p style=\"text-align: justify\">En este enlace dejamos alojada la FICHA INFORMATIVA PARA AUXILIARES DE CONVERSACI\u00d3N. Con el acceso a esta ficha podr\u00e1s conocer todo lo que ofrece nuestro centro y nuestra localidad. Solicita ser Auxiliar en nuestro Centro Educativo y forma parte de nuestra Comunidad Educativa.<\/p>\n<p><a href=\"https:\/\/blogsaverroes.juntadeandalucia.es\/ceprjuanpedro\/files\/2025\/03\/English_Information-sheet-for-LA-25.26.pdf\" target=\"_blank\" rel=\"noopener\">FICHA INFORMATIVA PARA AUXILIARES DE CONVERSACI\u00d3N<\/a><\/p>\n<p><strong>MATERIAL REALIZADO POR LA AUXILIAR DE CONVERSACI\u00d3N CURSO 2024-2025<\/strong><\/p>\n<p>Os dejamos los enlaces para que pod\u00e1is trabajar con el material que ha elaborado nuestra auxiliar de conversaci\u00f3n durante este curso 2024-2025.<\/p>\n<p><a href=\"https:\/\/docs.google.com\/presentation\/d\/1RtHU980fD8A0QxmPcYEXoUwoPuMecRF232YsO9xe_AI\/edit?usp=sharing\" target=\"_blank\" rel=\"noopener\">ENLACE 1<\/a>&nbsp; &nbsp; &nbsp; &nbsp; &nbsp; &nbsp;<a href=\"https:\/\/docs.google.com\/presentation\/d\/1A8O41NA5Hcpy1mh5kqyGjIvgaFaSEGdd0rwRClMnpYw\/edit?usp=sharing\" target=\"_blank\" rel=\"noopener\"> ENLACE 2<\/a>&nbsp; &nbsp; &nbsp; &nbsp; &nbsp; &nbsp;<a href=\"https:\/\/create.kahoot.it\/share\/primero-unit-3-be-healthy-and-growing-up-food\/afb1ab47-d31f-4596-b7dc-53cead8e5368\" target=\"_blank\" rel=\"noopener\"> ENLACE 3<\/a>&nbsp; &nbsp; &nbsp; &nbsp; &nbsp; &nbsp; &nbsp;<a href=\"https:\/\/quizlet.com\/es\/1044309512\/4-unit-6-forces-and-machines-vocabulario-flash-cards\/?i=1wlpfe&amp;x=1jqt\" target=\"_blank\" rel=\"noopener\">ENLACE 4&nbsp;<\/a> &nbsp; &nbsp; &nbsp; &nbsp; &nbsp; &nbsp; <a href=\"https:\/\/quizlet.com\/user\/nessarad\/folders\/5th-grade?i=1wlpfe&amp;x=1xqt\" target=\"_blank\" rel=\"noopener\">ENLACE 5&nbsp;<\/a> &nbsp; &nbsp; &nbsp; &nbsp; &nbsp; &nbsp; <a href=\"https:\/\/quizlet.com\/user\/nessarad\/folders\/6th-grade?i=1wlpfe&amp;x=1xqt\" target=\"_blank\" rel=\"noopener\">ENLACE 6&nbsp;<\/a> &nbsp; &nbsp; &nbsp; &nbsp; &nbsp; <a href=\"https:\/\/docs.google.com\/presentation\/d\/1Ymm_PMAaUyl5yxXJv88d8DqecBYpdCVjKdgdIpk02Lo\/edit?usp=sharing\" target=\"_blank\" rel=\"noopener\">ENLACE 7<\/a><\/p>\n<p>&nbsp;<\/p>\n<p>[\/et_pb_text][\/et_pb_column][\/et_pb_row][\/et_pb_section]<\/p>\n","protected":false},"excerpt":{"rendered":"<p>Auxiliar de Conversaci\u00f3n Nuestro Centro Educativo cuenta con Auxiliar de Conversaci\u00f3n. Contar con un Auxiliar de Conversaci\u00f3n es muy importante para el aprendizaje de nuestro alumnado. El auxiliar de conversaci\u00f3n asiste a nuestro profesorado titular y act\u00faa como asistente en la ense\u00f1anza de su idioma. Sus funciones espec\u00edficas van fundamentalmente encaminadas a reforzar las destrezas [&hellip;]<\/p>\n","protected":false},"author":7051,"featured_media":0,"parent":0,"menu_order":0,"comment_status":"closed","ping_status":"closed","template":"","meta":{"_et_pb_use_builder":"on","_et_pb_old_content":"","_et_gb_content_width":"","ngg_post_thumbnail":0,"footnotes":""},"aioseo_notices":[],"_links":{"self":[{"href":"https:\/\/blogsaverroes.juntadeandalucia.es\/ceprjuanpedro\/wp-json\/wp\/v2\/pages\/867"}],"collection":[{"href":"https:\/\/blogsaverroes.juntadeandalucia.es\/ceprjuanpedro\/wp-json\/wp\/v2\/pages"}],"about":[{"href":"https:\/\/blogsaverroes.juntadeandalucia.es\/ceprjuanpedro\/wp-json\/wp\/v2\/types\/page"}],"author":[{"embeddable":true,"href":"https:\/\/blogsaverroes.juntadeandalucia.es\/ceprjuanpedro\/wp-json\/wp\/v2\/users\/7051"}],"replies":[{"embeddable":true,"href":"https:\/\/blogsaverroes.juntadeandalucia.es\/ceprjuanpedro\/wp-json\/wp\/v2\/comments?post=867"}],"version-history":[{"count":4,"href":"https:\/\/blogsaverroes.juntadeandalucia.es\/ceprjuanpedro\/wp-json\/wp\/v2\/pages\/867\/revisions"}],"predecessor-version":[{"id":1781,"href":"https:\/\/blogsaverroes.juntadeandalucia.es\/ceprjuanpedro\/wp-json\/wp\/v2\/pages\/867\/revisions\/1781"}],"wp:attachment":[{"href":"https:\/\/blogsaverroes.juntadeandalucia.es\/ceprjuanpedro\/wp-json\/wp\/v2\/media?parent=867"}],"curies":[{"name":"wp","href":"https:\/\/api.w.org\/{rel}","templated":true}]}}