{"id":141,"date":"2015-03-17T07:13:24","date_gmt":"2015-03-17T07:13:24","guid":{"rendered":"http:\/\/blogsaverroes.juntadeandalucia.es\/pre\/ceip\/?page_id=141"},"modified":"2023-09-16T16:06:21","modified_gmt":"2023-09-16T16:06:21","slug":"admision2023","status":"publish","type":"page","link":"https:\/\/blogsaverroes.juntadeandalucia.es\/ceprlopedevega\/admision2023\/","title":{"rendered":"Admisi\u00f3n"},"content":{"rendered":"<p>\u00bfCu\u00e1l es el impreso?<\/p>\n<p>Pueden recoger el impreso de escolarizaci\u00f3n en el propio centro o descargarlo a trav\u00e9s del siguiente enlace:&nbsp;pulsa aqu\u00ed para ver&nbsp;y descargar el impreso.&nbsp;<a href=\"https:\/\/www.juntadeandalucia.es\/educacion\/portals\/delegate\/content\/7e1d7b27-eaa4-42e7-bfa3-ac436db80ed6\/ANEXO%20III\">Tambi\u00e9n puedes rellenar en pdf online antes de imprimirlo en la web de la Consejer\u00eda de Educaci\u00f3n.<\/a><\/p>\n<p>\u00bfC\u00f3mo entregar las solicitudes?<\/p>\n<p>Presencialmente en la secretar\u00eda del cole de lunes a viernes en&nbsp; horario de 10:00 a 13:00&nbsp;<\/p>\n<p>Si prefieren hacerlo telem\u00e1ticamente, pueden realizar el tr\u00e1mite a trav\u00e9s de la secretar\u00eda virtual de la Junta de Andaluc\u00eda accediendo a la siguiente direcci\u00f3n: <a href=\"https:\/\/www.juntadeandalucia.es\/educacion\/secretariavirtual\/\">SECRETAR\u00cdA VIRTUAL JUNTA DE ANDALUC\u00cdA<\/a><\/p>\n<p>Enlaces de inter\u00e9s:<\/p>\n<p><a title=\"Portal escolarizaci\u00f3n\" href=\"https:\/\/www.juntadeandalucia.es\/educacion\/portales\/web\/escolarizacion\/infantil-a-bachillerato\" target=\"_blank\" rel=\"noopener noreferrer\">Enlace al portal de escolarizaci\u00f3n.<\/a><\/p>\n<p><a title=\"Procedimiento\" href=\"https:\/\/www.juntadeandalucia.es\/educacion\/portales\/web\/escolarizacion\/infantil-a-bachillerato\/normativa\" target=\"_blank\" rel=\"noopener noreferrer\">Normativa<\/a> sobre el proceso de escolarizaci\u00f3n.<\/p>\n","protected":false},"excerpt":{"rendered":"<p>\u00bfCu\u00e1l es el impreso? Pueden recoger el impreso de escolarizaci\u00f3n en el propio centro o descargarlo a trav\u00e9s del siguiente enlace:&nbsp;pulsa aqu\u00ed para ver&nbsp;y descargar el impreso.&nbsp;Tambi\u00e9n puedes rellenar en pdf online antes de&#46;&#46;&#46;<\/p>\n","protected":false},"author":1,"featured_media":0,"parent":0,"menu_order":0,"comment_status":"closed","ping_status":"open","template":"","meta":{"ngg_post_thumbnail":0,"footnotes":"","_mc_calendar":[]},"aioseo_notices":[],"_links":{"self":[{"href":"https:\/\/blogsaverroes.juntadeandalucia.es\/ceprlopedevega\/wp-json\/wp\/v2\/pages\/141"}],"collection":[{"href":"https:\/\/blogsaverroes.juntadeandalucia.es\/ceprlopedevega\/wp-json\/wp\/v2\/pages"}],"about":[{"href":"https:\/\/blogsaverroes.juntadeandalucia.es\/ceprlopedevega\/wp-json\/wp\/v2\/types\/page"}],"author":[{"embeddable":true,"href":"https:\/\/blogsaverroes.juntadeandalucia.es\/ceprlopedevega\/wp-json\/wp\/v2\/users\/1"}],"replies":[{"embeddable":true,"href":"https:\/\/blogsaverroes.juntadeandalucia.es\/ceprlopedevega\/wp-json\/wp\/v2\/comments?post=141"}],"version-history":[{"count":8,"href":"https:\/\/blogsaverroes.juntadeandalucia.es\/ceprlopedevega\/wp-json\/wp\/v2\/pages\/141\/revisions"}],"predecessor-version":[{"id":2671,"href":"https:\/\/blogsaverroes.juntadeandalucia.es\/ceprlopedevega\/wp-json\/wp\/v2\/pages\/141\/revisions\/2671"}],"wp:attachment":[{"href":"https:\/\/blogsaverroes.juntadeandalucia.es\/ceprlopedevega\/wp-json\/wp\/v2\/media?parent=141"}],"curies":[{"name":"wp","href":"https:\/\/api.w.org\/{rel}","templated":true}]}}