{"id":35,"date":"2024-06-30T08:21:43","date_gmt":"2024-06-30T07:21:43","guid":{"rendered":"http:\/\/blogsaverroes.juntadeandalucia.es\/pre\/ceip\/?page_id=35"},"modified":"2026-02-03T17:48:39","modified_gmt":"2026-02-03T16:48:39","slug":"el-centro-2","status":"publish","type":"page","link":"https:\/\/blogsaverroes.juntadeandalucia.es\/ceprnuestrasenoradelasnieves\/el-centro-2\/","title":{"rendered":"Datos del Centro"},"content":{"rendered":"<p><span style=\"text-decoration: underline\"><strong>CEPr Nuestra Se\u00f1ora de las Nieves<\/strong><\/span><\/p>\n<p><strong>Direcci\u00f3n:<\/strong> \u00a0C\/ San Crist\u00f3bal, s\/n<\/p>\n<p><a href=\"https:\/\/www.google.com\/maps\/place\/C.E.Pr+Ntra.+Sra.+de+Las+Nieves\/@37.1362184,-3.6731742,17.76z\/data=!4m14!1m7!3m6!1s0xd71f95d201a4533:0x349577402f9e6057!2sC.E.Pr+Ntra.+Sra.+de+Las+Nieves!8m2!3d37.1361364!4d-3.6721471!16s%2Fg%2F1q5bn5tk3!3m5!1s0xd71f95d201a4533:0x349577402f9e6057!8m2!3d37.1361364!4d-3.6721471!16s%2Fg%2F1q5bn5tk3?entry=ttu&amp;g_ep=EgoyMDI2MDEyOC4wIKXMDSoKLDEwMDc5MjA3M0gBUAM%3D\"><img loading=\"lazy\" decoding=\"async\" class=\"alignnone wp-image-4977 size-large\" src=\"https:\/\/blogsaverroes.juntadeandalucia.es\/ceprnuestrasenoradelasnieves\/files\/2026\/02\/Nuestra-Senora-de-las-Nieves-1024x452.jpg\" alt=\"\" width=\"750\" height=\"331\" srcset=\"https:\/\/blogsaverroes.juntadeandalucia.es\/ceprnuestrasenoradelasnieves\/files\/2026\/02\/Nuestra-Senora-de-las-Nieves-1024x452.jpg 1024w, https:\/\/blogsaverroes.juntadeandalucia.es\/ceprnuestrasenoradelasnieves\/files\/2026\/02\/Nuestra-Senora-de-las-Nieves-300x132.jpg 300w, https:\/\/blogsaverroes.juntadeandalucia.es\/ceprnuestrasenoradelasnieves\/files\/2026\/02\/Nuestra-Senora-de-las-Nieves-768x339.jpg 768w, https:\/\/blogsaverroes.juntadeandalucia.es\/ceprnuestrasenoradelasnieves\/files\/2026\/02\/Nuestra-Senora-de-las-Nieves-750x331.jpg 750w, https:\/\/blogsaverroes.juntadeandalucia.es\/ceprnuestrasenoradelasnieves\/files\/2026\/02\/Nuestra-Senora-de-las-Nieves.jpg 1351w\" sizes=\"(max-width: 750px) 100vw, 750px\" \/><\/a><\/p>\n<p><strong>Municipio<\/strong>: 18110 Las Gabias (Granada)<\/p>\n<p><strong>Tel\u00e9fonos:\u00a0<\/strong><\/p>\n<ul>\n<li>Edificio San Crist\u00f3bal (secretar\u00eda, direcci\u00f3n, tercer ciclo): <strong>958 89 38 38<\/strong><\/li>\n<li>Edificio Eras (primer y segundo ciclo de primaria):<strong> 958 89 38 40<\/strong><\/li>\n<\/ul>\n<p>&nbsp;<\/p>\n<p><strong>Email:<\/strong> 18002516.edu@juntadeandalucia.es<\/p>\n<h4><\/h4>\n<h4><strong>Oferta educativa:<\/strong><\/h4>\n<ul>\n<li><b>Educaci\u00f3n Primaria<\/b><\/li>\n<li><b>Educaci\u00f3n Especial<\/b>\n<ul>\n<li><strong><img decoding=\"async\" src=\"http:\/\/vscripts.ced.junta-andalucia.es\/centros\/archivos\/bullet03.gif\" alt=\"\" \/> Apoyo a la integraci\u00f3n<\/strong><\/li>\n<li><strong><img decoding=\"async\" src=\"http:\/\/vscripts.ced.junta-andalucia.es\/centros\/archivos\/bullet03.gif\" alt=\"\" \/> Unidad espec\u00edfica<\/strong><\/li>\n<li><strong><img decoding=\"async\" src=\"http:\/\/vscripts.ced.junta-andalucia.es\/centros\/archivos\/bullet03.gif\" alt=\"\" \/> Audici\u00f3n y lenguaje\u00a0<\/strong><\/li>\n<\/ul>\n<\/li>\n<\/ul>\n<h3><strong style=\"font-size: 16px\">Instalaciones:<\/strong><\/h3>\n<ul style=\"list-style-type: circle\">\n<li><strong>Aulas dotadas de paneles t\u00e1ctiles<\/strong><\/li>\n<li><strong>Aula de M\u00fasica<\/strong><\/li>\n<li><strong>Aulas de Inform\u00e1tica<\/strong><\/li>\n<li><strong>Aula Multisensorial<\/strong><\/li>\n<li><strong>Aula STEAM (Ciencia + Tecnolog\u00eda + Ingenier\u00eda + Arte + Matem\u00e1ticas)<\/strong><\/li>\n<li><strong>Biblioteca<\/strong><\/li>\n<li><strong>Aulas de Pedagog\u00eda Terap\u00e9utica<\/strong><\/li>\n<li><strong>Aula de Audici\u00f3n y Lenguaje<\/strong><\/li>\n<li><strong>Aulas de Religi\u00f3n<\/strong><\/li>\n<li><strong>Sal\u00f3n de Actos<\/strong><\/li>\n<li><strong>Comedor Escolar<\/strong><\/li>\n<li><strong>Huerto Escolar<\/strong><\/li>\n<li><strong>Pistas polideportivas<\/strong><\/li>\n<\/ul>\n<h3><b>Plan de apertura<\/b>:<\/h3>\n<ul>\n<li><img decoding=\"async\" src=\"http:\/\/vscripts.ced.junta-andalucia.es\/centros\/archivos\/bullet03.gif\" alt=\"\" \/> \u00a0<b>Comedor escolar<\/b><\/li>\n<li><img decoding=\"async\" src=\"http:\/\/vscripts.ced.junta-andalucia.es\/centros\/archivos\/bullet03.gif\" alt=\"\" \/>\u00a0 <b>Transporte escolar<\/b><\/li>\n<li><img decoding=\"async\" src=\"http:\/\/vscripts.ced.junta-andalucia.es\/centros\/archivos\/bullet03.gif\" alt=\"\" \/>\u00a0 <b>Aula matinal<\/b><\/li>\n<\/ul>\n<p><strong>V\u00eddeo presentaci\u00f3n de nuestro colegio:<\/strong><\/p>\n<h2><strong><a href=\"https:\/\/youtu.be\/xaG8WZhgrr4\">https:\/\/youtu.be\/xaG8WZhgrr4<\/a><\/strong><\/h2>\n<p>&nbsp;<\/p>\n","protected":false},"excerpt":{"rendered":"<p>CEPr Nuestra Se\u00f1ora de las Nieves Direcci\u00f3n: \u00a0C\/ San Crist\u00f3bal, s\/n Municipio: 18110 Las Gabias (Granada) Tel\u00e9fonos:\u00a0 Edificio San Crist\u00f3bal (secretar\u00eda, direcci\u00f3n, tercer ciclo): 958 89 38 38 Edificio Eras (primer y segundo ciclo de primaria): 958 89 38 40 &nbsp; Email: 18002516.edu@juntadeandalucia.es Oferta educativa: Educaci\u00f3n Primaria Educaci\u00f3n Especial Apoyo a la integraci\u00f3n Unidad espec\u00edfica &hellip; <\/p>\n<p><a class=\"more-link btn\" href=\"https:\/\/blogsaverroes.juntadeandalucia.es\/ceprnuestrasenoradelasnieves\/el-centro-2\/\">Seguir leyendo<\/a><\/p>\n","protected":false},"author":1,"featured_media":0,"parent":0,"menu_order":0,"comment_status":"open","ping_status":"open","template":"","meta":{"footnotes":"","_mc_calendar":[]},"aioseo_notices":[],"_links":{"self":[{"href":"https:\/\/blogsaverroes.juntadeandalucia.es\/ceprnuestrasenoradelasnieves\/wp-json\/wp\/v2\/pages\/35"}],"collection":[{"href":"https:\/\/blogsaverroes.juntadeandalucia.es\/ceprnuestrasenoradelasnieves\/wp-json\/wp\/v2\/pages"}],"about":[{"href":"https:\/\/blogsaverroes.juntadeandalucia.es\/ceprnuestrasenoradelasnieves\/wp-json\/wp\/v2\/types\/page"}],"author":[{"embeddable":true,"href":"https:\/\/blogsaverroes.juntadeandalucia.es\/ceprnuestrasenoradelasnieves\/wp-json\/wp\/v2\/users\/1"}],"replies":[{"embeddable":true,"href":"https:\/\/blogsaverroes.juntadeandalucia.es\/ceprnuestrasenoradelasnieves\/wp-json\/wp\/v2\/comments?post=35"}],"version-history":[{"count":41,"href":"https:\/\/blogsaverroes.juntadeandalucia.es\/ceprnuestrasenoradelasnieves\/wp-json\/wp\/v2\/pages\/35\/revisions"}],"predecessor-version":[{"id":4979,"href":"https:\/\/blogsaverroes.juntadeandalucia.es\/ceprnuestrasenoradelasnieves\/wp-json\/wp\/v2\/pages\/35\/revisions\/4979"}],"wp:attachment":[{"href":"https:\/\/blogsaverroes.juntadeandalucia.es\/ceprnuestrasenoradelasnieves\/wp-json\/wp\/v2\/media?parent=35"}],"curies":[{"name":"wp","href":"https:\/\/api.w.org\/{rel}","templated":true}]}}