{"id":44,"date":"2024-06-30T08:42:15","date_gmt":"2024-06-30T07:42:15","guid":{"rendered":"http:\/\/blogsaverroes.juntadeandalucia.es\/pre\/ceip\/?page_id=44"},"modified":"2026-02-11T13:19:16","modified_gmt":"2026-02-11T12:19:16","slug":"planes-y-proyectos","status":"publish","type":"page","link":"https:\/\/blogsaverroes.juntadeandalucia.es\/ceprnuestrasenoradelasnieves\/planes-y-proyectos\/","title":{"rendered":"Planes y Programas curso 2025\/2026"},"content":{"rendered":"<p><img loading=\"lazy\" decoding=\"async\" class=\"wp-image-569 alignright\" src=\"https:\/\/blogsaverroes.juntadeandalucia.es\/ceprnuestrasenoradelasnieves\/files\/2015\/03\/lapices3-300x199.jpg\" alt=\"\" width=\"504\" height=\"334\" \/><\/p>\n<h4><u><b>Los <\/b><\/u><u><b>Planes y Programas<\/b><\/u><u><b> desarrollados <\/b><\/u><u><b>en el <\/b><\/u><u><b>Centro<\/b><\/u><u><b>:<\/b><\/u><\/h4>\n<ul>\n<li>\n<h4>Bibliotecas Escolares<\/h4>\n<\/li>\n<li>\n<h4>Bienestar Emocional<\/h4>\n<\/li>\n<li>\n<h4>Plan de apertura de centros docentes<\/h4>\n<\/li>\n<li>\n<h4>Plan de igualdad de g\u00e9nero en educaci\u00f3n de Andaluc\u00eda<\/h4>\n<\/li>\n<li>\n<h4>TDE (Plan de Actuaci\u00f3n Digital &#8211; C\u00f3digo Escuela 4.0)<\/h4>\n<\/li>\n<li>\n<h4>Plan de autoprotecci\u00f3n. Plan de seguridad y salud laboral<\/h4>\n<\/li>\n<li>\n<h4>Proyecto intergeneracional<\/h4>\n<\/li>\n<li>\n<h4>PROA: <a href=\"https:\/\/blogsaverroes.juntadeandalucia.es\/ceprnuestrasenoradelasnieves\/files\/2026\/02\/PROYECTO_PARCEP_2025-26.pdf\">PROYECTO PARCEP 2025-2026\u00a0<\/a><\/h4>\n<div data-subtree=\"aimfl,mfl\" data-processed=\"true\">(Plan de Apoyo y Refuerzo en Centros de Educaci\u00f3n Primaria)<\/div>\n<\/li>\n<li>\n<h4>Proyecto participativo de Educaci\u00f3n Ambiental: jard\u00edn y huerto escolar<\/h4>\n<\/li>\n<li>\n<h4>Plan del fomento del razonamiento matem\u00e1tico<\/h4>\n<\/li>\n<li>\n<h4>Plan de actuaci\u00f3n de la lectura<\/h4>\n<\/li>\n<li>\n<h4>Programa de Educaci\u00f3n Inclusiva<\/h4>\n<\/li>\n<li>\n<h4>H\u00e1bitos de Vida Saludable<\/h4>\n<\/li>\n<li>\n<h4>Pr\u00e1cticum Grado Maestro<\/h4>\n<\/li>\n<li>\n<h4>Red Andaluza: Escuela \u00abEspacio de Paz\u00bb<\/h4>\n<\/li>\n<li><span style=\"color: inherit;font-family: inherit;font-size: 18px;font-weight: bold\">Plan Director para la convivencia y mejora de la seguridad en centros escolares y sus entornos\u00a0<\/span><\/li>\n<li>\n<h4>M\u00e1s Equidad<\/h4>\n<\/li>\n<li>\n<h4>Pacto de Estado: Prevenci\u00f3n de la Violencia de G\u00e9nero<\/h4>\n<\/li>\n<li>\n<h4>Programa Escolar de Consumo de Frutas, Hortalizas y Leche<\/h4>\n<\/li>\n<\/ul>\n<p>&nbsp;<\/p>\n<p>&nbsp;<\/p>\n","protected":false},"excerpt":{"rendered":"<p>Los Planes y Programas desarrollados en el Centro: Bibliotecas Escolares Bienestar Emocional Plan de apertura de centros docentes Plan de igualdad de g\u00e9nero en educaci\u00f3n de Andaluc\u00eda TDE (Plan de Actuaci\u00f3n Digital &#8211; C\u00f3digo Escuela 4.0) Plan de autoprotecci\u00f3n. Plan de seguridad y salud laboral Proyecto intergeneracional PROA: PROYECTO PARCEP 2025-2026\u00a0 (Plan de Apoyo y &hellip; <\/p>\n<p><a class=\"more-link btn\" href=\"https:\/\/blogsaverroes.juntadeandalucia.es\/ceprnuestrasenoradelasnieves\/planes-y-proyectos\/\">Seguir leyendo<\/a><\/p>\n","protected":false},"author":1,"featured_media":0,"parent":0,"menu_order":0,"comment_status":"open","ping_status":"closed","template":"","meta":{"footnotes":"","_mc_calendar":[]},"aioseo_notices":[],"_links":{"self":[{"href":"https:\/\/blogsaverroes.juntadeandalucia.es\/ceprnuestrasenoradelasnieves\/wp-json\/wp\/v2\/pages\/44"}],"collection":[{"href":"https:\/\/blogsaverroes.juntadeandalucia.es\/ceprnuestrasenoradelasnieves\/wp-json\/wp\/v2\/pages"}],"about":[{"href":"https:\/\/blogsaverroes.juntadeandalucia.es\/ceprnuestrasenoradelasnieves\/wp-json\/wp\/v2\/types\/page"}],"author":[{"embeddable":true,"href":"https:\/\/blogsaverroes.juntadeandalucia.es\/ceprnuestrasenoradelasnieves\/wp-json\/wp\/v2\/users\/1"}],"replies":[{"embeddable":true,"href":"https:\/\/blogsaverroes.juntadeandalucia.es\/ceprnuestrasenoradelasnieves\/wp-json\/wp\/v2\/comments?post=44"}],"version-history":[{"count":24,"href":"https:\/\/blogsaverroes.juntadeandalucia.es\/ceprnuestrasenoradelasnieves\/wp-json\/wp\/v2\/pages\/44\/revisions"}],"predecessor-version":[{"id":4982,"href":"https:\/\/blogsaverroes.juntadeandalucia.es\/ceprnuestrasenoradelasnieves\/wp-json\/wp\/v2\/pages\/44\/revisions\/4982"}],"wp:attachment":[{"href":"https:\/\/blogsaverroes.juntadeandalucia.es\/ceprnuestrasenoradelasnieves\/wp-json\/wp\/v2\/media?parent=44"}],"curies":[{"name":"wp","href":"https:\/\/api.w.org\/{rel}","templated":true}]}}