{"id":172,"date":"2015-03-17T07:55:49","date_gmt":"2015-03-17T07:55:49","guid":{"rendered":"http:\/\/blogsaverroes.juntadeandalucia.es\/pre\/ceip\/?page_id=172"},"modified":"2025-12-28T09:17:12","modified_gmt":"2025-12-28T09:17:12","slug":"fisica-y-quimica","status":"publish","type":"page","link":"https:\/\/blogsaverroes.juntadeandalucia.es\/ceprpadremendez\/planes-y-proyectos\/fisica-y-quimica\/","title":{"rendered":"Rof y Gesti\u00f3n econ\u00f3mica"},"content":{"rendered":"<p style=\"text-align: center\"><a href=\"https:\/\/blogsaverroes.juntadeandalucia.es\/ceprpadremendez\/files\/2015\/03\/ROF-Y-GESTI%C3%93N-ECON%C3%93MICA.pdf\"><img loading=\"lazy\" decoding=\"async\" class=\"aligncenter size-medium wp-image-2707\" src=\"https:\/\/blogsaverroes.juntadeandalucia.es\/ceprpadremendez\/files\/2015\/03\/Rof-y-Gesti\u00f3n-241x300.jpeg\" alt=\"\" width=\"241\" height=\"300\" srcset=\"https:\/\/blogsaverroes.juntadeandalucia.es\/ceprpadremendez\/files\/2015\/03\/Rof-y-Gesti\u00f3n-241x300.jpeg 241w, https:\/\/blogsaverroes.juntadeandalucia.es\/ceprpadremendez\/files\/2015\/03\/Rof-y-Gesti\u00f3n-19x24.jpeg 19w, https:\/\/blogsaverroes.juntadeandalucia.es\/ceprpadremendez\/files\/2015\/03\/Rof-y-Gesti\u00f3n-29x36.jpeg 29w, https:\/\/blogsaverroes.juntadeandalucia.es\/ceprpadremendez\/files\/2015\/03\/Rof-y-Gesti\u00f3n-39x48.jpeg 39w, https:\/\/blogsaverroes.juntadeandalucia.es\/ceprpadremendez\/files\/2015\/03\/Rof-y-Gesti\u00f3n.jpeg 321w\" sizes=\"(max-width: 241px) 100vw, 241px\" \/><\/a><\/p>\n<p style=\"text-align: center\"><a href=\"https:\/\/blogsaverroes.juntadeandalucia.es\/ceprpadremendez\/files\/2025\/12\/ROF-Y-GESTION-ECONOMICA-25-26.pdf\">ROF Y GESTI\u00d3N ECON\u00d3MICA 25-26<\/a><\/p>\n<p style=\"text-align: center\"><a href=\"https:\/\/blogsaverroes.juntadeandalucia.es\/ceprpadremendez\/files\/2024\/11\/ROF-Y-GESTION-ECONOMICA-24-25-final.pdf\">ROF Y GESTI\u00d3N ECON\u00d3MICA 24-25 final<\/a><\/p>\n<p style=\"text-align: center\"><a href=\"https:\/\/blogsaverroes.juntadeandalucia.es\/ceprpadremendez\/files\/2020\/11\/ROF-20-21-Borrador.pdf\">ROF 20-21<\/a><\/p>\n<p style=\"text-align: center\"><a href=\"https:\/\/blogsaverroes.juntadeandalucia.es\/ceprpadremendez\/files\/2020\/11\/PROYECTO-DE-GESTI\u00d3N-20-21-Borrador.pdf\">PROYECTO DE GESTI\u00d3N 20-21<\/a><\/p>\n<p style=\"text-align: center\"><a href=\"https:\/\/blogsaverroes.juntadeandalucia.es\/ceprpadremendez\/files\/2015\/03\/ROF-Y-GESTI\u00d3N-ECON\u00d3MICA.pdf\">ROF Y GESTI\u00d3N ECON\u00d3MICA 19-20<\/a><\/p>\n","protected":false},"excerpt":{"rendered":"<p>ROF Y GESTI\u00d3N ECON\u00d3MICA 25-26 ROF Y GESTI\u00d3N ECON\u00d3MICA 24-25 final ROF 20-21 PROYECTO DE GESTI\u00d3N 20-21 ROF Y GESTI\u00d3N ECON\u00d3MICA 19-20<\/p>\n","protected":false},"author":1,"featured_media":0,"parent":44,"menu_order":0,"comment_status":"closed","ping_status":"open","template":"","meta":{"ngg_post_thumbnail":0,"footnotes":"","_mc_calendar":[]},"aioseo_notices":[],"_links":{"self":[{"href":"https:\/\/blogsaverroes.juntadeandalucia.es\/ceprpadremendez\/wp-json\/wp\/v2\/pages\/172"}],"collection":[{"href":"https:\/\/blogsaverroes.juntadeandalucia.es\/ceprpadremendez\/wp-json\/wp\/v2\/pages"}],"about":[{"href":"https:\/\/blogsaverroes.juntadeandalucia.es\/ceprpadremendez\/wp-json\/wp\/v2\/types\/page"}],"author":[{"embeddable":true,"href":"https:\/\/blogsaverroes.juntadeandalucia.es\/ceprpadremendez\/wp-json\/wp\/v2\/users\/1"}],"replies":[{"embeddable":true,"href":"https:\/\/blogsaverroes.juntadeandalucia.es\/ceprpadremendez\/wp-json\/wp\/v2\/comments?post=172"}],"version-history":[{"count":11,"href":"https:\/\/blogsaverroes.juntadeandalucia.es\/ceprpadremendez\/wp-json\/wp\/v2\/pages\/172\/revisions"}],"predecessor-version":[{"id":5088,"href":"https:\/\/blogsaverroes.juntadeandalucia.es\/ceprpadremendez\/wp-json\/wp\/v2\/pages\/172\/revisions\/5088"}],"up":[{"embeddable":true,"href":"https:\/\/blogsaverroes.juntadeandalucia.es\/ceprpadremendez\/wp-json\/wp\/v2\/pages\/44"}],"wp:attachment":[{"href":"https:\/\/blogsaverroes.juntadeandalucia.es\/ceprpadremendez\/wp-json\/wp\/v2\/media?parent=172"}],"curies":[{"name":"wp","href":"https:\/\/api.w.org\/{rel}","templated":true}]}}