{"id":2667,"date":"2018-12-13T16:31:19","date_gmt":"2018-12-13T16:31:19","guid":{"rendered":"https:\/\/blogsaverroes.juntadeandalucia.es\/ceprpadremendez\/?page_id=2667"},"modified":"2020-03-18T17:56:48","modified_gmt":"2020-03-18T17:56:48","slug":"comunicados","status":"publish","type":"page","link":"https:\/\/blogsaverroes.juntadeandalucia.es\/ceprpadremendez\/biblioteca\/comunicados\/","title":{"rendered":"Comunicados"},"content":{"rendered":"<p align=\"center\">&nbsp;<\/p>\n<p align=\"center\"><strong>COMUNICADO DE LA BIBLIOTECA<\/strong><\/p>\n<p align=\"left\">El viernes 13 de marzo, la escritora Alicia B. Torres Mu\u00f1oz, autora de Cr\u00f3nicas del agua. R\u00edo arriba, imparti\u00f3 al alumnado de 6\u00baA un taller de <b>\u201cescritura creativa\u201d <\/b>de dos horas de duraci\u00f3n, repartidas en dos partes: en la primera se habl\u00f3 del origen de la escritura, del proceso para empezar a escribir, y de t\u00e9cnicas para ello, tales como circuitos, acr\u00f3sticos, abecegramas, tautogramas, ensaladas de cuentos, cascadas de pareados, lluvia de poemitas,\u2026; en la segunda parte el alumnado hizo actividades de escritura en grupos (microrrelatos, historias disparatadas,\u2026)<\/p>\n<p align=\"left\">Fue una actividad muy enriquecedora para alumnos y profesores, que previamente hab\u00edamos leido el libro de la autora, lo que hizo que la participaci\u00f3n y el inter\u00e9s fuese mayor.<\/p>\n<p align=\"left\">Desde la biblioteca se han realizado unos carteles con la biograf\u00eda de la autora en pictogramas y recomendaci\u00f3n de la lectura para su obra por tratarse de una f\u00e1bula llena de valores que trabaja la educaci\u00f3n emocional y promueve una conciencia y responsabilidad ambiental hacia los r\u00edos y el mar.<\/p>\n<p align=\"left\">Peque\u00f1os y grandes nos hemos entusiasmado con la vida de Gunter, el salm\u00f3n que realiza una traves\u00eda muy similar a nuestra vida. Tan bien se han preparado paneles para la exposici\u00f3n de los trabajos de los alumnos en este taller.<\/p>\n<p align=\"left\">Por circunstancias que todos conocemos no se podr\u00e1n celebrar los talleres con 6\u00baB y 6\u00baC en la fecha prevista, pero en estos d\u00edas de confinamiento la lectura de \u201cCr\u00f3nicas del agua. R\u00edo arriba \u201c puede ser algo divertido y relajante. Os animo a incluirlo en vuestras actividades y<\/p>\n<p align=\"left\">Un saludo muy especial a todos\/as desde la biblioteca Padre M\u00e9ndez<\/p>\n<p align=\"center\"><a href=\"https:\/\/blogsaverroes.juntadeandalucia.es\/ceprpadremendez\/files\/2020\/03\/IMG-20200316-WA0010.jpg\"><img loading=\"lazy\" decoding=\"async\" class=\"aligncenter size-medium wp-image-2991\" src=\"https:\/\/blogsaverroes.juntadeandalucia.es\/ceprpadremendez\/files\/2020\/03\/IMG-20200316-WA0010-300x225.jpg\" alt=\"\" width=\"300\" height=\"225\" srcset=\"https:\/\/blogsaverroes.juntadeandalucia.es\/ceprpadremendez\/files\/2020\/03\/IMG-20200316-WA0010-300x225.jpg 300w, https:\/\/blogsaverroes.juntadeandalucia.es\/ceprpadremendez\/files\/2020\/03\/IMG-20200316-WA0010-768x576.jpg 768w, https:\/\/blogsaverroes.juntadeandalucia.es\/ceprpadremendez\/files\/2020\/03\/IMG-20200316-WA0010-1024x768.jpg 1024w, https:\/\/blogsaverroes.juntadeandalucia.es\/ceprpadremendez\/files\/2020\/03\/IMG-20200316-WA0010-24x18.jpg 24w, https:\/\/blogsaverroes.juntadeandalucia.es\/ceprpadremendez\/files\/2020\/03\/IMG-20200316-WA0010-36x27.jpg 36w, https:\/\/blogsaverroes.juntadeandalucia.es\/ceprpadremendez\/files\/2020\/03\/IMG-20200316-WA0010-48x36.jpg 48w, https:\/\/blogsaverroes.juntadeandalucia.es\/ceprpadremendez\/files\/2020\/03\/IMG-20200316-WA0010.jpg 1600w\" sizes=\"(max-width: 300px) 100vw, 300px\" \/><\/a><a href=\"https:\/\/blogsaverroes.juntadeandalucia.es\/ceprpadremendez\/files\/2020\/03\/IMG-20200316-WA0011.jpg\"><img loading=\"lazy\" decoding=\"async\" class=\"aligncenter size-medium wp-image-2992\" src=\"https:\/\/blogsaverroes.juntadeandalucia.es\/ceprpadremendez\/files\/2020\/03\/IMG-20200316-WA0011-300x225.jpg\" alt=\"\" width=\"300\" height=\"225\" srcset=\"https:\/\/blogsaverroes.juntadeandalucia.es\/ceprpadremendez\/files\/2020\/03\/IMG-20200316-WA0011-300x225.jpg 300w, https:\/\/blogsaverroes.juntadeandalucia.es\/ceprpadremendez\/files\/2020\/03\/IMG-20200316-WA0011-768x576.jpg 768w, https:\/\/blogsaverroes.juntadeandalucia.es\/ceprpadremendez\/files\/2020\/03\/IMG-20200316-WA0011-1024x768.jpg 1024w, https:\/\/blogsaverroes.juntadeandalucia.es\/ceprpadremendez\/files\/2020\/03\/IMG-20200316-WA0011-24x18.jpg 24w, https:\/\/blogsaverroes.juntadeandalucia.es\/ceprpadremendez\/files\/2020\/03\/IMG-20200316-WA0011-36x27.jpg 36w, https:\/\/blogsaverroes.juntadeandalucia.es\/ceprpadremendez\/files\/2020\/03\/IMG-20200316-WA0011-48x36.jpg 48w, https:\/\/blogsaverroes.juntadeandalucia.es\/ceprpadremendez\/files\/2020\/03\/IMG-20200316-WA0011.jpg 1600w\" sizes=\"(max-width: 300px) 100vw, 300px\" \/><\/a><\/p>\n<p align=\"center\">&nbsp;<\/p>\n<p align=\"center\">&nbsp;<\/p>\n<p align=\"center\">&nbsp;<\/p>\n<p align=\"center\">&nbsp;<\/p>\n<p align=\"center\">&nbsp;<\/p>\n<p align=\"center\">&nbsp;<\/p>\n<p class=\"western\" align=\"center\"><span style=\"font-family: Arial Rounded MT Bold, sans-serif\"><span style=\"font-size: large\">COMUNICADO DE LA BIBLIOTECA PARA EL PROFESORADO<\/span><\/span><\/p>\n<p class=\"western\" align=\"center\"><span style=\"font-size: xx-large\"><u><b>24 DE OCTUBRE D\u00cdA DE LAS BIBLIOTECAS<\/b><\/u><\/span><\/p>\n<p class=\"western\"><span style=\"font-size: large\">La biblioteca de nuestro Centro abrir\u00e1 a partir del d\u00eda 25 para el servicio de pr\u00e9stamos al alumnado y profesorado con el horario que ya os he facilitado. <\/span><\/p>\n<p class=\"western\"><span style=\"font-size: large\">C\u00f3mo ya os avisamos el jueves 24 tendremos una jornada de presentaci\u00f3n de los autores del canon lector, con todos los niveles de 1\u00ba , 2\u00ba y 3\u00ba, en la que se realizar\u00e1n las siguientes actividades:<\/span><\/p>\n<ul>\n<li><span style=\"font-size: large\"><u><b>1\u00ba nivel<\/b><\/u><\/span><span style=\"font-size: large\">.- Proyecci\u00f3n de una pel\u00edcula sobre <\/span><span style=\"font-size: large\"><b>Federico Garc\u00eda Lorca <\/b><\/span><span style=\"font-size: large\">y entrega al alumnado de marcap\u00e1ginas con ilustraciones y poes\u00edas del autor. Proyecci\u00f3n del bibliotrailler del Quijote y Symbaloo.De 9:30 h a 10:00h<\/span><\/li>\n<li><span style=\"font-size: large\"><u><b>2\u00ba nivel<\/b><\/u><\/span><span style=\"font-size: large\">.- Proyecci\u00f3n de una pel\u00edcula sobre <\/span><span style=\"font-size: large\"><b>Rafael Alberti<\/b><\/span><span style=\"font-size: large\"> y entrega de marcap\u00e1ginas al alumnado con poemas del autor. Proyecci\u00f3n del bibliotrailler del Quijote y Symbaloo De 10:15h a 10:45 h<\/span><\/li>\n<li><span style=\"font-size: large\"><u><b>3\u00ba nivel<\/b><\/u><\/span><span style=\"font-size: large\">.-.- Proyecci\u00f3n de una pel\u00edcula sobre <\/span><span style=\"font-size: large\"><b>Antonio Machado <\/b><\/span><span style=\"font-size: large\">y entrega de marcap\u00e1ginas con poemas del autor. Proyecci\u00f3n del bibliotrailler del Quijote y Symbaloo De 11:00 h a 11:30 h<\/span><\/li>\n<\/ul>\n<p class=\"western\"><span style=\"font-size: large\">El resto de los niveles, 4\u00ba, 5\u00ba y 6\u00ba, dedicar\u00e1n una sesi\u00f3n, en sus clases y ser\u00e1 el tutor el encargado de presentarle el autor que vayan a trabajar as\u00ed como las herramientas y artefactos que pueden utilizar en sus trabajos. Para estas presentaciones os dejamos los siguientes enlaces:<\/span><\/p>\n<p class=\"western\"><span style=\"font-size: large\">Los marcap\u00e1ginas de cada autor os lo facilitar\u00e1 la biblioteca.&nbsp; &nbsp; &nbsp; &nbsp; &nbsp; &nbsp; &nbsp; &nbsp; &nbsp; &nbsp; &nbsp; &nbsp; &nbsp; &nbsp; &nbsp; &nbsp; &nbsp; &nbsp; &nbsp; &nbsp; &nbsp; &nbsp; &nbsp; &nbsp; &nbsp; &nbsp; &nbsp; &nbsp; &nbsp; &nbsp;Saludos La Biblioteca<\/span><\/p>\n<p class=\"western\">&nbsp;<\/p>\n","protected":false},"excerpt":{"rendered":"<p>&nbsp; COMUNICADO DE LA BIBLIOTECA El viernes 13 de marzo, la escritora Alicia B. Torres Mu\u00f1oz, autora de Cr\u00f3nicas del agua. R\u00edo arriba, imparti\u00f3 al alumnado de 6\u00baA un taller de \u201cescritura creativa\u201d de&#46;&#46;&#46;<\/p>\n","protected":false},"author":6676,"featured_media":0,"parent":113,"menu_order":0,"comment_status":"closed","ping_status":"closed","template":"","meta":{"ngg_post_thumbnail":0,"footnotes":"","_mc_calendar":[]},"aioseo_notices":[],"_links":{"self":[{"href":"https:\/\/blogsaverroes.juntadeandalucia.es\/ceprpadremendez\/wp-json\/wp\/v2\/pages\/2667"}],"collection":[{"href":"https:\/\/blogsaverroes.juntadeandalucia.es\/ceprpadremendez\/wp-json\/wp\/v2\/pages"}],"about":[{"href":"https:\/\/blogsaverroes.juntadeandalucia.es\/ceprpadremendez\/wp-json\/wp\/v2\/types\/page"}],"author":[{"embeddable":true,"href":"https:\/\/blogsaverroes.juntadeandalucia.es\/ceprpadremendez\/wp-json\/wp\/v2\/users\/6676"}],"replies":[{"embeddable":true,"href":"https:\/\/blogsaverroes.juntadeandalucia.es\/ceprpadremendez\/wp-json\/wp\/v2\/comments?post=2667"}],"version-history":[{"count":5,"href":"https:\/\/blogsaverroes.juntadeandalucia.es\/ceprpadremendez\/wp-json\/wp\/v2\/pages\/2667\/revisions"}],"predecessor-version":[{"id":2993,"href":"https:\/\/blogsaverroes.juntadeandalucia.es\/ceprpadremendez\/wp-json\/wp\/v2\/pages\/2667\/revisions\/2993"}],"up":[{"embeddable":true,"href":"https:\/\/blogsaverroes.juntadeandalucia.es\/ceprpadremendez\/wp-json\/wp\/v2\/pages\/113"}],"wp:attachment":[{"href":"https:\/\/blogsaverroes.juntadeandalucia.es\/ceprpadremendez\/wp-json\/wp\/v2\/media?parent=2667"}],"curies":[{"name":"wp","href":"https:\/\/api.w.org\/{rel}","templated":true}]}}