{"id":3771,"date":"2021-06-15T10:42:41","date_gmt":"2021-06-15T10:42:41","guid":{"rendered":"https:\/\/blogsaverroes.juntadeandalucia.es\/ceprpadremendez\/?page_id=3771"},"modified":"2022-09-05T11:03:45","modified_gmt":"2022-09-05T11:03:45","slug":"3771-2","status":"publish","type":"page","link":"https:\/\/blogsaverroes.juntadeandalucia.es\/ceprpadremendez\/3771-2\/","title":{"rendered":"Normativa"},"content":{"rendered":"<ul>\n<li><a title=\"Pulse para visualizar el documento:&nbsp;Instrucci\u00f3n 12\/2022, de 23 de junio, de la Direcci\u00f3n General de Ordenaci\u00f3n y Evaluaci\u00f3n Educativa, por la que se establecen aspectos de organizaci\u00f3n y funcionamiento para los centros que impartan educaci\u00f3n primaria para el curso 2022\/2023\" href=\"https:\/\/www.juntadeandalucia.es\/educacion\/portals\/delegate\/content\/a256976a-3933-4201-919c-0d69b19ce97d\/Instrucci%C3%B3n%2012\/2022,%20de%2023%20de%20junio,%20de%20la%20Direcci%C3%B3n%20General%20de%20Ordenaci%C3%B3n%20y%20Evaluaci%C3%B3n%20Educativa,%20por%20la%20que%20se%20establecen%20aspectos%20de%20organizaci%C3%B3n%20y%20funcionamiento%20para%20los%20centros%20que%20impartan%20educaci%C3%B3n%20primaria%20para%20el%20curso%202022\/2023\" target=\"_blank\" rel=\"noopener noreferrer\">Instrucci\u00f3n 12\/2022, de 23 de junio, de la Direcci\u00f3n General de Ordenaci\u00f3n y Evaluaci\u00f3n Educativa, por la que se establecen aspectos de organizaci\u00f3n y funcionamiento para los centros que impartan educaci\u00f3n primaria para el curso 2022\/2023 (PDF \/ 1055.83Kb)<\/a><\/li>\n<\/ul>\n<p>&nbsp;<\/p>\n<ul>\n<li><a href=\"https:\/\/blogsaverroes.juntadeandalucia.es\/ceprpadremendez\/files\/2021\/06\/Orden-15-de-enero-de-2021-BOJA21-507-00222-622-01_00184586.pdf\">Orden de 15 de enero de 2021, por la que se desarrolla el curr\u00edculo correspondiente<br \/>\na la etapa de Educaci\u00f3n Primaria en la Comunidad Aut\u00f3noma de Andaluc\u00eda,<br \/>\nse regulan determinados aspectos de la atenci\u00f3n a la diversidad, se establece<br \/>\nla ordenaci\u00f3n de la evaluaci\u00f3n del proceso de aprendizaje del alumnado y se<br \/>\ndetermina el proceso de tr\u00e1nsito entre distintas etapas educativas. <\/a><\/li>\n<\/ul>\n","protected":false},"excerpt":{"rendered":"<p>Instrucci\u00f3n 12\/2022, de 23 de junio, de la Direcci\u00f3n General de Ordenaci\u00f3n y Evaluaci\u00f3n Educativa, por la que se establecen aspectos de organizaci\u00f3n y funcionamiento para los centros que impartan educaci\u00f3n primaria para el&#46;&#46;&#46;<\/p>\n","protected":false},"author":6676,"featured_media":0,"parent":0,"menu_order":0,"comment_status":"closed","ping_status":"closed","template":"","meta":{"ngg_post_thumbnail":0,"footnotes":"","_mc_calendar":[]},"aioseo_notices":[],"_links":{"self":[{"href":"https:\/\/blogsaverroes.juntadeandalucia.es\/ceprpadremendez\/wp-json\/wp\/v2\/pages\/3771"}],"collection":[{"href":"https:\/\/blogsaverroes.juntadeandalucia.es\/ceprpadremendez\/wp-json\/wp\/v2\/pages"}],"about":[{"href":"https:\/\/blogsaverroes.juntadeandalucia.es\/ceprpadremendez\/wp-json\/wp\/v2\/types\/page"}],"author":[{"embeddable":true,"href":"https:\/\/blogsaverroes.juntadeandalucia.es\/ceprpadremendez\/wp-json\/wp\/v2\/users\/6676"}],"replies":[{"embeddable":true,"href":"https:\/\/blogsaverroes.juntadeandalucia.es\/ceprpadremendez\/wp-json\/wp\/v2\/comments?post=3771"}],"version-history":[{"count":5,"href":"https:\/\/blogsaverroes.juntadeandalucia.es\/ceprpadremendez\/wp-json\/wp\/v2\/pages\/3771\/revisions"}],"predecessor-version":[{"id":4487,"href":"https:\/\/blogsaverroes.juntadeandalucia.es\/ceprpadremendez\/wp-json\/wp\/v2\/pages\/3771\/revisions\/4487"}],"wp:attachment":[{"href":"https:\/\/blogsaverroes.juntadeandalucia.es\/ceprpadremendez\/wp-json\/wp\/v2\/media?parent=3771"}],"curies":[{"name":"wp","href":"https:\/\/api.w.org\/{rel}","templated":true}]}}