{"id":42,"date":"2015-03-13T08:40:47","date_gmt":"2015-03-13T08:40:47","guid":{"rendered":"http:\/\/blogsaverroes.juntadeandalucia.es\/pre\/ceip\/?page_id=42"},"modified":"2020-03-18T18:21:17","modified_gmt":"2020-03-18T18:21:17","slug":"equipo-directivo","status":"publish","type":"page","link":"https:\/\/blogsaverroes.juntadeandalucia.es\/ceprpadremendez\/equipo-directivo\/","title":{"rendered":"Equipo directivo"},"content":{"rendered":"<p>&nbsp;<\/p>\n<p><strong>&nbsp;<\/strong><\/p>\n<table style=\"width: 478px\">\n<tbody>\n<tr style=\"height: 22.4px\">\n<td style=\"width: 466px;text-align: center;height: 22.4px\" colspan=\"3\"><strong>EQUIPO DIRECTIVO<\/strong><\/td>\n<\/tr>\n<tr style=\"height: 51px\">\n<td style=\"width: 466px;height: 51px;text-align: center\" colspan=\"3\">&nbsp;<a href=\"https:\/\/blogsaverroes.juntadeandalucia.es\/ceprpadremendez\/files\/2015\/03\/\u00edndice.png\"><img loading=\"lazy\" decoding=\"async\" class=\"aligncenter wp-image-2635 size-full\" src=\"https:\/\/blogsaverroes.juntadeandalucia.es\/ceprpadremendez\/files\/2015\/03\/\u00edndice.png\" alt=\"\" width=\"225\" height=\"225\" srcset=\"https:\/\/blogsaverroes.juntadeandalucia.es\/ceprpadremendez\/files\/2015\/03\/\u00edndice.png 225w, https:\/\/blogsaverroes.juntadeandalucia.es\/ceprpadremendez\/files\/2015\/03\/\u00edndice-150x150.png 150w, https:\/\/blogsaverroes.juntadeandalucia.es\/ceprpadremendez\/files\/2015\/03\/\u00edndice-100x100.png 100w, https:\/\/blogsaverroes.juntadeandalucia.es\/ceprpadremendez\/files\/2015\/03\/\u00edndice-24x24.png 24w, https:\/\/blogsaverroes.juntadeandalucia.es\/ceprpadremendez\/files\/2015\/03\/\u00edndice-36x36.png 36w, https:\/\/blogsaverroes.juntadeandalucia.es\/ceprpadremendez\/files\/2015\/03\/\u00edndice-48x48.png 48w, https:\/\/blogsaverroes.juntadeandalucia.es\/ceprpadremendez\/files\/2015\/03\/\u00edndice-50x50.png 50w\" sizes=\"(max-width: 225px) 100vw, 225px\" \/><\/a><strong>Francisco Jos\u00e9 Puga L\u00f3pez<\/strong><\/td>\n<\/tr>\n<tr style=\"height: 22px\">\n<td style=\"width: 238px;height: 22px;text-align: center\" colspan=\"2\"><a href=\"https:\/\/blogsaverroes.juntadeandalucia.es\/ceprpadremendez\/files\/2020\/03\/jefe-de-estudios.png\"><img loading=\"lazy\" decoding=\"async\" class=\"aligncenter size-full wp-image-2996\" src=\"https:\/\/blogsaverroes.juntadeandalucia.es\/ceprpadremendez\/files\/2020\/03\/jefe-de-estudios.png\" alt=\"\" width=\"225\" height=\"225\" srcset=\"https:\/\/blogsaverroes.juntadeandalucia.es\/ceprpadremendez\/files\/2020\/03\/jefe-de-estudios.png 225w, https:\/\/blogsaverroes.juntadeandalucia.es\/ceprpadremendez\/files\/2020\/03\/jefe-de-estudios-150x150.png 150w, https:\/\/blogsaverroes.juntadeandalucia.es\/ceprpadremendez\/files\/2020\/03\/jefe-de-estudios-100x100.png 100w, https:\/\/blogsaverroes.juntadeandalucia.es\/ceprpadremendez\/files\/2020\/03\/jefe-de-estudios-24x24.png 24w, https:\/\/blogsaverroes.juntadeandalucia.es\/ceprpadremendez\/files\/2020\/03\/jefe-de-estudios-36x36.png 36w, https:\/\/blogsaverroes.juntadeandalucia.es\/ceprpadremendez\/files\/2020\/03\/jefe-de-estudios-48x48.png 48w, https:\/\/blogsaverroes.juntadeandalucia.es\/ceprpadremendez\/files\/2020\/03\/jefe-de-estudios-50x50.png 50w\" sizes=\"(max-width: 225px) 100vw, 225px\" \/><\/a>&nbsp;<strong>Ricardo J. Ortega Cant\u00f3n<\/strong><\/td>\n<td style=\"width: 228px;height: 22px\">\n<p style=\"text-align: center\"><strong><a href=\"https:\/\/blogsaverroes.juntadeandalucia.es\/ceprpadremendez\/files\/2015\/03\/images3.png\"><img loading=\"lazy\" decoding=\"async\" class=\"aligncenter wp-image-2637\" src=\"https:\/\/blogsaverroes.juntadeandalucia.es\/ceprpadremendez\/files\/2015\/03\/images3.png\" alt=\"\" width=\"231\" height=\"231\" srcset=\"https:\/\/blogsaverroes.juntadeandalucia.es\/ceprpadremendez\/files\/2015\/03\/images3.png 225w, https:\/\/blogsaverroes.juntadeandalucia.es\/ceprpadremendez\/files\/2015\/03\/images3-150x150.png 150w, https:\/\/blogsaverroes.juntadeandalucia.es\/ceprpadremendez\/files\/2015\/03\/images3-100x100.png 100w, https:\/\/blogsaverroes.juntadeandalucia.es\/ceprpadremendez\/files\/2015\/03\/images3-24x24.png 24w, https:\/\/blogsaverroes.juntadeandalucia.es\/ceprpadremendez\/files\/2015\/03\/images3-36x36.png 36w, https:\/\/blogsaverroes.juntadeandalucia.es\/ceprpadremendez\/files\/2015\/03\/images3-48x48.png 48w, https:\/\/blogsaverroes.juntadeandalucia.es\/ceprpadremendez\/files\/2015\/03\/images3-50x50.png 50w\" sizes=\"(max-width: 231px) 100vw, 231px\" \/><\/a><\/strong><strong>Mar\u00eda In\u00e9s Rodr\u00edguez D\u00edaz<\/strong><\/p>\n<\/td>\n<\/tr>\n<\/tbody>\n<\/table>\n<p>&nbsp;<\/p>\n","protected":false},"excerpt":{"rendered":"<p>&nbsp; &nbsp; EQUIPO DIRECTIVO &nbsp;Francisco Jos\u00e9 Puga L\u00f3pez &nbsp;Ricardo J. Ortega Cant\u00f3n Mar\u00eda In\u00e9s Rodr\u00edguez D\u00edaz &nbsp;<\/p>\n","protected":false},"author":1,"featured_media":0,"parent":0,"menu_order":0,"comment_status":"closed","ping_status":"open","template":"page-cs.php","meta":{"ngg_post_thumbnail":0,"footnotes":"","_mc_calendar":[]},"aioseo_notices":[],"_links":{"self":[{"href":"https:\/\/blogsaverroes.juntadeandalucia.es\/ceprpadremendez\/wp-json\/wp\/v2\/pages\/42"}],"collection":[{"href":"https:\/\/blogsaverroes.juntadeandalucia.es\/ceprpadremendez\/wp-json\/wp\/v2\/pages"}],"about":[{"href":"https:\/\/blogsaverroes.juntadeandalucia.es\/ceprpadremendez\/wp-json\/wp\/v2\/types\/page"}],"author":[{"embeddable":true,"href":"https:\/\/blogsaverroes.juntadeandalucia.es\/ceprpadremendez\/wp-json\/wp\/v2\/users\/1"}],"replies":[{"embeddable":true,"href":"https:\/\/blogsaverroes.juntadeandalucia.es\/ceprpadremendez\/wp-json\/wp\/v2\/comments?post=42"}],"version-history":[{"count":13,"href":"https:\/\/blogsaverroes.juntadeandalucia.es\/ceprpadremendez\/wp-json\/wp\/v2\/pages\/42\/revisions"}],"predecessor-version":[{"id":2997,"href":"https:\/\/blogsaverroes.juntadeandalucia.es\/ceprpadremendez\/wp-json\/wp\/v2\/pages\/42\/revisions\/2997"}],"wp:attachment":[{"href":"https:\/\/blogsaverroes.juntadeandalucia.es\/ceprpadremendez\/wp-json\/wp\/v2\/media?parent=42"}],"curies":[{"name":"wp","href":"https:\/\/api.w.org\/{rel}","templated":true}]}}