{"id":170,"date":"2022-01-30T17:04:58","date_gmt":"2022-01-30T17:04:58","guid":{"rendered":"https:\/\/blogsaverroes.juntadeandalucia.es\/ceprsanpascualbailon\/?page_id=170"},"modified":"2022-01-30T17:37:34","modified_gmt":"2022-01-30T17:37:34","slug":"datos-del-centro","status":"publish","type":"page","link":"https:\/\/blogsaverroes.juntadeandalucia.es\/ceprsanpascualbailon\/datos-del-centro\/","title":{"rendered":"Datos del centro"},"content":{"rendered":"<p style=\"text-align: center\"><strong>CENTRO DE EDUCACI\u00d3N PRIMARIA SAN PASCUAL BAIL\u00d3N<\/strong><\/p>\n<p><em><strong>Direcci\u00f3n:<\/strong><\/em><\/p>\n<p>C\/ Huerta de los Rosales, s\/n<br \/>\nPinos Puente (Granada).<\/p>\n<p>C.P: 18240<\/p>\n<div><strong>Tel\u00e9fonos:<\/strong><\/div>\n<div>\n<ul>\n<li><b>Tel\u00e9fono:<\/b>&nbsp;958893915<\/li>\n<li><b>Tel\u00e9fono corporativo:<\/b>&nbsp;190915<\/li>\n<li><b>Fax:<\/b>&nbsp;958893916<\/li>\n<\/ul>\n<p><b>Email:<\/b>&nbsp; 18008889.edu@juntadeandalucia.es<\/p>\n<p><strong>C\u00f3digo del centro:<\/strong> 18008889<\/p>\n<p><strong>Horarios:<\/strong><\/p>\n<\/div>\n<ul>\n<li><strong>Jornada lectiva:<\/strong> 9:00-14:00 horas<\/li>\n<li><strong>Comedor:<\/strong> 14:00- 16:00<\/li>\n<li><strong>Actividades extraescolares:<\/strong> 16:00- 18:00 horas<\/li>\n<li><strong>Atenci\u00f3n al p\u00fablico: <\/strong><\/li>\n<\/ul>\n","protected":false},"excerpt":{"rendered":"<p>CENTRO DE EDUCACI\u00d3N PRIMARIA SAN PASCUAL BAIL\u00d3N Direcci\u00f3n: C\/ Huerta de los Rosales, s\/n Pinos Puente (Granada). C.P: 18240 Tel\u00e9fonos: Tel\u00e9fono:&nbsp;958893915 Tel\u00e9fono corporativo:&nbsp;190915 Fax:&nbsp;958893916 Email:&nbsp; 18008889.edu@juntadeandalucia.es C\u00f3digo del centro: 18008889 Horarios: Jornada lectiva: 9:00-14:00&#46;&#46;&#46;<\/p>\n","protected":false},"author":6477,"featured_media":0,"parent":0,"menu_order":0,"comment_status":"closed","ping_status":"closed","template":"","meta":{"ngg_post_thumbnail":0,"footnotes":""},"aioseo_notices":[],"_links":{"self":[{"href":"https:\/\/blogsaverroes.juntadeandalucia.es\/ceprsanpascualbailon\/wp-json\/wp\/v2\/pages\/170"}],"collection":[{"href":"https:\/\/blogsaverroes.juntadeandalucia.es\/ceprsanpascualbailon\/wp-json\/wp\/v2\/pages"}],"about":[{"href":"https:\/\/blogsaverroes.juntadeandalucia.es\/ceprsanpascualbailon\/wp-json\/wp\/v2\/types\/page"}],"author":[{"embeddable":true,"href":"https:\/\/blogsaverroes.juntadeandalucia.es\/ceprsanpascualbailon\/wp-json\/wp\/v2\/users\/6477"}],"replies":[{"embeddable":true,"href":"https:\/\/blogsaverroes.juntadeandalucia.es\/ceprsanpascualbailon\/wp-json\/wp\/v2\/comments?post=170"}],"version-history":[{"count":5,"href":"https:\/\/blogsaverroes.juntadeandalucia.es\/ceprsanpascualbailon\/wp-json\/wp\/v2\/pages\/170\/revisions"}],"predecessor-version":[{"id":190,"href":"https:\/\/blogsaverroes.juntadeandalucia.es\/ceprsanpascualbailon\/wp-json\/wp\/v2\/pages\/170\/revisions\/190"}],"wp:attachment":[{"href":"https:\/\/blogsaverroes.juntadeandalucia.es\/ceprsanpascualbailon\/wp-json\/wp\/v2\/media?parent=170"}],"curies":[{"name":"wp","href":"https:\/\/api.w.org\/{rel}","templated":true}]}}