{"id":3059,"date":"2024-10-10T05:10:45","date_gmt":"2024-10-10T05:10:45","guid":{"rendered":"https:\/\/blogsaverroes.juntadeandalucia.es\/ceprsanpascualbailon\/?page_id=3059"},"modified":"2024-10-10T05:22:43","modified_gmt":"2024-10-10T05:22:43","slug":"secretaria-virtual","status":"publish","type":"page","link":"https:\/\/blogsaverroes.juntadeandalucia.es\/ceprsanpascualbailon\/secretaria-virtual\/","title":{"rendered":"SECRETAR\u00cdA VIRTUAL"},"content":{"rendered":"<p>Aqu\u00ed encontrar\u00e9is documentos de solicitudes varias.<\/p>\n","protected":false},"excerpt":{"rendered":"<p>Aqu\u00ed encontrar\u00e9is documentos de solicitudes varias.<\/p>\n","protected":false},"author":6477,"featured_media":0,"parent":0,"menu_order":0,"comment_status":"closed","ping_status":"closed","template":"templates\/template-about.php","meta":{"ngg_post_thumbnail":0,"footnotes":""},"aioseo_notices":[],"_links":{"self":[{"href":"https:\/\/blogsaverroes.juntadeandalucia.es\/ceprsanpascualbailon\/wp-json\/wp\/v2\/pages\/3059"}],"collection":[{"href":"https:\/\/blogsaverroes.juntadeandalucia.es\/ceprsanpascualbailon\/wp-json\/wp\/v2\/pages"}],"about":[{"href":"https:\/\/blogsaverroes.juntadeandalucia.es\/ceprsanpascualbailon\/wp-json\/wp\/v2\/types\/page"}],"author":[{"embeddable":true,"href":"https:\/\/blogsaverroes.juntadeandalucia.es\/ceprsanpascualbailon\/wp-json\/wp\/v2\/users\/6477"}],"replies":[{"embeddable":true,"href":"https:\/\/blogsaverroes.juntadeandalucia.es\/ceprsanpascualbailon\/wp-json\/wp\/v2\/comments?post=3059"}],"version-history":[{"count":2,"href":"https:\/\/blogsaverroes.juntadeandalucia.es\/ceprsanpascualbailon\/wp-json\/wp\/v2\/pages\/3059\/revisions"}],"predecessor-version":[{"id":3062,"href":"https:\/\/blogsaverroes.juntadeandalucia.es\/ceprsanpascualbailon\/wp-json\/wp\/v2\/pages\/3059\/revisions\/3062"}],"wp:attachment":[{"href":"https:\/\/blogsaverroes.juntadeandalucia.es\/ceprsanpascualbailon\/wp-json\/wp\/v2\/media?parent=3059"}],"curies":[{"name":"wp","href":"https:\/\/api.w.org\/{rel}","templated":true}]}}