{"id":63,"date":"2022-01-20T11:30:50","date_gmt":"2022-01-20T11:30:50","guid":{"rendered":"https:\/\/blogsaverroes.juntadeandalucia.es\/ceprsanpascualbailon\/?page_id=63"},"modified":"2024-09-03T17:00:31","modified_gmt":"2024-09-03T17:00:31","slug":"equipo-docente-primer-ciclo","status":"publish","type":"page","link":"https:\/\/blogsaverroes.juntadeandalucia.es\/ceprsanpascualbailon\/equipo-docente-primer-ciclo\/","title":{"rendered":"Equipo docente primer ciclo"},"content":{"rendered":"<p>TUTORA&nbsp; 1\u00ba A:<\/p>\n<p>TUTORA&nbsp; 1\u00ba B:<\/p>\n<p>TUTORA&nbsp; 2\u00ba A:<\/p>\n<p>TUTORA 2\u00ba B:<\/p>\n<p>TUTORA 2\u00ba C:<\/p>\n<p>TUTORA 2\u00ba D:<\/p>\n<p>AULA ESPEC\u00cdFICA:<\/p>\n<p>INGL\u00c9S: MERCEDES CANO<\/p>\n<p>EDUCACI\u00d3N F\u00cdSICA<\/p>\n<p>PEDAGOG\u00cdA TERAP\u00c9UTICA:<\/p>\n<p>AUDICI\u00d3N Y LENGUAJE: MIRIAM ESTHER GARC\u00cdA<\/p>\n","protected":false},"excerpt":{"rendered":"<p>TUTORA&nbsp; 1\u00ba A: TUTORA&nbsp; 1\u00ba B: TUTORA&nbsp; 2\u00ba A: TUTORA 2\u00ba B: TUTORA 2\u00ba C: TUTORA 2\u00ba D: AULA ESPEC\u00cdFICA: INGL\u00c9S: MERCEDES CANO EDUCACI\u00d3N F\u00cdSICA PEDAGOG\u00cdA TERAP\u00c9UTICA: AUDICI\u00d3N Y LENGUAJE: MIRIAM ESTHER GARC\u00cdA<\/p>\n","protected":false},"author":6477,"featured_media":0,"parent":0,"menu_order":0,"comment_status":"closed","ping_status":"closed","template":"","meta":{"ngg_post_thumbnail":0,"footnotes":""},"aioseo_notices":[],"_links":{"self":[{"href":"https:\/\/blogsaverroes.juntadeandalucia.es\/ceprsanpascualbailon\/wp-json\/wp\/v2\/pages\/63"}],"collection":[{"href":"https:\/\/blogsaverroes.juntadeandalucia.es\/ceprsanpascualbailon\/wp-json\/wp\/v2\/pages"}],"about":[{"href":"https:\/\/blogsaverroes.juntadeandalucia.es\/ceprsanpascualbailon\/wp-json\/wp\/v2\/types\/page"}],"author":[{"embeddable":true,"href":"https:\/\/blogsaverroes.juntadeandalucia.es\/ceprsanpascualbailon\/wp-json\/wp\/v2\/users\/6477"}],"replies":[{"embeddable":true,"href":"https:\/\/blogsaverroes.juntadeandalucia.es\/ceprsanpascualbailon\/wp-json\/wp\/v2\/comments?post=63"}],"version-history":[{"count":4,"href":"https:\/\/blogsaverroes.juntadeandalucia.es\/ceprsanpascualbailon\/wp-json\/wp\/v2\/pages\/63\/revisions"}],"predecessor-version":[{"id":3037,"href":"https:\/\/blogsaverroes.juntadeandalucia.es\/ceprsanpascualbailon\/wp-json\/wp\/v2\/pages\/63\/revisions\/3037"}],"wp:attachment":[{"href":"https:\/\/blogsaverroes.juntadeandalucia.es\/ceprsanpascualbailon\/wp-json\/wp\/v2\/media?parent=63"}],"curies":[{"name":"wp","href":"https:\/\/api.w.org\/{rel}","templated":true}]}}