{"id":1088,"date":"2024-12-03T16:58:24","date_gmt":"2024-12-03T15:58:24","guid":{"rendered":"https:\/\/blogsaverroes.juntadeandalucia.es\/ceprvictorgarciahoz\/?page_id=1088"},"modified":"2024-12-03T23:18:47","modified_gmt":"2024-12-03T22:18:47","slug":"contacta-conmigo","status":"publish","type":"page","link":"https:\/\/blogsaverroes.juntadeandalucia.es\/ceprvictorgarciahoz\/contacta-conmigo\/","title":{"rendered":"RESOLUCI\u00d3N DE DUDAS &#8211; CONTACTA CONMIGO"},"content":{"rendered":"<p>Estimado alumnado, aqu\u00ed en esta p\u00e1gina podemos resolver las dudas que os vaya surgiendo.<\/p>\n\n<div class=\"wpcf7 no-js\" id=\"wpcf7-f1116-o1\" lang=\"es-ES\" dir=\"ltr\">\n<div class=\"screen-reader-response\"><p role=\"status\" aria-live=\"polite\" aria-atomic=\"true\"><\/p> <ul><\/ul><\/div>\n<form action=\"\/ceprvictorgarciahoz\/wp-json\/wp\/v2\/pages\/1088#wpcf7-f1116-o1\" method=\"post\" class=\"wpcf7-form init\" aria-label=\"Formulario de contacto\" novalidate=\"novalidate\" data-status=\"init\">\n<div style=\"display: none;\">\n<input type=\"hidden\" name=\"_wpcf7\" value=\"1116\" \/>\n<input type=\"hidden\" name=\"_wpcf7_version\" value=\"5.9.8\" \/>\n<input type=\"hidden\" name=\"_wpcf7_locale\" value=\"es_ES\" \/>\n<input type=\"hidden\" name=\"_wpcf7_unit_tag\" value=\"wpcf7-f1116-o1\" \/>\n<input type=\"hidden\" name=\"_wpcf7_container_post\" value=\"0\" \/>\n<input type=\"hidden\" name=\"_wpcf7_posted_data_hash\" value=\"\" \/>\n<\/div>\n<p><label> Tu nombre<br \/>\n<span class=\"wpcf7-form-control-wrap\" data-name=\"your-name\"><input size=\"40\" maxlength=\"400\" class=\"wpcf7-form-control wpcf7-text wpcf7-validates-as-required\" autocomplete=\"name\" aria-required=\"true\" aria-invalid=\"false\" value=\"\" type=\"text\" name=\"your-name\" \/><\/span> <\/label>\n<\/p>\n<p><label> Tu correo electr\u00f3nico<br \/>\n<span class=\"wpcf7-form-control-wrap\" data-name=\"your-email\"><input size=\"40\" maxlength=\"400\" class=\"wpcf7-form-control wpcf7-email wpcf7-validates-as-required wpcf7-text wpcf7-validates-as-email\" autocomplete=\"email\" aria-required=\"true\" aria-invalid=\"false\" value=\"\" type=\"email\" name=\"your-email\" \/><\/span><br \/>\n<\/label><span class=\"wpcf7-form-control-wrap\" data-name=\"Curso\"><select class=\"wpcf7-form-control wpcf7-select\" aria-invalid=\"false\" multiple=\"multiple\" name=\"Curso[]\"><option value=\"4\u00ba\">4\u00ba<\/option><option value=\"5\u00ba\">5\u00ba<\/option><option value=\"6\u00ba\">6\u00ba<\/option><\/select><\/span>\n<\/p>\n<p><label><span class=\"wpcf7-form-control-wrap\" data-name=\"Asignatura\"><select class=\"wpcf7-form-control wpcf7-select\" aria-invalid=\"false\" multiple=\"multiple\" name=\"Asignatura[]\"><option value=\"MATEM\u00c1TICAS\">MATEM\u00c1TICAS<\/option><option value=\"LENGUA\">LENGUA<\/option><option value=\"M\u00daSICA\">M\u00daSICA<\/option><\/select><\/span><br \/>\n<label> Asunto<br \/>\n<span class=\"wpcf7-form-control-wrap\" data-name=\"your-subject\"><input size=\"40\" maxlength=\"400\" class=\"wpcf7-form-control wpcf7-text wpcf7-validates-as-required\" aria-required=\"true\" aria-invalid=\"false\" value=\"\" type=\"text\" name=\"your-subject\" \/><\/span> <\/label><br \/>\n<label> Tu mensaje (opcional)<br \/>\n<span class=\"wpcf7-form-control-wrap\" data-name=\"your-message\"><textarea cols=\"40\" rows=\"10\" maxlength=\"2000\" class=\"wpcf7-form-control wpcf7-textarea\" aria-invalid=\"false\" name=\"your-message\"><\/textarea><\/span> <\/label><\/label>\n<\/p><div class=\"wpcf7-response-output\" aria-hidden=\"true\"><\/div>\n<\/form>\n<\/div>\n\n<p>&nbsp;<\/p>\n<p>&nbsp;<\/p>\n<p>&nbsp;<\/p>\n<p>&nbsp;<br \/>\n<iframe loading=\"lazy\" src=\"https:\/\/www.google.com\/maps\/embed?pb=!1m18!1m12!1m3!1d3133.126935090775!2d-2.889676024927447!3d38.25336197186873!2m3!1f0!2f0!3f0!3m2!1i1024!2i768!4f13.1!3m3!1m2!1s0xd6f1645404be5ad%3A0x46012073e5b66f4!2sColegio%20de%20Educaci%C3%B3n%20Primaria%20V%C3%ADctor%20Garc%C3%ADa%20Hoz!5e0!3m2!1ses!2ses!4v1733241678236!5m2!1ses!2ses\" width=\"600\" height=\"450\"><\/iframe><\/p>\n","protected":false},"excerpt":{"rendered":"<p>Estimado alumnado, aqu\u00ed en esta p\u00e1gina podemos resolver las dudas que os vaya surgiendo. &nbsp; &nbsp; &nbsp; &nbsp;<\/p>\n","protected":false},"author":18117,"featured_media":0,"parent":0,"menu_order":0,"comment_status":"closed","ping_status":"closed","template":"","meta":{"ngg_post_thumbnail":0,"footnotes":""},"aioseo_notices":[],"_links":{"self":[{"href":"https:\/\/blogsaverroes.juntadeandalucia.es\/ceprvictorgarciahoz\/wp-json\/wp\/v2\/pages\/1088"}],"collection":[{"href":"https:\/\/blogsaverroes.juntadeandalucia.es\/ceprvictorgarciahoz\/wp-json\/wp\/v2\/pages"}],"about":[{"href":"https:\/\/blogsaverroes.juntadeandalucia.es\/ceprvictorgarciahoz\/wp-json\/wp\/v2\/types\/page"}],"author":[{"embeddable":true,"href":"https:\/\/blogsaverroes.juntadeandalucia.es\/ceprvictorgarciahoz\/wp-json\/wp\/v2\/users\/18117"}],"replies":[{"embeddable":true,"href":"https:\/\/blogsaverroes.juntadeandalucia.es\/ceprvictorgarciahoz\/wp-json\/wp\/v2\/comments?post=1088"}],"version-history":[{"count":4,"href":"https:\/\/blogsaverroes.juntadeandalucia.es\/ceprvictorgarciahoz\/wp-json\/wp\/v2\/pages\/1088\/revisions"}],"predecessor-version":[{"id":1121,"href":"https:\/\/blogsaverroes.juntadeandalucia.es\/ceprvictorgarciahoz\/wp-json\/wp\/v2\/pages\/1088\/revisions\/1121"}],"wp:attachment":[{"href":"https:\/\/blogsaverroes.juntadeandalucia.es\/ceprvictorgarciahoz\/wp-json\/wp\/v2\/media?parent=1088"}],"curies":[{"name":"wp","href":"https:\/\/api.w.org\/{rel}","templated":true}]}}