{"id":642,"date":"2024-01-18T19:18:40","date_gmt":"2024-01-18T18:18:40","guid":{"rendered":"https:\/\/blogsaverroes.juntadeandalucia.es\/ceprvictorgarciahoz\/?page_id=642"},"modified":"2024-01-18T19:18:40","modified_gmt":"2024-01-18T18:18:40","slug":"programa-de-refuerzo-y-acompanamiento-proa","status":"publish","type":"page","link":"https:\/\/blogsaverroes.juntadeandalucia.es\/ceprvictorgarciahoz\/programa-de-refuerzo-y-acompanamiento-proa\/","title":{"rendered":"Programa de refuerzo y acompa\u00f1amiento &#8211; PROA"},"content":{"rendered":"<p>El C.E.PR. V\u00edctor Garc\u00eda Hoz cuenta con el Programa de refuerzo y acompa\u00f1amiento para el alumnado. Contamos con varios grupos los martes y jueves de 16:00 a 18:00 horas.<img loading=\"lazy\" decoding=\"async\" class=\"size-medium wp-image-643 aligncenter\" src=\"https:\/\/blogsaverroes.juntadeandalucia.es\/ceprvictorgarciahoz\/files\/2024\/01\/proa-300x171.jpg\" alt=\"\" width=\"300\" height=\"171\" srcset=\"https:\/\/blogsaverroes.juntadeandalucia.es\/ceprvictorgarciahoz\/files\/2024\/01\/proa-300x171.jpg 300w, https:\/\/blogsaverroes.juntadeandalucia.es\/ceprvictorgarciahoz\/files\/2024\/01\/proa-1024x583.jpg 1024w, https:\/\/blogsaverroes.juntadeandalucia.es\/ceprvictorgarciahoz\/files\/2024\/01\/proa-768x437.jpg 768w, https:\/\/blogsaverroes.juntadeandalucia.es\/ceprvictorgarciahoz\/files\/2024\/01\/proa-1080x615.jpg 1080w, https:\/\/blogsaverroes.juntadeandalucia.es\/ceprvictorgarciahoz\/files\/2024\/01\/proa-980x558.jpg 980w, https:\/\/blogsaverroes.juntadeandalucia.es\/ceprvictorgarciahoz\/files\/2024\/01\/proa-480x273.jpg 480w, https:\/\/blogsaverroes.juntadeandalucia.es\/ceprvictorgarciahoz\/files\/2024\/01\/proa.jpg 1258w\" sizes=\"(max-width: 300px) 100vw, 300px\" \/><\/p>\n","protected":false},"excerpt":{"rendered":"<p>El C.E.PR. V\u00edctor Garc\u00eda Hoz cuenta con el Programa de refuerzo y acompa\u00f1amiento para el alumnado. Contamos con varios grupos los martes y jueves de 16:00 a 18:00 horas.<\/p>\n","protected":false},"author":18117,"featured_media":0,"parent":0,"menu_order":0,"comment_status":"closed","ping_status":"closed","template":"","meta":{"ngg_post_thumbnail":0,"footnotes":""},"aioseo_notices":[],"_links":{"self":[{"href":"https:\/\/blogsaverroes.juntadeandalucia.es\/ceprvictorgarciahoz\/wp-json\/wp\/v2\/pages\/642"}],"collection":[{"href":"https:\/\/blogsaverroes.juntadeandalucia.es\/ceprvictorgarciahoz\/wp-json\/wp\/v2\/pages"}],"about":[{"href":"https:\/\/blogsaverroes.juntadeandalucia.es\/ceprvictorgarciahoz\/wp-json\/wp\/v2\/types\/page"}],"author":[{"embeddable":true,"href":"https:\/\/blogsaverroes.juntadeandalucia.es\/ceprvictorgarciahoz\/wp-json\/wp\/v2\/users\/18117"}],"replies":[{"embeddable":true,"href":"https:\/\/blogsaverroes.juntadeandalucia.es\/ceprvictorgarciahoz\/wp-json\/wp\/v2\/comments?post=642"}],"version-history":[{"count":1,"href":"https:\/\/blogsaverroes.juntadeandalucia.es\/ceprvictorgarciahoz\/wp-json\/wp\/v2\/pages\/642\/revisions"}],"predecessor-version":[{"id":644,"href":"https:\/\/blogsaverroes.juntadeandalucia.es\/ceprvictorgarciahoz\/wp-json\/wp\/v2\/pages\/642\/revisions\/644"}],"wp:attachment":[{"href":"https:\/\/blogsaverroes.juntadeandalucia.es\/ceprvictorgarciahoz\/wp-json\/wp\/v2\/media?parent=642"}],"curies":[{"name":"wp","href":"https:\/\/api.w.org\/{rel}","templated":true}]}}