{"id":2184,"date":"2016-01-20T18:51:11","date_gmt":"2016-01-20T17:51:11","guid":{"rendered":"http:\/\/blogsaverroes.juntadeandalucia.es\/ceprvirgendelacabeza\/?page_id=2184"},"modified":"2023-11-15T12:42:50","modified_gmt":"2023-11-15T11:42:50","slug":"normativa","status":"publish","type":"page","link":"https:\/\/blogsaverroes.juntadeandalucia.es\/ceprvirgendelacabeza\/normativa\/","title":{"rendered":"Normativa"},"content":{"rendered":"<p><span style=\"font-size: 14pt\"><strong>LEYES EDUCATIVAS:<\/strong><\/span><\/p>\n<ul>\n<li><a href=\"https:\/\/www.adideandalucia.es\/normas\/leyes\/LeyOrganica2-2006TextoConsolidado1abril2022.pdf\" target=\"_blank\" rel=\"noopener noreferrer\">LOMLOE<\/a><\/li>\n<li><a href=\"https:\/\/www.adideandalucia.es\/normas\/leyes\/Ley17-2007LEA_Consolidado.pdf\" target=\"_blank\" rel=\"noopener noreferrer\">Ley de Educaci\u00f3n de Andaluc\u00eda (LEA)<\/a><\/li>\n<\/ul>\n<p><span style=\"font-size: 14pt\"><strong>NORMATIVA CURRICULAR:<\/strong><\/span><\/p>\n<ul>\n<li><a href=\"https:\/\/www.adideandalucia.es\/normas\/RD\/RealDecreto157-2022EducacionPrimaria.pdf\" target=\"_blank\" rel=\"noopener noreferrer\">Real Decreto 157\/2022- Ense\u00f1anzas m\u00ednimas Ed. Primaria.<\/a><\/li>\n<li><a href=\"https:\/\/www.adideandalucia.es\/normas\/decretos\/Decreto101-2023EducacionPrimaria.pdf\">DECRETO 101\/2023, de 9 de mayo, por el que se establece la ordenaci\u00f3n y el curr\u00edculo de la etapa de Educaci\u00f3n Primaria en la Comunidad Aut\u00f3noma de Andaluc\u00eda.<\/a><\/li>\n<li><a href=\"https:\/\/www.juntadeandalucia.es\/boja\/2023\/104\/BOJA23-104-00208-9731-01_00284747.pdf\">ORDEN de 30 de mayo de 2023, por la que se desarrolla el curr\u00edculo correspondiente a la etapa de Educaci\u00f3n Primaria en la Comunidad Aut\u00f3noma de Andaluc\u00eda, se regulan determinados aspectos de la atenci\u00f3n a la diversidad y a las diferencias individuales, se establece la ordenaci\u00f3n de la evaluaci\u00f3n del proceso de aprendizaje del alumnado y se determina el proceso de tr\u00e1nsito entre las diferentes etapas educativas<\/a><\/li>\n<li><a href=\"https:\/\/www.adideandalucia.es\/normas\/instruc\/Instrucciones21junio2023LecturaPrimariayESO.pdf\">INSTRUCCIONES de 21 de junio de 2023, de la Viceconsejer\u00eda de Desarrollo Educativo y Formaci\u00f3n Profesional, sobre el tratamiento de la lectura para el despliegue de la competencia en comunicaci\u00f3n ling\u00fc\u00edstica en Educaci\u00f3n Primaria y Educaci\u00f3n Secundaria Obligatoria<\/a><\/li>\n<\/ul>\n<p><span style=\"font-size: 14pt\"><strong>NORMATIVA DE ORGANIZACI\u00d3N Y FUNCIONAMIENTO:<\/strong><\/span><\/p>\n<ul>\n<li><a href=\"https:\/\/www.adideandalucia.es\/normas\/decretos\/Decreto328-2010RocColegiosConsolidado.pdf\" target=\"_blank\" rel=\"noopener noreferrer\">Decreto 328\/2010 por el que se aprueba el Reglamento org\u00e1nico de Primaria<\/a><\/li>\n<li><a href=\"https:\/\/www.adideandalucia.es\/normas\/ordenes\/Orden20agosto2010organizacionfuncionamientoceips.pdf\" target=\"_blank\" rel=\"noopener noreferrer\">Orden de 20 de agosto de 2010, de organizaci\u00f3n, funcionamiento y horarios<\/a><\/li>\n<li><a href=\"https:\/\/www.adideandalucia.es\/normas\/decretos\/Decreto301-2009CalendarioEscolar-actualizado13julio2023.pdf\">DECRETO 301\/2009, de 14 de julio, por el que se regula el calendario y la jornada escolar en los centros docentes, a excepci\u00f3n de los universitarios<\/a><\/li>\n<\/ul>\n<p><span style=\"font-size: 14pt\"><strong>SERVICIOS COMPLEMENTARIOS: AULA MATINAL, COMEDOR Y EXTRAESCOLARES<\/strong><\/span><\/p>\n<ul>\n<li><a href=\"https:\/\/www.adideandalucia.es\/normas\/decretos\/Decreto6-2017ServiciosComplementarios.pdf\">DECRETO 6\/2017, de 16 de enero, por el que se regulan los servicios complementarios de aula matinal, comedor escolar y actividades extraescolares, as\u00ed como el uso de las instalaciones de los centros docentes p\u00fablicos de la Comunidad Aut\u00f3noma de Andaluc\u00eda fuera del horario escolar<\/a><\/li>\n<li><a href=\"https:\/\/www.adideandalucia.es\/normas\/ordenes\/Orden17abril2017ActividadesExtraescolares.pdf\" target=\"_blank\" rel=\"noopener noreferrer\">Orden de 17 de abril de 2017, que regula Aula Matinal, comedor y extraescolares<\/a><\/li>\n<li><a href=\"https:\/\/www.adideandalucia.es\/normas\/ordenes\/Orden27marzo2019ModificaActividadesExtraescolares.pdf\" target=\"_blank\" rel=\"noopener noreferrer\">Orden de 27 de marzo de 2019, que modifica parcialmente la Orden de 17 de abril de 2017<\/a><\/li>\n<\/ul>\n<p><span style=\"font-size: 14pt\"><strong>Convivencia escolar:<\/strong><\/span><\/p>\n<ul>\n<li><a href=\"https:\/\/www.adideandalucia.es\/normas\/decretos\/Decreto%2019-2007%20Normas%20Convivencia.pdf\" target=\"_blank\" rel=\"noopener noreferrer\">DECRETO 19\/2007, por el que se adoptan medidas para la promoci\u00f3n de la cultura de Paz y Mejora de la convivencia en los Centros Educativos (parcialmente derogada)<\/a><\/li>\n<li><a href=\"https:\/\/www.adideandalucia.es\/normas\/ordenes\/Orden20junio2011TextoConsolidado.pdf\" target=\"_blank\" rel=\"noopener noreferrer\">Orden de 20 de junio de 2011, de convivencia escolar<\/a><\/li>\n<li><a href=\"https:\/\/www.adideandalucia.es\/normas\/ordenes\/Orden28abril2011ModificacionOrdenConvivencia.pdf\">ORDEN de 28 de abril de 2015, por la que se modifica la Orden de 20 de junio de 2011, por la que se adoptan medidas para la promoci\u00f3n de la convivencia en los centros docentes sostenidos con fondos p\u00fablicos y se regula el derecho de las familias a participar en el proceso educativo de sus hijos e hijas<\/a><\/li>\n<li><a href=\"https:\/\/www.adideandalucia.es\/normas\/instruc\/Instrucciones11enero2017ProtocoloCiberacoso.pdf\">INSTRUCCIONES de 11 de enero de 2017&nbsp;de la Direcci\u00f3n General de Participaci\u00f3n y Equidad en relaci\u00f3n con las actuaciones espec\u00edficas a adoptar por los centros educativos en la aplicaci\u00f3n del protocolo de actuaci\u00f3n en supuestos de acoso escolar ante situaciones de ciberacoso<\/a><\/li>\n<\/ul>\n<p>&nbsp;<\/p>\n","protected":false},"excerpt":{"rendered":"<p>LEYES EDUCATIVAS: LOMLOE Ley de Educaci\u00f3n de Andaluc\u00eda (LEA) NORMATIVA CURRICULAR: Real Decreto 157\/2022- Ense\u00f1anzas m\u00ednimas Ed. Primaria. DECRETO 101\/2023, de 9 de mayo, por el que se establece la ordenaci\u00f3n y el curr\u00edculo de la etapa de Educaci\u00f3n Primaria en la Comunidad Aut\u00f3noma de Andaluc\u00eda. ORDEN de 30 de mayo de 2023, por la &hellip; <\/p>\n<p class=\"link-more\"><a href=\"https:\/\/blogsaverroes.juntadeandalucia.es\/ceprvirgendelacabeza\/normativa\/\" class=\"more-link\">Continuar leyendo<span class=\"screen-reader-text\"> \u00abNormativa\u00bb<\/span><\/a><\/p>\n","protected":false},"author":2372,"featured_media":0,"parent":0,"menu_order":0,"comment_status":"closed","ping_status":"open","template":"","meta":{"ngg_post_thumbnail":0,"footnotes":"","_mc_calendar":[]},"aioseo_notices":[],"_links":{"self":[{"href":"https:\/\/blogsaverroes.juntadeandalucia.es\/ceprvirgendelacabeza\/wp-json\/wp\/v2\/pages\/2184"}],"collection":[{"href":"https:\/\/blogsaverroes.juntadeandalucia.es\/ceprvirgendelacabeza\/wp-json\/wp\/v2\/pages"}],"about":[{"href":"https:\/\/blogsaverroes.juntadeandalucia.es\/ceprvirgendelacabeza\/wp-json\/wp\/v2\/types\/page"}],"author":[{"embeddable":true,"href":"https:\/\/blogsaverroes.juntadeandalucia.es\/ceprvirgendelacabeza\/wp-json\/wp\/v2\/users\/2372"}],"replies":[{"embeddable":true,"href":"https:\/\/blogsaverroes.juntadeandalucia.es\/ceprvirgendelacabeza\/wp-json\/wp\/v2\/comments?post=2184"}],"version-history":[{"count":50,"href":"https:\/\/blogsaverroes.juntadeandalucia.es\/ceprvirgendelacabeza\/wp-json\/wp\/v2\/pages\/2184\/revisions"}],"predecessor-version":[{"id":4653,"href":"https:\/\/blogsaverroes.juntadeandalucia.es\/ceprvirgendelacabeza\/wp-json\/wp\/v2\/pages\/2184\/revisions\/4653"}],"wp:attachment":[{"href":"https:\/\/blogsaverroes.juntadeandalucia.es\/ceprvirgendelacabeza\/wp-json\/wp\/v2\/media?parent=2184"}],"curies":[{"name":"wp","href":"https:\/\/api.w.org\/{rel}","templated":true}]}}