{"id":2192,"date":"2016-01-20T19:09:46","date_gmt":"2016-01-20T18:09:46","guid":{"rendered":"http:\/\/blogsaverroes.juntadeandalucia.es\/ceprvirgendelacabeza\/?page_id=2192"},"modified":"2026-01-27T09:48:24","modified_gmt":"2026-01-27T08:48:24","slug":"visitas-de-autores","status":"publish","type":"page","link":"https:\/\/blogsaverroes.juntadeandalucia.es\/ceprvirgendelacabeza\/visitas-de-autores\/","title":{"rendered":"Visitas de autores"},"content":{"rendered":"<p>En <strong>febrero de 2024<\/strong> tuvimos el placer de contar en el centro con la visita de&nbsp; <strong>Rafael Salmer\u00f3n<\/strong>, escritor e ilustrador, que comparti\u00f3 con nuestro alumnado una experiencia cercana y muy inspiradora. Durante el encuentro nos present\u00f3 su libro <em>\u00abDe c\u00f3mo el se\u00f1or Peabody lleg\u00f3 a ser rey de Inglaterra\u00bb <\/em>y adem\u00e1s, mostr\u00f3 c\u00f3mo la ilustraci\u00f3n forma parte esencial del proceso creativo, dando vida a historias y personajes de una manera muy visual.<\/p>\n<p data-start=\"484\" data-end=\"574\" data-is-last-node=\"\" data-is-only-node=\"\">Un encuentro breve, pero muy sugerente, en el que la palabra y la imagen caminaron juntas.<\/p>\n<figure id=\"attachment_4989\" aria-describedby=\"caption-attachment-4989\" style=\"width: 525px\" class=\"wp-caption alignleft\"><a href=\"https:\/\/blogsaverroes.juntadeandalucia.es\/ceprvirgendelacabeza\/visitas-de-autores\/20240202_105651-2\/\" rel=\"attachment wp-att-4989\"><img loading=\"lazy\" decoding=\"async\" class=\"wp-image-4989 size-large\" src=\"https:\/\/blogsaverroes.juntadeandalucia.es\/ceprvirgendelacabeza\/files\/2026\/01\/20240202_105651-863x1024.jpg\" alt=\"\" width=\"525\" height=\"623\" srcset=\"https:\/\/blogsaverroes.juntadeandalucia.es\/ceprvirgendelacabeza\/files\/2026\/01\/20240202_105651-863x1024.jpg 863w, https:\/\/blogsaverroes.juntadeandalucia.es\/ceprvirgendelacabeza\/files\/2026\/01\/20240202_105651-253x300.jpg 253w, https:\/\/blogsaverroes.juntadeandalucia.es\/ceprvirgendelacabeza\/files\/2026\/01\/20240202_105651-768x911.jpg 768w, https:\/\/blogsaverroes.juntadeandalucia.es\/ceprvirgendelacabeza\/files\/2026\/01\/20240202_105651-1294x1536.jpg 1294w, https:\/\/blogsaverroes.juntadeandalucia.es\/ceprvirgendelacabeza\/files\/2026\/01\/20240202_105651-1726x2048.jpg 1726w, https:\/\/blogsaverroes.juntadeandalucia.es\/ceprvirgendelacabeza\/files\/2026\/01\/20240202_105651.jpg 1348w\" sizes=\"(max-width: 525px) 100vw, 525px\" \/><\/a><figcaption id=\"caption-attachment-4989\" class=\"wp-caption-text\">Salmer\u00f3n realizando una ilustraci\u00f3n durante la presentaci\u00f3n&nbsp;<\/figcaption><\/figure>\n<p>&nbsp;<\/p>\n<p>&nbsp;<\/p>\n<p>&nbsp;<\/p>\n<p>&nbsp;<\/p>\n<p>&nbsp;<\/p>\n<p>&nbsp;<\/p>\n<p>&nbsp;<\/p>\n<p>&nbsp;<\/p>\n<p>&nbsp;<\/p>\n<p>&nbsp;<\/p>\n<p>&nbsp;<\/p>\n<p>&nbsp;<\/p>\n<p>&nbsp;<\/p>\n<p><span style=\"font-size: 10pt\"><em>&nbsp;<\/em><\/span><\/p>\n<p>Durante el curso escolar 2022-23, contamos con la presencia de diversos autores de nuestra localidad, como <strong>Silvia Gonz\u00e1lez Tarragona<\/strong>, creadora del personaje \u00ab<em>Maruja, la bruja poeta<\/em>\u00bb y <strong>Jes\u00fas Rodr\u00edguez Rivas<\/strong>, autor de \u00ab<em>Las aventuras de Kiray La Valiente<\/em>\u00ab, entre otros.<\/p>\n<p>Muchas gracias por vuestro entusiasmo y colaboraci\u00f3n desinteresada.<\/p>\n<figure id=\"attachment_4512\" aria-describedby=\"caption-attachment-4512\" style=\"width: 782px\" class=\"wp-caption alignleft\"><a href=\"https:\/\/drive.google.com\/file\/d\/1Qb_WA74d5uEPL_JpwXUbcyG4V0bkJKVC\/view?usp=share_link\"><img loading=\"lazy\" decoding=\"async\" class=\"wp-image-4512 size-large\" src=\"https:\/\/blogsaverroes.juntadeandalucia.es\/ceprvirgendelacabeza\/files\/2023\/05\/Captura-de-pantalla-6-1024x549.png\" alt=\"\" width=\"782\" height=\"419\" srcset=\"https:\/\/blogsaverroes.juntadeandalucia.es\/ceprvirgendelacabeza\/files\/2023\/05\/Captura-de-pantalla-6-1024x549.png 1024w, https:\/\/blogsaverroes.juntadeandalucia.es\/ceprvirgendelacabeza\/files\/2023\/05\/Captura-de-pantalla-6-300x161.png 300w, https:\/\/blogsaverroes.juntadeandalucia.es\/ceprvirgendelacabeza\/files\/2023\/05\/Captura-de-pantalla-6-768x412.png 768w, https:\/\/blogsaverroes.juntadeandalucia.es\/ceprvirgendelacabeza\/files\/2023\/05\/Captura-de-pantalla-6-1536x824.png 1536w, https:\/\/blogsaverroes.juntadeandalucia.es\/ceprvirgendelacabeza\/files\/2023\/05\/Captura-de-pantalla-6.png 1600w\" sizes=\"(max-width: 706px) 89vw, (max-width: 767px) 82vw, 740px\" \/><\/a><figcaption id=\"caption-attachment-4512\" class=\"wp-caption-text\">Entrevista de la alumna Clara Hern\u00e1ndez Olmo a Silvia Gonz\u00e1lez Tarragona<\/figcaption><\/figure>\n<p>&nbsp;<\/p>\n<figure id=\"attachment_4513\" aria-describedby=\"caption-attachment-4513\" style=\"width: 702px\" class=\"wp-caption alignleft\"><a href=\"https:\/\/www.radiosalobrena.com\/jesus-rivas-presenta-este-viernes-en-salobrena-su-libro-las-aventuras-de-kiray-la-valiente\/\"><img loading=\"lazy\" decoding=\"async\" class=\"wp-image-4513 size-full\" src=\"https:\/\/blogsaverroes.juntadeandalucia.es\/ceprvirgendelacabeza\/files\/2023\/05\/Captura-de-pantalla-8.png\" alt=\"\" width=\"702\" height=\"397\" srcset=\"https:\/\/blogsaverroes.juntadeandalucia.es\/ceprvirgendelacabeza\/files\/2023\/05\/Captura-de-pantalla-8.png 702w, https:\/\/blogsaverroes.juntadeandalucia.es\/ceprvirgendelacabeza\/files\/2023\/05\/Captura-de-pantalla-8-300x170.png 300w\" sizes=\"(max-width: 702px) 100vw, 702px\" \/><\/a><figcaption id=\"caption-attachment-4513\" class=\"wp-caption-text\">Jes\u00fas Rodr\u00edguez Rivas<\/figcaption><\/figure>\n","protected":false},"excerpt":{"rendered":"<p>En febrero de 2024 tuvimos el placer de contar en el centro con la visita de&nbsp; Rafael Salmer\u00f3n, escritor e ilustrador, que comparti\u00f3 con nuestro alumnado una experiencia cercana y muy inspiradora. Durante el encuentro nos present\u00f3 su libro \u00abDe c\u00f3mo el se\u00f1or Peabody lleg\u00f3 a ser rey de Inglaterra\u00bb y adem\u00e1s, mostr\u00f3 c\u00f3mo la &hellip; <\/p>\n<p class=\"link-more\"><a href=\"https:\/\/blogsaverroes.juntadeandalucia.es\/ceprvirgendelacabeza\/visitas-de-autores\/\" class=\"more-link\">Continuar leyendo<span class=\"screen-reader-text\"> \u00abVisitas de autores\u00bb<\/span><\/a><\/p>\n","protected":false},"author":2372,"featured_media":0,"parent":0,"menu_order":0,"comment_status":"closed","ping_status":"open","template":"","meta":{"ngg_post_thumbnail":0,"footnotes":"","_mc_calendar":[]},"aioseo_notices":[],"_links":{"self":[{"href":"https:\/\/blogsaverroes.juntadeandalucia.es\/ceprvirgendelacabeza\/wp-json\/wp\/v2\/pages\/2192"}],"collection":[{"href":"https:\/\/blogsaverroes.juntadeandalucia.es\/ceprvirgendelacabeza\/wp-json\/wp\/v2\/pages"}],"about":[{"href":"https:\/\/blogsaverroes.juntadeandalucia.es\/ceprvirgendelacabeza\/wp-json\/wp\/v2\/types\/page"}],"author":[{"embeddable":true,"href":"https:\/\/blogsaverroes.juntadeandalucia.es\/ceprvirgendelacabeza\/wp-json\/wp\/v2\/users\/2372"}],"replies":[{"embeddable":true,"href":"https:\/\/blogsaverroes.juntadeandalucia.es\/ceprvirgendelacabeza\/wp-json\/wp\/v2\/comments?post=2192"}],"version-history":[{"count":11,"href":"https:\/\/blogsaverroes.juntadeandalucia.es\/ceprvirgendelacabeza\/wp-json\/wp\/v2\/pages\/2192\/revisions"}],"predecessor-version":[{"id":4991,"href":"https:\/\/blogsaverroes.juntadeandalucia.es\/ceprvirgendelacabeza\/wp-json\/wp\/v2\/pages\/2192\/revisions\/4991"}],"wp:attachment":[{"href":"https:\/\/blogsaverroes.juntadeandalucia.es\/ceprvirgendelacabeza\/wp-json\/wp\/v2\/media?parent=2192"}],"curies":[{"name":"wp","href":"https:\/\/api.w.org\/{rel}","templated":true}]}}