{"id":2246,"date":"2016-11-21T13:35:11","date_gmt":"2016-11-21T12:35:11","guid":{"rendered":"http:\/\/blogsaverroes.juntadeandalucia.es\/ceprvirgendelacabeza\/?page_id=2246"},"modified":"2026-01-05T17:49:41","modified_gmt":"2026-01-05T16:49:41","slug":"plan-de-centro","status":"publish","type":"page","link":"https:\/\/blogsaverroes.juntadeandalucia.es\/ceprvirgendelacabeza\/plan-de-centro\/","title":{"rendered":"Plan de Centro"},"content":{"rendered":"<p>&nbsp;<\/p>\n<p><span style=\"font-size: 12pt\"><strong>DOCUMENTOS DEL PLAN DE CENTRO<\/strong><\/span><\/p>\n<p>En base al <em>art\u00edculo 126 de la Ley 17\/2007<\/em>, de 10 de diciembre, de Educaci\u00f3n&nbsp; de Andaluc\u00eda, el Plan de Centro:<\/p>\n<p>&nbsp;<\/p>\n<p style=\"text-align: justify\"><span style=\"font-size: 12pt\"><strong>Art\u00edculo 126. El Plan de Centro<\/strong>.<\/span><br \/>\n1. El proyecto educativo, el reglamento de organizaci\u00f3n y funcionamiento y el proyecto de gesti\u00f3n constituyen&nbsp; el Plan de Centro.<br \/>\n2. La Consejer\u00eda competente en materia de educaci\u00f3n establecer\u00e1 el marco general que permita a los centros docentes sostenidos con fondos p\u00fablicos elaborar su Plan de Centro, que tendr\u00e1 un car\u00e1cter plurianual, obligar\u00e1 a todo el personal del centro y vincular\u00e1 a la comunidad educativa del mismo.<br \/>\n3. El Plan de Centro ser\u00e1 p\u00fablico y se facilitar\u00e1 su conocimiento por la comunidad educativa y la ciudadan\u00eda en general.<\/p>\n<p>&nbsp;<\/p>\n<p><a href=\"https:\/\/blogsaverroes.juntadeandalucia.es\/ceprvirgendelacabeza\/files\/2025\/03\/ROF.web_.pdf\" target=\"_blank\" rel=\"attachment noopener wp-att-4930\"><img loading=\"lazy\" decoding=\"async\" class=\"alignleft wp-image-4930 size-medium\" src=\"https:\/\/blogsaverroes.juntadeandalucia.es\/ceprvirgendelacabeza\/files\/2025\/03\/portada-rof-211x300.png\" alt=\"\" width=\"211\" height=\"300\" srcset=\"https:\/\/blogsaverroes.juntadeandalucia.es\/ceprvirgendelacabeza\/files\/2025\/03\/portada-rof-211x300.png 211w, https:\/\/blogsaverroes.juntadeandalucia.es\/ceprvirgendelacabeza\/files\/2025\/03\/portada-rof.png 605w\" sizes=\"(max-width: 211px) 100vw, 211px\" \/><\/a> <a href=\"https:\/\/blogsaverroes.juntadeandalucia.es\/ceprvirgendelacabeza\/files\/2025\/03\/proyecto-de-gestion.web_.pdf\" target=\"_blank\" rel=\"attachment noopener wp-att-4931\"><img loading=\"lazy\" decoding=\"async\" class=\"alignleft wp-image-4931 size-medium\" src=\"https:\/\/blogsaverroes.juntadeandalucia.es\/ceprvirgendelacabeza\/files\/2025\/03\/portada.gest_-212x300.png\" alt=\"\" width=\"212\" height=\"300\" srcset=\"https:\/\/blogsaverroes.juntadeandalucia.es\/ceprvirgendelacabeza\/files\/2025\/03\/portada.gest_-212x300.png 212w, https:\/\/blogsaverroes.juntadeandalucia.es\/ceprvirgendelacabeza\/files\/2025\/03\/portada.gest_.png 606w\" sizes=\"(max-width: 212px) 100vw, 212px\" \/><\/a> <a href=\"https:\/\/blogsaverroes.juntadeandalucia.es\/ceprvirgendelacabeza\/files\/2025\/03\/Proyecto.educativo.web_-1.pdf\" target=\"_blank\" rel=\"attachment noopener wp-att-4932\"><img loading=\"lazy\" decoding=\"async\" class=\"alignleft wp-image-4932 size-medium\" src=\"https:\/\/blogsaverroes.juntadeandalucia.es\/ceprvirgendelacabeza\/files\/2025\/03\/portada.proy_.ed_-211x300.png\" alt=\"\" width=\"211\" height=\"300\" srcset=\"https:\/\/blogsaverroes.juntadeandalucia.es\/ceprvirgendelacabeza\/files\/2025\/03\/portada.proy_.ed_-211x300.png 211w, https:\/\/blogsaverroes.juntadeandalucia.es\/ceprvirgendelacabeza\/files\/2025\/03\/portada.proy_.ed_.png 602w\" sizes=\"(max-width: 211px) 100vw, 211px\" \/><\/a><\/p>\n<p>&nbsp;<\/p>\n<p>&nbsp;<\/p>\n<p><strong>&nbsp;<\/strong><\/p>\n<p>&nbsp;<\/p>\n<p>&nbsp;<\/p>\n<p>&nbsp;<\/p>\n<p>&nbsp;<\/p>\n<p>&nbsp;<\/p>\n<p>&nbsp;<\/p>\n<p>&nbsp;<\/p>\n<p>&nbsp;<\/p>\n<p>&nbsp;<\/p>\n<p>&nbsp;<\/p>\n<p>&nbsp;<\/p>\n<p>&nbsp;<\/p>\n<p>&nbsp;<\/p>\n","protected":false},"excerpt":{"rendered":"<p>&nbsp; DOCUMENTOS DEL PLAN DE CENTRO En base al art\u00edculo 126 de la Ley 17\/2007, de 10 de diciembre, de Educaci\u00f3n&nbsp; de Andaluc\u00eda, el Plan de Centro: &nbsp; Art\u00edculo 126. El Plan de Centro. 1. El proyecto educativo, el reglamento de organizaci\u00f3n y funcionamiento y el proyecto de gesti\u00f3n constituyen&nbsp; el Plan de Centro. 2. &hellip; <\/p>\n<p class=\"link-more\"><a href=\"https:\/\/blogsaverroes.juntadeandalucia.es\/ceprvirgendelacabeza\/plan-de-centro\/\" class=\"more-link\">Continuar leyendo<span class=\"screen-reader-text\"> \u00abPlan de Centro\u00bb<\/span><\/a><\/p>\n","protected":false},"author":2372,"featured_media":0,"parent":0,"menu_order":0,"comment_status":"closed","ping_status":"open","template":"","meta":{"ngg_post_thumbnail":0,"footnotes":"","_mc_calendar":[]},"aioseo_notices":[],"_links":{"self":[{"href":"https:\/\/blogsaverroes.juntadeandalucia.es\/ceprvirgendelacabeza\/wp-json\/wp\/v2\/pages\/2246"}],"collection":[{"href":"https:\/\/blogsaverroes.juntadeandalucia.es\/ceprvirgendelacabeza\/wp-json\/wp\/v2\/pages"}],"about":[{"href":"https:\/\/blogsaverroes.juntadeandalucia.es\/ceprvirgendelacabeza\/wp-json\/wp\/v2\/types\/page"}],"author":[{"embeddable":true,"href":"https:\/\/blogsaverroes.juntadeandalucia.es\/ceprvirgendelacabeza\/wp-json\/wp\/v2\/users\/2372"}],"replies":[{"embeddable":true,"href":"https:\/\/blogsaverroes.juntadeandalucia.es\/ceprvirgendelacabeza\/wp-json\/wp\/v2\/comments?post=2246"}],"version-history":[{"count":53,"href":"https:\/\/blogsaverroes.juntadeandalucia.es\/ceprvirgendelacabeza\/wp-json\/wp\/v2\/pages\/2246\/revisions"}],"predecessor-version":[{"id":4942,"href":"https:\/\/blogsaverroes.juntadeandalucia.es\/ceprvirgendelacabeza\/wp-json\/wp\/v2\/pages\/2246\/revisions\/4942"}],"wp:attachment":[{"href":"https:\/\/blogsaverroes.juntadeandalucia.es\/ceprvirgendelacabeza\/wp-json\/wp\/v2\/media?parent=2246"}],"curies":[{"name":"wp","href":"https:\/\/api.w.org\/{rel}","templated":true}]}}