{"id":35,"date":"2015-03-13T08:21:43","date_gmt":"2015-03-13T08:21:43","guid":{"rendered":"http:\/\/blogsaverroes.juntadeandalucia.es\/pre\/ceip\/?page_id=35"},"modified":"2023-10-30T19:16:37","modified_gmt":"2023-10-30T18:16:37","slug":"el-centro-2","status":"publish","type":"page","link":"https:\/\/blogsaverroes.juntadeandalucia.es\/ceprvirgendelacabeza\/informacion\/el-centro-2\/","title":{"rendered":"Datos del centro"},"content":{"rendered":"<p><span style=\"font-size: 10pt\"><iframe loading=\"lazy\" src=\"https:\/\/www.google.com\/maps\/embed?pb=!1m14!1m8!1m3!1d3197.141151155735!2d-3.5253774850953925!3d36.74318287996035!3m2!1i1024!2i768!4f13.1!3m3!1m2!1s0x0000000000000000%3A0x1d794a34946268ed!2sC.E.Pr.+Virgen+de+la+Cabeza!5e0!3m2!1ses!2ses!4v1449757495857\" width=\"600\" height=\"450\" frameborder=\"0\"><\/iframe><\/span><\/p>\n<h4><span style=\"font-size: 12pt\">Datos de contacto<\/span><\/h4>\n<ul style=\"font-family: Georgia;font-size: 15px\">\n<li><span style=\"font-family: verdana,geneva,sans-serif;font-size: 10pt\"><em>Colegio de Ed. Primaria Virgen de la Cabeza<\/em><\/span><\/li>\n<li><span style=\"font-family: verdana,geneva,sans-serif;font-size: 10pt\"><em>C\/ R\u00edo Guadiana, s\/n<\/em><\/span><\/li>\n<li><span style=\"font-family: verdana,geneva,sans-serif;font-size: 10pt\"><em>Tel\u00e9fono: 958649636<\/em><\/span><\/li>\n<li><span style=\"font-family: verdana,geneva,sans-serif;font-size: 10pt\"><em>Email: 18006935.edu@juntadeandalucia.es<\/em><\/span><\/li>\n<\/ul>\n<h4>Horarios<\/h4>\n<ul style=\"font-family: Georgia;font-size: 12px\">\n<li><span style=\"font-family: verdana,geneva,sans-serif;font-size: 10pt\"><em>Aula matinal: 7:30 a 9:00h<br \/>\n<\/em><\/span><\/li>\n<li><span style=\"font-family: verdana,geneva,sans-serif;font-size: 10pt\"><em>Actividades lectivas: 9 a 14h<\/em><\/span><\/li>\n<li><span style=\"font-family: verdana,geneva,sans-serif;font-size: 10pt\"><em>PROA: Martes y jueves de 16:00 a 18:00h<br \/>\n<\/em><\/span><\/li>\n<li><em><span style=\"font-family: verdana,geneva,sans-serif;font-size: 10pt\">Act. Extraescolares: Lunes a jueves de 16:00 a 18:00h<\/span><br \/>\n<\/em><\/li>\n<\/ul>\n<h4>Ense\u00f1anzas<\/h4>\n<ul>\n<li><span style=\"font-family: verdana,geneva,sans-serif;font-size: 10pt\">Centro&nbsp; de Educaci\u00f3n Primaria.<\/span><\/li>\n<li><span style=\"font-family: verdana,geneva,sans-serif;font-size: 10pt\">Centro Biling\u00fce.<\/span><\/li>\n<\/ul>\n","protected":false},"excerpt":{"rendered":"<p>Datos de contacto Colegio de Ed. Primaria Virgen de la Cabeza C\/ R\u00edo Guadiana, s\/n Tel\u00e9fono: 958649636 Email: 18006935.edu@juntadeandalucia.es Horarios Aula matinal: 7:30 a 9:00h Actividades lectivas: 9 a 14h PROA: Martes y jueves de 16:00 a 18:00h Act. Extraescolares: Lunes a jueves de 16:00 a 18:00h Ense\u00f1anzas Centro&nbsp; de Educaci\u00f3n Primaria. Centro Biling\u00fce.<\/p>\n","protected":false},"author":1,"featured_media":0,"parent":1725,"menu_order":0,"comment_status":"closed","ping_status":"open","template":"page-cs.php","meta":{"ngg_post_thumbnail":0,"footnotes":"","_mc_calendar":[]},"aioseo_notices":[],"_links":{"self":[{"href":"https:\/\/blogsaverroes.juntadeandalucia.es\/ceprvirgendelacabeza\/wp-json\/wp\/v2\/pages\/35"}],"collection":[{"href":"https:\/\/blogsaverroes.juntadeandalucia.es\/ceprvirgendelacabeza\/wp-json\/wp\/v2\/pages"}],"about":[{"href":"https:\/\/blogsaverroes.juntadeandalucia.es\/ceprvirgendelacabeza\/wp-json\/wp\/v2\/types\/page"}],"author":[{"embeddable":true,"href":"https:\/\/blogsaverroes.juntadeandalucia.es\/ceprvirgendelacabeza\/wp-json\/wp\/v2\/users\/1"}],"replies":[{"embeddable":true,"href":"https:\/\/blogsaverroes.juntadeandalucia.es\/ceprvirgendelacabeza\/wp-json\/wp\/v2\/comments?post=35"}],"version-history":[{"count":67,"href":"https:\/\/blogsaverroes.juntadeandalucia.es\/ceprvirgendelacabeza\/wp-json\/wp\/v2\/pages\/35\/revisions"}],"predecessor-version":[{"id":4609,"href":"https:\/\/blogsaverroes.juntadeandalucia.es\/ceprvirgendelacabeza\/wp-json\/wp\/v2\/pages\/35\/revisions\/4609"}],"up":[{"embeddable":true,"href":"https:\/\/blogsaverroes.juntadeandalucia.es\/ceprvirgendelacabeza\/wp-json\/wp\/v2\/pages\/1725"}],"wp:attachment":[{"href":"https:\/\/blogsaverroes.juntadeandalucia.es\/ceprvirgendelacabeza\/wp-json\/wp\/v2\/media?parent=35"}],"curies":[{"name":"wp","href":"https:\/\/api.w.org\/{rel}","templated":true}]}}