{"id":4051,"date":"2023-01-22T18:56:21","date_gmt":"2023-01-22T17:56:21","guid":{"rendered":"https:\/\/blogsaverroes.juntadeandalucia.es\/ceprvirgendelacabeza\/?page_id=4051"},"modified":"2023-02-28T10:55:05","modified_gmt":"2023-02-28T09:55:05","slug":"enriquecimiento-curricular","status":"publish","type":"page","link":"https:\/\/blogsaverroes.juntadeandalucia.es\/ceprvirgendelacabeza\/enriquecimiento-curricular\/","title":{"rendered":"Enriquecimiento curricular"},"content":{"rendered":"<div class=\"wWOJcd\" role=\"button\" aria-labelledby=\"exacc_7M39Y-WPM4OYkwWDqp3oCg_1\">\n<div style=\"text-align: center\" aria-hidden=\"true\"><strong>ENRIQUECIMIENTO CURRICULAR<\/strong><\/div>\n<div aria-hidden=\"true\">&nbsp;<\/div>\n<div id=\"exacc_7M39Y-WPM4OYkwWDqp3oCg_1\" class=\"iDjcJe IX9Lgd wwB5gf\" aria-hidden=\"true\">\u00bfQu\u00e9 es el enriquecimiento curricular?<\/div>\n<div class=\"r21Kzd\" data-hveid=\"CBUQAQ\" data-ved=\"2ahUKEwjltaz797f9AhUDzKQKHQNVB60Quk56BAgVEAE\">&nbsp;<\/div>\n<\/div>\n<div id=\"exacc_7M39Y-WPM4OYkwWDqp3oCg_3\" class=\"MBtdbb\" data-ved=\"2ahUKEwjltaz797f9AhUDzKQKHQNVB60Q7NUEegQIFRAD\">\n<div class=\"ymu2Hb\">\n<div id=\"_7M39Y-WPM4OYkwWDqp3oCg_39\" class=\"t0bRye r2fjmd\" data-hveid=\"CBUQBA\" data-ved=\"2ahUKEwjltaz797f9AhUDzKQKHQNVB60Qu04oAHoECBUQBA\">\n<div id=\"7M39Y-WPM4OYkwWDqp3oCg__16\">\n<div class=\"wDYxhc\" data-md=\"61\">\n<div class=\"LGOjhe\" role=\"heading\" data-attrid=\"wa:\/description\" data-hveid=\"CBYQAA\"><span class=\"ILfuVd\" lang=\"es\"><span class=\"hgKElc\">El enriquecimiento curricular, en la pr\u00e1ctica educativa, se refiere a la&nbsp;<b>incorporaci\u00f3n de \u00e1reas de aprendizaje que habitualmente no forman parte del curr\u00edculo<\/b>. Pero, tambi\u00e9n puede significar el desarrollo de contenidos m\u00e1s dif\u00edciles o m\u00e1s profundos, incluso, de manera m\u00e1s r\u00e1pida.<\/span><\/span><\/div>\n<\/div>\n<div role=\"heading\" data-attrid=\"wa:\/description\" data-hveid=\"CBYQAA\">&nbsp;<\/div>\n<div class=\"wDYxhc\" data-md=\"61\">\n<div role=\"heading\" data-attrid=\"wa:\/description\" data-hveid=\"CBYQAA\">&nbsp;<\/div>\n<\/div>\n<\/div>\n<\/div>\n<div role=\"heading\" data-attrid=\"wa:\/description\" data-hveid=\"CBYQAA\"><a href=\"https:\/\/blogsaverroes.juntadeandalucia.es\/ceprvirgendelacabeza\/files\/2023\/02\/Ninos-Arete-desarrollan-Campus-Carmen_1190291318_74720734_667x375.jpg\"><img loading=\"lazy\" decoding=\"async\" class=\"aligncenter size-full wp-image-4205\" src=\"https:\/\/blogsaverroes.juntadeandalucia.es\/ceprvirgendelacabeza\/files\/2023\/02\/Ninos-Arete-desarrollan-Campus-Carmen_1190291318_74720734_667x375.jpg\" alt=\"\" width=\"667\" height=\"375\" srcset=\"https:\/\/blogsaverroes.juntadeandalucia.es\/ceprvirgendelacabeza\/files\/2023\/02\/Ninos-Arete-desarrollan-Campus-Carmen_1190291318_74720734_667x375.jpg 667w, https:\/\/blogsaverroes.juntadeandalucia.es\/ceprvirgendelacabeza\/files\/2023\/02\/Ninos-Arete-desarrollan-Campus-Carmen_1190291318_74720734_667x375-300x169.jpg 300w\" sizes=\"(max-width: 667px) 100vw, 667px\" \/><\/a><\/div>\n<\/div>\n<\/div>\n","protected":false},"excerpt":{"rendered":"<p>ENRIQUECIMIENTO CURRICULAR &nbsp; \u00bfQu\u00e9 es el enriquecimiento curricular? &nbsp; El enriquecimiento curricular, en la pr\u00e1ctica educativa, se refiere a la&nbsp;incorporaci\u00f3n de \u00e1reas de aprendizaje que habitualmente no forman parte del curr\u00edculo. Pero, tambi\u00e9n puede significar el desarrollo de contenidos m\u00e1s dif\u00edciles o m\u00e1s profundos, incluso, de manera m\u00e1s r\u00e1pida. &nbsp; &nbsp;<\/p>\n","protected":false},"author":2372,"featured_media":0,"parent":0,"menu_order":0,"comment_status":"closed","ping_status":"closed","template":"","meta":{"ngg_post_thumbnail":0,"footnotes":"","_mc_calendar":[]},"aioseo_notices":[],"_links":{"self":[{"href":"https:\/\/blogsaverroes.juntadeandalucia.es\/ceprvirgendelacabeza\/wp-json\/wp\/v2\/pages\/4051"}],"collection":[{"href":"https:\/\/blogsaverroes.juntadeandalucia.es\/ceprvirgendelacabeza\/wp-json\/wp\/v2\/pages"}],"about":[{"href":"https:\/\/blogsaverroes.juntadeandalucia.es\/ceprvirgendelacabeza\/wp-json\/wp\/v2\/types\/page"}],"author":[{"embeddable":true,"href":"https:\/\/blogsaverroes.juntadeandalucia.es\/ceprvirgendelacabeza\/wp-json\/wp\/v2\/users\/2372"}],"replies":[{"embeddable":true,"href":"https:\/\/blogsaverroes.juntadeandalucia.es\/ceprvirgendelacabeza\/wp-json\/wp\/v2\/comments?post=4051"}],"version-history":[{"count":4,"href":"https:\/\/blogsaverroes.juntadeandalucia.es\/ceprvirgendelacabeza\/wp-json\/wp\/v2\/pages\/4051\/revisions"}],"predecessor-version":[{"id":4207,"href":"https:\/\/blogsaverroes.juntadeandalucia.es\/ceprvirgendelacabeza\/wp-json\/wp\/v2\/pages\/4051\/revisions\/4207"}],"wp:attachment":[{"href":"https:\/\/blogsaverroes.juntadeandalucia.es\/ceprvirgendelacabeza\/wp-json\/wp\/v2\/media?parent=4051"}],"curies":[{"name":"wp","href":"https:\/\/api.w.org\/{rel}","templated":true}]}}