{"id":438,"date":"2015-03-20T07:09:31","date_gmt":"2015-03-20T07:09:31","guid":{"rendered":"http:\/\/blogsaverroes.juntadeandalucia.es\/pre\/ceip\/?page_id=438"},"modified":"2023-05-24T09:31:31","modified_gmt":"2023-05-24T08:31:31","slug":"materiales-recursos","status":"publish","type":"page","link":"https:\/\/blogsaverroes.juntadeandalucia.es\/ceprvirgendelacabeza\/ed-primaria-3o-ciclo\/materiales-recursos\/","title":{"rendered":"E.P. 3\u00ba ciclo. Materiales, recursos, REA, DUA&#8230;"},"content":{"rendered":"<h4>Proyecto relieve de Espa\u00f1a<\/h4>\n<div id='gallery-1' class='gallery galleryid-438 gallery-columns-2 gallery-size-large'><figure class='gallery-item'>\n\t\t\t<div class='gallery-icon portrait'>\n\t\t\t\t<a href='https:\/\/blogsaverroes.juntadeandalucia.es\/ceprvirgendelacabeza\/ed-primaria-3o-ciclo\/materiales-recursos\/img20221221120924\/'><img loading=\"lazy\" decoding=\"async\" width=\"525\" height=\"700\" src=\"https:\/\/blogsaverroes.juntadeandalucia.es\/ceprvirgendelacabeza\/files\/2023\/01\/IMG20221221120924-768x1024.jpg\" class=\"attachment-large size-large\" alt=\"\" srcset=\"https:\/\/blogsaverroes.juntadeandalucia.es\/ceprvirgendelacabeza\/files\/2023\/01\/IMG20221221120924-768x1024.jpg 768w, https:\/\/blogsaverroes.juntadeandalucia.es\/ceprvirgendelacabeza\/files\/2023\/01\/IMG20221221120924-225x300.jpg 225w, https:\/\/blogsaverroes.juntadeandalucia.es\/ceprvirgendelacabeza\/files\/2023\/01\/IMG20221221120924-1152x1536.jpg 1152w, https:\/\/blogsaverroes.juntadeandalucia.es\/ceprvirgendelacabeza\/files\/2023\/01\/IMG20221221120924-1536x2048.jpg 1536w, https:\/\/blogsaverroes.juntadeandalucia.es\/ceprvirgendelacabeza\/files\/2023\/01\/IMG20221221120924-scaled.jpg 1200w\" sizes=\"100vw\" \/><\/a>\n\t\t\t<\/div><\/figure><figure class='gallery-item'>\n\t\t\t<div class='gallery-icon portrait'>\n\t\t\t\t<a href='https:\/\/blogsaverroes.juntadeandalucia.es\/ceprvirgendelacabeza\/ed-primaria-3o-ciclo\/materiales-recursos\/img20221220123059\/'><img loading=\"lazy\" decoding=\"async\" width=\"525\" height=\"700\" src=\"https:\/\/blogsaverroes.juntadeandalucia.es\/ceprvirgendelacabeza\/files\/2023\/01\/IMG20221220123059-768x1024.jpg\" class=\"attachment-large size-large\" alt=\"\" srcset=\"https:\/\/blogsaverroes.juntadeandalucia.es\/ceprvirgendelacabeza\/files\/2023\/01\/IMG20221220123059-768x1024.jpg 768w, https:\/\/blogsaverroes.juntadeandalucia.es\/ceprvirgendelacabeza\/files\/2023\/01\/IMG20221220123059-225x300.jpg 225w, https:\/\/blogsaverroes.juntadeandalucia.es\/ceprvirgendelacabeza\/files\/2023\/01\/IMG20221220123059-1152x1536.jpg 1152w, https:\/\/blogsaverroes.juntadeandalucia.es\/ceprvirgendelacabeza\/files\/2023\/01\/IMG20221220123059-1536x2048.jpg 1536w, https:\/\/blogsaverroes.juntadeandalucia.es\/ceprvirgendelacabeza\/files\/2023\/01\/IMG20221220123059-scaled.jpg 1200w\" sizes=\"100vw\" \/><\/a>\n\t\t\t<\/div><\/figure>\n\t\t<\/div>\n\n<p>&nbsp;<\/p>\n<h4>Situaci\u00f3n de aprendizaje: La Ant\u00e1rtida<\/h4>\n<p><a href=\"https:\/\/drive.google.com\/file\/d\/19KXzDTLOZi2OGJ-geXqzs1HXhB37EGyW\/view?usp=share_link\"><img loading=\"lazy\" decoding=\"async\" class=\"aligncenter wp-image-4507 size-full\" src=\"https:\/\/blogsaverroes.juntadeandalucia.es\/ceprvirgendelacabeza\/files\/2023\/05\/Captura-de-pantalla-3.png\" alt=\"\" width=\"1600\" height=\"900\" srcset=\"https:\/\/blogsaverroes.juntadeandalucia.es\/ceprvirgendelacabeza\/files\/2023\/05\/Captura-de-pantalla-3.png 1600w, https:\/\/blogsaverroes.juntadeandalucia.es\/ceprvirgendelacabeza\/files\/2023\/05\/Captura-de-pantalla-3-300x169.png 300w, https:\/\/blogsaverroes.juntadeandalucia.es\/ceprvirgendelacabeza\/files\/2023\/05\/Captura-de-pantalla-3-1024x576.png 1024w, https:\/\/blogsaverroes.juntadeandalucia.es\/ceprvirgendelacabeza\/files\/2023\/05\/Captura-de-pantalla-3-768x432.png 768w, https:\/\/blogsaverroes.juntadeandalucia.es\/ceprvirgendelacabeza\/files\/2023\/05\/Captura-de-pantalla-3-1536x864.png 1536w\" sizes=\"(max-width: 706px) 89vw, (max-width: 767px) 82vw, 740px\" \/><\/a><\/p>\n<p>&nbsp;<\/p>\n<p><strong>La c\u00e9lula<\/strong><\/p>\n<div id='gallery-2' class='gallery galleryid-438 gallery-columns-3 gallery-size-full'><figure class='gallery-item'>\n\t\t\t<div class='gallery-icon landscape'>\n\t\t\t\t<a href='https:\/\/blogsaverroes.juntadeandalucia.es\/ceprvirgendelacabeza\/ed-primaria-3o-ciclo\/materiales-recursos\/20230417_132708\/'><img loading=\"lazy\" decoding=\"async\" width=\"1600\" height=\"1200\" src=\"https:\/\/blogsaverroes.juntadeandalucia.es\/ceprvirgendelacabeza\/files\/2023\/05\/20230417_132708-scaled.jpg\" class=\"attachment-full size-full\" alt=\"\" srcset=\"https:\/\/blogsaverroes.juntadeandalucia.es\/ceprvirgendelacabeza\/files\/2023\/05\/20230417_132708-scaled.jpg 1600w, https:\/\/blogsaverroes.juntadeandalucia.es\/ceprvirgendelacabeza\/files\/2023\/05\/20230417_132708-300x225.jpg 300w, https:\/\/blogsaverroes.juntadeandalucia.es\/ceprvirgendelacabeza\/files\/2023\/05\/20230417_132708-1024x768.jpg 1024w, https:\/\/blogsaverroes.juntadeandalucia.es\/ceprvirgendelacabeza\/files\/2023\/05\/20230417_132708-768x576.jpg 768w, https:\/\/blogsaverroes.juntadeandalucia.es\/ceprvirgendelacabeza\/files\/2023\/05\/20230417_132708-1536x1152.jpg 1536w, https:\/\/blogsaverroes.juntadeandalucia.es\/ceprvirgendelacabeza\/files\/2023\/05\/20230417_132708-2048x1536.jpg 2048w\" sizes=\"100vw\" \/><\/a>\n\t\t\t<\/div><\/figure><figure class='gallery-item'>\n\t\t\t<div class='gallery-icon landscape'>\n\t\t\t\t<a href='https:\/\/blogsaverroes.juntadeandalucia.es\/ceprvirgendelacabeza\/ed-primaria-3o-ciclo\/materiales-recursos\/20230417_132713\/'><img loading=\"lazy\" decoding=\"async\" width=\"1600\" height=\"1200\" src=\"https:\/\/blogsaverroes.juntadeandalucia.es\/ceprvirgendelacabeza\/files\/2023\/05\/20230417_132713-scaled.jpg\" class=\"attachment-full size-full\" alt=\"\" srcset=\"https:\/\/blogsaverroes.juntadeandalucia.es\/ceprvirgendelacabeza\/files\/2023\/05\/20230417_132713-scaled.jpg 1600w, https:\/\/blogsaverroes.juntadeandalucia.es\/ceprvirgendelacabeza\/files\/2023\/05\/20230417_132713-300x225.jpg 300w, https:\/\/blogsaverroes.juntadeandalucia.es\/ceprvirgendelacabeza\/files\/2023\/05\/20230417_132713-1024x768.jpg 1024w, https:\/\/blogsaverroes.juntadeandalucia.es\/ceprvirgendelacabeza\/files\/2023\/05\/20230417_132713-768x576.jpg 768w, https:\/\/blogsaverroes.juntadeandalucia.es\/ceprvirgendelacabeza\/files\/2023\/05\/20230417_132713-1536x1152.jpg 1536w, https:\/\/blogsaverroes.juntadeandalucia.es\/ceprvirgendelacabeza\/files\/2023\/05\/20230417_132713-2048x1536.jpg 2048w\" sizes=\"100vw\" \/><\/a>\n\t\t\t<\/div><\/figure><figure class='gallery-item'>\n\t\t\t<div class='gallery-icon landscape'>\n\t\t\t\t<a href='https:\/\/blogsaverroes.juntadeandalucia.es\/ceprvirgendelacabeza\/ed-primaria-3o-ciclo\/materiales-recursos\/20230417_132700\/'><img loading=\"lazy\" decoding=\"async\" width=\"1600\" height=\"1200\" src=\"https:\/\/blogsaverroes.juntadeandalucia.es\/ceprvirgendelacabeza\/files\/2023\/05\/20230417_132700-scaled.jpg\" class=\"attachment-full size-full\" alt=\"\" srcset=\"https:\/\/blogsaverroes.juntadeandalucia.es\/ceprvirgendelacabeza\/files\/2023\/05\/20230417_132700-scaled.jpg 1600w, https:\/\/blogsaverroes.juntadeandalucia.es\/ceprvirgendelacabeza\/files\/2023\/05\/20230417_132700-300x225.jpg 300w, https:\/\/blogsaverroes.juntadeandalucia.es\/ceprvirgendelacabeza\/files\/2023\/05\/20230417_132700-1024x768.jpg 1024w, https:\/\/blogsaverroes.juntadeandalucia.es\/ceprvirgendelacabeza\/files\/2023\/05\/20230417_132700-768x576.jpg 768w, https:\/\/blogsaverroes.juntadeandalucia.es\/ceprvirgendelacabeza\/files\/2023\/05\/20230417_132700-1536x1152.jpg 1536w, https:\/\/blogsaverroes.juntadeandalucia.es\/ceprvirgendelacabeza\/files\/2023\/05\/20230417_132700-2048x1536.jpg 2048w\" sizes=\"100vw\" \/><\/a>\n\t\t\t<\/div><\/figure>\n\t\t<\/div>\n\n<p>&nbsp;<\/p>\n<p><strong>La entrevista<\/strong><\/p>\n<p><a href=\"https:\/\/drive.google.com\/file\/d\/14e1ft8Ti2mhS5QzONbquqVpqhTD2daJb\/view?usp=sharing\"><img loading=\"lazy\" decoding=\"async\" class=\"alignleft wp-image-4577 size-large\" src=\"https:\/\/blogsaverroes.juntadeandalucia.es\/ceprvirgendelacabeza\/files\/2023\/05\/Entrevista-Claudia-1024x576.png\" alt=\"\" width=\"782\" height=\"440\" srcset=\"https:\/\/blogsaverroes.juntadeandalucia.es\/ceprvirgendelacabeza\/files\/2023\/05\/Entrevista-Claudia-1024x576.png 1024w, https:\/\/blogsaverroes.juntadeandalucia.es\/ceprvirgendelacabeza\/files\/2023\/05\/Entrevista-Claudia-300x169.png 300w, https:\/\/blogsaverroes.juntadeandalucia.es\/ceprvirgendelacabeza\/files\/2023\/05\/Entrevista-Claudia-768x432.png 768w, https:\/\/blogsaverroes.juntadeandalucia.es\/ceprvirgendelacabeza\/files\/2023\/05\/Entrevista-Claudia-1536x864.png 1536w, https:\/\/blogsaverroes.juntadeandalucia.es\/ceprvirgendelacabeza\/files\/2023\/05\/Entrevista-Claudia.png 1600w\" sizes=\"(max-width: 706px) 89vw, (max-width: 767px) 82vw, 740px\" \/><\/a><\/p>\n<p>&nbsp;<\/p>\n<p><a href=\"\/\/drive.google.com\/file\/d\/1ILUhT5ccYiu2585D46fLGJdC0L6etXPX\/view?usp=sharing\"><img loading=\"lazy\" decoding=\"async\" class=\"alignleft size-large wp-image-4579\" src=\"https:\/\/blogsaverroes.juntadeandalucia.es\/ceprvirgendelacabeza\/files\/2023\/05\/Entrevista-Laura-1024x576.png\" alt=\"\" width=\"782\" height=\"440\" srcset=\"https:\/\/blogsaverroes.juntadeandalucia.es\/ceprvirgendelacabeza\/files\/2023\/05\/Entrevista-Laura-1024x576.png 1024w, https:\/\/blogsaverroes.juntadeandalucia.es\/ceprvirgendelacabeza\/files\/2023\/05\/Entrevista-Laura-300x169.png 300w, https:\/\/blogsaverroes.juntadeandalucia.es\/ceprvirgendelacabeza\/files\/2023\/05\/Entrevista-Laura-768x432.png 768w, https:\/\/blogsaverroes.juntadeandalucia.es\/ceprvirgendelacabeza\/files\/2023\/05\/Entrevista-Laura-1536x864.png 1536w, https:\/\/blogsaverroes.juntadeandalucia.es\/ceprvirgendelacabeza\/files\/2023\/05\/Entrevista-Laura.png 1600w\" sizes=\"(max-width: 706px) 89vw, (max-width: 767px) 82vw, 740px\" \/><\/a><\/p>\n<p>&nbsp;<\/p>\n","protected":false},"excerpt":{"rendered":"<p>Proyecto relieve de Espa\u00f1a &nbsp; Situaci\u00f3n de aprendizaje: La Ant\u00e1rtida &nbsp; La c\u00e9lula &nbsp; La entrevista &nbsp; &nbsp;<\/p>\n","protected":false},"author":1,"featured_media":0,"parent":436,"menu_order":0,"comment_status":"closed","ping_status":"open","template":"page-sc.php","meta":{"ngg_post_thumbnail":0,"footnotes":"","_mc_calendar":[]},"aioseo_notices":[],"_links":{"self":[{"href":"https:\/\/blogsaverroes.juntadeandalucia.es\/ceprvirgendelacabeza\/wp-json\/wp\/v2\/pages\/438"}],"collection":[{"href":"https:\/\/blogsaverroes.juntadeandalucia.es\/ceprvirgendelacabeza\/wp-json\/wp\/v2\/pages"}],"about":[{"href":"https:\/\/blogsaverroes.juntadeandalucia.es\/ceprvirgendelacabeza\/wp-json\/wp\/v2\/types\/page"}],"author":[{"embeddable":true,"href":"https:\/\/blogsaverroes.juntadeandalucia.es\/ceprvirgendelacabeza\/wp-json\/wp\/v2\/users\/1"}],"replies":[{"embeddable":true,"href":"https:\/\/blogsaverroes.juntadeandalucia.es\/ceprvirgendelacabeza\/wp-json\/wp\/v2\/comments?post=438"}],"version-history":[{"count":22,"href":"https:\/\/blogsaverroes.juntadeandalucia.es\/ceprvirgendelacabeza\/wp-json\/wp\/v2\/pages\/438\/revisions"}],"predecessor-version":[{"id":4584,"href":"https:\/\/blogsaverroes.juntadeandalucia.es\/ceprvirgendelacabeza\/wp-json\/wp\/v2\/pages\/438\/revisions\/4584"}],"up":[{"embeddable":true,"href":"https:\/\/blogsaverroes.juntadeandalucia.es\/ceprvirgendelacabeza\/wp-json\/wp\/v2\/pages\/436"}],"wp:attachment":[{"href":"https:\/\/blogsaverroes.juntadeandalucia.es\/ceprvirgendelacabeza\/wp-json\/wp\/v2\/media?parent=438"}],"curies":[{"name":"wp","href":"https:\/\/api.w.org\/{rel}","templated":true}]}}