{"id":44,"date":"2015-03-13T08:42:15","date_gmt":"2015-03-13T08:42:15","guid":{"rendered":"http:\/\/blogsaverroes.juntadeandalucia.es\/pre\/ceip\/?page_id=44"},"modified":"2026-02-15T21:07:09","modified_gmt":"2026-02-15T20:07:09","slug":"planes-y-proyectos","status":"publish","type":"page","link":"https:\/\/blogsaverroes.juntadeandalucia.es\/ceprvirgendelacabeza\/planes-y-proyectos\/","title":{"rendered":"Planes y Programas"},"content":{"rendered":"<p><img loading=\"lazy\" decoding=\"async\" class=\"alignnone size-medium wp-image-1667\" src=\"http:\/\/blogsaverroes.juntadeandalucia.es\/ceprvirgendelacabeza\/files\/2015\/03\/planes-300x150.png\" alt=\"planes\" width=\"300\" height=\"150\" srcset=\"https:\/\/blogsaverroes.juntadeandalucia.es\/ceprvirgendelacabeza\/files\/2015\/03\/planes-300x150.png 300w, https:\/\/blogsaverroes.juntadeandalucia.es\/ceprvirgendelacabeza\/files\/2015\/03\/planes.png 640w\" sizes=\"(max-width: 300px) 100vw, 300px\" \/><\/p>\n<p>Cada centro personaliza y adapta su Proyecto Educativo adheri\u00e9ndose a diferentes <strong>Planes y Programas Educativos,<\/strong>&nbsp;promovidos desde la Consejer\u00eda de Desarrollo Educativo y Formaci\u00f3n Profesional.<\/p>\n<p>Este apartado recoger\u00eda la descripci\u00f3n, finalidades, actividades, coordinador\/a, etc. de estos Planes y Programas desarrollados por el centro. A continuaci\u00f3n se muestran los desarrollados en el presente curso escolar (2025 &#8211; 2026):<\/p>\n<ul>\n<li><a href=\"https:\/\/blogsaverroes.juntadeandalucia.es\/ceprvirgendelacabeza\/files\/2025\/03\/PLAN-IGUALDAD-CEPR-VIRGEN-DE-LA-CABEZA-2024.pdf\" target=\"_blank\" rel=\"noopener\"><strong>Plan de igualdad de g\u00e9nero en educaci\u00f3n.<\/strong><\/a><\/li>\n<\/ul>\n<p style=\"padding-left: 40px\">Coodinadora: M\u00edriam Robles Rivillas<\/p>\n<ul>\n<li><strong>Plan de apertura de Centros docentes.<\/strong><\/li>\n<\/ul>\n<p style=\"padding-left: 40px\">Coodinador: Miguel \u00c1ngel Gordillo Guti\u00e9rrez.<\/p>\n<ul>\n<li><a href=\"https:\/\/blogsaverroes.juntadeandalucia.es\/ceprvirgendelacabeza\/files\/2023\/09\/Proyecto-Biling%C3%BCe.pdf\" target=\"_blank\" rel=\"noopener\"><strong>Proyecto de Centro biling\u00fce &#8211; ingl\u00e9s.<\/strong><\/a><\/li>\n<\/ul>\n<p style=\"padding-left: 40px\">Coordiandora: Ana Mar\u00eda Navarro D\u00edaz.<\/p>\n<ul>\n<li><strong>Programa de h\u00e1bitos de vida saludable: \u00abCreciendo en salud\u00bb<\/strong><\/li>\n<\/ul>\n<p style=\"padding-left: 40px\">Coordinador: Manuel Garc\u00eda Molinos.<\/p>\n<ul>\n<li><a href=\"https:\/\/blogsaverroes.juntadeandalucia.es\/ceprvirgendelacabeza\/files\/2025\/03\/PLAN-DE-CONVIVENCIA.pdf\" target=\"_blank\" rel=\"noopener\"><strong>Plan de Convivencia.<\/strong><\/a><\/li>\n<\/ul>\n<p style=\"padding-left: 40px\">Coordinador: Miguel \u00c1ngel Gordillo Guti\u00e9rrez.<\/p>\n<ul>\n<li><strong>ALDEA<\/strong><\/li>\n<\/ul>\n<p>Coordinador: Antonio Vacas D\u00edaz<\/p>\n<ul>\n<li><strong>PROA.<\/strong><\/li>\n<\/ul>\n<p>Coordinadora: Ana Navarro D\u00edaz.<\/p>\n<ul>\n<li><strong>COMUNICA<\/strong>:<\/li>\n<\/ul>\n<p>Coordinadora: Silvia Fern\u00e1ndez Albarral<\/p>\n<ul>\n<li><strong>PROA+ TRANSF\u00d3RMATE.<\/strong><\/li>\n<\/ul>\n<p>Coordinador: Miguel \u00c1ngel Gordillo Guti\u00e9rrez<\/p>\n<ul>\n<li><strong>Plan de Salud Laboral y Prevenci\u00f3n de Riesgos Laborales.<\/strong><\/li>\n<\/ul>\n<p style=\"padding-left: 40px\">Coordinador: Emilio Vicente Ca\u00f1adas Correa.<\/p>\n<ul>\n<li><strong>Transformaci\u00f3n Digital Educativa.<\/strong><\/li>\n<\/ul>\n<p style=\"padding-left: 40px\">Coordinador: Antonio Vacas D\u00edaz.<\/p>\n<ul>\n<li><strong>Organizaci\u00f3n y funcionamiento de bibliotecas escolares.<\/strong><\/li>\n<\/ul>\n<p style=\"padding-left: 40px\">Responsable: Carmen Mart\u00edn Carri\u00f3n.<\/p>\n<ul>\n<li><strong>Programa de mediaci\u00f3n escolar.<\/strong><\/li>\n<\/ul>\n<p style=\"padding-left: 40px\">Responsable: Miguel \u00c1ngel Gordillo Guti\u00e9rrez.<\/p>\n<ul>\n<li><strong>Coordinador de Bienestar Emocional.<\/strong><\/li>\n<\/ul>\n<p style=\"padding-left: 40px\">Responsable: Miguel \u00c1ngel Gordillo Guti\u00e9rrez<\/p>\n<ul>\n<li><strong>Pr\u00e1cticum de Grado.<\/strong><\/li>\n<\/ul>\n<p>&nbsp; &nbsp; &nbsp; &nbsp; &nbsp;Coordinadora: Bel\u00e9n L\u00f3pez L\u00f3pez<\/p>\n<p>&nbsp;<\/p>\n<p>&nbsp;<\/p>\n<p>&nbsp;<\/p>\n","protected":false},"excerpt":{"rendered":"<p>Cada centro personaliza y adapta su Proyecto Educativo adheri\u00e9ndose a diferentes Planes y Programas Educativos,&nbsp;promovidos desde la Consejer\u00eda de Desarrollo Educativo y Formaci\u00f3n Profesional. Este apartado recoger\u00eda la descripci\u00f3n, finalidades, actividades, coordinador\/a, etc. de estos Planes y Programas desarrollados por el centro. A continuaci\u00f3n se muestran los desarrollados en el presente curso escolar (2025 &#8211; &hellip; <\/p>\n<p class=\"link-more\"><a href=\"https:\/\/blogsaverroes.juntadeandalucia.es\/ceprvirgendelacabeza\/planes-y-proyectos\/\" class=\"more-link\">Continuar leyendo<span class=\"screen-reader-text\"> \u00abPlanes y Programas\u00bb<\/span><\/a><\/p>\n","protected":false},"author":1,"featured_media":0,"parent":0,"menu_order":0,"comment_status":"closed","ping_status":"closed","template":"","meta":{"ngg_post_thumbnail":0,"footnotes":"","_mc_calendar":[]},"aioseo_notices":[],"_links":{"self":[{"href":"https:\/\/blogsaverroes.juntadeandalucia.es\/ceprvirgendelacabeza\/wp-json\/wp\/v2\/pages\/44"}],"collection":[{"href":"https:\/\/blogsaverroes.juntadeandalucia.es\/ceprvirgendelacabeza\/wp-json\/wp\/v2\/pages"}],"about":[{"href":"https:\/\/blogsaverroes.juntadeandalucia.es\/ceprvirgendelacabeza\/wp-json\/wp\/v2\/types\/page"}],"author":[{"embeddable":true,"href":"https:\/\/blogsaverroes.juntadeandalucia.es\/ceprvirgendelacabeza\/wp-json\/wp\/v2\/users\/1"}],"replies":[{"embeddable":true,"href":"https:\/\/blogsaverroes.juntadeandalucia.es\/ceprvirgendelacabeza\/wp-json\/wp\/v2\/comments?post=44"}],"version-history":[{"count":17,"href":"https:\/\/blogsaverroes.juntadeandalucia.es\/ceprvirgendelacabeza\/wp-json\/wp\/v2\/pages\/44\/revisions"}],"predecessor-version":[{"id":5002,"href":"https:\/\/blogsaverroes.juntadeandalucia.es\/ceprvirgendelacabeza\/wp-json\/wp\/v2\/pages\/44\/revisions\/5002"}],"wp:attachment":[{"href":"https:\/\/blogsaverroes.juntadeandalucia.es\/ceprvirgendelacabeza\/wp-json\/wp\/v2\/media?parent=44"}],"curies":[{"name":"wp","href":"https:\/\/api.w.org\/{rel}","templated":true}]}}