{"id":232,"date":"2021-12-28T12:52:55","date_gmt":"2021-12-28T11:52:55","guid":{"rendered":"https:\/\/blogsaverroes.juntadeandalucia.es\/cepvillamartin\/?page_id=232"},"modified":"2021-12-28T13:18:22","modified_gmt":"2021-12-28T12:18:22","slug":"suscripcion","status":"publish","type":"page","link":"https:\/\/blogsaverroes.juntadeandalucia.es\/cepvillamartin\/suscripcion\/","title":{"rendered":"Suscripci\u00f3n"},"content":{"rendered":"<p>Con tu suscripci\u00f3n recibir\u00e1s correos electr\u00f3nicos de cuantas noticias vayamos publicando en nuestro BLOG.<\/p>\n<div class=\"emaillist\" id=\"es_form_f1-n1\"><form action=\"\/cepvillamartin\/wp-json\/wp\/v2\/pages\/232#es_form_f1-n1\" method=\"post\" class=\"es_subscription_form es_shortcode_form  es_ajax_subscription_form\" id=\"es_subscription_form_69ed22fbba833\" data-source=\"ig-es\" data-form-id=\"1\"><div class=\"es-field-wrap\"><label>Name*<br \/><input type=\"text\" name=\"esfpx_name\" class=\"ig_es_form_field_name\" placeholder=\"\" value=\"\" required=\"required\" \/><\/label><\/div><div class=\"es-field-wrap\"><label>Email*<br \/><input class=\"es_required_field es_txt_email ig_es_form_field_email\" type=\"email\" name=\"esfpx_email\" value=\"\" placeholder=\"\" required=\"required\" \/><\/label><\/div><input type=\"hidden\" name=\"esfpx_lists[]\" value=\"3b88bb86b194\" \/><input type=\"hidden\" name=\"esfpx_form_id\" value=\"1\" \/><input type=\"hidden\" name=\"es\" value=\"subscribe\" \/>\n\t\t\t<input type=\"hidden\" name=\"esfpx_es_form_identifier\" value=\"f1-n1\" \/>\n\t\t\t<input type=\"hidden\" name=\"esfpx_es_email_page\" value=\"232\" \/>\n\t\t\t<input type=\"hidden\" name=\"esfpx_es_email_page_url\" value=\"https:\/\/blogsaverroes.juntadeandalucia.es\/cepvillamartin\/suscripcion\/\" \/>\n\t\t\t<input type=\"hidden\" name=\"esfpx_status\" value=\"Unconfirmed\" \/>\n\t\t\t<input type=\"hidden\" name=\"esfpx_es-subscribe\" id=\"es-subscribe-69ed22fbba833\" value=\"8459215c82\" \/>\n\t\t\t<label style=\"position:absolute;top:-99999px;left:-99999px;z-index:-99;\" aria-hidden=\"true\"><span hidden>Por favor, deja este campo vac\u00edo.<\/span><input type=\"email\" name=\"esfpx_es_hp_email\" class=\"es_required_field\" tabindex=\"-1\" autocomplete=\"-1\" value=\"\" \/><\/label><input type=\"submit\" name=\"submit\" class=\"es_subscription_form_submit es_submit_button es_textbox_button\" id=\"es_subscription_form_submit_69ed22fbba833\" value=\"Suscribirte\" \/><span class=\"es_spinner_image\" id=\"spinner-image\"><img decoding=\"async\" src=\"https:\/\/blogsaverroes.juntadeandalucia.es\/cepvillamartin\/wp-content\/plugins\/email-subscribers\/lite\/public\/images\/spinner.gif\" alt=\"Loading\" \/><\/span><\/form><span class=\"es_subscription_message \" id=\"es_subscription_message_69ed22fbba833\" role=\"alert\" aria-live=\"assertive\"><\/span><\/div>\n<!--themify_builder_content-->\n<div id=\"themify_builder_content-232\" data-postid=\"232\" class=\"themify_builder_content themify_builder_content-232 themify_builder tf_clear\">\n    <\/div>\n<!--\/themify_builder_content-->\n","protected":false},"excerpt":{"rendered":"<p>Con tu suscripci\u00f3n recibir\u00e1s correos electr\u00f3nicos de cuantas noticias vayamos publicando en nuestro BLOG.<\/p>\n","protected":false},"author":6707,"featured_media":0,"parent":0,"menu_order":0,"comment_status":"closed","ping_status":"closed","template":"","meta":{"ngg_post_thumbnail":0,"footnotes":""},"aioseo_notices":[],"post_mailing_queue_ids":[],"_links":{"self":[{"href":"https:\/\/blogsaverroes.juntadeandalucia.es\/cepvillamartin\/wp-json\/wp\/v2\/pages\/232"}],"collection":[{"href":"https:\/\/blogsaverroes.juntadeandalucia.es\/cepvillamartin\/wp-json\/wp\/v2\/pages"}],"about":[{"href":"https:\/\/blogsaverroes.juntadeandalucia.es\/cepvillamartin\/wp-json\/wp\/v2\/types\/page"}],"author":[{"embeddable":true,"href":"https:\/\/blogsaverroes.juntadeandalucia.es\/cepvillamartin\/wp-json\/wp\/v2\/users\/6707"}],"replies":[{"embeddable":true,"href":"https:\/\/blogsaverroes.juntadeandalucia.es\/cepvillamartin\/wp-json\/wp\/v2\/comments?post=232"}],"version-history":[{"count":5,"href":"https:\/\/blogsaverroes.juntadeandalucia.es\/cepvillamartin\/wp-json\/wp\/v2\/pages\/232\/revisions"}],"predecessor-version":[{"id":240,"href":"https:\/\/blogsaverroes.juntadeandalucia.es\/cepvillamartin\/wp-json\/wp\/v2\/pages\/232\/revisions\/240"}],"wp:attachment":[{"href":"https:\/\/blogsaverroes.juntadeandalucia.es\/cepvillamartin\/wp-json\/wp\/v2\/media?parent=232"}],"curies":[{"name":"wp","href":"https:\/\/api.w.org\/{rel}","templated":true}]}}