{"id":2492,"date":"2018-04-24T16:41:26","date_gmt":"2018-04-24T16:41:26","guid":{"rendered":"https:\/\/blogsaverroes.juntadeandalucia.es\/cepvirgendelavilla\/?page_id=2492"},"modified":"2024-10-30T18:09:02","modified_gmt":"2024-10-30T18:09:02","slug":"actividades","status":"publish","type":"page","link":"https:\/\/blogsaverroes.juntadeandalucia.es\/cepvirgendelavilla\/actividades\/","title":{"rendered":"Actividades de la Biblioteca"},"content":{"rendered":"<p style=\"text-align: center\">APADRINA UN LECTOR.<\/p>\n<p style=\"text-align: center\">Las actividad consiste en que los alumnos\/as de 5\u00ba y 6\u00ba de Primaria les leen y explican&nbsp; un libro&nbsp; a los alumnos m\u00e1s peque\u00f1os de nuestro colegio.<br \/>\n<iframe loading=\"lazy\" src=\"https:\/\/www.youtube.com\/embed\/ht4Zr8WRGT8?si=ezw2aFxhjRqww_Az\" width=\"560\" height=\"315\" frameborder=\"0\"><\/iframe><\/p>\n<p>M\u00e1s actividades<\/p>\n<p><a href=\"https:\/\/sites.google.com\/virgendelavilla.com\/biblioteca\/inicio\"><img loading=\"lazy\" decoding=\"async\" class=\"aligncenter  wp-image-2799\" src=\"https:\/\/blogsaverroes.juntadeandalucia.es\/cepvirgendelavilla\/files\/2024\/10\/Biblioteca-300x131.jpg\" alt=\"\" width=\"398\" height=\"174\" srcset=\"https:\/\/blogsaverroes.juntadeandalucia.es\/cepvirgendelavilla\/files\/2024\/10\/Biblioteca-300x131.jpg 300w, https:\/\/blogsaverroes.juntadeandalucia.es\/cepvirgendelavilla\/files\/2024\/10\/Biblioteca-1024x449.jpg 1024w, https:\/\/blogsaverroes.juntadeandalucia.es\/cepvirgendelavilla\/files\/2024\/10\/Biblioteca-768x337.jpg 768w, https:\/\/blogsaverroes.juntadeandalucia.es\/cepvirgendelavilla\/files\/2024\/10\/Biblioteca.jpg 1312w\" sizes=\"(max-width: 398px) 100vw, 398px\" \/><\/a><\/p>\n","protected":false},"excerpt":{"rendered":"<p>APADRINA UN LECTOR. Las actividad consiste en que los alumnos\/as de 5\u00ba y 6\u00ba de Primaria les leen y explican&nbsp; un libro&nbsp; a los alumnos m\u00e1s peque\u00f1os de nuestro colegio. M\u00e1s actividades<\/p>\n","protected":false},"author":6203,"featured_media":0,"parent":0,"menu_order":0,"comment_status":"closed","ping_status":"closed","template":"page-template-full.php","meta":{"ngg_post_thumbnail":0,"footnotes":"","_mc_calendar":[]},"aioseo_notices":[],"_links":{"self":[{"href":"https:\/\/blogsaverroes.juntadeandalucia.es\/cepvirgendelavilla\/wp-json\/wp\/v2\/pages\/2492"}],"collection":[{"href":"https:\/\/blogsaverroes.juntadeandalucia.es\/cepvirgendelavilla\/wp-json\/wp\/v2\/pages"}],"about":[{"href":"https:\/\/blogsaverroes.juntadeandalucia.es\/cepvirgendelavilla\/wp-json\/wp\/v2\/types\/page"}],"author":[{"embeddable":true,"href":"https:\/\/blogsaverroes.juntadeandalucia.es\/cepvirgendelavilla\/wp-json\/wp\/v2\/users\/6203"}],"replies":[{"embeddable":true,"href":"https:\/\/blogsaverroes.juntadeandalucia.es\/cepvirgendelavilla\/wp-json\/wp\/v2\/comments?post=2492"}],"version-history":[{"count":8,"href":"https:\/\/blogsaverroes.juntadeandalucia.es\/cepvirgendelavilla\/wp-json\/wp\/v2\/pages\/2492\/revisions"}],"predecessor-version":[{"id":2807,"href":"https:\/\/blogsaverroes.juntadeandalucia.es\/cepvirgendelavilla\/wp-json\/wp\/v2\/pages\/2492\/revisions\/2807"}],"wp:attachment":[{"href":"https:\/\/blogsaverroes.juntadeandalucia.es\/cepvirgendelavilla\/wp-json\/wp\/v2\/media?parent=2492"}],"curies":[{"name":"wp","href":"https:\/\/api.w.org\/{rel}","templated":true}]}}