{"id":2604,"date":"2024-10-18T09:47:16","date_gmt":"2024-10-18T09:47:16","guid":{"rendered":"https:\/\/blogsaverroes.juntadeandalucia.es\/cepvirgendelavilla\/?page_id=2604"},"modified":"2024-10-30T16:53:08","modified_gmt":"2024-10-30T16:53:08","slug":"contacto","status":"publish","type":"page","link":"https:\/\/blogsaverroes.juntadeandalucia.es\/cepvirgendelavilla\/contacto\/","title":{"rendered":"Contacto"},"content":{"rendered":"<h3 class=\"wp-block-heading\">Datos de contacto<\/h3>\n<p>Avd Olivares&nbsp; &nbsp;S\/N.<br \/>\n23600 Martos (Ja\u00e9n)<br \/>\nTel\u00e9fono: 953&nbsp; 36&nbsp; 65 00 29<br \/>\nEmail:&nbsp;<a href=\"mailto:23003119.edu@juntadeandalucia.es\">23003107.edu@juntadeandalucia.es<\/a><\/p>\n<h3 class=\"wp-block-heading\">Horario del centro<\/h3>\n<ul class=\"wp-block-list\">\n<li>Ma\u00f1ana: 9:00 a 14:00<\/li>\n<\/ul>\n<h3 class=\"wp-block-heading\">Horario de secretar\u00eda<\/h3>\n<ul class=\"wp-block-list\">\n<li>Ma\u00f1ana: 9:00 a 14:00<\/li>\n<\/ul>\n<p>Si desea contactar con nosotros, rellene el siguiente cuestionario. Intentaremos contestarle a la mayor brevedad posible.<br \/>\n*(campo obligatorio)<\/p>\n<form method=\"post\" id=\"cntctfrm_contact_form\" class=\"cntctfrm_contact_form cntctfrm_one_column cntctfrm_ltr cntctfrm_width_default\" action=\"\/cepvirgendelavilla\/wp-json\/wp\/v2\/pages\/2604#cntctfrm_contact_form\" enctype=\"multipart\/form-data\"><div id=\"cntctfrm_first_column\" class=\"cntctfrm_column\"><div class=\"cntctfrm_field_wrap cntctfrm_field_name_wrap\"namecontact><div class=\"cntctfrm_label cntctfrm_label_name\">\n\t\t\t\t\t\t\t\t\t<label for=\"cntctfrm_contact_name\">Nombre: <span class=\"required\">*<\/span><\/label><\/div><div class=\"cntctfrm_input cntctfrm_input_name\">\n\t\t\t\t\t\t\t\t\t<input namecontact class=\"text\" type=\"text\" size=\"40\" pattern=\"^[\\p{L}\\p{M}]{3,}(\\s\\p{M}*\\p{L}+)*\" title=\"Please enter only letters at least 3 characters, words seperated by spaces\" value=\"\" name=\"cntctfrm_contact_name\" id=\"cntctfrm_contact_name\" \/><\/div><\/div><div class=\"cntctfrm_field_wrap cntctfrm_field_email_wrap\"email><div class=\"cntctfrm_label cntctfrm_label_email\">\n\t\t\t\t\t\t\t\t\t<label for=\"cntctfrm_contact_email\">Direcci\u00f3n de correo electr\u00f3nico: <span class=\"required\">*<\/span><\/label>\n\t\t\t\t\t\t\t\t<\/div><div class=\"cntctfrm_input cntctfrm_input_email\">\n\t\t\t\t\t\t\t\t\t<input email class=\"text\" type=\"email\" size=\"40\" value=\"\" name=\"cntctfrm_contact_email\" id=\"cntctfrm_contact_email\" \/><\/div><\/div><div class=\"cntctfrm_field_wrap cntctfrm_field_subject_wrap\"subject><div class=\"cntctfrm_label cntctfrm_label_subject\">\n\t\t\t\t\t\t\t\t\t<label for=\"cntctfrm_contact_subject\">Asunto: <span class=\"required\">*<\/span><\/label>\n\t\t\t\t\t\t\t\t<\/div><div class=\"cntctfrm_input cntctfrm_input_subject\">\n\t\t\t\t\t\t\t\t<input subject pattern=\"^[\\p{M}\\p{L}]{3,}(\\s\\p{M}*\\p{L}+)*\" title=\"Please enter only letters at least 3 characters, words seperated by spaces\" class=\"text\" type=\"text\" size=\"40\" value=\"\" name=\"cntctfrm_contact_subject\" id=\"cntctfrm_contact_subject\" \/><\/div><\/div><div class=\"cntctfrm_field_wrap cntctfrm_field_message_wrap\"message><div class=\"cntctfrm_label cntctfrm_label_message\">\n\t\t\t\t\t\t\t\t<label for=\"cntctfrm_contact_message\">Mensaje: <span class=\"required\">*<\/span><\/label>\n\t\t\t\t\t\t\t<\/div><div class=\"cntctfrm_input cntctfrm_input_message\">\n\t\t\t\t\t\t\t\t<textarea message rows=\"5\" cols=\"30\"name=\"cntctfrm_contact_message\" id=\"cntctfrm_contact_message\"><\/textarea><\/div><\/div><\/div><div class=\"clear\"><\/div><div class=\"cntctfrm_submit_wrap\"><div id=\"cntctfrm_submit_first_column\" class=\"cntctfrm_column\"><div class=\"cntctfrm_input cntctfrm_input_submit\"><input type=\"hidden\" value=\"send\" name=\"cntctfrm_contact_action\">\n\t\t\t\t\t\t\t<input type=\"hidden\" value=\"default\" name=\"cntctfrm_language\">\n\t\t\t\t\t\t\t<input type=\"hidden\" value=\"1\" name=\"cntctfrm_form_submited\">\n\t\t\t\t\t\t\t<input type=\"hidden\" value=\"cntctfrm_options\" name=\"cntctfrm_options_name\">\n\t\t\t\t\t\t\t<input type=\"submit\" value=\"Enviar\" class=\"cntctfrm_contact_submit\" \/>\n\t\t\t\t\t\t<\/div><\/div><div id=\"cntctfrm_submit_second_column\" class=\"cntctfrm_column\"><\/div><div class=\"clear\"><\/div>\n\t\t\t<\/div>\n\t\t\t<\/form>\n","protected":false},"excerpt":{"rendered":"<p>Datos de contacto Avd Olivares&nbsp; &nbsp;S\/N. 23600 Martos (Ja\u00e9n) Tel\u00e9fono: 953&nbsp; 36&nbsp; 65 00 29 Email:&nbsp;23003107.edu@juntadeandalucia.es Horario del centro Ma\u00f1ana: 9:00 a 14:00 Horario de secretar\u00eda Ma\u00f1ana: 9:00 a 14:00 Si desea contactar con&#46;&#46;&#46;<\/p>\n","protected":false},"author":6203,"featured_media":0,"parent":0,"menu_order":0,"comment_status":"closed","ping_status":"closed","template":"page-template-full.php","meta":{"ngg_post_thumbnail":0,"footnotes":"","_mc_calendar":[]},"aioseo_notices":[],"_links":{"self":[{"href":"https:\/\/blogsaverroes.juntadeandalucia.es\/cepvirgendelavilla\/wp-json\/wp\/v2\/pages\/2604"}],"collection":[{"href":"https:\/\/blogsaverroes.juntadeandalucia.es\/cepvirgendelavilla\/wp-json\/wp\/v2\/pages"}],"about":[{"href":"https:\/\/blogsaverroes.juntadeandalucia.es\/cepvirgendelavilla\/wp-json\/wp\/v2\/types\/page"}],"author":[{"embeddable":true,"href":"https:\/\/blogsaverroes.juntadeandalucia.es\/cepvirgendelavilla\/wp-json\/wp\/v2\/users\/6203"}],"replies":[{"embeddable":true,"href":"https:\/\/blogsaverroes.juntadeandalucia.es\/cepvirgendelavilla\/wp-json\/wp\/v2\/comments?post=2604"}],"version-history":[{"count":2,"href":"https:\/\/blogsaverroes.juntadeandalucia.es\/cepvirgendelavilla\/wp-json\/wp\/v2\/pages\/2604\/revisions"}],"predecessor-version":[{"id":2782,"href":"https:\/\/blogsaverroes.juntadeandalucia.es\/cepvirgendelavilla\/wp-json\/wp\/v2\/pages\/2604\/revisions\/2782"}],"wp:attachment":[{"href":"https:\/\/blogsaverroes.juntadeandalucia.es\/cepvirgendelavilla\/wp-json\/wp\/v2\/media?parent=2604"}],"curies":[{"name":"wp","href":"https:\/\/api.w.org\/{rel}","templated":true}]}}