{"id":77,"date":"2015-03-16T06:54:56","date_gmt":"2015-03-16T06:54:56","guid":{"rendered":"http:\/\/blogsaverroes.juntadeandalucia.es\/pre\/ceip\/?page_id=77"},"modified":"2024-10-30T16:56:28","modified_gmt":"2024-10-30T16:56:28","slug":"secretaria","status":"publish","type":"page","link":"https:\/\/blogsaverroes.juntadeandalucia.es\/cepvirgendelavilla\/secretaria\/","title":{"rendered":"Secretar\u00eda"},"content":{"rendered":"<p style=\"text-align: justify\">La <strong>Secretar\u00eda<\/strong> desarrolla muchas funciones importantes en la vida de un centro, especialmente en la relaci\u00f3n que mantiene con las familias en los diferentes tr\u00e1mites administrativos a lo largo de la escolarizaci\u00f3n: admisi\u00f3n, matr\u00edcula, comedor escolar, becas, etc.<\/p>\n<p>&nbsp;<\/p>\n<p>&nbsp;<\/p>\n","protected":false},"excerpt":{"rendered":"<p>La Secretar\u00eda desarrolla muchas funciones importantes en la vida de un centro, especialmente en la relaci\u00f3n que mantiene con las familias en los diferentes tr\u00e1mites administrativos a lo largo de la escolarizaci\u00f3n: admisi\u00f3n, matr\u00edcula,&#46;&#46;&#46;<\/p>\n","protected":false},"author":1,"featured_media":0,"parent":0,"menu_order":0,"comment_status":"closed","ping_status":"open","template":"page-template-full.php","meta":{"ngg_post_thumbnail":0,"footnotes":"","_mc_calendar":[]},"aioseo_notices":[],"_links":{"self":[{"href":"https:\/\/blogsaverroes.juntadeandalucia.es\/cepvirgendelavilla\/wp-json\/wp\/v2\/pages\/77"}],"collection":[{"href":"https:\/\/blogsaverroes.juntadeandalucia.es\/cepvirgendelavilla\/wp-json\/wp\/v2\/pages"}],"about":[{"href":"https:\/\/blogsaverroes.juntadeandalucia.es\/cepvirgendelavilla\/wp-json\/wp\/v2\/types\/page"}],"author":[{"embeddable":true,"href":"https:\/\/blogsaverroes.juntadeandalucia.es\/cepvirgendelavilla\/wp-json\/wp\/v2\/users\/1"}],"replies":[{"embeddable":true,"href":"https:\/\/blogsaverroes.juntadeandalucia.es\/cepvirgendelavilla\/wp-json\/wp\/v2\/comments?post=77"}],"version-history":[{"count":2,"href":"https:\/\/blogsaverroes.juntadeandalucia.es\/cepvirgendelavilla\/wp-json\/wp\/v2\/pages\/77\/revisions"}],"predecessor-version":[{"id":2783,"href":"https:\/\/blogsaverroes.juntadeandalucia.es\/cepvirgendelavilla\/wp-json\/wp\/v2\/pages\/77\/revisions\/2783"}],"wp:attachment":[{"href":"https:\/\/blogsaverroes.juntadeandalucia.es\/cepvirgendelavilla\/wp-json\/wp\/v2\/media?parent=77"}],"curies":[{"name":"wp","href":"https:\/\/api.w.org\/{rel}","templated":true}]}}