{"id":869,"date":"2015-03-16T07:03:52","date_gmt":"2015-03-16T07:03:52","guid":{"rendered":"http:\/\/blogsaverroes.juntadeandalucia.es\/pre\/ceip\/?page_id=84"},"modified":"2024-10-30T16:39:19","modified_gmt":"2024-10-30T16:39:19","slug":"calendario-escolar","status":"publish","type":"page","link":"https:\/\/blogsaverroes.juntadeandalucia.es\/cepvirgendelavilla\/calendario-escolar\/","title":{"rendered":"Calendario escolar"},"content":{"rendered":"<p>&nbsp;<\/p>\n<h4 style=\"text-align: center\"><strong>D\u00edas lectivos y festivos de la localidad. <\/strong>(pincha&nbsp; sobre la imagen)<\/h4>\n<p><a href=\"https:\/\/www.juntadeandalucia.es\/educacion\/secretariavirtual\/consulta\/calendario-escolar\/mostrar\/\"><img loading=\"lazy\" decoding=\"async\" class=\"aligncenter  wp-image-2755\" src=\"https:\/\/blogsaverroes.juntadeandalucia.es\/cepvirgendelavilla\/files\/2024\/10\/Calendario-300x200.jpg\" alt=\"\" width=\"321\" height=\"214\" srcset=\"https:\/\/blogsaverroes.juntadeandalucia.es\/cepvirgendelavilla\/files\/2024\/10\/Calendario-300x200.jpg 300w, https:\/\/blogsaverroes.juntadeandalucia.es\/cepvirgendelavilla\/files\/2024\/10\/Calendario-768x512.jpg 768w, https:\/\/blogsaverroes.juntadeandalucia.es\/cepvirgendelavilla\/files\/2024\/10\/Calendario.jpg 850w\" sizes=\"(max-width: 321px) 100vw, 321px\" \/><\/a><\/p>\n<p><a href=\"http:\/\/www.juntadeandalucia.es\/temas\/estudiar\/primaria-eso\/calendario.html\" target=\"_blank\" rel=\"noopener\">Web de la Junta de Andaluc\u00eda CALENDARIO ESCOLAR&nbsp; EN&nbsp; JA\u00c9N<\/a>.<\/p>\n","protected":false},"excerpt":{"rendered":"<p>&nbsp; D\u00edas lectivos y festivos de la localidad. (pincha&nbsp; sobre la imagen) Web de la Junta de Andaluc\u00eda CALENDARIO ESCOLAR&nbsp; EN&nbsp; JA\u00c9N.<\/p>\n","protected":false},"author":1,"featured_media":0,"parent":0,"menu_order":0,"comment_status":"closed","ping_status":"open","template":"page-template-full.php","meta":{"ngg_post_thumbnail":0,"footnotes":"","_mc_calendar":{"weekends":"true","shortcode":"[my_calendar weekends=&quot;true&quot;]","append":""}},"aioseo_notices":[],"_links":{"self":[{"href":"https:\/\/blogsaverroes.juntadeandalucia.es\/cepvirgendelavilla\/wp-json\/wp\/v2\/pages\/869"}],"collection":[{"href":"https:\/\/blogsaverroes.juntadeandalucia.es\/cepvirgendelavilla\/wp-json\/wp\/v2\/pages"}],"about":[{"href":"https:\/\/blogsaverroes.juntadeandalucia.es\/cepvirgendelavilla\/wp-json\/wp\/v2\/types\/page"}],"author":[{"embeddable":true,"href":"https:\/\/blogsaverroes.juntadeandalucia.es\/cepvirgendelavilla\/wp-json\/wp\/v2\/users\/1"}],"replies":[{"embeddable":true,"href":"https:\/\/blogsaverroes.juntadeandalucia.es\/cepvirgendelavilla\/wp-json\/wp\/v2\/comments?post=869"}],"version-history":[{"count":5,"href":"https:\/\/blogsaverroes.juntadeandalucia.es\/cepvirgendelavilla\/wp-json\/wp\/v2\/pages\/869\/revisions"}],"predecessor-version":[{"id":2759,"href":"https:\/\/blogsaverroes.juntadeandalucia.es\/cepvirgendelavilla\/wp-json\/wp\/v2\/pages\/869\/revisions\/2759"}],"wp:attachment":[{"href":"https:\/\/blogsaverroes.juntadeandalucia.es\/cepvirgendelavilla\/wp-json\/wp\/v2\/media?parent=869"}],"curies":[{"name":"wp","href":"https:\/\/api.w.org\/{rel}","templated":true}]}}