{"id":35,"date":"2025-01-31T12:36:25","date_gmt":"2025-01-31T11:36:25","guid":{"rendered":"https:\/\/blogsaverroes.juntadeandalucia.es\/cestchouettelefrancais\/?page_id=35"},"modified":"2025-01-31T12:36:25","modified_gmt":"2025-01-31T11:36:25","slug":"delf-b2","status":"publish","type":"page","link":"https:\/\/blogsaverroes.juntadeandalucia.es\/cestchouettelefrancais\/delf-b2\/","title":{"rendered":"DELF B2"},"content":{"rendered":"<p>Dentro de las oportunidades que se ofrecen en nuestro instituto est\u00e1 el poder presentarse al DELF B2 de la Alianza francesa en el cuadro de scolaire-junior con la misma consideraci\u00f3n y mismo t\u00edtulo que el de todo p\u00fablico pero con temas que ya hemos tratado en clase.<\/p>\n<p>Para saber si tu trabajo contiene todo lo que se pide para un nivel B2 mira la check-list del enlace.<\/p>\n<p><a title=\"Check-list du B2\" href=\"https:\/\/www.francepodcasts.com\/wp-content\/uploads\/2020\/03\/DELF-B2-check-list.pdf\">https:\/\/www.francepodcasts.com\/wp-content\/uploads\/2020\/03\/DELF-B2-check-list.pdf<\/a><\/p>\n<p>Aqu\u00ed podr\u00e1s encontrar ejemplos de examen actualizados<\/p>\n<p><a href=\"https:\/\/www.francepodcasts.com\/tag\/delf-b2-scolaire-junior\/\">https:\/\/www.francepodcasts.com\/tag\/delf-b2-scolaire-junior\/<\/a><\/p>\n<p>&nbsp;<\/p>\n","protected":false},"excerpt":{"rendered":"<p>Dentro de las oportunidades que se ofrecen en nuestro instituto est\u00e1 el poder presentarse al DELF B2 de la Alianza francesa en el cuadro de scolaire-junior con la misma consideraci\u00f3n y mismo t\u00edtulo que&#46;&#46;&#46;<\/p>\n","protected":false},"author":19753,"featured_media":0,"parent":0,"menu_order":0,"comment_status":"closed","ping_status":"closed","template":"","meta":{"footnotes":""},"aioseo_notices":[],"_links":{"self":[{"href":"https:\/\/blogsaverroes.juntadeandalucia.es\/cestchouettelefrancais\/wp-json\/wp\/v2\/pages\/35"}],"collection":[{"href":"https:\/\/blogsaverroes.juntadeandalucia.es\/cestchouettelefrancais\/wp-json\/wp\/v2\/pages"}],"about":[{"href":"https:\/\/blogsaverroes.juntadeandalucia.es\/cestchouettelefrancais\/wp-json\/wp\/v2\/types\/page"}],"author":[{"embeddable":true,"href":"https:\/\/blogsaverroes.juntadeandalucia.es\/cestchouettelefrancais\/wp-json\/wp\/v2\/users\/19753"}],"replies":[{"embeddable":true,"href":"https:\/\/blogsaverroes.juntadeandalucia.es\/cestchouettelefrancais\/wp-json\/wp\/v2\/comments?post=35"}],"version-history":[{"count":1,"href":"https:\/\/blogsaverroes.juntadeandalucia.es\/cestchouettelefrancais\/wp-json\/wp\/v2\/pages\/35\/revisions"}],"predecessor-version":[{"id":36,"href":"https:\/\/blogsaverroes.juntadeandalucia.es\/cestchouettelefrancais\/wp-json\/wp\/v2\/pages\/35\/revisions\/36"}],"wp:attachment":[{"href":"https:\/\/blogsaverroes.juntadeandalucia.es\/cestchouettelefrancais\/wp-json\/wp\/v2\/media?parent=35"}],"curies":[{"name":"wp","href":"https:\/\/api.w.org\/{rel}","templated":true}]}}