{"id":251,"date":"2025-07-05T10:07:05","date_gmt":"2025-07-05T08:07:05","guid":{"rendered":"https:\/\/blogsaverroes.juntadeandalucia.es\/chemaef\/?page_id=251"},"modified":"2025-07-05T10:10:50","modified_gmt":"2025-07-05T08:10:50","slug":"legislacion","status":"publish","type":"page","link":"https:\/\/blogsaverroes.juntadeandalucia.es\/chemaef\/legislacion\/","title":{"rendered":"Legislaci\u00f3n"},"content":{"rendered":"<p data-start=\"385\" data-end=\"789\"><img loading=\"lazy\" decoding=\"async\" class=\"alignnone size-full wp-image-252 aligncenter\" src=\"https:\/\/blogsaverroes.juntadeandalucia.es\/chemaef\/files\/2025\/07\/Sin-titulo.jpg\" alt=\"legislaci\u00f3n\" width=\"286\" height=\"176\" \/><\/p>\n<p data-start=\"385\" data-end=\"789\">\n<p data-start=\"385\" data-end=\"789\">En los \u00faltimos a\u00f1os, el concepto de <strong data-start=\"421\" data-end=\"435\">evaluaci\u00f3n<\/strong> ha experimentado una transformaci\u00f3n profunda en el \u00e1mbito educativo, y el \u00e1rea de Educaci\u00f3n F\u00edsica no ha sido ajena a ello. Con la implantaci\u00f3n de la <strong data-start=\"586\" data-end=\"596\">LOMLOE<\/strong> y el desarrollo normativo en Andaluc\u00eda mediante el <strong data-start=\"648\" data-end=\"668\">Decreto 101\/2023<\/strong> y la <strong data-start=\"674\" data-end=\"705\">Orden de 30 de mayo de 2023<\/strong>, se ha reforzado una visi\u00f3n m\u00e1s <strong data-start=\"738\" data-end=\"771\">global, formativa e inclusiva<\/strong> de la evaluaci\u00f3n.<\/p>\n<h3 data-start=\"791\" data-end=\"845\">\ud83d\udccc \u00bfQu\u00e9 significa evaluar hoy en Educaci\u00f3n F\u00edsica?<\/h3>\n<p data-start=\"847\" data-end=\"1169\">Seg\u00fan el <strong data-start=\"856\" data-end=\"876\">Decreto 101\/2023<\/strong>, evaluar significa <strong data-start=\"896\" data-end=\"970\">observar el progreso del alumnado en el desarrollo de sus competencias<\/strong>, teniendo en cuenta su proceso madurativo y la diversidad de ritmos y estilos de aprendizaje. La evaluaci\u00f3n ya no es solo una calificaci\u00f3n: es una herramienta para <strong data-start=\"1135\" data-end=\"1168\">mejorar, orientar y acompa\u00f1ar<\/strong>.<\/p>\n<p data-start=\"1171\" data-end=\"1194\">La evaluaci\u00f3n debe ser:<\/p>\n<ul data-start=\"1195\" data-end=\"1501\">\n<li data-start=\"1195\" data-end=\"1267\">\n<p data-start=\"1197\" data-end=\"1267\"><strong data-start=\"1197\" data-end=\"1209\">Continua<\/strong>: se realiza a lo largo de todo el proceso de aprendizaje.<\/p>\n<\/li>\n<li data-start=\"1268\" data-end=\"1358\">\n<p data-start=\"1270\" data-end=\"1358\"><strong data-start=\"1270\" data-end=\"1283\">Formativa<\/strong>: ofrece informaci\u00f3n \u00fatil para mejorar el proceso de ense\u00f1anza-aprendizaje.<\/p>\n<\/li>\n<li data-start=\"1359\" data-end=\"1501\">\n<p data-start=\"1361\" data-end=\"1501\"><strong data-start=\"1361\" data-end=\"1374\">Inclusiva<\/strong>: adaptada a las necesidades de todo el alumnado, respetando los principios del <strong data-start=\"1454\" data-end=\"1500\">Dise\u00f1o Universal para el Aprendizaje (DUA)<\/strong>.<\/p>\n<\/li>\n<\/ul>\n<h3 data-start=\"1503\" data-end=\"1526\">\ud83d\udee0\ufe0f \u00bfQu\u00e9 se eval\u00faa?<\/h3>\n<p data-start=\"1528\" data-end=\"1635\">La normativa andaluza (Orden de 30 de mayo de 2023) indica que la evaluaci\u00f3n en Primaria debe centrarse en:<\/p>\n<ul data-start=\"1636\" data-end=\"1844\">\n<li data-start=\"1636\" data-end=\"1706\">\n<p data-start=\"1638\" data-end=\"1706\">El grado de desarrollo de las <strong data-start=\"1668\" data-end=\"1696\">competencias espec\u00edficas<\/strong> del \u00e1rea.<\/p>\n<\/li>\n<li data-start=\"1707\" data-end=\"1788\">\n<p data-start=\"1709\" data-end=\"1788\">La consecuci\u00f3n de los <strong data-start=\"1731\" data-end=\"1758\">criterios de evaluaci\u00f3n<\/strong> establecidos en el curr\u00edculo.<\/p>\n<\/li>\n<li data-start=\"1789\" data-end=\"1844\">\n<p data-start=\"1791\" data-end=\"1844\">La adquisici\u00f3n progresiva de los <strong data-start=\"1824\" data-end=\"1843\">saberes b\u00e1sicos<\/strong>.<\/p>\n<\/li>\n<\/ul>\n<p data-start=\"1846\" data-end=\"2061\">En Educaci\u00f3n F\u00edsica, esto implica observar c\u00f3mo el alumnado se expresa con su cuerpo, c\u00f3mo coopera, c\u00f3mo se regula emocionalmente, c\u00f3mo adopta h\u00e1bitos saludables y c\u00f3mo respeta las normas del juego y la convivencia.<\/p>\n<h3 data-start=\"2063\" data-end=\"2086\">\ud83d\udccb \u00bfC\u00f3mo evaluamos?<\/h3>\n<p data-start=\"2088\" data-end=\"2164\">La Orden anima a emplear <strong data-start=\"2113\" data-end=\"2157\">instrumentos variados y contextualizados<\/strong>, como:<\/p>\n<ul data-start=\"2165\" data-end=\"2333\">\n<li data-start=\"2165\" data-end=\"2200\">\n<p data-start=\"2167\" data-end=\"2200\">R\u00fabricas con descriptores claros.<\/p>\n<\/li>\n<li data-start=\"2201\" data-end=\"2228\">\n<p data-start=\"2203\" data-end=\"2228\">Registros de observaci\u00f3n.<\/p>\n<\/li>\n<li data-start=\"2229\" data-end=\"2253\">\n<p data-start=\"2231\" data-end=\"2253\">Escalas de valoraci\u00f3n.<\/p>\n<\/li>\n<li data-start=\"2254\" data-end=\"2296\">\n<p data-start=\"2256\" data-end=\"2296\">Diarios de clase o cuadernos del alumno.<\/p>\n<\/li>\n<li data-start=\"2297\" data-end=\"2333\">\n<p data-start=\"2299\" data-end=\"2333\">Autoevaluaciones y coevaluaciones.<\/p>\n<\/li>\n<\/ul>\n<p data-start=\"2335\" data-end=\"2468\">Estos instrumentos deben estar alineados con las <strong data-start=\"2384\" data-end=\"2414\">situaciones de aprendizaje<\/strong>, que son el eje metodol\u00f3gico propuesto por la LOMLOE.<\/p>\n<h3 data-start=\"2470\" data-end=\"2520\">\ud83e\udded Evaluar tambi\u00e9n es reflexionar como docente<\/h3>\n<p data-start=\"2522\" data-end=\"2798\">La legislaci\u00f3n no solo nos habla de evaluar al alumnado. Tambi\u00e9n promueve que el profesorado valore su propia pr\u00e1ctica: metodolog\u00eda, materiales, organizaci\u00f3n, coordinaci\u00f3n\u2026 Una evaluaci\u00f3n docente constante nos permite adaptarnos mejor y ofrecer una educaci\u00f3n de mayor calidad.<\/p>\n<h3 data-start=\"2800\" data-end=\"2817\">\ud83d\udd04 Conclusi\u00f3n<\/h3>\n<p data-start=\"2819\" data-end=\"3108\">La evaluaci\u00f3n en Educaci\u00f3n F\u00edsica es hoy una oportunidad para <strong data-start=\"2881\" data-end=\"2930\">acompa\u00f1ar, motivar y hacer crecer al alumnado<\/strong> desde una perspectiva integral. Aplicar bien la normativa es importante, pero lo m\u00e1s relevante es <strong data-start=\"3029\" data-end=\"3107\">ponerla al servicio de una ense\u00f1anza significativa, inclusiva y motivadora<\/strong>.<\/p>\n","protected":false},"excerpt":{"rendered":"<p>En los \u00faltimos a\u00f1os, el concepto de evaluaci\u00f3n ha experimentado una transformaci\u00f3n profunda en el \u00e1mbito educativo, y el \u00e1rea de Educaci\u00f3n F\u00edsica no ha sido ajena a ello. Con la implantaci\u00f3n de la&#46;&#46;&#46;<\/p>\n","protected":false},"author":19722,"featured_media":252,"parent":0,"menu_order":0,"comment_status":"closed","ping_status":"closed","template":"","meta":{"footnotes":""},"aioseo_notices":[],"_links":{"self":[{"href":"https:\/\/blogsaverroes.juntadeandalucia.es\/chemaef\/wp-json\/wp\/v2\/pages\/251"}],"collection":[{"href":"https:\/\/blogsaverroes.juntadeandalucia.es\/chemaef\/wp-json\/wp\/v2\/pages"}],"about":[{"href":"https:\/\/blogsaverroes.juntadeandalucia.es\/chemaef\/wp-json\/wp\/v2\/types\/page"}],"author":[{"embeddable":true,"href":"https:\/\/blogsaverroes.juntadeandalucia.es\/chemaef\/wp-json\/wp\/v2\/users\/19722"}],"replies":[{"embeddable":true,"href":"https:\/\/blogsaverroes.juntadeandalucia.es\/chemaef\/wp-json\/wp\/v2\/comments?post=251"}],"version-history":[{"count":2,"href":"https:\/\/blogsaverroes.juntadeandalucia.es\/chemaef\/wp-json\/wp\/v2\/pages\/251\/revisions"}],"predecessor-version":[{"id":256,"href":"https:\/\/blogsaverroes.juntadeandalucia.es\/chemaef\/wp-json\/wp\/v2\/pages\/251\/revisions\/256"}],"wp:featuredmedia":[{"embeddable":true,"href":"https:\/\/blogsaverroes.juntadeandalucia.es\/chemaef\/wp-json\/wp\/v2\/media\/252"}],"wp:attachment":[{"href":"https:\/\/blogsaverroes.juntadeandalucia.es\/chemaef\/wp-json\/wp\/v2\/media?parent=251"}],"curies":[{"name":"wp","href":"https:\/\/api.w.org\/{rel}","templated":true}]}}