{"id":364,"date":"2025-07-09T10:34:09","date_gmt":"2025-07-09T08:34:09","guid":{"rendered":"https:\/\/blogsaverroes.juntadeandalucia.es\/chemaef\/?page_id=364"},"modified":"2025-07-09T11:00:45","modified_gmt":"2025-07-09T09:00:45","slug":"formacion","status":"publish","type":"page","link":"https:\/\/blogsaverroes.juntadeandalucia.es\/chemaef\/formacion\/","title":{"rendered":"Formaci\u00f3n"},"content":{"rendered":"<h2 data-start=\"281\" data-end=\"296\"><img loading=\"lazy\" decoding=\"async\" class=\"alignnone size-full wp-image-371 aligncenter\" src=\"https:\/\/blogsaverroes.juntadeandalucia.es\/chemaef\/files\/2025\/07\/images-1.png\" alt=\"formaci\u00f3n\" width=\"224\" height=\"225\" srcset=\"https:\/\/blogsaverroes.juntadeandalucia.es\/chemaef\/files\/2025\/07\/images-1.png 224w, https:\/\/blogsaverroes.juntadeandalucia.es\/chemaef\/files\/2025\/07\/images-1-150x150.png 150w, https:\/\/blogsaverroes.juntadeandalucia.es\/chemaef\/files\/2025\/07\/images-1-80x80.png 80w\" sizes=\"(max-width: 224px) 100vw, 224px\" \/><\/h2>\n<h2 data-start=\"281\" data-end=\"296\">\ud83c\udf93 Formaci\u00f3n<\/h2>\n<p data-start=\"298\" data-end=\"691\">A lo largo de mi trayectoria profesional he participado de forma activa en una amplia variedad de cursos, jornadas y actividades formativas que me han permitido crecer como docente, investigador y formador de formadores. Esta formaci\u00f3n continua ha sido clave para enriquecer mi pr\u00e1ctica educativa, especialmente en el \u00e1rea de Educaci\u00f3n F\u00edsica y en la integraci\u00f3n de las tecnolog\u00edas en el aula.<\/p>\n<h3 data-start=\"693\" data-end=\"731\">\ud83e\udde0 Formaci\u00f3n permanente destacada:<\/h3>\n<ul>\n<li data-start=\"735\" data-end=\"847\"><strong data-start=\"735\" data-end=\"828\">Curso de Actualizaci\u00f3n del Curr\u00edculo LOMLOE (Educaci\u00f3n Primaria y Secundaria Obligatoria)<\/strong> \u2013 CEP Osuna-\u00c9cija.<\/li>\n<li data-start=\"850\" data-end=\"933\"><strong data-start=\"850\" data-end=\"891\">Competencia Digital Docente: Nivel B2<\/strong> \u2013 Curso semipresencial con certificaci\u00f3n.<\/li>\n<li data-start=\"936\" data-end=\"1016\"><strong data-start=\"936\" data-end=\"982\">Dise\u00f1o Universal para el Aprendizaje (DUA)<\/strong> \u2013 Enfoques inclusivos en el aula.<\/li>\n<li data-start=\"1019\" data-end=\"1108\"><strong data-start=\"1019\" data-end=\"1093\">Evaluaci\u00f3n y Calificaci\u00f3n por Competencias Clave en Educaci\u00f3n Primaria<\/strong> \u2013 CEP Aracena.<\/li>\n<li data-start=\"1111\" data-end=\"1217\"><strong data-start=\"1111\" data-end=\"1163\">Is\u00e9neca e iPasen aplicados a la pr\u00e1ctica docente<\/strong> \u2013 Uso de herramientas digitales de gesti\u00f3n educativa.<\/li>\n<li data-start=\"1220\" data-end=\"1279\"><strong data-start=\"1220\" data-end=\"1278\">Gamificaci\u00f3n y estrategias activas en Educaci\u00f3n F\u00edsica<\/strong>.<\/li>\n<li data-start=\"1282\" data-end=\"1339\"><strong data-start=\"1282\" data-end=\"1338\">Proyectos interdisciplinarios y ABP en el \u00e1rea de EF<\/strong>.<\/li>\n<li data-start=\"1342\" data-end=\"1428\"><strong data-start=\"1342\" data-end=\"1402\">Curso de formaci\u00f3n Moodle aplicado a contextos escolares<\/strong> \u2013 CEP Bollullos-Valverde.<\/li>\n<li data-start=\"1431\" data-end=\"1521\"><strong data-start=\"1431\" data-end=\"1505\">Evaluaci\u00f3n en Educaci\u00f3n F\u00edsica: criterios, instrumentos y calificaci\u00f3n<\/strong> \u2013 CEP de Osuna.<\/li>\n<li data-start=\"1524\" data-end=\"1622\"><strong data-start=\"1524\" data-end=\"1572\">Alimentaci\u00f3n saludable en el entorno escolar<\/strong> (vinculado al programa CIMA y consumo de frutas).<\/li>\n<li data-start=\"1625\" data-end=\"1726\"><strong data-start=\"1625\" data-end=\"1668\">Formaci\u00f3n en Pluriling\u00fcismo (2003-2006)<\/strong> \u2013 Incorporaci\u00f3n de metodolog\u00edas CLIL en etapas iniciales.<\/li>\n<li data-start=\"1625\" data-end=\"1726\"><strong>Direcci\u00f3n y liderazgo educativo<\/strong>\n<ul>\n<li data-start=\"1186\" data-end=\"1290\"><strong data-start=\"1186\" data-end=\"1290\">J<\/strong>ornadas Provinciales para la Direcci\u00f3n Escolar: Gesti\u00f3n de la convivencia a trav\u00e9s de las emociones<\/li>\n<li data-start=\"1293\" data-end=\"1340\">Habilidades para la Direcci\u00f3n del siglo XXI<\/li>\n<li data-start=\"1343\" data-end=\"1389\">Generando oportunidades desde la direcci\u00f3n<\/li>\n<\/ul>\n<\/li>\n<\/ul>\n<h2 data-start=\"160\" data-end=\"216\">\ud83c\udf93 Formaci\u00f3n como ponente: compartir para transformar<\/h2>\n<p data-start=\"218\" data-end=\"602\">Durante estos a\u00f1os, he tenido el privilegio de participar como ponente en m\u00faltiples acciones formativas destinadas a mejorar la pr\u00e1ctica docente. Estas formaciones, avaladas por los Centros del Profesorado (CEP) de Andaluc\u00eda, se han centrado en tem\u00e1ticas clave que considero esenciales para avanzar hacia una educaci\u00f3n m\u00e1s inclusiva, digital y centrada en el aprendizaje competencial.<\/p>\n<h3 data-start=\"604\" data-end=\"652\">\ud83d\udd11 1. Competencias clave y dise\u00f1o curricular<\/h3>\n<p data-start=\"653\" data-end=\"837\">La integraci\u00f3n de las competencias clave ha sido uno de los pilares de mi formaci\u00f3n. Acompa\u00f1ar a otros docentes en este proceso me ha permitido crecer y aprender de forma colaborativa.<\/p>\n<ul>\n<li data-start=\"839\" data-end=\"1303\">\n<p data-start=\"841\" data-end=\"960\"><strong data-start=\"841\" data-end=\"904\">Integraci\u00f3n de las Competencias Clave en Educaci\u00f3n Primaria<\/strong> (CEP Osuna-\u00c9cija, CEP Bollullos-Valverde, CEP Aracena):<\/p>\n<ul>\n<li data-start=\"965\" data-end=\"1040\">Curso de itinerario en competencias clave \u2013 30 h (Tutor) + 15 h (Ponente)<\/li>\n<li data-start=\"1045\" data-end=\"1096\">Curso de profundizaci\u00f3n m\u00f3dulo A \u2013 12 h (Ponente)<\/li>\n<li data-start=\"1101\" data-end=\"1143\">M\u00f3dulo B de profundizaci\u00f3n \u2013 8 h (Tutor)<\/li>\n<li data-start=\"1148\" data-end=\"1231\">La ense\u00f1anza y aprendizaje por competencias en contextos rurales \u2013 12 h (Ponente)<\/li>\n<li data-start=\"1236\" data-end=\"1303\">CEIP Los Grupos \u2013 Formaci\u00f3n en centro \u2013 24 h (Coordinador\/a)<\/li>\n<\/ul>\n<\/li>\n<li data-start=\"1305\" data-end=\"1429\">\n<p data-start=\"1307\" data-end=\"1372\"><strong data-start=\"1307\" data-end=\"1371\">Elaboraci\u00f3n y dise\u00f1o de Unidades Did\u00e1cticas Integradas (UDI)<\/strong>:<\/p>\n<ul>\n<li data-start=\"1377\" data-end=\"1429\">Varios cursos de 3 h y 12 h como ponente (2016\u20132018)<\/li>\n<\/ul>\n<\/li>\n<\/ul>\n<h3 data-start=\"1431\" data-end=\"1477\">\ud83d\udcca 2. Evaluaci\u00f3n criterial y uso de S\u00e9neca<\/h3>\n<p data-start=\"1478\" data-end=\"1629\">Formaciones orientadas al desarrollo de una evaluaci\u00f3n coherente con el enfoque competencial, centradas en el uso de herramientas como S\u00e9neca o iPasen:<\/p>\n<ul>\n<li data-start=\"1631\" data-end=\"1898\">\n<p data-start=\"1633\" data-end=\"1676\"><strong>Evaluaci\u00f3n por competencias desde S\u00e9neca:<\/strong><\/p>\n<ul>\n<li data-start=\"1681\" data-end=\"1701\">CEIP Los Silos \u2013 6 h<\/li>\n<li data-start=\"1706\" data-end=\"1728\">CEIP Reina Sof\u00eda \u2013 3 h<\/li>\n<li data-start=\"1733\" data-end=\"1763\">CEIP Virgen del And\u00e9valo \u2013 6 h<\/li>\n<li data-start=\"1768\" data-end=\"1788\">CEIP Adersa VI \u2013 6 h<\/li>\n<li data-start=\"1793\" data-end=\"1831\">Evaluaci\u00f3n criterial en centro \u2013 3 h<\/li>\n<li data-start=\"1836\" data-end=\"1898\">Aplicaciones S\u00e9neca, iPasen y Cuaderno del Profesorado \u2013 6 h<\/li>\n<\/ul>\n<\/li>\n<li data-start=\"1900\" data-end=\"1976\">\n<p data-start=\"1902\" data-end=\"1976\"><strong>Organizaci\u00f3n y funcionamiento digital del centro educativo<\/strong> \u2013 10 h (2021)<\/p>\n<\/li>\n<li data-start=\"1977\" data-end=\"2027\">\n<p data-start=\"1979\" data-end=\"2027\"><strong>Trabajar y evaluar en S\u00e9neca (Aders\u00e1n 1)<\/strong> \u2013 3 h<\/p>\n<\/li>\n<\/ul>\n<h3 data-start=\"2029\" data-end=\"2072\">\ud83c\udf0d 3. Programas de innovaci\u00f3n educativa<\/h3>\n<ul>\n<li data-start=\"2075\" data-end=\"2125\">Dise\u00f1o curricular de nuestro PLC \u2013 9 h (Ponente)<\/li>\n<li data-start=\"2128\" data-end=\"2183\">Formaci\u00f3n en centros \u2013 CEIP Virgen del And\u00e9valo \u2013 4 h<\/li>\n<\/ul>\n<h3 data-start=\"2185\" data-end=\"2244\">\ud83e\udde9 4. Situaciones de aprendizaje y metodolog\u00edas activas<\/h3>\n<ul>\n<li data-start=\"2247\" data-end=\"2335\">Dise\u00f1o de situaciones de aprendizaje desde un enfoque global e integrador \u2013 9 h (2024)<\/li>\n<\/ul>\n<h3 data-start=\"1728\" data-end=\"1775\">\ud83d\udcda Participaci\u00f3n en formaci\u00f3n como ponente:<\/h3>\n<p data-start=\"1777\" data-end=\"1883\">He colaborado activamente como <strong data-start=\"1808\" data-end=\"1842\">ponente en acciones formativas<\/strong> dirigidas al profesorado, en temas como:<\/p>\n<ul>\n<li data-start=\"1887\" data-end=\"1946\">Elaboraci\u00f3n de Unidades Did\u00e1cticas basadas en competencias.<\/li>\n<li data-start=\"1949\" data-end=\"1993\">Evaluaci\u00f3n competencial en Educaci\u00f3n F\u00edsica.<\/li>\n<li data-start=\"1996\" data-end=\"2083\">Uso de herramientas TIC aplicadas al aula: Moodle, Is\u00e9neca, iPasen, Google Workspace&#8230;<\/li>\n<li data-start=\"2086\" data-end=\"2151\">Talleres pr\u00e1cticos de Educaci\u00f3n F\u00edsica para contextos inclusivos.<\/li>\n<li data-start=\"2086\" data-end=\"2151\">La programaci\u00f3n did\u00e1ctica y su aplicaci\u00f3n pr\u00e1ctica en Educaci\u00f3n Primaria<\/li>\n<li data-start=\"2086\" data-end=\"2151\">Evaluaci\u00f3n por competencias clave en Educaci\u00f3n Primaria<\/li>\n<li data-start=\"2086\" data-end=\"2151\">Evaluaci\u00f3n en competencias clave en Educaci\u00f3n Infantil y Primaria. Uso de S\u00e9neca, Ipasen y Moodle.<\/li>\n<li data-start=\"2086\" data-end=\"2151\">Dise\u00f1o de situaciones de aprendizaje para la nueva normativa LOMLOE<\/li>\n<\/ul>\n<h2 data-start=\"2342\" data-end=\"2358\">\ud83d\udca1 Conclusi\u00f3n<\/h2>\n<p data-start=\"2359\" data-end=\"2584\">La formaci\u00f3n docente continua es clave para mejorar la calidad educativa. Agradezco la oportunidad de haber sido ponente en estos espacios de aprendizaje compartido, donde la educaci\u00f3n se convierte en un motor de cambio real.<\/p>\n","protected":false},"excerpt":{"rendered":"<p>\ud83c\udf93 Formaci\u00f3n A lo largo de mi trayectoria profesional he participado de forma activa en una amplia variedad de cursos, jornadas y actividades formativas que me han permitido crecer como docente, investigador y formador&#46;&#46;&#46;<\/p>\n","protected":false},"author":19722,"featured_media":371,"parent":0,"menu_order":0,"comment_status":"closed","ping_status":"closed","template":"","meta":{"footnotes":""},"aioseo_notices":[],"_links":{"self":[{"href":"https:\/\/blogsaverroes.juntadeandalucia.es\/chemaef\/wp-json\/wp\/v2\/pages\/364"}],"collection":[{"href":"https:\/\/blogsaverroes.juntadeandalucia.es\/chemaef\/wp-json\/wp\/v2\/pages"}],"about":[{"href":"https:\/\/blogsaverroes.juntadeandalucia.es\/chemaef\/wp-json\/wp\/v2\/types\/page"}],"author":[{"embeddable":true,"href":"https:\/\/blogsaverroes.juntadeandalucia.es\/chemaef\/wp-json\/wp\/v2\/users\/19722"}],"replies":[{"embeddable":true,"href":"https:\/\/blogsaverroes.juntadeandalucia.es\/chemaef\/wp-json\/wp\/v2\/comments?post=364"}],"version-history":[{"count":7,"href":"https:\/\/blogsaverroes.juntadeandalucia.es\/chemaef\/wp-json\/wp\/v2\/pages\/364\/revisions"}],"predecessor-version":[{"id":373,"href":"https:\/\/blogsaverroes.juntadeandalucia.es\/chemaef\/wp-json\/wp\/v2\/pages\/364\/revisions\/373"}],"wp:featuredmedia":[{"embeddable":true,"href":"https:\/\/blogsaverroes.juntadeandalucia.es\/chemaef\/wp-json\/wp\/v2\/media\/371"}],"wp:attachment":[{"href":"https:\/\/blogsaverroes.juntadeandalucia.es\/chemaef\/wp-json\/wp\/v2\/media?parent=364"}],"curies":[{"name":"wp","href":"https:\/\/api.w.org\/{rel}","templated":true}]}}