{"id":85,"date":"2024-11-23T22:08:36","date_gmt":"2024-11-23T21:08:36","guid":{"rendered":"https:\/\/blogsaverroes.juntadeandalucia.es\/chemaef\/about-us\/"},"modified":"2025-07-09T12:09:25","modified_gmt":"2025-07-09T10:09:25","slug":"about-us","status":"publish","type":"page","link":"https:\/\/blogsaverroes.juntadeandalucia.es\/chemaef\/about-us\/","title":{"rendered":"Sobre m\u00ed"},"content":{"rendered":"<p><img loading=\"lazy\" decoding=\"async\" class=\" wp-image-352 alignleft\" src=\"https:\/\/blogsaverroes.juntadeandalucia.es\/chemaef\/files\/2025\/07\/foto-300x275.jpg\" alt=\"foto\" width=\"327\" height=\"300\" srcset=\"https:\/\/blogsaverroes.juntadeandalucia.es\/chemaef\/files\/2025\/07\/foto-300x275.jpg 300w, https:\/\/blogsaverroes.juntadeandalucia.es\/chemaef\/files\/2025\/07\/foto.jpg 437w\" sizes=\"(max-width: 327px) 100vw, 327px\" \/><\/p>\n<p>\ud83d\udc4b \u00a1Hola! Soy <strong data-start=\"134\" data-end=\"163\">Jos\u00e9 Manuel Hinojosa Olid<\/strong>, maestro de Educaci\u00f3n F\u00edsica desde 2003. A lo largo de estos a\u00f1os he ejercido tanto como tutor de Primaria como especialista en Educaci\u00f3n F\u00edsica, lo que me ha permitido conocer de cerca las necesidades del alumnado y del centro educativo en su conjunto.<\/p>\n<p data-start=\"419\" data-end=\"695\">Actualmente, soy <strong data-start=\"436\" data-end=\"468\">director del CEIP Los Grupos<\/strong>, en <strong data-start=\"473\" data-end=\"507\">Mor\u00f3n de la Frontera (Sevilla)<\/strong>, donde tambi\u00e9n desempe\u00f1\u00e9 el cargo de secretario entre 2006 y 2009. Compagino esta labor con la coordinaci\u00f3n de distintos planes y programas educativos que refuerzan el proyecto de centro:<\/p>\n<ul>\n<li data-start=\"699\" data-end=\"758\"><strong data-start=\"699\" data-end=\"745\">Coordinador del Proyecto TIC &#8211; Escuela 2.0<\/strong> desde 2006<\/li>\n<li data-start=\"761\" data-end=\"823\"><strong data-start=\"761\" data-end=\"821\">Coordinador del Plan de Transformaci\u00f3n Digital Educativa<\/strong><\/li>\n<li data-start=\"826\" data-end=\"861\"><strong data-start=\"826\" data-end=\"859\">Coordinador del Programa CIMA<\/strong><\/li>\n<li data-start=\"864\" data-end=\"915\"><strong data-start=\"864\" data-end=\"902\">Coordinador de Escuelas Deportivas<\/strong> desde 2006<\/li>\n<li data-start=\"918\" data-end=\"984\"><strong data-start=\"918\" data-end=\"972\">Coordinador del Programa de Alimentaci\u00f3n Saludable<\/strong> (2006\u20132015)<\/li>\n<\/ul>\n<p data-start=\"986\" data-end=\"1298\">Adem\u00e1s, colaboro con <strong data-start=\"1007\" data-end=\"1031\">Editorial Santillana<\/strong> y participo activamente como formador en <strong data-start=\"1073\" data-end=\"1099\">CEPs de toda Andaluc\u00eda<\/strong> (Osuna-\u00c9cija, Aracena, Bollullos-Valverde\u2026), impartiendo cursos sobre competencias clave, evaluaci\u00f3n, programaci\u00f3n did\u00e1ctica, uso de herramientas digitales como S\u00e9neca, iPasen o Moodle, entre otros.<\/p>\n<p data-start=\"986\" data-end=\"1298\"><a href=\"https:\/\/view.genially.com\/60df18fde2b33b0d90078e96\/interactive-content-curriculum-deportivo\" target=\"_blank\" rel=\"noopener\"><img loading=\"lazy\" decoding=\"async\" class=\" wp-image-351 alignleft\" src=\"https:\/\/blogsaverroes.juntadeandalucia.es\/chemaef\/files\/2025\/07\/Captura-de-Pantalla-2022-07-31-a-las-17.44.24-212x300.png\" alt=\"foto\" width=\"339\" height=\"480\" srcset=\"https:\/\/blogsaverroes.juntadeandalucia.es\/chemaef\/files\/2025\/07\/Captura-de-Pantalla-2022-07-31-a-las-17.44.24-212x300.png 212w, https:\/\/blogsaverroes.juntadeandalucia.es\/chemaef\/files\/2025\/07\/Captura-de-Pantalla-2022-07-31-a-las-17.44.24.png 276w\" sizes=\"(max-width: 339px) 100vw, 339px\" \/><\/a><\/p>\n<p data-start=\"1300\" data-end=\"1517\">En el <a href=\"https:\/\/view.genially.com\/60df18fde2b33b0d90078e96\/interactive-content-curriculum-deportivo\" target=\"_blank\" rel=\"noopener\">\u00e1mbito deportivo<\/a>, tengo <strong data-start=\"1328\" data-end=\"1379\">M\u00e1ster Nacional en preparaci\u00f3n f\u00edsica en f\u00fatbol<\/strong> y <strong data-start=\"1382\" data-end=\"1418\">entrenador con titulaci\u00f3n UEFA A<\/strong>. He ejercido como entrenador desde <strong data-start=\"1572\" data-end=\"1600\">2008 en distintos clubes. <\/strong>Actualmente entreno en el <strong data-start=\"1446\" data-end=\"1480\">Club de F\u00fatbol Ciudad de Mor\u00f3n<\/strong>, en categor\u00edas <strong data-start=\"1496\" data-end=\"1516\">cadete y juvenil<\/strong>.<\/p>\n<p data-start=\"1519\" data-end=\"1793\">Este blog nace con la ilusi\u00f3n de compartir experiencias reales, recursos pr\u00e1cticos y propuestas innovadoras en Educaci\u00f3n F\u00edsica, basadas en normativa, metodolog\u00edas activas y un fuerte compromiso con la <strong data-start=\"1721\" data-end=\"1792\">inclusi\u00f3n, el bienestar y el aprendizaje significativo del alumnado<\/strong>.<\/p>\n<p data-start=\"1795\" data-end=\"1838\">\u00a1Gracias por visitar este espacio! \ud83c\udfc3\u200d\u2642\ufe0f\ud83d\udcda\u26bd<\/p>\n","protected":false},"excerpt":{"rendered":"<p>\ud83d\udc4b \u00a1Hola! Soy Jos\u00e9 Manuel Hinojosa Olid, maestro de Educaci\u00f3n F\u00edsica desde 2003. A lo largo de estos a\u00f1os he ejercido tanto como tutor de Primaria como especialista en Educaci\u00f3n F\u00edsica, lo que me&#46;&#46;&#46;<\/p>\n","protected":false},"author":1,"featured_media":352,"parent":0,"menu_order":0,"comment_status":"closed","ping_status":"closed","template":"","meta":{"footnotes":""},"aioseo_notices":[],"_links":{"self":[{"href":"https:\/\/blogsaverroes.juntadeandalucia.es\/chemaef\/wp-json\/wp\/v2\/pages\/85"}],"collection":[{"href":"https:\/\/blogsaverroes.juntadeandalucia.es\/chemaef\/wp-json\/wp\/v2\/pages"}],"about":[{"href":"https:\/\/blogsaverroes.juntadeandalucia.es\/chemaef\/wp-json\/wp\/v2\/types\/page"}],"author":[{"embeddable":true,"href":"https:\/\/blogsaverroes.juntadeandalucia.es\/chemaef\/wp-json\/wp\/v2\/users\/1"}],"replies":[{"embeddable":true,"href":"https:\/\/blogsaverroes.juntadeandalucia.es\/chemaef\/wp-json\/wp\/v2\/comments?post=85"}],"version-history":[{"count":15,"href":"https:\/\/blogsaverroes.juntadeandalucia.es\/chemaef\/wp-json\/wp\/v2\/pages\/85\/revisions"}],"predecessor-version":[{"id":383,"href":"https:\/\/blogsaverroes.juntadeandalucia.es\/chemaef\/wp-json\/wp\/v2\/pages\/85\/revisions\/383"}],"wp:featuredmedia":[{"embeddable":true,"href":"https:\/\/blogsaverroes.juntadeandalucia.es\/chemaef\/wp-json\/wp\/v2\/media\/352"}],"wp:attachment":[{"href":"https:\/\/blogsaverroes.juntadeandalucia.es\/chemaef\/wp-json\/wp\/v2\/media?parent=85"}],"curies":[{"name":"wp","href":"https:\/\/api.w.org\/{rel}","templated":true}]}}