{"id":121,"date":"2024-03-25T20:41:31","date_gmt":"2024-03-25T20:41:31","guid":{"rendered":"https:\/\/blogsaverroes.juntadeandalucia.es\/ciasur\/?page_id=121"},"modified":"2024-03-25T20:41:31","modified_gmt":"2024-03-25T20:41:31","slug":"bienvenidos-a-ciasur","status":"publish","type":"page","link":"https:\/\/blogsaverroes.juntadeandalucia.es\/ciasur\/bienvenidos-a-ciasur\/","title":{"rendered":"\u00a1Bienvenidos a CIASUR!"},"content":{"rendered":"<div class=\"entry-content entry--item\">\n<p style=\"text-align: justify\">\u00a1Bienvenidos a la p\u00e1gina web de CIASUR!<\/p>\n<p style=\"text-align: justify\">En CIASUR, nos comprometemos fervientemente a combatir cualquier forma de discriminaci\u00f3n basada en el origen, la cultura, la religi\u00f3n y otros motivos. Nuestra asociaci\u00f3n trabaja incansablemente para promover la inclusi\u00f3n, la igualdad de oportunidades y el respeto mutuo en todas las esferas de la sociedad.<\/p>\n<p style=\"text-align: justify\">Fundada con la convicci\u00f3n de que la diversidad es nuestro mayor activo, en CIASUR creemos en la construcci\u00f3n de un mundo donde cada individuo sea valorado por su singularidad y donde todas las comunidades puedan coexistir en armon\u00eda.<\/p>\n<p style=\"text-align: justify\">A trav\u00e9s de programas educativos, campa\u00f1as de sensibilizaci\u00f3n y acciones de incidencia, buscamos crear conciencia sobre la importancia de respetar la diversidad y fomentar la aceptaci\u00f3n de las diferencias como una fuente de enriquecimiento cultural.<\/p>\n<p style=\"text-align: justify\">En esta p\u00e1gina encontrar\u00e1s informaci\u00f3n sobre nuestras actividades, recursos educativos, eventos y formas de involucrarte en nuestra causa. Te invitamos a unirte a nosotros en este viaje hacia un futuro m\u00e1s inclusivo y justo para todos.<\/p>\n<p style=\"text-align: center\">\u00a1Gracias por visitar CIASUR y por ser parte del cambio!<\/p>\n<\/div>\n","protected":false},"excerpt":{"rendered":"<p>\u00a1Bienvenidos a la p\u00e1gina web de CIASUR! En CIASUR, nos comprometemos fervientemente a combatir cualquier forma de discriminaci\u00f3n basada en el origen, la cultura, la&hellip;<\/p>\n","protected":false},"author":7619,"featured_media":42,"parent":0,"menu_order":0,"comment_status":"closed","ping_status":"closed","template":"","meta":{"ngg_post_thumbnail":0,"footnotes":""},"aioseo_notices":[],"_links":{"self":[{"href":"https:\/\/blogsaverroes.juntadeandalucia.es\/ciasur\/wp-json\/wp\/v2\/pages\/121"}],"collection":[{"href":"https:\/\/blogsaverroes.juntadeandalucia.es\/ciasur\/wp-json\/wp\/v2\/pages"}],"about":[{"href":"https:\/\/blogsaverroes.juntadeandalucia.es\/ciasur\/wp-json\/wp\/v2\/types\/page"}],"author":[{"embeddable":true,"href":"https:\/\/blogsaverroes.juntadeandalucia.es\/ciasur\/wp-json\/wp\/v2\/users\/7619"}],"replies":[{"embeddable":true,"href":"https:\/\/blogsaverroes.juntadeandalucia.es\/ciasur\/wp-json\/wp\/v2\/comments?post=121"}],"version-history":[{"count":1,"href":"https:\/\/blogsaverroes.juntadeandalucia.es\/ciasur\/wp-json\/wp\/v2\/pages\/121\/revisions"}],"predecessor-version":[{"id":122,"href":"https:\/\/blogsaverroes.juntadeandalucia.es\/ciasur\/wp-json\/wp\/v2\/pages\/121\/revisions\/122"}],"wp:featuredmedia":[{"embeddable":true,"href":"https:\/\/blogsaverroes.juntadeandalucia.es\/ciasur\/wp-json\/wp\/v2\/media\/42"}],"wp:attachment":[{"href":"https:\/\/blogsaverroes.juntadeandalucia.es\/ciasur\/wp-json\/wp\/v2\/media?parent=121"}],"curies":[{"name":"wp","href":"https:\/\/api.w.org\/{rel}","templated":true}]}}