{"id":132,"date":"2024-05-29T09:47:21","date_gmt":"2024-05-29T07:47:21","guid":{"rendered":"https:\/\/blogsaverroes.juntadeandalucia.es\/ciavieja\/?page_id=132"},"modified":"2024-05-29T09:52:45","modified_gmt":"2024-05-29T07:52:45","slug":"historia-del-centro","status":"publish","type":"page","link":"https:\/\/blogsaverroes.juntadeandalucia.es\/ciavieja\/historia-del-centro\/","title":{"rendered":"Historia Del Centro"},"content":{"rendered":"<table class=\"mceItemTable\" border=\"0\" width=\"541\">\n<tbody>\n<tr>\n<td><img loading=\"lazy\" decoding=\"async\" class=\"aligncenter\" src=\"https:\/\/www.juntadeandalucia.es\/averroes\/centros-tic\/04601622\/helvia\/sitio\/upload\/img\/rotulo_ciavieja.JPG\" alt=\"Rotulo del nombre del colegio\" width=\"612\" height=\"311\" border=\"0\" \/><\/p>\n<p align=\"center\"><span style=\"color: #000000;font-size: 12pt\"><strong>Nombre de nuestro centro.<\/strong><\/span><\/p>\n<\/td>\n<td><span style=\"color: #000000;font-size: 12pt\"><strong><img loading=\"lazy\" decoding=\"async\" class=\"aligncenter\" src=\"https:\/\/www.juntadeandalucia.es\/averroes\/centros-tic\/04601622\/helvia\/sitio\/upload\/img\/mosaicomural.jpg\" alt=\"Mosaico de ciavieja\" width=\"435\" height=\"469\" border=\"0\" \/><\/strong><\/span><\/p>\n<p align=\"center\"><span style=\"color: #000000;font-size: 12pt\"><strong>Reproducci\u00f3n del mosaico elaborado en papel de aluminio por alumnos del centro.<\/strong><\/span><\/p>\n<\/td>\n<\/tr>\n<\/tbody>\n<\/table>\n<p class=\"titulo2 titulo\" align=\"justify\"><span style=\"color: #000000;font-size: 12pt\"><strong>Los or\u00edgenes de nuestro municipio de El Ejido se encuentran en el cerrillo de CIAVIEJA (Ciudad Vieja), situado muy cerca del colegio, de ah\u00ed su nombre.<\/strong><\/span><\/p>\n<p class=\"titulo2 titulo\" align=\"justify\"><span style=\"color: #000000;font-size: 12pt\"><strong>En dicho lugar, hace 5000 a\u00f1os (Edad del Cobre), naci\u00f3 una aldea con caba\u00f1as circulares sobre z\u00f3calos de piedra y enterramientos tipo \u00abtholoi\u00bb. Hacia 1500 a.C. el poblado ser\u00eda abandonado por causas desconocidas y ser\u00eda en el siglo V antes de nuestra era cuando los romanos llegar\u00edan a este lugar.<\/strong><\/span><\/p>\n<p class=\"titulo2 titulo\" align=\"justify\"><span style=\"color: #000000;font-size: 12pt\"><strong>Aprovechando el solar del cerrillo de Ciavieja surgir\u00eda la ciudad romana de Murgi. El hallazgo m\u00e1s conocido de este municipo romano (Murgi) es un mosaico, probablemente situado en la habitaci\u00f3n principal de una vivienda o un edificio p\u00fablico. La habitaci\u00f3n concreta que albergar\u00eda este mosaico debi\u00f3 de ser el comedor o triclinium, ya que los elementos decorativos aparecidos est\u00e1n relacionados con el dios Baco, s\u00edmbolo del vino y creador de la agricultura. Se sabe que Porcia Maura posey\u00f3 una villa en dicha ciudad.<\/strong><\/span><\/p>\n<p><span style=\"color: #000000;font-size: 12pt\"><img loading=\"lazy\" decoding=\"async\" class=\"sFlh5c pT0Scc iPVvYb aligncenter\" src=\"https:\/\/images.ficheroslavoz.com\/8a\/8a945c36-d11f-4f64-a812-a45793bb5403.jpg?crop=600%2C334&amp;expires=1741276272&amp;height=295&amp;token=7TbeIcap8A5cr3IraMt-aOpCFXSNBBwh1OQcnmjsN_8&amp;width=530\" alt=\"El C.E.PR Ciavieja exige a la Junta que \u201chaga caso\u201d a sus cartas y reivindicaciones | La Voz de Almer\u00eda\" width=\"611\" height=\"340\" aria-hidden=\"false\" \/><\/span><\/p>\n<p>&nbsp;<\/p>\n<p><span style=\"color: #000000;font-size: 12pt\"><strong>Este edificio se inaugura en el a\u00f1o 1986. Le llamamos \u00abgrande\u00bb o \u00abprincipal\u00bb por ser el primero en construirse. Tiene planta baja y alta. Se edifica sobre un terreno que era una finca de parrales que se encontraba en las afueras del pueblo. Hoy en d\u00eda est\u00e1 en lo que es Ejido-Centro.<\/strong><\/span><\/p>\n<p><span style=\"color: #000000;font-size: 12pt\"><strong>\u00a0En \u00e9l se ubican las siguentes dependencias: 11 aulas ordinarias, sala de profesores, sala de inform\u00e1tica\/m\u00fasica, biblioteca,\u00a0zona de administraci\u00f3n, una tutor\u00eda y el almac\u00e9n de material.<\/strong><\/span><\/p>\n","protected":false},"excerpt":{"rendered":"<p>Nombre de nuestro centro. Reproducci\u00f3n del mosaico elaborado en papel de aluminio por alumnos del centro. Los or\u00edgenes de nuestro municipio de El Ejido se encuentran en el cerrillo de CIAVIEJA (Ciudad Vieja), situado&#46;&#46;&#46;<\/p>\n","protected":false},"author":19687,"featured_media":135,"parent":0,"menu_order":0,"comment_status":"closed","ping_status":"closed","template":"","meta":{"footnotes":""},"aioseo_notices":[],"_links":{"self":[{"href":"https:\/\/blogsaverroes.juntadeandalucia.es\/ciavieja\/wp-json\/wp\/v2\/pages\/132"}],"collection":[{"href":"https:\/\/blogsaverroes.juntadeandalucia.es\/ciavieja\/wp-json\/wp\/v2\/pages"}],"about":[{"href":"https:\/\/blogsaverroes.juntadeandalucia.es\/ciavieja\/wp-json\/wp\/v2\/types\/page"}],"author":[{"embeddable":true,"href":"https:\/\/blogsaverroes.juntadeandalucia.es\/ciavieja\/wp-json\/wp\/v2\/users\/19687"}],"replies":[{"embeddable":true,"href":"https:\/\/blogsaverroes.juntadeandalucia.es\/ciavieja\/wp-json\/wp\/v2\/comments?post=132"}],"version-history":[{"count":2,"href":"https:\/\/blogsaverroes.juntadeandalucia.es\/ciavieja\/wp-json\/wp\/v2\/pages\/132\/revisions"}],"predecessor-version":[{"id":134,"href":"https:\/\/blogsaverroes.juntadeandalucia.es\/ciavieja\/wp-json\/wp\/v2\/pages\/132\/revisions\/134"}],"wp:featuredmedia":[{"embeddable":true,"href":"https:\/\/blogsaverroes.juntadeandalucia.es\/ciavieja\/wp-json\/wp\/v2\/media\/135"}],"wp:attachment":[{"href":"https:\/\/blogsaverroes.juntadeandalucia.es\/ciavieja\/wp-json\/wp\/v2\/media?parent=132"}],"curies":[{"name":"wp","href":"https:\/\/api.w.org\/{rel}","templated":true}]}}