{"id":119,"date":"2024-07-03T09:08:00","date_gmt":"2024-07-03T07:08:00","guid":{"rendered":"https:\/\/blogsaverroes.juntadeandalucia.es\/cimaalmeria\/?page_id=119"},"modified":"2024-07-03T09:08:00","modified_gmt":"2024-07-03T07:08:00","slug":"manuales-certificacion","status":"publish","type":"page","link":"https:\/\/blogsaverroes.juntadeandalucia.es\/cimaalmeria\/documentacion\/manuales-certificacion\/","title":{"rendered":"Manuales Certificaci\u00f3n"},"content":{"rendered":"<p style=\"text-align: center\"><span style=\"font-family: verdana, geneva, sans-serif\"><strong>DOCUMENTOS DE AYUDA PARA LA CERTIFICACI\u00d3N DE LA PARTICIPACI\u00d3N EN EL PROGRAMA<\/strong><\/span><\/p>\n<table style=\"border-collapse: collapse;width: 100%\">\n<tbody>\n<tr>\n<td style=\"width: 33.3333%;text-align: center\"><span style=\"font-size: 20px;font-family: verdana, geneva, sans-serif\"><a href=\"https:\/\/drive.google.com\/file\/d\/17PL16jzT0C8tNfGuy39RclR5GrMISn3f\/view?usp=sharing\" target=\"_blank\" rel=\"noopener\">Tutorial. Versi\u00f3n extendida<\/a><\/span><\/td>\n<td style=\"width: 33.3333%;text-align: center\"><span style=\"font-size: 20px;font-family: verdana, geneva, sans-serif\"><a href=\"https:\/\/drive.google.com\/file\/d\/1-CHERNHrl-xXHWvj-kBaDJ3nTTVP1y9l\/view?usp=sharing\" target=\"_blank\" rel=\"noopener\">Tutorial. Versi\u00f3n abreviada<\/a><\/span><\/td>\n<td style=\"width: 19.8039%;height: 24px;text-align: center\"><span style=\"font-size: 20px;font-family: verdana, geneva, sans-serif\"><a href=\"https:\/\/youtu.be\/WJkzTAOP2Dg\" target=\"_blank\" rel=\"noopener noreferrer\">Vide<\/a><\/span><span style=\"font-size: 20px;font-family: verdana, geneva, sans-serif\"><a href=\"https:\/\/youtu.be\/WJkzTAOP2Dg\" target=\"_blank\" rel=\"noopener noreferrer\">otutorial<\/a><\/span><\/td>\n<\/tr>\n<\/tbody>\n<\/table>\n<p style=\"text-align: center\">\n<p style=\"text-align: center\"><img decoding=\"async\" class=\"aligncenter size-medium wp-image-115\" src=\"https:\/\/blogsaverroes.juntadeandalucia.es\/cimaalmeria\/files\/2024\/07\/ci-300x163.png\" alt=\"\" width=\"300\" height=\"163\" srcset=\"https:\/\/blogsaverroes.juntadeandalucia.es\/cimaalmeria\/files\/2024\/07\/ci-300x163.png 300w, https:\/\/blogsaverroes.juntadeandalucia.es\/cimaalmeria\/files\/2024\/07\/ci-24x13.png 24w, https:\/\/blogsaverroes.juntadeandalucia.es\/cimaalmeria\/files\/2024\/07\/ci-36x20.png 36w, https:\/\/blogsaverroes.juntadeandalucia.es\/cimaalmeria\/files\/2024\/07\/ci-48x26.png 48w, https:\/\/blogsaverroes.juntadeandalucia.es\/cimaalmeria\/files\/2024\/07\/ci.png 577w\" sizes=\"(max-width: 300px) 100vw, 300px\" \/><\/p>\n","protected":false},"excerpt":{"rendered":"<p>DOCUMENTOS DE AYUDA PARA LA CERTIFICACI\u00d3N DE LA PARTICIPACI\u00d3N EN EL PROGRAMA Tutorial. Versi\u00f3n extendida Tutorial. Versi\u00f3n abreviada Videotutorial<\/p>\n","protected":false},"author":1269,"featured_media":0,"parent":52,"menu_order":0,"comment_status":"closed","ping_status":"closed","template":"","meta":{"footnotes":"","_mc_calendar":[]},"aioseo_notices":[],"_links":{"self":[{"href":"https:\/\/blogsaverroes.juntadeandalucia.es\/cimaalmeria\/wp-json\/wp\/v2\/pages\/119"}],"collection":[{"href":"https:\/\/blogsaverroes.juntadeandalucia.es\/cimaalmeria\/wp-json\/wp\/v2\/pages"}],"about":[{"href":"https:\/\/blogsaverroes.juntadeandalucia.es\/cimaalmeria\/wp-json\/wp\/v2\/types\/page"}],"author":[{"embeddable":true,"href":"https:\/\/blogsaverroes.juntadeandalucia.es\/cimaalmeria\/wp-json\/wp\/v2\/users\/1269"}],"replies":[{"embeddable":true,"href":"https:\/\/blogsaverroes.juntadeandalucia.es\/cimaalmeria\/wp-json\/wp\/v2\/comments?post=119"}],"version-history":[{"count":2,"href":"https:\/\/blogsaverroes.juntadeandalucia.es\/cimaalmeria\/wp-json\/wp\/v2\/pages\/119\/revisions"}],"predecessor-version":[{"id":638,"href":"https:\/\/blogsaverroes.juntadeandalucia.es\/cimaalmeria\/wp-json\/wp\/v2\/pages\/119\/revisions\/638"}],"up":[{"embeddable":true,"href":"https:\/\/blogsaverroes.juntadeandalucia.es\/cimaalmeria\/wp-json\/wp\/v2\/pages\/52"}],"wp:attachment":[{"href":"https:\/\/blogsaverroes.juntadeandalucia.es\/cimaalmeria\/wp-json\/wp\/v2\/media?parent=119"}],"curies":[{"name":"wp","href":"https:\/\/api.w.org\/{rel}","templated":true}]}}