{"id":271,"date":"2025-03-20T09:23:12","date_gmt":"2025-03-20T08:23:12","guid":{"rendered":"https:\/\/blogsaverroes.juntadeandalucia.es\/cimaalmeria\/?page_id=271"},"modified":"2025-03-20T09:23:12","modified_gmt":"2025-03-20T08:23:12","slug":"steam","status":"publish","type":"page","link":"https:\/\/blogsaverroes.juntadeandalucia.es\/cimaalmeria\/steam\/","title":{"rendered":"STEAM"},"content":{"rendered":"<div class=\"pt-cv-wrapper\"><h4 class='pt-cv-heading-container heading4' data-blockid='8f8623cqik'><span class='pt-cv-heading'> Actuaciones de Centros <\/span><\/h4><div class=\"pt-cv-view pt-cv-blockgrid iscvblock iscvhybrid grid1 layout1\" id=\"pt-cv-view-8f8623cqik\"><div data-id=\"pt-cv-page-1\" class=\"pt-cv-page\" data-cvc=\"3\"><div class=\" pt-cv-content-item pt-cv-1-col\" ><div class=\"pt-cv-thumb-wrapper  \"><a href=\"https:\/\/blogsaverroes.juntadeandalucia.es\/cimaalmeria\/2025\/06\/30\/mascota-virtual\/\" class=\"_blank pt-cv-href-thumbnail pt-cv-thumb-default\" target=\"_blank\" ><img decoding=\"async\" width=\"150\" height=\"150\" src=\"https:\/\/blogsaverroes.juntadeandalucia.es\/cimaalmeria\/files\/2025\/06\/captura_mascota_erika-Montserrat-Gonzalez-Carretero-150x150.png\" class=\"pt-cv-thumbnail\" alt=\"\" \/><\/a><\/div>\n<h5 class=\"pt-cv-title\"><a href=\"https:\/\/blogsaverroes.juntadeandalucia.es\/cimaalmeria\/2025\/06\/30\/mascota-virtual\/\" class=\"_blank\" target=\"_blank\" >Mascota Virtual<\/a><\/h5>\n<div class=\"pt-cv-taxoterm below_title\"><a href='https:\/\/blogsaverroes.juntadeandalucia.es\/cimaalmeria\/category\/promocion-hhvs\/actividad-fisica-y-deporte\/' title='Actividad f\u00edsica y deporte' class='pt-cv-tax-actividad-fisica-y-deporte'>Actividad f\u00edsica y deporte<\/a><a href='https:\/\/blogsaverroes.juntadeandalucia.es\/cimaalmeria\/category\/promocion-hhvs\/alimentacion-saludable\/' title='Alimentaci\u00f3n saludable' class='pt-cv-tax-alimentacion-saludable'>Alimentaci\u00f3n saludable<\/a><a href='https:\/\/blogsaverroes.juntadeandalucia.es\/cimaalmeria\/category\/steam\/big-data\/' title='Big data' class='pt-cv-tax-big-data'>Big data<\/a><a href='https:\/\/blogsaverroes.juntadeandalucia.es\/cimaalmeria\/category\/steam\/inteligencia-artificial\/' title='Inteligencia Artificial' class='pt-cv-tax-inteligencia-artificial'>Inteligencia Artificial<\/a><a href='https:\/\/blogsaverroes.juntadeandalucia.es\/cimaalmeria\/category\/promocion-hhvs\/' title='Promoci\u00f3n HHVS' class='pt-cv-tax-promocion-hhvs'>Promoci\u00f3n HHVS<\/a><a href='https:\/\/blogsaverroes.juntadeandalucia.es\/cimaalmeria\/category\/steam\/' title='STEAM' class='pt-cv-tax-steam'>STEAM<\/a><\/div>\n<div class=\"pt-cv-content\">IES AL-\u00c1NDALUS. Proyecto relacionado con los saberes b\u00e1sicos de Ciencia de datos, Simulaci\u00f3n e Inteligencia Artificial , donde el alumnado ...<br \/><div class=\"pt-cv-rmwrap\"><a href=\"https:\/\/blogsaverroes.juntadeandalucia.es\/cimaalmeria\/2025\/06\/30\/mascota-virtual\/\" class=\"_blank pt-cv-readmore btn btn-success\" target=\"_blank\">Leer m\u00e1s<\/a><\/div><\/div><\/div>\n<div class=\" pt-cv-content-item pt-cv-1-col\" ><div class=\"pt-cv-thumb-wrapper  \"><a href=\"https:\/\/blogsaverroes.juntadeandalucia.es\/cimaalmeria\/2025\/06\/30\/despegamos-aterrizaje-en-la-luna\/\" class=\"_blank pt-cv-href-thumbnail pt-cv-thumb-default\" target=\"_blank\" ><img decoding=\"async\" width=\"150\" height=\"150\" src=\"https:\/\/blogsaverroes.juntadeandalucia.es\/cimaalmeria\/files\/2025\/06\/Screenshot-2025-06-30-at-09-45-25-Experiencias-Innovadoras-Steam-2024-2025-Ascension-Olvera-Rojas.pdf-Google-Drive-150x150.png\" class=\"pt-cv-thumbnail\" alt=\"\" \/><\/a><\/div>\n<h5 class=\"pt-cv-title\"><a href=\"https:\/\/blogsaverroes.juntadeandalucia.es\/cimaalmeria\/2025\/06\/30\/despegamos-aterrizaje-en-la-luna\/\" class=\"_blank\" target=\"_blank\" >Despegamos: aterrizaje en la luna.<\/a><\/h5>\n<div class=\"pt-cv-taxoterm below_title\"><a href='https:\/\/blogsaverroes.juntadeandalucia.es\/cimaalmeria\/category\/steam\/investigacion-aeroespacial\/' title='Investigaci\u00f3n aeroespacial' class='pt-cv-tax-investigacion-aeroespacial'>Investigaci\u00f3n aeroespacial<\/a><a href='https:\/\/blogsaverroes.juntadeandalucia.es\/cimaalmeria\/category\/steam\/' title='STEAM' class='pt-cv-tax-steam'>STEAM<\/a><\/div>\n<div class=\"pt-cv-content\">IES AGUADULCE. En esta experiencia, el IES Aguadulce nos muestra su experiencia dentro del \u00e1mbito\u00a0 STEAM, l\u00ednea de investigaci\u00f3n aeroespacial ...<br \/><div class=\"pt-cv-rmwrap\"><a href=\"https:\/\/blogsaverroes.juntadeandalucia.es\/cimaalmeria\/2025\/06\/30\/despegamos-aterrizaje-en-la-luna\/\" class=\"_blank pt-cv-readmore btn btn-success\" target=\"_blank\">Leer m\u00e1s<\/a><\/div><\/div><\/div>\n<div class=\" pt-cv-content-item pt-cv-1-col\" ><div class=\"pt-cv-thumb-wrapper  \"><a href=\"https:\/\/blogsaverroes.juntadeandalucia.es\/cimaalmeria\/2025\/06\/23\/proyecto-eco-arte-a-traves-del-triangulo-de-sierpinsky\/\" class=\"_blank pt-cv-href-thumbnail pt-cv-thumb-default\" target=\"_blank\" ><img decoding=\"async\" width=\"150\" height=\"150\" src=\"https:\/\/blogsaverroes.juntadeandalucia.es\/cimaalmeria\/files\/2025\/06\/Screenshot-2025-06-23-at-11-54-28-publicacion-en-web-Sierpinski-Julio-Carmona-Puerta.pdf-Google-Drive-150x150.png\" class=\"pt-cv-thumbnail\" alt=\"\" \/><\/a><\/div>\n<h5 class=\"pt-cv-title\"><a href=\"https:\/\/blogsaverroes.juntadeandalucia.es\/cimaalmeria\/2025\/06\/23\/proyecto-eco-arte-a-traves-del-triangulo-de-sierpinsky\/\" class=\"_blank\" target=\"_blank\" >Proyecto \u00abEco-Arte a trav\u00e9s del tri\u00e1ngulo de Sierpinsky\u00bb<\/a><\/h5>\n<div class=\"pt-cv-taxoterm below_title\"><a href='https:\/\/blogsaverroes.juntadeandalucia.es\/cimaalmeria\/category\/aldea-educacion-ambiental\/' title='Aldea.Educaci\u00f3n Ambiental.' class='pt-cv-tax-aldea-educacion-ambiental'>Aldea.Educaci\u00f3n Ambiental.<\/a><a href='https:\/\/blogsaverroes.juntadeandalucia.es\/cimaalmeria\/category\/steam\/' title='STEAM' class='pt-cv-tax-steam'>STEAM<\/a><\/div>\n<div class=\"pt-cv-content\">IES RIO ANDARAX. El proyecto \"Eco-arte a trav\u00e9s del tri\u00e1ngulo de Sierpinski\" es una iniciativa transversal que busca transformar el ...<br \/><div class=\"pt-cv-rmwrap\"><a href=\"https:\/\/blogsaverroes.juntadeandalucia.es\/cimaalmeria\/2025\/06\/23\/proyecto-eco-arte-a-traves-del-triangulo-de-sierpinsky\/\" class=\"_blank pt-cv-readmore btn btn-success\" target=\"_blank\">Leer m\u00e1s<\/a><\/div><\/div><\/div>\n<div class=\" pt-cv-content-item pt-cv-1-col\" ><div class=\"pt-cv-thumb-wrapper  \"><a href=\"https:\/\/blogsaverroes.juntadeandalucia.es\/cimaalmeria\/2025\/06\/23\/los-principios-de-la-ia\/\" class=\"_blank pt-cv-href-thumbnail pt-cv-thumb-default\" target=\"_blank\" ><img loading=\"lazy\" decoding=\"async\" width=\"150\" height=\"150\" src=\"https:\/\/blogsaverroes.juntadeandalucia.es\/cimaalmeria\/files\/2025\/06\/IA-Ezequiel-Raymond-Maldonado-150x150.jpg\" class=\"pt-cv-thumbnail\" alt=\"\" \/><\/a><\/div>\n<h5 class=\"pt-cv-title\"><a href=\"https:\/\/blogsaverroes.juntadeandalucia.es\/cimaalmeria\/2025\/06\/23\/los-principios-de-la-ia\/\" class=\"_blank\" target=\"_blank\" >Los principios de la IA<\/a><\/h5>\n<div class=\"pt-cv-taxoterm below_title\"><a href='https:\/\/blogsaverroes.juntadeandalucia.es\/cimaalmeria\/category\/steam\/inteligencia-artificial\/' title='Inteligencia Artificial' class='pt-cv-tax-inteligencia-artificial'>Inteligencia Artificial<\/a><a href='https:\/\/blogsaverroes.juntadeandalucia.es\/cimaalmeria\/category\/steam\/' title='STEAM' class='pt-cv-tax-steam'>STEAM<\/a><\/div>\n<div class=\"pt-cv-content\">IES ALGAZUL. Este curso hemos estado trabajando con el alumnado del Programa de Profundizaci\u00f3n y del Programa Investiga y Descubre ...<br \/><div class=\"pt-cv-rmwrap\"><a href=\"https:\/\/blogsaverroes.juntadeandalucia.es\/cimaalmeria\/2025\/06\/23\/los-principios-de-la-ia\/\" class=\"_blank pt-cv-readmore btn btn-success\" target=\"_blank\">Leer m\u00e1s<\/a><\/div><\/div><\/div>\n<div class=\" pt-cv-content-item pt-cv-1-col\" ><div class=\"pt-cv-thumb-wrapper  \"><a href=\"https:\/\/blogsaverroes.juntadeandalucia.es\/cimaalmeria\/2025\/06\/23\/robotica-dia-de-andalucia\/\" class=\"_blank pt-cv-href-thumbnail pt-cv-thumb-default\" target=\"_blank\" ><img loading=\"lazy\" decoding=\"async\" width=\"150\" height=\"150\" src=\"https:\/\/blogsaverroes.juntadeandalucia.es\/cimaalmeria\/files\/2025\/06\/Screenshot-2025-06-23-at-11-35-44-Exhibicion-de-practicas-con-robots-Maqueen-por-el-Dia-de-Andalucia-IES-Alhadra-150x150.png\" class=\"pt-cv-thumbnail\" alt=\"\" \/><\/a><\/div>\n<h5 class=\"pt-cv-title\"><a href=\"https:\/\/blogsaverroes.juntadeandalucia.es\/cimaalmeria\/2025\/06\/23\/robotica-dia-de-andalucia\/\" class=\"_blank\" target=\"_blank\" >Rob\u00f3tica d\u00eda de Andaluc\u00eda<\/a><\/h5>\n<div class=\"pt-cv-taxoterm below_title\"><a href='https:\/\/blogsaverroes.juntadeandalucia.es\/cimaalmeria\/category\/steam\/pensamiento-computacional\/' title='Pensamiento computacional' class='pt-cv-tax-pensamiento-computacional'>Pensamiento computacional<\/a><a href='https:\/\/blogsaverroes.juntadeandalucia.es\/cimaalmeria\/category\/steam\/' title='STEAM' class='pt-cv-tax-steam'>STEAM<\/a><\/div>\n<div class=\"pt-cv-content\">IES ALHADRA. Durante la \u00faltima semana de febrero, el IES Alhadra llev\u00f3 a cabo diversas actividades para conmemorar el D\u00eda ...<br \/><div class=\"pt-cv-rmwrap\"><a href=\"https:\/\/blogsaverroes.juntadeandalucia.es\/cimaalmeria\/2025\/06\/23\/robotica-dia-de-andalucia\/\" class=\"_blank pt-cv-readmore btn btn-success\" target=\"_blank\">Leer m\u00e1s<\/a><\/div><\/div><\/div>\n<div class=\" pt-cv-content-item pt-cv-1-col\" ><div class=\"pt-cv-thumb-wrapper  \"><a href=\"https:\/\/blogsaverroes.juntadeandalucia.es\/cimaalmeria\/2025\/06\/23\/746\/\" class=\"_blank pt-cv-href-thumbnail pt-cv-thumb-default\" target=\"_blank\" ><img loading=\"lazy\" decoding=\"async\" width=\"150\" height=\"150\" src=\"https:\/\/blogsaverroes.juntadeandalucia.es\/cimaalmeria\/files\/2025\/06\/Screenshot-2025-06-23-at-11-31-56-El-alumnado-de-2o-de-ESO-programa-vehiculos-inteligentes-en-Computacion-y-Robotica-IES-Alhadra-150x150.png\" class=\"pt-cv-thumbnail\" alt=\"\" \/><\/a><\/div>\n<h5 class=\"pt-cv-title\"><a href=\"https:\/\/blogsaverroes.juntadeandalucia.es\/cimaalmeria\/2025\/06\/23\/746\/\" class=\"_blank\" target=\"_blank\" >Programaci\u00f3n de veh\u00edculos inteligentes<\/a><\/h5>\n<div class=\"pt-cv-taxoterm below_title\"><a href='https:\/\/blogsaverroes.juntadeandalucia.es\/cimaalmeria\/category\/steam\/programacion-y-robotica\/' title='Programaci\u00f3n y rob\u00f3tica' class='pt-cv-tax-programacion-y-robotica'>Programaci\u00f3n y rob\u00f3tica<\/a><a href='https:\/\/blogsaverroes.juntadeandalucia.es\/cimaalmeria\/category\/steam\/' title='STEAM' class='pt-cv-tax-steam'>STEAM<\/a><\/div>\n<div class=\"pt-cv-content\">IES ALHADRA. Durante este trimestre, el alumnado de 2\u00ba de ESO ha desarrollado una interesante actividad pr\u00e1ctica dentro de la ...<br \/><div class=\"pt-cv-rmwrap\"><a href=\"https:\/\/blogsaverroes.juntadeandalucia.es\/cimaalmeria\/2025\/06\/23\/746\/\" class=\"_blank pt-cv-readmore btn btn-success\" target=\"_blank\">Leer m\u00e1s<\/a><\/div><\/div><\/div>\n<div class=\" pt-cv-content-item pt-cv-1-col\" ><div class=\"pt-cv-thumb-wrapper  \"><a href=\"https:\/\/blogsaverroes.juntadeandalucia.es\/cimaalmeria\/2025\/06\/23\/ciencia-en-equipo\/\" class=\"_blank pt-cv-href-thumbnail pt-cv-thumb-default\" target=\"_blank\" ><img loading=\"lazy\" decoding=\"async\" width=\"150\" height=\"150\" src=\"https:\/\/blogsaverroes.juntadeandalucia.es\/cimaalmeria\/files\/2025\/06\/Screenshot-2025-06-23-at-09-58-13-CIENCIA-EN-EQUIPO-Susana-Tellez-Montoro.pdf-Google-Drive-150x150.png\" class=\"pt-cv-thumbnail\" alt=\"\" \/><\/a><\/div>\n<h5 class=\"pt-cv-title\"><a href=\"https:\/\/blogsaverroes.juntadeandalucia.es\/cimaalmeria\/2025\/06\/23\/ciencia-en-equipo\/\" class=\"_blank\" target=\"_blank\" >Ciencia en Equipo<\/a><\/h5>\n<div class=\"pt-cv-taxoterm below_title\"><a href='https:\/\/blogsaverroes.juntadeandalucia.es\/cimaalmeria\/category\/steam\/ciberseguridad\/' title='Ciberseguridad' class='pt-cv-tax-ciberseguridad'>Ciberseguridad<\/a><a href='https:\/\/blogsaverroes.juntadeandalucia.es\/cimaalmeria\/category\/steam\/investigacion-cientifica\/' title='Investigaci\u00f3n Cient\u00edfica' class='pt-cv-tax-investigacion-cientifica'>Investigaci\u00f3n Cient\u00edfica<\/a><a href='https:\/\/blogsaverroes.juntadeandalucia.es\/cimaalmeria\/category\/steam\/pensamiento-computacional\/' title='Pensamiento computacional' class='pt-cv-tax-pensamiento-computacional'>Pensamiento computacional<\/a><a href='https:\/\/blogsaverroes.juntadeandalucia.es\/cimaalmeria\/category\/steam\/programacion-y-robotica\/' title='Programaci\u00f3n y rob\u00f3tica' class='pt-cv-tax-programacion-y-robotica'>Programaci\u00f3n y rob\u00f3tica<\/a><a href='https:\/\/blogsaverroes.juntadeandalucia.es\/cimaalmeria\/category\/steam\/razonamiento-matematico\/' title='Razonamiento matem\u00e1tico' class='pt-cv-tax-razonamiento-matematico'>Razonamiento matem\u00e1tico<\/a><a href='https:\/\/blogsaverroes.juntadeandalucia.es\/cimaalmeria\/category\/steam\/' title='STEAM' class='pt-cv-tax-steam'>STEAM<\/a><\/div>\n<div class=\"pt-cv-content\">IES AZCONA. Se engloban en esta acci\u00f3n objetivos de aprendizaje inherentes a las materias integrantes del \u00e1mbito cient\u00edfico-tecnol\u00f3gico, transmitiendo a ...<br \/><div class=\"pt-cv-rmwrap\"><a href=\"https:\/\/blogsaverroes.juntadeandalucia.es\/cimaalmeria\/2025\/06\/23\/ciencia-en-equipo\/\" class=\"_blank pt-cv-readmore btn btn-success\" target=\"_blank\">Leer m\u00e1s<\/a><\/div><\/div><\/div>\n<div class=\" pt-cv-content-item pt-cv-1-col\" ><div class=\"pt-cv-thumb-wrapper  \"><a href=\"https:\/\/blogsaverroes.juntadeandalucia.es\/cimaalmeria\/2025\/05\/29\/trabajo-transversal-en-cima\/\" class=\"_blank pt-cv-href-thumbnail pt-cv-thumb-default\" target=\"_blank\" ><img loading=\"lazy\" decoding=\"async\" width=\"150\" height=\"150\" src=\"https:\/\/blogsaverroes.juntadeandalucia.es\/cimaalmeria\/files\/2025\/05\/Screenshot-2025-05-29-at-12-36-39-INNOVACION-CIMA-25.docx-04601907-E.I.-Sol-de-Portocarrero.pdf-Google-Drive-150x150.png\" class=\"pt-cv-thumbnail\" alt=\"\" \/><\/a><\/div>\n<h5 class=\"pt-cv-title\"><a href=\"https:\/\/blogsaverroes.juntadeandalucia.es\/cimaalmeria\/2025\/05\/29\/trabajo-transversal-en-cima\/\" class=\"_blank\" target=\"_blank\" >Trabajo Transversal en CIMA en la EI Sol de Portocarrero.<\/a><\/h5>\n<div class=\"pt-cv-taxoterm below_title\"><a href='https:\/\/blogsaverroes.juntadeandalucia.es\/cimaalmeria\/category\/promocion-hhvs\/actividad-fisica-y-deporte\/' title='Actividad f\u00edsica y deporte' class='pt-cv-tax-actividad-fisica-y-deporte'>Actividad f\u00edsica y deporte<\/a><a href='https:\/\/blogsaverroes.juntadeandalucia.es\/cimaalmeria\/category\/aldea-educacion-ambiental\/' title='Aldea.Educaci\u00f3n Ambiental.' class='pt-cv-tax-aldea-educacion-ambiental'>Aldea.Educaci\u00f3n Ambiental.<\/a><a href='https:\/\/blogsaverroes.juntadeandalucia.es\/cimaalmeria\/category\/superior\/general\/' title='General' class='pt-cv-tax-general'>General<\/a><a href='https:\/\/blogsaverroes.juntadeandalucia.es\/cimaalmeria\/category\/aldea-educacion-ambiental\/gestion-y-valor-del-agua\/' title='Gesti\u00f3n y valor del agua' class='pt-cv-tax-gestion-y-valor-del-agua'>Gesti\u00f3n y valor del agua<\/a><a href='https:\/\/blogsaverroes.juntadeandalucia.es\/cimaalmeria\/category\/steam\/pensamiento-computacional\/' title='Pensamiento computacional' class='pt-cv-tax-pensamiento-computacional'>Pensamiento computacional<\/a><a href='https:\/\/blogsaverroes.juntadeandalucia.es\/cimaalmeria\/category\/steam\/programacion-y-robotica\/' title='Programaci\u00f3n y rob\u00f3tica' class='pt-cv-tax-programacion-y-robotica'>Programaci\u00f3n y rob\u00f3tica<\/a><a href='https:\/\/blogsaverroes.juntadeandalucia.es\/cimaalmeria\/category\/promocion-hhvs\/' title='Promoci\u00f3n HHVS' class='pt-cv-tax-promocion-hhvs'>Promoci\u00f3n HHVS<\/a><a href='https:\/\/blogsaverroes.juntadeandalucia.es\/cimaalmeria\/category\/steam\/' title='STEAM' class='pt-cv-tax-steam'>STEAM<\/a><\/div>\n<div class=\"pt-cv-content\">EI SOL DE PORTOCARRERO En nuestro centro abordamos las l\u00edneas de intervenci\u00f3n del programa CIMA infiltradas en nuestro trabajo diario; ...<br \/><div class=\"pt-cv-rmwrap\"><a href=\"https:\/\/blogsaverroes.juntadeandalucia.es\/cimaalmeria\/2025\/05\/29\/trabajo-transversal-en-cima\/\" class=\"_blank pt-cv-readmore btn btn-success\" target=\"_blank\">Leer m\u00e1s<\/a><\/div><\/div><\/div>\n<div class=\" pt-cv-content-item pt-cv-1-col\" ><div class=\"pt-cv-thumb-wrapper  \"><a href=\"https:\/\/blogsaverroes.juntadeandalucia.es\/cimaalmeria\/2025\/05\/21\/gymkhana-matematica-ies-cura-valera\/\" class=\"_blank pt-cv-href-thumbnail pt-cv-thumb-default\" target=\"_blank\" ><img loading=\"lazy\" decoding=\"async\" width=\"150\" height=\"150\" src=\"https:\/\/blogsaverroes.juntadeandalucia.es\/cimaalmeria\/files\/2025\/05\/Screenshot-2025-05-21-at-08-46-58-Gymkhana-Matematica-\u2013-IES-Cura-Valera-Huercal-Overa-150x150.png\" class=\"pt-cv-thumbnail\" alt=\"\" \/><\/a><\/div>\n<h5 class=\"pt-cv-title\"><a href=\"https:\/\/blogsaverroes.juntadeandalucia.es\/cimaalmeria\/2025\/05\/21\/gymkhana-matematica-ies-cura-valera\/\" class=\"_blank\" target=\"_blank\" >Gymkhana matem\u00e1tica IES Cura Valera<\/a><\/h5>\n<div class=\"pt-cv-taxoterm below_title\"><a href='https:\/\/blogsaverroes.juntadeandalucia.es\/cimaalmeria\/category\/steam\/razonamiento-matematico\/' title='Razonamiento matem\u00e1tico' class='pt-cv-tax-razonamiento-matematico'>Razonamiento matem\u00e1tico<\/a><a href='https:\/\/blogsaverroes.juntadeandalucia.es\/cimaalmeria\/category\/steam\/' title='STEAM' class='pt-cv-tax-steam'>STEAM<\/a><\/div>\n<div class=\"pt-cv-content\">Desde el IES Cura Valera nos traen su Gymkhana matem\u00e1tica en la que han participado alumnos de diferentes centros educativos ...<br \/><div class=\"pt-cv-rmwrap\"><a href=\"https:\/\/blogsaverroes.juntadeandalucia.es\/cimaalmeria\/2025\/05\/21\/gymkhana-matematica-ies-cura-valera\/\" class=\"_blank pt-cv-readmore btn btn-success\" target=\"_blank\">Leer m\u00e1s<\/a><\/div><\/div><\/div>\n<div class=\" pt-cv-content-item pt-cv-1-col\" ><div class=\"pt-cv-thumb-wrapper  \"><a href=\"https:\/\/blogsaverroes.juntadeandalucia.es\/cimaalmeria\/2025\/05\/13\/robot-asistente-de-pizarra-para-aplicaciones-interdisciplinares\/\" class=\"_blank pt-cv-href-thumbnail pt-cv-thumb-default\" target=\"_blank\" ><img loading=\"lazy\" decoding=\"async\" width=\"150\" height=\"150\" src=\"https:\/\/blogsaverroes.juntadeandalucia.es\/cimaalmeria\/files\/2025\/05\/PHOTO-2025-04-27-15-15-47-Roberto-Hernandez-Toledo-150x150.jpg\" class=\"pt-cv-thumbnail\" alt=\"\" \/><\/a><\/div>\n<h5 class=\"pt-cv-title\"><a href=\"https:\/\/blogsaverroes.juntadeandalucia.es\/cimaalmeria\/2025\/05\/13\/robot-asistente-de-pizarra-para-aplicaciones-interdisciplinares\/\" class=\"_blank\" target=\"_blank\" >Robot asistente de pizarra para aplicaciones interdisciplinares.<\/a><\/h5>\n<div class=\"pt-cv-taxoterm below_title\"><a href='https:\/\/blogsaverroes.juntadeandalucia.es\/cimaalmeria\/category\/steam\/programacion-y-robotica\/' title='Programaci\u00f3n y rob\u00f3tica' class='pt-cv-tax-programacion-y-robotica'>Programaci\u00f3n y rob\u00f3tica<\/a><a href='https:\/\/blogsaverroes.juntadeandalucia.es\/cimaalmeria\/category\/steam\/' title='STEAM' class='pt-cv-tax-steam'>STEAM<\/a><\/div>\n<div class=\"pt-cv-content\">Desde el IES Campos de N\u00edjar nos traen: ROBOT ASISTENTE PARA PIZARRA:\u00a0PLOTER VERTICAL BASADO EN PROYECTO MAKELANGELO CON SOFTWARE Y ...<br \/><div class=\"pt-cv-rmwrap\"><a href=\"https:\/\/blogsaverroes.juntadeandalucia.es\/cimaalmeria\/2025\/05\/13\/robot-asistente-de-pizarra-para-aplicaciones-interdisciplinares\/\" class=\"_blank pt-cv-readmore btn btn-success\" target=\"_blank\">Leer m\u00e1s<\/a><\/div><\/div><\/div>\n<div class=\" pt-cv-content-item pt-cv-1-col\" ><div class=\"pt-cv-thumb-wrapper  \"><a href=\"https:\/\/blogsaverroes.juntadeandalucia.es\/cimaalmeria\/2025\/04\/01\/proyecto-dalisat-investigacion-aeroespacial-cansat\/\" class=\"_blank pt-cv-href-thumbnail pt-cv-thumb-default\" target=\"_blank\" ><img loading=\"lazy\" decoding=\"async\" width=\"150\" height=\"150\" src=\"https:\/\/blogsaverroes.juntadeandalucia.es\/cimaalmeria\/files\/2025\/04\/logodalisatt-150x150.jpg\" class=\"pt-cv-thumbnail\" alt=\"\" \/><\/a><\/div>\n<h5 class=\"pt-cv-title\"><a href=\"https:\/\/blogsaverroes.juntadeandalucia.es\/cimaalmeria\/2025\/04\/01\/proyecto-dalisat-investigacion-aeroespacial-cansat\/\" class=\"_blank\" target=\"_blank\" >Proyecto DaliSat. Investigaci\u00f3n aeroespacial CanSat.<\/a><\/h5>\n<div class=\"pt-cv-taxoterm below_title\"><a href='https:\/\/blogsaverroes.juntadeandalucia.es\/cimaalmeria\/category\/steam\/investigacion-aeroespacial\/' title='Investigaci\u00f3n aeroespacial' class='pt-cv-tax-investigacion-aeroespacial'>Investigaci\u00f3n aeroespacial<\/a><a href='https:\/\/blogsaverroes.juntadeandalucia.es\/cimaalmeria\/category\/steam\/' title='STEAM' class='pt-cv-tax-steam'>STEAM<\/a><\/div>\n<div class=\"pt-cv-content\">Proyecto DaliSat DaliSat es el proyecto desarrollado en el IES Ciudad de Dal\u00edas por nuestro equipo para el Desaf\u00edo CanSat ...<br \/><div class=\"pt-cv-rmwrap\"><a href=\"https:\/\/blogsaverroes.juntadeandalucia.es\/cimaalmeria\/2025\/04\/01\/proyecto-dalisat-investigacion-aeroespacial-cansat\/\" class=\"_blank pt-cv-readmore btn btn-success\" target=\"_blank\">Leer m\u00e1s<\/a><\/div><\/div><\/div>\n<div class=\" pt-cv-content-item pt-cv-1-col\" ><div class=\"pt-cv-thumb-wrapper  \"><a href=\"https:\/\/blogsaverroes.juntadeandalucia.es\/cimaalmeria\/2025\/04\/01\/arduino-dando-vida-a-las-ideas-reas-para-el-trabajo-diario-en-el-aula\/\" class=\"_blank pt-cv-href-thumbnail pt-cv-thumb-default\" target=\"_blank\" ><img loading=\"lazy\" decoding=\"async\" width=\"150\" height=\"150\" src=\"https:\/\/blogsaverroes.juntadeandalucia.es\/cimaalmeria\/files\/2025\/04\/ardui-150x150.png\" class=\"pt-cv-thumbnail\" alt=\"\" \/><\/a><\/div>\n<h5 class=\"pt-cv-title\"><a href=\"https:\/\/blogsaverroes.juntadeandalucia.es\/cimaalmeria\/2025\/04\/01\/arduino-dando-vida-a-las-ideas-reas-para-el-trabajo-diario-en-el-aula\/\" class=\"_blank\" target=\"_blank\" >Arduino:  dando vida a las ideas REAs para el trabajo diario en el aula.<\/a><\/h5>\n<div class=\"pt-cv-taxoterm below_title\"><a href='https:\/\/blogsaverroes.juntadeandalucia.es\/cimaalmeria\/category\/steam\/programacion-y-robotica\/' title='Programaci\u00f3n y rob\u00f3tica' class='pt-cv-tax-programacion-y-robotica'>Programaci\u00f3n y rob\u00f3tica<\/a><a href='https:\/\/blogsaverroes.juntadeandalucia.es\/cimaalmeria\/category\/steam\/' title='STEAM' class='pt-cv-tax-steam'>STEAM<\/a><\/div>\n<div class=\"pt-cv-content\">El IES Ciudad de Dal\u00edas impulsa la innovaci\u00f3n educativa con el proyecto \"Arduino: dando vida a las ideas REAs para ...<br \/><div class=\"pt-cv-rmwrap\"><a href=\"https:\/\/blogsaverroes.juntadeandalucia.es\/cimaalmeria\/2025\/04\/01\/arduino-dando-vida-a-las-ideas-reas-para-el-trabajo-diario-en-el-aula\/\" class=\"_blank pt-cv-readmore btn btn-success\" target=\"_blank\">Leer m\u00e1s<\/a><\/div><\/div><\/div><\/div><\/div><\/div>\t\t\t<style type=\"text\/css\" id=\"pt-cv-inline-style-fdcc153d1u\">\n#pt-cv-view-8f8623cqik .pt-cv-thumb-wrapper:not(.miniwrap) { width: 120px; }#pt-cv-view-8f8623cqik .pt-cv-thumbnail:not(.pt-cv-thumbnailsm) { height: 120px; }#pt-cv-view-8f8623cqik > .pt-cv-page {grid-template-columns: repeat(3, 1fr);grid-gap: 20px;}\n@media all and (max-width: 1024px) { \n#pt-cv-view-8f8623cqik > .pt-cv-page {grid-template-columns: repeat(2, 1fr);}\n} \n@media all and (max-width: 767px) { \n#pt-cv-view-8f8623cqik > .pt-cv-page {grid-template-columns: repeat(2, 1fr);}\n} <\/style>\r\n\t\t\t\n","protected":false},"excerpt":{"rendered":"","protected":false},"author":1269,"featured_media":0,"parent":0,"menu_order":0,"comment_status":"closed","ping_status":"closed","template":"","meta":{"footnotes":"","_mc_calendar":[]},"aioseo_notices":[],"_links":{"self":[{"href":"https:\/\/blogsaverroes.juntadeandalucia.es\/cimaalmeria\/wp-json\/wp\/v2\/pages\/271"}],"collection":[{"href":"https:\/\/blogsaverroes.juntadeandalucia.es\/cimaalmeria\/wp-json\/wp\/v2\/pages"}],"about":[{"href":"https:\/\/blogsaverroes.juntadeandalucia.es\/cimaalmeria\/wp-json\/wp\/v2\/types\/page"}],"author":[{"embeddable":true,"href":"https:\/\/blogsaverroes.juntadeandalucia.es\/cimaalmeria\/wp-json\/wp\/v2\/users\/1269"}],"replies":[{"embeddable":true,"href":"https:\/\/blogsaverroes.juntadeandalucia.es\/cimaalmeria\/wp-json\/wp\/v2\/comments?post=271"}],"version-history":[{"count":1,"href":"https:\/\/blogsaverroes.juntadeandalucia.es\/cimaalmeria\/wp-json\/wp\/v2\/pages\/271\/revisions"}],"predecessor-version":[{"id":273,"href":"https:\/\/blogsaverroes.juntadeandalucia.es\/cimaalmeria\/wp-json\/wp\/v2\/pages\/271\/revisions\/273"}],"wp:attachment":[{"href":"https:\/\/blogsaverroes.juntadeandalucia.es\/cimaalmeria\/wp-json\/wp\/v2\/media?parent=271"}],"curies":[{"name":"wp","href":"https:\/\/api.w.org\/{rel}","templated":true}]}}