{"id":67,"date":"2024-06-18T12:51:44","date_gmt":"2024-06-18T10:51:44","guid":{"rendered":"https:\/\/blogsaverroes.juntadeandalucia.es\/cimaalmeria\/?page_id=67"},"modified":"2025-03-14T13:13:14","modified_gmt":"2025-03-14T12:13:14","slug":"responsables-provinciales","status":"publish","type":"page","link":"https:\/\/blogsaverroes.juntadeandalucia.es\/cimaalmeria\/responsables-provinciales\/","title":{"rendered":"Responsables Provinciales\/EAP"},"content":{"rendered":"<table style=\"border-collapse: collapse;width: 100%\">\n<tbody>\n<tr style=\"border-style: hidden\">\n<td style=\"width: 100%;border-style: hidden;text-align: center\"><strong>RESPONSABLES PROVINCIALES DE CADA \u00c1MBITO<\/strong><a href=\"https:\/\/blogsaverroes.juntadeandalucia.es\/cimaalmeria\/files\/2025\/03\/responsables-2024.png\"><img fetchpriority=\"high\" decoding=\"async\" class=\"aligncenter wp-image-167\" src=\"https:\/\/blogsaverroes.juntadeandalucia.es\/cimaalmeria\/files\/2025\/03\/responsables-2024-300x145.png\" alt=\"\" width=\"678\" height=\"328\" srcset=\"https:\/\/blogsaverroes.juntadeandalucia.es\/cimaalmeria\/files\/2025\/03\/responsables-2024-300x145.png 300w, https:\/\/blogsaverroes.juntadeandalucia.es\/cimaalmeria\/files\/2025\/03\/responsables-2024-1024x496.png 1024w, https:\/\/blogsaverroes.juntadeandalucia.es\/cimaalmeria\/files\/2025\/03\/responsables-2024-768x372.png 768w, https:\/\/blogsaverroes.juntadeandalucia.es\/cimaalmeria\/files\/2025\/03\/responsables-2024-1536x744.png 1536w, https:\/\/blogsaverroes.juntadeandalucia.es\/cimaalmeria\/files\/2025\/03\/responsables-2024.png 1560w\" sizes=\"(max-width: 678px) 100vw, 678px\" \/><\/a><\/td>\n<\/tr>\n<tr style=\"border-style: hidden\">\n<td style=\"width: 100%\">\n<p style=\"text-align: center\"><span style=\"font-family: helvetica, arial, sans-serif\"><strong>MIEMBROS DEL EQUIPO DE ACOMPA\u00d1AMIENTO PEDAG\u00d3GICO<\/strong><\/span><\/p>\n<p><a href=\"https:\/\/blogsaverroes.juntadeandalucia.es\/cimaalmeria\/files\/2025\/03\/EAPCIMA.png\"><img decoding=\"async\" class=\"aligncenter wp-image-220\" src=\"https:\/\/blogsaverroes.juntadeandalucia.es\/cimaalmeria\/files\/2025\/03\/EAPCIMA-300x265.png\" alt=\"\" width=\"494\" height=\"436\" srcset=\"https:\/\/blogsaverroes.juntadeandalucia.es\/cimaalmeria\/files\/2025\/03\/EAPCIMA-300x265.png 300w, https:\/\/blogsaverroes.juntadeandalucia.es\/cimaalmeria\/files\/2025\/03\/EAPCIMA.png 632w\" sizes=\"(max-width: 494px) 100vw, 494px\" \/><\/a><\/td>\n<\/tr>\n<\/tbody>\n<\/table>\n<p>&nbsp;<\/p>\n","protected":false},"excerpt":{"rendered":"<p>RESPONSABLES PROVINCIALES DE CADA \u00c1MBITO MIEMBROS DEL EQUIPO DE ACOMPA\u00d1AMIENTO PEDAG\u00d3GICO &nbsp;<\/p>\n","protected":false},"author":1269,"featured_media":0,"parent":0,"menu_order":0,"comment_status":"closed","ping_status":"closed","template":"","meta":{"footnotes":"","_mc_calendar":[]},"aioseo_notices":[],"_links":{"self":[{"href":"https:\/\/blogsaverroes.juntadeandalucia.es\/cimaalmeria\/wp-json\/wp\/v2\/pages\/67"}],"collection":[{"href":"https:\/\/blogsaverroes.juntadeandalucia.es\/cimaalmeria\/wp-json\/wp\/v2\/pages"}],"about":[{"href":"https:\/\/blogsaverroes.juntadeandalucia.es\/cimaalmeria\/wp-json\/wp\/v2\/types\/page"}],"author":[{"embeddable":true,"href":"https:\/\/blogsaverroes.juntadeandalucia.es\/cimaalmeria\/wp-json\/wp\/v2\/users\/1269"}],"replies":[{"embeddable":true,"href":"https:\/\/blogsaverroes.juntadeandalucia.es\/cimaalmeria\/wp-json\/wp\/v2\/comments?post=67"}],"version-history":[{"count":7,"href":"https:\/\/blogsaverroes.juntadeandalucia.es\/cimaalmeria\/wp-json\/wp\/v2\/pages\/67\/revisions"}],"predecessor-version":[{"id":241,"href":"https:\/\/blogsaverroes.juntadeandalucia.es\/cimaalmeria\/wp-json\/wp\/v2\/pages\/67\/revisions\/241"}],"wp:attachment":[{"href":"https:\/\/blogsaverroes.juntadeandalucia.es\/cimaalmeria\/wp-json\/wp\/v2\/media?parent=67"}],"curies":[{"name":"wp","href":"https:\/\/api.w.org\/{rel}","templated":true}]}}