{"id":64,"date":"2022-03-08T22:50:10","date_gmt":"2022-03-08T22:50:10","guid":{"rendered":"https:\/\/blogsaverroes.juntadeandalucia.es\/coedusacratif\/?page_id=64"},"modified":"2022-03-08T22:56:47","modified_gmt":"2022-03-08T22:56:47","slug":"presentacion","status":"publish","type":"page","link":"https:\/\/blogsaverroes.juntadeandalucia.es\/coedusacratif\/presentacion\/","title":{"rendered":"PRESENTACI\u00d3N."},"content":{"rendered":"<p>Desde el curso 2019\/2020, nuestro centro educativo participa en una <u>campa\u00f1a<\/u>&nbsp;financiada por el&nbsp;<strong>Pacto de Estado contra la Violencia de G\u00e9nero&nbsp;<\/strong>que pretende <em><strong>fomentar medidas y actuaciones destinadas a la prevenci\u00f3n de la violencia de g\u00e9nero entre el alumnado<\/strong><\/em> de los centros docentes p\u00fablicos de la comunidad aut\u00f3noma de&nbsp;Andaluc\u00eda.<\/p>\n<p>Con la dotaci\u00f3n otorgada por la participaci\u00f3n en este programa durante los cursos 2019\/20, 2020\/21 y 2021\/22, as\u00ed como la colaboraci\u00f3n del Instituto Andaluza de la Mujer,&nbsp; hemos realizado diversas actuaciones con el alumnado y familias, tanto en horario lectivo como extraescolar, buscando una participaci\u00f3n activa en las mismas.<\/p>\n<p>Entre las actividades que hemos realizado est\u00e1n las siguientes:<\/p>\n<ul>\n<li>Elaboraci\u00f3n de creaciones art\u00edsticas y literarias: carteles, murales y v\u00eddeos.<\/li>\n<li>Charlas\/ Talleres formativos con el alumnado.&nbsp;<\/li>\n<li>Charlas\/ Talleres&nbsp; formativos para la comunidad educativa: familias.&nbsp;<\/li>\n<li>Concursos de creaciones gr\u00e1ficas o art\u00edsticas.<\/li>\n<li>Carrera contra la violencia de g\u00e9nero.&nbsp;<\/li>\n<li>Creaci\u00f3n de nuestros \u00abESPACIOS EDUCATIVOS\u00bb dedicados a la COEDUCACI\u00d3N-IGUALDAD ENTRE HOMBRES Y MUJERES, tanto en el patio del colegio como en la biblioteca del Centro.<\/li>\n<\/ul>\n<p>Estas actividades coexisten con las que se realizan desde el PLAN DE IGUALDAD ENTRE HOMBRES Y MUJERES EN EDUCACI\u00d3N, as\u00ed como con la celebraci\u00f3n de diferentes EFEM\u00c9RIDES que se llevan a cabo, <em><strong>teniendo cada una de ellas un lugar espec\u00edfico en nuestra web<\/strong><\/em>, que podr\u00e1s consultar si navegas en la misma.&nbsp;<\/p>\n<ul>\n<li><a href=\"https:\/\/blogsaverroes.juntadeandalucia.es\/directormanuelsomoza\/actividades-y-talleres-plan-de-igualdad\/\" target=\"_blank\" rel=\"noopener noreferrer\">ACTIVIDADES-TALLERES <\/a><a href=\"https:\/\/blogsaverroes.juntadeandalucia.es\/directormanuelsomoza\/actividades-y-talleres-plan-de-igualdad\/\" target=\"_blank\" rel=\"noopener noreferrer\">PREVENCI\u00d3N DE VIOLENCIA DE G\u00c9NERO<\/a><a href=\"https:\/\/blogsaverroes.juntadeandalucia.es\/directormanuelsomoza\/actividades-y-talleres-plan-de-igualdad\/\" target=\"_blank\" rel=\"noopener noreferrer\"> Y PLAN DE IGUALDAD.&nbsp;<\/a><\/li>\n<li><a href=\"https:\/\/blogsaverroes.juntadeandalucia.es\/directormanuelsomoza\/dia-internacional-contra-la-violencia-de-genero\/\" target=\"_blank\" rel=\"noopener noreferrer\">D\u00cdA INTERNACIONAL CONTRA LA VIOLENCIA DE G\u00c9NERO: 25 DE NOVIEMBRE.<\/a><\/li>\n<li><a href=\"https:\/\/blogsaverroes.juntadeandalucia.es\/directormanuelsomoza\/11-febrero-dia-de-la-mujer-y-nina-en-la-ciencia\/\" target=\"_blank\" rel=\"noopener noreferrer\">D\u00cdA INTERNACIONAL DE LA MUJER Y LA NI\u00d1A EN LA CIENCIA: 11 DE FEBRERO.<\/a><\/li>\n<li><a href=\"https:\/\/blogsaverroes.juntadeandalucia.es\/directormanuelsomoza\/8-marzo-dia-internacional-de-la-mujer\/\" target=\"_blank\" rel=\"noopener noreferrer\">D\u00cdA INTERNACIONAL DE LA MUJER: 8 MARZO.<\/a><\/li>\n<li><a href=\"https:\/\/blogsaverroes.juntadeandalucia.es\/directormanuelsomoza\/mujeres-en-el-flamenco\/\" target=\"_blank\" rel=\"noopener noreferrer\">MUJERES EN EL FLAMENCO.<\/a><\/li>\n<\/ul>\n<!--themify_builder_content-->\n<div id=\"themify_builder_content-64\" data-postid=\"64\" class=\"themify_builder_content themify_builder_content-64 themify_builder tf_clear\">\n    <\/div>\n<!--\/themify_builder_content-->\n","protected":false},"excerpt":{"rendered":"<p>Desde el curso 2019\/2020, nuestro centro educativo participa en una campa\u00f1a&nbsp;financiada por el&nbsp;Pacto de Estado contra la Violencia de G\u00e9nero&nbsp;que pretende fomentar medidas y actuaciones destinadas a la prevenci\u00f3n de la violencia de g\u00e9nero entre el alumnado de los centros docentes p\u00fablicos de la comunidad aut\u00f3noma de&nbsp;Andaluc\u00eda. Con la dotaci\u00f3n otorgada por la participaci\u00f3n en [&hellip;]<\/p>\n","protected":false},"author":11443,"featured_media":56,"parent":0,"menu_order":0,"comment_status":"closed","ping_status":"closed","template":"","meta":{"ngg_post_thumbnail":0,"footnotes":""},"aioseo_notices":[],"_links":{"self":[{"href":"https:\/\/blogsaverroes.juntadeandalucia.es\/coedusacratif\/wp-json\/wp\/v2\/pages\/64"}],"collection":[{"href":"https:\/\/blogsaverroes.juntadeandalucia.es\/coedusacratif\/wp-json\/wp\/v2\/pages"}],"about":[{"href":"https:\/\/blogsaverroes.juntadeandalucia.es\/coedusacratif\/wp-json\/wp\/v2\/types\/page"}],"author":[{"embeddable":true,"href":"https:\/\/blogsaverroes.juntadeandalucia.es\/coedusacratif\/wp-json\/wp\/v2\/users\/11443"}],"replies":[{"embeddable":true,"href":"https:\/\/blogsaverroes.juntadeandalucia.es\/coedusacratif\/wp-json\/wp\/v2\/comments?post=64"}],"version-history":[{"count":3,"href":"https:\/\/blogsaverroes.juntadeandalucia.es\/coedusacratif\/wp-json\/wp\/v2\/pages\/64\/revisions"}],"predecessor-version":[{"id":71,"href":"https:\/\/blogsaverroes.juntadeandalucia.es\/coedusacratif\/wp-json\/wp\/v2\/pages\/64\/revisions\/71"}],"wp:featuredmedia":[{"embeddable":true,"href":"https:\/\/blogsaverroes.juntadeandalucia.es\/coedusacratif\/wp-json\/wp\/v2\/media\/56"}],"wp:attachment":[{"href":"https:\/\/blogsaverroes.juntadeandalucia.es\/coedusacratif\/wp-json\/wp\/v2\/media?parent=64"}],"curies":[{"name":"wp","href":"https:\/\/api.w.org\/{rel}","templated":true}]}}