{"id":2726,"date":"2022-11-27T14:03:17","date_gmt":"2022-11-27T14:03:17","guid":{"rendered":"https:\/\/blogsaverroes.juntadeandalucia.es\/colecotodebornos\/?page_id=2726"},"modified":"2022-11-27T14:03:17","modified_gmt":"2022-11-27T14:03:17","slug":"auladjaque","status":"publish","type":"page","link":"https:\/\/blogsaverroes.juntadeandalucia.es\/colecoto\/planes-y-proyectos-2\/auladjaque\/","title":{"rendered":"AulaDjaque curso 2022\/2023"},"content":{"rendered":"<h2><span style=\"color: #339966\">El Plan de Actuaci\u00f3n <span style=\"color: #3366ff\">AulaDjaque<\/span> justifica y expone los beneficios de la<\/span><br \/>\n<span style=\"color: #339966\">ense\u00f1anza del ajedrez en alumnos, como herramienta educativa. Por<\/span><br \/>\n<span style=\"color: #339966\">ello la escuela es el lugar propicio para su aprendizaje y pr\u00e1ctica. El<\/span><br \/>\n<span style=\"color: #339966\">ajedrez como juego, deporte y actividad l\u00f3gico-matem\u00e1tica supone un<\/span><br \/>\n<span style=\"color: #339966\">pasatiempo que estimula a los alumnos a desarrollar habilidades y<\/span><br \/>\n<span style=\"color: #339966\">destrezas mentales, les proporciona un pensamiento reflexivo y<\/span><br \/>\n<span style=\"color: #339966\">anal\u00edtico que, aplicados a la vida diaria, mejora la concentraci\u00f3n, el<\/span><br \/>\n<span style=\"color: #339966\">razonamiento y el c\u00e1lculo l\u00f3gico.<\/span><\/h2>\n<h3><a href=\"https:\/\/blogsaverroes.juntadeandalucia.es\/colecotodebornos\/files\/2022\/12\/2178475_0.jpg\"><img loading=\"lazy\" decoding=\"async\" class=\"aligncenter size-full wp-image-2737\" src=\"https:\/\/blogsaverroes.juntadeandalucia.es\/colecotodebornos\/files\/2022\/12\/2178475_0.jpg\" alt=\"\" width=\"563\" height=\"354\"><\/a><span style=\"color: #339966\">Los peoncitos luchadores&#8230;<\/span><\/h3>\n<h3>Presentamos todas las piezas y su distribuci\u00f3n en el tablero. Hasta que no lo aprendan todo y para que no se l\u00eden, que jueguen siempre con las piezas que elijan, ya sean las blancas o las negras. Elegimos los peones y el rey. Jugamos a capturarlos y el primero que corona gana.<\/h3>\n<p><a href=\"https:\/\/blogsaverroes.juntadeandalucia.es\/colecotodebornos\/files\/2023\/06\/20230330_094715-scaled.jpg\"><img loading=\"lazy\" decoding=\"async\" class=\"aligncenter size-large wp-image-3131\" src=\"https:\/\/blogsaverroes.juntadeandalucia.es\/colecotodebornos\/files\/2023\/06\/20230330_094715-1024x768.jpg\" alt=\"\" width=\"782\" height=\"587\"><\/a> <a href=\"https:\/\/blogsaverroes.juntadeandalucia.es\/colecotodebornos\/files\/2023\/06\/20230330_124923-scaled.jpg\"><img loading=\"lazy\" decoding=\"async\" class=\"aligncenter size-large wp-image-3132\" src=\"https:\/\/blogsaverroes.juntadeandalucia.es\/colecotodebornos\/files\/2023\/06\/20230330_124923-1024x768.jpg\" alt=\"\" width=\"782\" height=\"587\"><\/a> <a href=\"https:\/\/blogsaverroes.juntadeandalucia.es\/colecotodebornos\/files\/2023\/06\/20230330_124928-scaled.jpg\"><img loading=\"lazy\" decoding=\"async\" class=\"aligncenter size-large wp-image-3133\" src=\"https:\/\/blogsaverroes.juntadeandalucia.es\/colecotodebornos\/files\/2023\/06\/20230330_124928-1024x768.jpg\" alt=\"\" width=\"782\" height=\"587\"><\/a><\/p>\n<h3><span style=\"color: #339966\">Las torres&#8230;<\/span> La torre de ajedrez se mueve siempre en l\u00edneas rectas. Esta pieza puede ir hacia adelante, hacia atr\u00e1s o hacia los lados, pero nunca en diagonal (como es el caso de la dama o el alfil). La torre puede moverse a lo largo de cualquier columna.<\/h3>\n<h3>Jugamos con peones, una torre y el rey, capturamos y coronamos.<a href=\"https:\/\/blogsaverroes.juntadeandalucia.es\/colecotodebornos\/files\/2023\/06\/20230426_123600-scaled.jpg\"><img loading=\"lazy\" decoding=\"async\" class=\"aligncenter size-large wp-image-3134\" src=\"https:\/\/blogsaverroes.juntadeandalucia.es\/colecotodebornos\/files\/2023\/06\/20230426_123600-1024x1024.jpg\" alt=\"\" width=\"782\" height=\"782\"><\/a> <a href=\"https:\/\/blogsaverroes.juntadeandalucia.es\/colecotodebornos\/files\/2023\/06\/20230426_123612-scaled.jpg\"><img loading=\"lazy\" decoding=\"async\" class=\"aligncenter size-large wp-image-3135\" src=\"https:\/\/blogsaverroes.juntadeandalucia.es\/colecotodebornos\/files\/2023\/06\/20230426_123612-1024x1024.jpg\" alt=\"\" width=\"782\" height=\"782\"><\/a> <a href=\"https:\/\/blogsaverroes.juntadeandalucia.es\/colecotodebornos\/files\/2023\/06\/20230426_123743-scaled.jpg\"><img loading=\"lazy\" decoding=\"async\" class=\"aligncenter size-large wp-image-3136\" src=\"https:\/\/blogsaverroes.juntadeandalucia.es\/colecotodebornos\/files\/2023\/06\/20230426_123743-1024x1024.jpg\" alt=\"\" width=\"782\" height=\"782\"><\/a><\/h3>\n<h3><span style=\"color: #339966\">El alfil &#8220;pinchito&#8221;<\/span>&#8230; El alfil de ajedrez se mueve siempre en diagonal.&nbsp;Esta pieza puede ir hacia adelante o hacia atr\u00e1s, pero siempre en diagonal.<\/h3>\n<p><a href=\"https:\/\/blogsaverroes.juntadeandalucia.es\/colecotodebornos\/files\/2023\/06\/pinchito-1.gif\"><img loading=\"lazy\" decoding=\"async\" class=\"aligncenter size-full wp-image-3147\" src=\"https:\/\/blogsaverroes.juntadeandalucia.es\/colecotodebornos\/files\/2023\/06\/pinchito-1.gif\" alt=\"\" width=\"512\" height=\"512\"><\/a><\/p>\n<h3>Jugamos con alfil en diagonal de distinto color, peones y el rey. Capturamos y coronamos.<a href=\"https:\/\/blogsaverroes.juntadeandalucia.es\/colecotodebornos\/files\/2023\/06\/20230426_123807-1-scaled.jpg\"><img loading=\"lazy\" decoding=\"async\" class=\"aligncenter size-large wp-image-3145\" src=\"https:\/\/blogsaverroes.juntadeandalucia.es\/colecotodebornos\/files\/2023\/06\/20230426_123807-1-1024x1024.jpg\" alt=\"\" width=\"782\" height=\"782\"><\/a><\/h3>\n<h3><span style=\"color: #339966\">El caballo lechuguero&#8230; <span style=\"color: #000000\">El movimiento del caballo en ajedrez es en forma de L, dos casillas en una direcci\u00f3n y una casilla en la otra direcci\u00f3n perpendicular.<\/span><\/span><\/h3>\n<p><a href=\"https:\/\/blogsaverroes.juntadeandalucia.es\/colecotodebornos\/files\/2023\/06\/caballo-lechuguero.gif\"><img loading=\"lazy\" decoding=\"async\" class=\"aligncenter size-full wp-image-3139\" src=\"https:\/\/blogsaverroes.juntadeandalucia.es\/colecotodebornos\/files\/2023\/06\/caballo-lechuguero.gif\" alt=\"\" width=\"512\" height=\"512\"><\/a><\/p>\n<div class=\"row\">\n<div class=\"col-md-12\">\n<h2><span style=\"color: #3366ff\">V\u00eddeo &#8220;El caballo perezoso&#8221;<\/span><\/h2>\n<h3><span style=\"color: #339966\"><strong>Sinopsis<\/strong><\/span><\/h3>\n<h3>\u25cfSe cuenta la historia de un caballo que no hac\u00eda su trabajo y le dieron una lecci\u00f3n para que fuera responsables de sus deberes.<\/h3>\n<\/div>\n<\/div>\n<div class=\"row\">\n<div class=\"col-md-6\">\n<h3><span style=\"color: #339966\"><strong>Aprendizajes esperados<\/strong><\/span><\/h3>\n<h3>\u25cfReconoce y agradece la ayuda que le brinda sus familia, sus maestros y compa\u00f1eros, y personas que le brindan alg\u00fan servicio en la comunidad.<br \/>\n\u25cfMuestra disposici\u00f3n y optimismo ante retos o tareas.<br \/>\n\u25cfComprende que los h\u00e1bitos aprendidos muestran su capacidad de valerse por s\u00ed mismo.<\/h3>\n<\/div>\n<\/div>\n<div style=\"width: 640px;\" class=\"wp-video\"><!--[if lt IE 9]><script>document.createElement('video');<\/script><![endif]-->\n<video class=\"wp-video-shortcode\" id=\"video-2726-1\" width=\"640\" height=\"360\" preload=\"metadata\" controls=\"controls\"><source type=\"video\/mp4\" src=\"https:\/\/blogsaverroes.juntadeandalucia.es\/colecotodebornos\/files\/2023\/06\/El-caballo-perezoso-cuentos-morales-para-ni\u00f1os.mp4?_=1\" \/><a href=\"https:\/\/blogsaverroes.juntadeandalucia.es\/colecotodebornos\/files\/2023\/06\/El-caballo-perezoso-cuentos-morales-para-ni\u00f1os.mp4\">https:\/\/blogsaverroes.juntadeandalucia.es\/colecotodebornos\/files\/2023\/06\/El-caballo-perezoso-cuentos-morales-para-ni\u00f1os.mp4<\/a><\/video><\/div>\n<h1 style=\"text-align: center\"><span style=\"color: #339966\">aulaDjaque<\/span><\/h1>\n<h2>Con el&nbsp; ajedrez trabajamos la<span style=\"color: #339966\"> inteligencia emocional<\/span>. Fomenta valores positivos, la sociabilidad, la resistencia a la frustraci\u00f3n, el control de la impulsividad, saber perder y aceptar los contratiempos aprendiendo a superarlos. Con los errores, tambi\u00e9n se aprende.<\/h2>\n<h2 style=\"text-align: center\"><span style=\"color: #3366ff\">Aula de 3\u00ba<\/span><\/h2>\n<p><a href=\"https:\/\/blogsaverroes.juntadeandalucia.es\/colecotodebornos\/files\/2023\/06\/20230609_100308-scaled.jpg\"><img loading=\"lazy\" decoding=\"async\" class=\"aligncenter size-large wp-image-3142\" src=\"https:\/\/blogsaverroes.juntadeandalucia.es\/colecotodebornos\/files\/2023\/06\/20230609_100308-1024x577.jpg\" alt=\"\" width=\"782\" height=\"441\"><\/a> <a href=\"https:\/\/blogsaverroes.juntadeandalucia.es\/colecotodebornos\/files\/2023\/06\/20230609_100345-scaled.jpg\"><img loading=\"lazy\" decoding=\"async\" class=\"aligncenter size-large wp-image-3143\" src=\"https:\/\/blogsaverroes.juntadeandalucia.es\/colecotodebornos\/files\/2023\/06\/20230609_100345-1024x577.jpg\" alt=\"\" width=\"782\" height=\"441\"><\/a><\/p>\n","protected":false},"excerpt":{"rendered":"<p>El Plan de Actuaci\u00f3n AulaDjaque justifica y expone los beneficios de la ense\u00f1anza del ajedrez en alumnos, como herramienta educativa. Por ello la escuela es el lugar propicio para su aprendizaje y pr\u00e1ctica. El ajedrez como juego, deporte y actividad l\u00f3gico-matem\u00e1tica supone un pasatiempo que estimula a los alumnos a desarrollar habilidades y destrezas mentales, [&hellip;]<\/p>\n","protected":false},"author":10756,"featured_media":0,"parent":44,"menu_order":0,"comment_status":"closed","ping_status":"closed","template":"","meta":{"_et_pb_use_builder":"","_et_pb_old_content":"","_et_gb_content_width":"","ngg_post_thumbnail":0,"footnotes":""},"aioseo_notices":[],"_links":{"self":[{"href":"https:\/\/blogsaverroes.juntadeandalucia.es\/colecoto\/wp-json\/wp\/v2\/pages\/2726"}],"collection":[{"href":"https:\/\/blogsaverroes.juntadeandalucia.es\/colecoto\/wp-json\/wp\/v2\/pages"}],"about":[{"href":"https:\/\/blogsaverroes.juntadeandalucia.es\/colecoto\/wp-json\/wp\/v2\/types\/page"}],"author":[{"embeddable":true,"href":"https:\/\/blogsaverroes.juntadeandalucia.es\/colecoto\/wp-json\/wp\/v2\/users\/10756"}],"replies":[{"embeddable":true,"href":"https:\/\/blogsaverroes.juntadeandalucia.es\/colecoto\/wp-json\/wp\/v2\/comments?post=2726"}],"version-history":[{"count":0,"href":"https:\/\/blogsaverroes.juntadeandalucia.es\/colecoto\/wp-json\/wp\/v2\/pages\/2726\/revisions"}],"up":[{"embeddable":true,"href":"https:\/\/blogsaverroes.juntadeandalucia.es\/colecoto\/wp-json\/wp\/v2\/pages\/44"}],"wp:attachment":[{"href":"https:\/\/blogsaverroes.juntadeandalucia.es\/colecoto\/wp-json\/wp\/v2\/media?parent=2726"}],"curies":[{"name":"wp","href":"https:\/\/api.w.org\/{rel}","templated":true}]}}