{"id":44,"date":"2015-03-13T08:42:15","date_gmt":"2015-03-13T08:42:15","guid":{"rendered":"http:\/\/blogsaverroes.juntadeandalucia.es\/pre\/ceip\/?page_id=44"},"modified":"2021-01-27T21:12:54","modified_gmt":"2021-01-27T21:12:54","slug":"planes-y-proyectos","status":"publish","type":"page","link":"https:\/\/blogsaverroes.juntadeandalucia.es\/colecotodebornos\/planes-y-proyectos\/","title":{"rendered":"Planes y Programas"},"content":{"rendered":"<p>En el curso 2020\/2021 el centro est\u00e1 desarrollando diferentes planes y programas de innovaci\u00f3n educativa:<\/p>\n<ul>\n<li>Red Andaluza Escuela: \u00abEspacio de Paz\u00bb<\/li>\n<li>Prevenci\u00f3n de la Violencia de G\u00e9nero<\/li>\n<li>Plan de igualdad de g\u00e9nero en educaci\u00f3n<\/li>\n<li>Creciendo en salud<\/li>\n<li>Aldea. Educaci\u00f3n Ambiental para la Comunidad Educativa.<\/li>\n<li>Vivir y sentir el patrimonio<\/li>\n<li>Transformaci\u00f3n Digital Educativa<\/li>\n<\/ul>\n","protected":false},"excerpt":{"rendered":"<p>En el curso 2020\/2021 el centro est\u00e1 desarrollando diferentes planes y programas de innovaci\u00f3n educativa: Red Andaluza Escuela: \u00abEspacio de Paz\u00bb Prevenci\u00f3n de la Violencia de G\u00e9nero Plan de igualdad de g\u00e9nero en educaci\u00f3n&#46;&#46;&#46;<\/p>\n","protected":false},"author":1,"featured_media":0,"parent":0,"menu_order":0,"comment_status":"closed","ping_status":"closed","template":"page-cs.php","meta":{"ngg_post_thumbnail":0,"footnotes":"","_mc_calendar":[]},"aioseo_notices":[],"_links":{"self":[{"href":"https:\/\/blogsaverroes.juntadeandalucia.es\/colecotodebornos\/wp-json\/wp\/v2\/pages\/44"}],"collection":[{"href":"https:\/\/blogsaverroes.juntadeandalucia.es\/colecotodebornos\/wp-json\/wp\/v2\/pages"}],"about":[{"href":"https:\/\/blogsaverroes.juntadeandalucia.es\/colecotodebornos\/wp-json\/wp\/v2\/types\/page"}],"author":[{"embeddable":true,"href":"https:\/\/blogsaverroes.juntadeandalucia.es\/colecotodebornos\/wp-json\/wp\/v2\/users\/1"}],"replies":[{"embeddable":true,"href":"https:\/\/blogsaverroes.juntadeandalucia.es\/colecotodebornos\/wp-json\/wp\/v2\/comments?post=44"}],"version-history":[{"count":7,"href":"https:\/\/blogsaverroes.juntadeandalucia.es\/colecotodebornos\/wp-json\/wp\/v2\/pages\/44\/revisions"}],"predecessor-version":[{"id":2351,"href":"https:\/\/blogsaverroes.juntadeandalucia.es\/colecotodebornos\/wp-json\/wp\/v2\/pages\/44\/revisions\/2351"}],"wp:attachment":[{"href":"https:\/\/blogsaverroes.juntadeandalucia.es\/colecotodebornos\/wp-json\/wp\/v2\/media?parent=44"}],"curies":[{"name":"wp","href":"https:\/\/api.w.org\/{rel}","templated":true}]}}