{"id":2327,"date":"2020-12-03T11:31:26","date_gmt":"2020-12-03T11:31:26","guid":{"rendered":"https:\/\/blogsaverroes.juntadeandalucia.es\/coledarro\/?page_id=2327"},"modified":"2020-12-03T11:58:07","modified_gmt":"2020-12-03T11:58:07","slug":"programa-habitos-de-vida-saludables","status":"publish","type":"page","link":"https:\/\/blogsaverroes.juntadeandalucia.es\/coledarro\/programa-habitos-de-vida-saludables\/","title":{"rendered":"PROGRAMA H\u00c1BITOS DE VIDA SALUDABLES"},"content":{"rendered":"<p><img decoding=\"async\" class=\"img_banner\" title=\"Programa Educativo para la promoci\u00f3n de H\u00e1bitos de Vida Saludable\" src=\"https:\/\/www.juntadeandalucia.es\/educacion\/portals\/documents\/158007\/158520\/Banner+portal+HVS\/ba2188c7-5456-4d97-b781-183151f3e0ac?t=1604950144996\" alt=\"Programa Educativo para la promoci\u00f3n de H\u00e1bitos de Vida Saludable\"><\/p>\n<p>Bienvenidos al Programa Educativo para la promoci\u00f3n de H\u00e1bitos de Vida Saludable. En esta p\u00e1gina iremos subiendo algunas de las actuaciones que llevaremos a cabo en este programa.<\/p>\n<p><strong>L\u00cdNEA DE ACTUACI\u00d3N EDUCACI\u00d3N EMOCIONAL:<\/strong><\/p>\n<ul style=\"list-style-type: square\">\n<li><strong><em>Programa de desarrollo emocional:<\/em><\/strong> Este curso vamos a poner en pr\u00e1ctica el Programa de Desarrollo Emocional adaptado por la Diputaci\u00f3n de Guip\u00fazcua siguiendo el modelo de Bisquerra. Os dejamos un <a title=\"Programa de Desarrollo Emocional\" href=\"https:\/\/view.genial.ly\/5fb659ad4bd8c4109c689df5\/horizontal-infographic-timeline-programa-de-educacion-emocional-para-infantil-y-primaria\">genially<\/a> en el que se encuentra alojado todo el material as\u00ed como se ir\u00e1n colgando las fotos de las actividades que se hagan.<\/li>\n<\/ul>\n<p>&nbsp;<\/p>\n<p><strong>L\u00cdNEA DE ACTUACI\u00d3N ESTILOS DE VIDA SALUDABLES<\/strong>:<\/p>\n<ul style=\"list-style-type: square\">\n<li><em><strong>Creciendo en salud<\/strong><\/em>: este curso hemos vuelto a ser seleccionados como centro beneficiario del Plan de Consumo de Frutas y Hortalizas. Iremos colgando la informaci\u00f3n relativa al mismo que nos vaya llegando.<\/li>\n<li>Diversas actuaciones que fomentan los<em><strong> h\u00e1bitos de vida saludables<\/strong><\/em>:\n<ul style=\"list-style-type: square\">\n<li><a href=\"https:\/\/view.genial.ly\/5fb659ad4bd8c4109c689df5\/horizontal-infographic-timeline-programa-de-educacion-emocional-para-infantil-y-primaria\">Genially sobre creciendo en salud<\/a>, en el que se trabaja: la autoevaluaci\u00f3n del nivel de sedentarismo que tienen nuestros alumnos\/as, la importancia de una alimentaci\u00f3n adecuada, c\u00f3mo hacer frente al virus y otra autoevaluaci\u00f3n donde reflexionan sobre lo que han aprendido.<\/li>\n<\/ul>\n<\/li>\n<\/ul>\n<p>&nbsp;<\/p>\n<p>&nbsp;<\/p>\n<p><em><strong>ENLACES A DIVERSOS RECURSOS:<\/strong><\/em><\/p>\n<ul style=\"list-style-type: disc\">\n<li><a href=\"https:\/\/padlet.com\/antoniorodriguez28\/vus20b5nesfgeggp\">Padlet sobre buenas pr\u00e1cticas en tiempos de pandemia (creciendo en salud).<\/a><\/li>\n<li><a href=\"https:\/\/www.juntadeandalucia.es\/educacion\/portals\/web\/habitos-vida-saludable\">Portal de la Junta de Andaluc\u00eda<\/a> de H\u00e1bitos de Vida Saludables.<\/li>\n<\/ul>\n<p>&nbsp;<\/p>\n<p>&nbsp;<\/p>\n<p>&nbsp;<\/p>\n<p>&nbsp;<\/p>\n","protected":false},"excerpt":{"rendered":"<p>Bienvenidos al Programa Educativo para la promoci\u00f3n de H\u00e1bitos de Vida Saludable. En esta p\u00e1gina iremos subiendo algunas de las actuaciones que llevaremos a cabo en este programa. L\u00cdNEA DE ACTUACI\u00d3N EDUCACI\u00d3N EMOCIONAL: Programa&#46;&#46;&#46;<\/p>\n","protected":false},"author":3032,"featured_media":2328,"parent":0,"menu_order":0,"comment_status":"closed","ping_status":"closed","template":"","meta":{"ngg_post_thumbnail":0,"footnotes":"","_mc_calendar":[]},"aioseo_notices":[],"_links":{"self":[{"href":"https:\/\/blogsaverroes.juntadeandalucia.es\/coledarro\/wp-json\/wp\/v2\/pages\/2327"}],"collection":[{"href":"https:\/\/blogsaverroes.juntadeandalucia.es\/coledarro\/wp-json\/wp\/v2\/pages"}],"about":[{"href":"https:\/\/blogsaverroes.juntadeandalucia.es\/coledarro\/wp-json\/wp\/v2\/types\/page"}],"author":[{"embeddable":true,"href":"https:\/\/blogsaverroes.juntadeandalucia.es\/coledarro\/wp-json\/wp\/v2\/users\/3032"}],"replies":[{"embeddable":true,"href":"https:\/\/blogsaverroes.juntadeandalucia.es\/coledarro\/wp-json\/wp\/v2\/comments?post=2327"}],"version-history":[{"count":5,"href":"https:\/\/blogsaverroes.juntadeandalucia.es\/coledarro\/wp-json\/wp\/v2\/pages\/2327\/revisions"}],"predecessor-version":[{"id":2334,"href":"https:\/\/blogsaverroes.juntadeandalucia.es\/coledarro\/wp-json\/wp\/v2\/pages\/2327\/revisions\/2334"}],"wp:featuredmedia":[{"embeddable":true,"href":"https:\/\/blogsaverroes.juntadeandalucia.es\/coledarro\/wp-json\/wp\/v2\/media\/2328"}],"wp:attachment":[{"href":"https:\/\/blogsaverroes.juntadeandalucia.es\/coledarro\/wp-json\/wp\/v2\/media?parent=2327"}],"curies":[{"name":"wp","href":"https:\/\/api.w.org\/{rel}","templated":true}]}}