{"id":35,"date":"2015-03-13T08:21:43","date_gmt":"2015-03-13T08:21:43","guid":{"rendered":"http:\/\/blogsaverroes.juntadeandalucia.es\/pre\/ceip\/?page_id=35"},"modified":"2020-09-18T10:17:39","modified_gmt":"2020-09-18T10:17:39","slug":"el-centro-2","status":"publish","type":"page","link":"https:\/\/blogsaverroes.juntadeandalucia.es\/coledarro\/el-centro-2\/","title":{"rendered":"Datos del centro"},"content":{"rendered":"<p><iframe loading=\"lazy\" src=\"https:\/\/www.google.com\/maps\/embed?pb=!1m14!1m8!1m3!1d12687.163054316588!2d-3.291072!3d37.347462!3m2!1i1024!2i768!4f13.1!3m3!1m2!1s0x0%3A0x44705fd61ce1b0d8!2sCEIP%20Nuestra%20Se%C3%B1ora%20Del%20Amparo!5e0!3m2!1ses!2ses!4v1600423629952!5m2!1ses!2ses\" width=\"600\" height=\"450\" frameborder=\"0\"><\/iframe><\/p>\n<p>C.E.I.P. Ntra. Sra. del Amparo<\/p>\n<p><strong>Direcci\u00f3n:<\/strong> &nbsp;Calle Espinosa San Mart\u00edn, S.N. CP: 18181 Darro (Granada)<\/p>\n<p><strong>Tel\u00e9fono \/ FAX: <\/strong>958 69 99 09 \/ corporativo: 195909 \/ m\u00f3vil: 671566327<strong><br \/>\n<\/strong><\/p>\n<p><strong>Email:<\/strong> 18002255.edu@juntadeandalucia.es<\/p>\n<h4><strong>Horarios<\/strong><\/h4>\n<p>Secretar\u00eda: de 09:00 a 11:00 y de 12:00 a 13:00<\/p>\n<p>Horario de apertura del centro: de 08:55 a 16:00<\/p>\n<h4><strong>Oferta educativa<\/strong><\/h4>\n<p>Aula espec\u00edfica de Educaci\u00f3n Especial.<\/p>\n<p>Educaci\u00f3n infantil: 3 a\u00f1os, 4 a\u00f1os y 5 a\u00f1os.<\/p>\n<p>Educaci\u00f3n primaria: 1\u00ba, 2\u00ba, 3\u00ba, 4\u00ba, 5\u00ba y 6\u00ba.<\/p>\n<p>&nbsp;<\/p>\n","protected":false},"excerpt":{"rendered":"<p>C.E.I.P. Ntra. Sra. del Amparo Direcci\u00f3n: &nbsp;Calle Espinosa San Mart\u00edn, S.N. CP: 18181 Darro (Granada) Tel\u00e9fono \/ FAX: 958 69 99 09 \/ corporativo: 195909 \/ m\u00f3vil: 671566327 Email: 18002255.edu@juntadeandalucia.es Horarios Secretar\u00eda: de 09:00&#46;&#46;&#46;<\/p>\n","protected":false},"author":1,"featured_media":0,"parent":0,"menu_order":0,"comment_status":"closed","ping_status":"open","template":"","meta":{"ngg_post_thumbnail":0,"footnotes":"","_mc_calendar":[]},"aioseo_notices":[],"_links":{"self":[{"href":"https:\/\/blogsaverroes.juntadeandalucia.es\/coledarro\/wp-json\/wp\/v2\/pages\/35"}],"collection":[{"href":"https:\/\/blogsaverroes.juntadeandalucia.es\/coledarro\/wp-json\/wp\/v2\/pages"}],"about":[{"href":"https:\/\/blogsaverroes.juntadeandalucia.es\/coledarro\/wp-json\/wp\/v2\/types\/page"}],"author":[{"embeddable":true,"href":"https:\/\/blogsaverroes.juntadeandalucia.es\/coledarro\/wp-json\/wp\/v2\/users\/1"}],"replies":[{"embeddable":true,"href":"https:\/\/blogsaverroes.juntadeandalucia.es\/coledarro\/wp-json\/wp\/v2\/comments?post=35"}],"version-history":[{"count":22,"href":"https:\/\/blogsaverroes.juntadeandalucia.es\/coledarro\/wp-json\/wp\/v2\/pages\/35\/revisions"}],"predecessor-version":[{"id":2232,"href":"https:\/\/blogsaverroes.juntadeandalucia.es\/coledarro\/wp-json\/wp\/v2\/pages\/35\/revisions\/2232"}],"wp:attachment":[{"href":"https:\/\/blogsaverroes.juntadeandalucia.es\/coledarro\/wp-json\/wp\/v2\/media?parent=35"}],"curies":[{"name":"wp","href":"https:\/\/api.w.org\/{rel}","templated":true}]}}