{"id":44,"date":"2015-03-13T08:42:15","date_gmt":"2015-03-13T08:42:15","guid":{"rendered":"http:\/\/blogsaverroes.juntadeandalucia.es\/pre\/ceip\/?page_id=44"},"modified":"2022-01-11T11:56:05","modified_gmt":"2022-01-11T11:56:05","slug":"planes-y-proyectos","status":"publish","type":"page","link":"https:\/\/blogsaverroes.juntadeandalucia.es\/coledarro\/planes-y-proyectos\/","title":{"rendered":"Planes y Programas"},"content":{"rendered":"<p>Nuestro centro desarrolla multitud de planes y programas educativos cuyos coordinadores para el curso 2021-22 son los siguientes:<\/p>\n<ul>\n<li><strong>Plan de igualdad. <\/strong>Coordinadora: Ester Fern\u00e1ndez Albarral<\/li>\n<li><strong>Plan de apertura. <\/strong>Coordinadora: Luc\u00eda Torices L\u00f3pez<strong><br \/>\n<\/strong><\/li>\n<li><strong>Escuela espacio de paz. <\/strong>Coordinador: Jos\u00e9 Luis Ortega Le\u00f3n<strong><br \/>\n<\/strong><\/li>\n<li><strong>Prevenci\u00f3n de Riesgos Laborales&nbsp;<\/strong> Coordinadora Elisabeth Mart\u00edn Medina.<\/li>\n<li><strong>Programa H\u00e1bitos de vida saludables y Co<\/strong><strong>ordinaci\u00f3n COVID. <\/strong>Coordinadora: Elisabeth Mart\u00edn Medina.<strong><br \/>\n<\/strong><\/li>\n<li><strong>Transformaci\u00f3n Digital Educativa.<\/strong> Coordinadora Ver\u00f3nica Romero Morales.<\/li>\n<li><strong>Plan de Compensatoria.<\/strong> Coordinadora: Mar\u00eda Chavarino Lara\u00f1o.<\/li>\n<li><strong>Plan de Convivencia<\/strong>. Coordinadora: Ver\u00f3nica Romero Morales<\/li>\n<li><strong>Plan de Bibliotecas<\/strong>. Coordinadora: Mar\u00eda Chavarino Lara\u00f1o<\/li>\n<\/ul>\n<p>&nbsp;<\/p>\n","protected":false},"excerpt":{"rendered":"<p>Nuestro centro desarrolla multitud de planes y programas educativos cuyos coordinadores para el curso 2021-22 son los siguientes: Plan de igualdad. Coordinadora: Ester Fern\u00e1ndez Albarral Plan de apertura. Coordinadora: Luc\u00eda Torices L\u00f3pez Escuela espacio&#46;&#46;&#46;<\/p>\n","protected":false},"author":1,"featured_media":0,"parent":0,"menu_order":0,"comment_status":"closed","ping_status":"closed","template":"","meta":{"ngg_post_thumbnail":0,"footnotes":"","_mc_calendar":[]},"aioseo_notices":[],"_links":{"self":[{"href":"https:\/\/blogsaverroes.juntadeandalucia.es\/coledarro\/wp-json\/wp\/v2\/pages\/44"}],"collection":[{"href":"https:\/\/blogsaverroes.juntadeandalucia.es\/coledarro\/wp-json\/wp\/v2\/pages"}],"about":[{"href":"https:\/\/blogsaverroes.juntadeandalucia.es\/coledarro\/wp-json\/wp\/v2\/types\/page"}],"author":[{"embeddable":true,"href":"https:\/\/blogsaverroes.juntadeandalucia.es\/coledarro\/wp-json\/wp\/v2\/users\/1"}],"replies":[{"embeddable":true,"href":"https:\/\/blogsaverroes.juntadeandalucia.es\/coledarro\/wp-json\/wp\/v2\/comments?post=44"}],"version-history":[{"count":10,"href":"https:\/\/blogsaverroes.juntadeandalucia.es\/coledarro\/wp-json\/wp\/v2\/pages\/44\/revisions"}],"predecessor-version":[{"id":2462,"href":"https:\/\/blogsaverroes.juntadeandalucia.es\/coledarro\/wp-json\/wp\/v2\/pages\/44\/revisions\/2462"}],"wp:attachment":[{"href":"https:\/\/blogsaverroes.juntadeandalucia.es\/coledarro\/wp-json\/wp\/v2\/media?parent=44"}],"curies":[{"name":"wp","href":"https:\/\/api.w.org\/{rel}","templated":true}]}}