{"id":77,"date":"2015-03-16T06:54:56","date_gmt":"2015-03-16T06:54:56","guid":{"rendered":"http:\/\/blogsaverroes.juntadeandalucia.es\/pre\/ceip\/?page_id=77"},"modified":"2020-09-18T10:25:45","modified_gmt":"2020-09-18T10:25:45","slug":"secretaria","status":"publish","type":"page","link":"https:\/\/blogsaverroes.juntadeandalucia.es\/coledarro\/secretaria\/","title":{"rendered":"Secretar\u00eda"},"content":{"rendered":"<p>Horario de atenci\u00f3n a familias (previa cita telef\u00f3nica):<\/p>\n<p>09:30 a 11:00 y de 12:00 a 13:00<\/p>\n<p>Debe de acudir al centro una persona por familia provisto de mascarilla.<\/p>\n<p>Se deber\u00e1n de realizar la mayor\u00eda de los tr\u00e1mites de forma telem\u00e1tica usando para ello plataformas como Ipasen, S\u00e9neca, correo electr\u00f3nico&#8230;<\/p>\n<p><a href=\"https:\/\/blogsaverroes.juntadeandalucia.es\/coledarro\/contactar\/\">CONTACTO CON EL CENTRO<\/a><\/p>\n<p><a href=\"https:\/\/blogsaverroes.juntadeandalucia.es\/coledarro\/el-centro-2\/\">DATOS DEL CENTRO<\/a><\/p>\n<p>&nbsp;<\/p>\n","protected":false},"excerpt":{"rendered":"<p>Horario de atenci\u00f3n a familias (previa cita telef\u00f3nica): 09:30 a 11:00 y de 12:00 a 13:00 Debe de acudir al centro una persona por familia provisto de mascarilla. Se deber\u00e1n de realizar la mayor\u00eda&#46;&#46;&#46;<\/p>\n","protected":false},"author":1,"featured_media":0,"parent":0,"menu_order":0,"comment_status":"closed","ping_status":"open","template":"","meta":{"ngg_post_thumbnail":0,"footnotes":"","_mc_calendar":[]},"aioseo_notices":[],"_links":{"self":[{"href":"https:\/\/blogsaverroes.juntadeandalucia.es\/coledarro\/wp-json\/wp\/v2\/pages\/77"}],"collection":[{"href":"https:\/\/blogsaverroes.juntadeandalucia.es\/coledarro\/wp-json\/wp\/v2\/pages"}],"about":[{"href":"https:\/\/blogsaverroes.juntadeandalucia.es\/coledarro\/wp-json\/wp\/v2\/types\/page"}],"author":[{"embeddable":true,"href":"https:\/\/blogsaverroes.juntadeandalucia.es\/coledarro\/wp-json\/wp\/v2\/users\/1"}],"replies":[{"embeddable":true,"href":"https:\/\/blogsaverroes.juntadeandalucia.es\/coledarro\/wp-json\/wp\/v2\/comments?post=77"}],"version-history":[{"count":6,"href":"https:\/\/blogsaverroes.juntadeandalucia.es\/coledarro\/wp-json\/wp\/v2\/pages\/77\/revisions"}],"predecessor-version":[{"id":2235,"href":"https:\/\/blogsaverroes.juntadeandalucia.es\/coledarro\/wp-json\/wp\/v2\/pages\/77\/revisions\/2235"}],"wp:attachment":[{"href":"https:\/\/blogsaverroes.juntadeandalucia.es\/coledarro\/wp-json\/wp\/v2\/media?parent=77"}],"curies":[{"name":"wp","href":"https:\/\/api.w.org\/{rel}","templated":true}]}}