{"id":1062,"date":"2021-05-19T18:02:33","date_gmt":"2021-05-19T17:02:33","guid":{"rendered":"https:\/\/blogsaverroes.juntadeandalucia.es\/coledelobres\/?page_id=1062"},"modified":"2021-05-19T18:03:52","modified_gmt":"2021-05-19T17:03:52","slug":"nuestros-blogs","status":"publish","type":"page","link":"https:\/\/blogsaverroes.juntadeandalucia.es\/coledelobres\/nuestros-blogs\/","title":{"rendered":"Nuestros blogs"},"content":{"rendered":"<p>Aqu\u00ed pod\u00e9is visitar los blogs que est\u00e1n activos en nuestro centro actualmente.<\/p>\n<p><a href=\"https:\/\/tercerciclocervanteslobres.blogspot.com\/\">https:\/\/tercerciclocervanteslobres.blogspot.com\/<\/a><\/p>\n","protected":false},"excerpt":{"rendered":"<p>Aqu\u00ed pod\u00e9is visitar los blogs que est\u00e1n activos en nuestro centro actualmente. https:\/\/tercerciclocervanteslobres.blogspot.com\/<\/p>\n","protected":false},"author":12893,"featured_media":0,"parent":0,"menu_order":0,"comment_status":"closed","ping_status":"closed","template":"","meta":{"_et_pb_use_builder":"","_et_pb_old_content":"","_et_gb_content_width":"","ngg_post_thumbnail":0,"footnotes":""},"aioseo_notices":[],"_links":{"self":[{"href":"https:\/\/blogsaverroes.juntadeandalucia.es\/coledelobres\/wp-json\/wp\/v2\/pages\/1062"}],"collection":[{"href":"https:\/\/blogsaverroes.juntadeandalucia.es\/coledelobres\/wp-json\/wp\/v2\/pages"}],"about":[{"href":"https:\/\/blogsaverroes.juntadeandalucia.es\/coledelobres\/wp-json\/wp\/v2\/types\/page"}],"author":[{"embeddable":true,"href":"https:\/\/blogsaverroes.juntadeandalucia.es\/coledelobres\/wp-json\/wp\/v2\/users\/12893"}],"replies":[{"embeddable":true,"href":"https:\/\/blogsaverroes.juntadeandalucia.es\/coledelobres\/wp-json\/wp\/v2\/comments?post=1062"}],"version-history":[{"count":3,"href":"https:\/\/blogsaverroes.juntadeandalucia.es\/coledelobres\/wp-json\/wp\/v2\/pages\/1062\/revisions"}],"predecessor-version":[{"id":1065,"href":"https:\/\/blogsaverroes.juntadeandalucia.es\/coledelobres\/wp-json\/wp\/v2\/pages\/1062\/revisions\/1065"}],"wp:attachment":[{"href":"https:\/\/blogsaverroes.juntadeandalucia.es\/coledelobres\/wp-json\/wp\/v2\/media?parent=1062"}],"curies":[{"name":"wp","href":"https:\/\/api.w.org\/{rel}","templated":true}]}}