{"id":64,"date":"2020-01-09T11:41:42","date_gmt":"2020-01-09T10:41:42","guid":{"rendered":"http:\/\/blogsaverroes.juntadeandalucia.es\/pre\/nuevoceipv2\/?page_id=64"},"modified":"2021-06-03T09:18:24","modified_gmt":"2021-06-03T08:18:24","slug":"biblioteca","status":"publish","type":"page","link":"https:\/\/blogsaverroes.juntadeandalucia.es\/coledelobres\/biblioteca\/","title":{"rendered":"Biblioteca"},"content":{"rendered":"<p><strong>BIBLIOTECA ESCOLAR DEL CEIP CERVANTES LOBRES<\/strong><\/p>\n<p><strong>NUESTRA MASCOTA ES <\/strong><strong>BOULI<\/strong><\/p>\n<p><img loading=\"lazy\" decoding=\"async\" class=\"alignnone  wp-image-1073\" src=\"https:\/\/blogsaverroes.juntadeandalucia.es\/coledelobres\/files\/2021\/06\/mascota-biblio-190x300.jpeg\" alt=\"\" width=\"149\" height=\"235\">&nbsp;<\/p>\n<p><strong>HEMOS LLAMADO A NUESTRA BIBLIOTECA\u2026<\/strong><\/p>\n<p><strong> <img loading=\"lazy\" decoding=\"async\" class=\"alignnone  wp-image-1074\" src=\"https:\/\/blogsaverroes.juntadeandalucia.es\/coledelobres\/files\/2021\/06\/dibujo-biblio.jpeg\" alt=\"\" width=\"168\" height=\"168\"><\/strong><\/p>\n<p><strong>&nbsp;<\/strong><\/p>\n<p>La Biblioteca de nuestro centro se encuentra ubicada en la segunda planta del edificio. Est\u00e1 en un lugar accesible a toda la comunidad educativa y sobre todo del alumnado cuyas aulas est\u00e1n en el mismo pasillo.<\/p>\n<p>Nuestra biblioteca dispone de unos 3700 ejemplares catalogados y unos&nbsp; 150 por catalogar.<\/p>\n<p>Dichos libros est\u00e1n ubicados en estanter\u00edas y ordenados correctamente seg\u00fan las normas de la CDU.<\/p>\n<p>&nbsp;Los ejemplares destinados a los distintos ciclos est\u00e1n colocados en&nbsp; estanter\u00edas distintas y con f\u00e1cil acceso para el alumnado. A lo largo de este curso se ha revisado&nbsp; el fondo del que disponemos y se ha hecho expurgo de manera que quedaran a la vista los ejemplares m\u00e1s interesantes y hubiera espacio para las nuevas adquisiciones.<\/p>\n<p>La dotaci\u00f3n econ\u00f3mica para la mejora de las Bibliotecas Escolares la hemos destinado a:<\/p>\n<p>-Adquisici\u00f3n de t\u00edtulos y ejemplares de lectura en papel.<\/p>\n<p>-Adecuaci\u00f3n de espacios&nbsp; e instalaciones.<\/p>\n<p>-Adquisici\u00f3n de material inform\u00e1tico.<\/p>\n<p>&nbsp;<\/p>\n<p>&nbsp;Se ha hecho el trasvase de datos de nuestra&nbsp; anterior &nbsp;aplicaci\u00f3n inform\u00e1tica de gesti\u00f3n de bibliotecas escolares&nbsp; Abies hacia el nuevo m\u00f3dulo llamado Biblioweb S\u00e9neca.<\/p>\n<p>Dicho m\u00f3dulo facilitar\u00e1 a nuestro&nbsp; centro la gesti\u00f3n de nuestra biblioteca escolar como la gesti\u00f3n de fondos, ejemplares, lectores, pr\u00e9stamos, reservas y desideratas.<\/p>\n<p>&nbsp;La configuraci\u00f3n de la pol\u00edtica de pr\u00e9stamos, valores predefinidos en el registro de fondos, avisos, etc&#8230;<\/p>\n<p>La gesti\u00f3n del portal p\u00fablico de la biblioteca del centro, de las noticias de la biblioteca y la consulta de datos estad\u00edsticos de la misma.<\/p>\n<p>El acceso a las funcionalidades del m\u00f3dulo est\u00e1 disponible desde cualquier ordenador con conexi\u00f3n a&nbsp; Internet. El profesorado podr\u00e1 acceder desde S\u00e9neca y el alumnado desde Pasen. Este modulo permite a los lectores de la biblioteca gestionar personalmente sus propios pr\u00e9stamos, valoraciones, reservas, desideratas y uso de la biblioteca.<\/p>\n<p>&nbsp;<\/p>\n<p>Durante este curso, &nbsp;dadas las circunstancias especiales &nbsp;generadas por la pandemia de Covid 19, y por falta de aulas se usa la biblioteca escolar del centro para desdoblar el aula de Religi\u00f3n y Valores C\u00edvicos y como Aula de Convivencia.<\/p>\n<p>&nbsp;<\/p>\n<p>La responsable bibliotecaria durante este curso dispone de tres horas menos cuarto semanales para realizar las tareas b\u00e1sicas de catalogaci\u00f3n y expurgo, &nbsp;elecci\u00f3n, renovaci\u00f3n y distribuci\u00f3n de ejemplares para bibliotecas de aula.<\/p>\n<p>A pesar de la pandemia hemos mantenido el servicio de pr\u00e9stamo de nuestra biblioteca gracias a la colaboraci\u00f3n de los tutores\/as, que han tomado nota de los pr\u00e9stamos y devoluciones. La responsable junto con los tutores han establecido en cada aula&nbsp; un lugar para los posibles pr\u00e9stamos&nbsp; y otro para que las devoluciones estuvieran en cuarentena.<\/p>\n<p>&nbsp;<\/p>\n<p>&nbsp;<\/p>\n<p>&nbsp;<\/p>\n<p>&nbsp;<\/p>\n<p><strong>&nbsp;<\/strong><\/p>\n","protected":false},"excerpt":{"rendered":"<p>BIBLIOTECA ESCOLAR DEL CEIP CERVANTES LOBRES NUESTRA MASCOTA ES BOULI &nbsp; HEMOS LLAMADO A NUESTRA BIBLIOTECA\u2026 &nbsp; La Biblioteca de nuestro centro se encuentra ubicada en la segunda planta del edificio. Est\u00e1 en un lugar accesible a toda la comunidad educativa y sobre todo del alumnado cuyas aulas est\u00e1n en el mismo pasillo. Nuestra biblioteca [&hellip;]<\/p>\n","protected":false},"author":7051,"featured_media":0,"parent":0,"menu_order":0,"comment_status":"closed","ping_status":"closed","template":"","meta":{"_et_pb_use_builder":"off","_et_pb_old_content":"","_et_gb_content_width":"","ngg_post_thumbnail":0,"footnotes":""},"aioseo_notices":[],"_links":{"self":[{"href":"https:\/\/blogsaverroes.juntadeandalucia.es\/coledelobres\/wp-json\/wp\/v2\/pages\/64"}],"collection":[{"href":"https:\/\/blogsaverroes.juntadeandalucia.es\/coledelobres\/wp-json\/wp\/v2\/pages"}],"about":[{"href":"https:\/\/blogsaverroes.juntadeandalucia.es\/coledelobres\/wp-json\/wp\/v2\/types\/page"}],"author":[{"embeddable":true,"href":"https:\/\/blogsaverroes.juntadeandalucia.es\/coledelobres\/wp-json\/wp\/v2\/users\/7051"}],"replies":[{"embeddable":true,"href":"https:\/\/blogsaverroes.juntadeandalucia.es\/coledelobres\/wp-json\/wp\/v2\/comments?post=64"}],"version-history":[{"count":3,"href":"https:\/\/blogsaverroes.juntadeandalucia.es\/coledelobres\/wp-json\/wp\/v2\/pages\/64\/revisions"}],"predecessor-version":[{"id":1075,"href":"https:\/\/blogsaverroes.juntadeandalucia.es\/coledelobres\/wp-json\/wp\/v2\/pages\/64\/revisions\/1075"}],"wp:attachment":[{"href":"https:\/\/blogsaverroes.juntadeandalucia.es\/coledelobres\/wp-json\/wp\/v2\/media?parent=64"}],"curies":[{"name":"wp","href":"https:\/\/api.w.org\/{rel}","templated":true}]}}