{"id":825,"date":"2020-12-18T08:32:50","date_gmt":"2020-12-18T07:32:50","guid":{"rendered":"https:\/\/blogsaverroes.juntadeandalucia.es\/pre\/plantilla-pencil\/?page_id=824"},"modified":"2021-07-05T15:39:37","modified_gmt":"2021-07-05T14:39:37","slug":"2o-ciclo-de-educacion-infantil","status":"publish","type":"page","link":"https:\/\/blogsaverroes.juntadeandalucia.es\/coledelobres\/2o-ciclo-de-educacion-infantil\/","title":{"rendered":"2\u00ba Ciclo de Educaci\u00f3n Infantil"},"content":{"rendered":"<p>El segundo ciclo de Educaci\u00f3n infantil atiende a ni\u00f1os desde los 3 a los 6 a\u00f1os. En nuestro centro contamos con una l\u00ednea para cada curso; 3,4 y 5 a\u00f1os.<\/p>\n<p>En este momento crucial en la vida de nuestros alumnos, el aprendizaje depende fundamentalmente de su nivel de desarrollo y de la estimulaci\u00f3n que en \u00e9l se ejerza. Por este motivo, partimos de la individualidad de cada uno de nuestros\/as ni\u00f1os\/as, atendiendo a su diversidad y proporcionando experiencias de aprendizaje significativas.<\/p>\n<p>Nuestro objetivo principal es \u201cEDUCAR PARA LA VIDA\u201d y ofrecerles m\u00faltiples oportunidades para desarrollar su \u201cPROYECTO DE PERSONA\u201d.<\/p>\n<p>La metodolog\u00eda que llevamos a cabo nos permite que nuestro alumnado sea un agente activo de su propio aprendizaje. El ni\u00f1o construye su conocimiento a trav\u00e9s de la exploraci\u00f3n y la experiencia siempre en relaci\u00f3n con el otro (adulto y sus iguales).<\/p>\n<p>&#8211; El juego. Es el motor de toda actividad. A trav\u00e9s de \u00e9l construyen su conocimiento, por medio de la interacci\u00f3n con las personas y los objetos de su entorno.<\/p>\n<p>&#8211; Aprendizaje basado en proyectos. Esta es una estrategia basada en el alumnado como protagonista de su propio aprendizaje. Los conocimientos tienen la misma importancia que la adquisici\u00f3n de habilidades y actitudes. Lo que se busca es que nuestros alumnos pregunten, busquen, investiguen&#8230;est\u00e9n motivados por querer saber m\u00e1s.<\/p>\n<p>&#8211; Lectoescritura. Nuestro objetivo es que nuestro alumnado descubra lo \u00fatil y necesario que es aprender a leer en un contexto funcional y significativo en los que interacciona y se comunica con los dem\u00e1s. Cada uno de nuestros ni\u00f1os avanzar\u00e1 en el dominio de la Lectoescritura siguiendo y respetando su propio ritmo de aprendizaje.<\/p>\n<p>&#8211; Aprendizaje cooperativo. Important\u00edsimo que los ni\u00f1os aprendan a relacionarse y a compartir sus ideas, favoreciendo actitudes de dialogo, resoluci\u00f3n de problemas, repartici\u00f3n de tareas..<\/p>\n<p>Permitir descubrir a los ni\u00f1os\/as que \u201cNecesito de los otros y los otros necesitan de m\u00ed\u201d.<\/p>\n<p>&#8211; Matem\u00e1ticas manipulativas, introducci\u00f3n m\u00e9todo ABN. Creamos situaciones donde los ni\u00f1os ejerciten las diferentes capacidades l\u00f3gicas; observaci\u00f3n, relaciones, razonamiento\u2026<\/p>\n<p>Con la colaboraci\u00f3n de las familias creamos nuestros propios materiales para que as\u00ed manipulen y vayan generando ideas y conceptos desde su propio lenguaje.<\/p>\n<p>&#8211; Psicomotricidad. Intentamos con su pr\u00e1ctica promover el desarrollo integral de los ni\u00f1os, a trav\u00e9s del juego espontaneo y el juego dirigido. Todo ello rodeado de un clima de seguridad y diversi\u00f3n.<\/p>\n<p>&#8211; Biling\u00fcismo. Conscientes de la importancia y necesidad de aprender una segunda lengua apostamos por introducir dos horas semanales de ingl\u00e9s a la semana a cada nivel, con una metodolog\u00eda divertida donde el ni\u00f1o aprenda de manera f\u00e1cil.<\/p>\n<p>&#8211; Atenci\u00f3n a la diversidad. Nuestras clases est\u00e1n formadas por ni\u00f1os\/as muy diversos\/as en cuanto a capacidades, intereses, circunstancias y est\u00edmulos. Cada uno es distinto y nuestra labor es sacar lo mejor de ellos durante los a\u00f1os que est\u00e1n con nosotros.<\/p>\n<p>Nuestra intervenci\u00f3n educativa, se planifica con el objetivo claro de detectar y atender las diferentes caracter\u00edsticas de cada uno, para conseguir un desarrollo integral de todos ellos.<\/p>\n<p>A continuaci\u00f3n les dejamos el enlace a dos importantes documentos para el alumnado de tres a\u00f1os que va a incorporarse a nuestro centro.<\/p>\n<p><a href=\"https:\/\/blogsaverroes.juntadeandalucia.es\/coledelobres\/files\/2021\/06\/PAUTAS-A-TENER-EN-CUENTA-EN-3-A\u00d1OS.docx\">PAUTAS A TENER EN CUENTA EN 3 A\u00d1OS<\/a><\/p>\n<p><a href=\"https:\/\/blogsaverroes.juntadeandalucia.es\/coledelobres\/files\/2021\/06\/ENTREVISTA-INICIAL-3-A\u00d1OS.doc\">ENTREVISTA INICIAL 3 A\u00d1OS<\/a><\/p>\n<p><em><span style=\"font-size: 14pt\"><strong>Los listados de material para el pr\u00f3ximo curso son los siguientes:<\/strong><\/span><\/em><\/p>\n<p><a href=\"https:\/\/blogsaverroes.juntadeandalucia.es\/coledelobres\/files\/2021\/06\/MATERIAL-FUNGIBLE-PARA-3-A\u00d1OS.docx\">MATERIAL FUNGIBLE PARA 3 A\u00d1OS<\/a><\/p>\n<p><a href=\"https:\/\/blogsaverroes.juntadeandalucia.es\/coledelobres\/files\/2021\/07\/LIBROS-PARA-3-A\u00d1OS.docx\">LIBROS PARA 3 A\u00d1OS<\/a><\/p>\n<p><a href=\"https:\/\/blogsaverroes.juntadeandalucia.es\/coledelobres\/files\/2021\/06\/LISTADO-DE-MATERIAL-FUNGIBLE-EDUCACI\u00d3N-INFANTIL-5-A\u00d1OS.docx\">LISTADO DE MATERIAL FUNGIBLE EDUCACI\u00d3N INFANTIL 5 A\u00d1OS<\/a><\/p>\n","protected":false},"excerpt":{"rendered":"<p>El segundo ciclo de Educaci\u00f3n infantil atiende a ni\u00f1os desde los 3 a los 6 a\u00f1os. En nuestro centro contamos con una l\u00ednea para cada curso; 3,4 y 5 a\u00f1os. En este momento crucial en la vida de nuestros alumnos, el aprendizaje depende fundamentalmente de su nivel de desarrollo y de la estimulaci\u00f3n que en [&hellip;]<\/p>\n","protected":false},"author":7051,"featured_media":0,"parent":0,"menu_order":0,"comment_status":"closed","ping_status":"closed","template":"","meta":{"_et_pb_use_builder":"off","_et_pb_old_content":"","_et_gb_content_width":"","ngg_post_thumbnail":0,"footnotes":""},"aioseo_notices":[],"_links":{"self":[{"href":"https:\/\/blogsaverroes.juntadeandalucia.es\/coledelobres\/wp-json\/wp\/v2\/pages\/825"}],"collection":[{"href":"https:\/\/blogsaverroes.juntadeandalucia.es\/coledelobres\/wp-json\/wp\/v2\/pages"}],"about":[{"href":"https:\/\/blogsaverroes.juntadeandalucia.es\/coledelobres\/wp-json\/wp\/v2\/types\/page"}],"author":[{"embeddable":true,"href":"https:\/\/blogsaverroes.juntadeandalucia.es\/coledelobres\/wp-json\/wp\/v2\/users\/7051"}],"replies":[{"embeddable":true,"href":"https:\/\/blogsaverroes.juntadeandalucia.es\/coledelobres\/wp-json\/wp\/v2\/comments?post=825"}],"version-history":[{"count":6,"href":"https:\/\/blogsaverroes.juntadeandalucia.es\/coledelobres\/wp-json\/wp\/v2\/pages\/825\/revisions"}],"predecessor-version":[{"id":1111,"href":"https:\/\/blogsaverroes.juntadeandalucia.es\/coledelobres\/wp-json\/wp\/v2\/pages\/825\/revisions\/1111"}],"wp:attachment":[{"href":"https:\/\/blogsaverroes.juntadeandalucia.es\/coledelobres\/wp-json\/wp\/v2\/media?parent=825"}],"curies":[{"name":"wp","href":"https:\/\/api.w.org\/{rel}","templated":true}]}}