{"id":831,"date":"2020-12-18T08:35:33","date_gmt":"2020-12-18T07:35:33","guid":{"rendered":"https:\/\/blogsaverroes.juntadeandalucia.es\/pre\/plantilla-pencil\/?page_id=831"},"modified":"2021-06-28T11:19:38","modified_gmt":"2021-06-28T10:19:38","slug":"3o-ciclo-de-educacion-primaria","status":"publish","type":"page","link":"https:\/\/blogsaverroes.juntadeandalucia.es\/coledelobres\/3o-ciclo-de-educacion-primaria\/","title":{"rendered":"3\u00ba Ciclo de Educaci\u00f3n Primaria"},"content":{"rendered":"<p>Este es el listado de material del tercer ciclo de Educaci\u00f3n Primaria (5\u00ba y 6\u00ba) para el curso 2021\/22.<\/p>\n<p><strong>MATERIALES PARA 5\u00ba\/6\u00b0 DE PRIMARIA<\/strong><\/p>\n<ul>\n<li>500 folios (80 g\/m2).<\/li>\n<li>Un cuadernillo con cartulina, papel charol, seda y celof\u00e1n.(aprovechar los que se tengan del a\u00f1o pasado)<\/li>\n<li>Una caja de l\u00e1pices .<\/li>\n<li>2 bol\u00edgrafos azules y uno rojo.<\/li>\n<li>5 gomas.<\/li>\n<li>2 sacapuntas.<\/li>\n<li>Una caja de rotuladores.<\/li>\n<li>3 barras de pegamento.<\/li>\n<li>1 carpeta\/archivador tama\u00f1o folio de anillas.<\/li>\n<li>10 fundas de pl\u00e1stico tama\u00f1o folio.<\/li>\n<li>6 libretas tama\u00f1o folio (1 de cuadros para Matem\u00e1ticas)<\/li>\n<li>Bolsa de aseo para educaci\u00f3n F\u00edsica.<\/li>\n<li>Unas tijeras de punta roma.<\/li>\n<li>Una caja de ceras de 12 colores.<\/li>\n<li>Una caja de l\u00e1pices de colores .<\/li>\n<li>Un juego de reglas graduadas y comp\u00e1s.<\/li>\n<li>Una flauta dulce.<\/li>\n<li>1 paquete de toallitas y 1 paquete de papel higi\u00e9nico.<\/li>\n<li>1 paquete de rollos de cocina.<\/li>\n<li>2 cartulinas de color claro<\/li>\n<li>Libreta de ingl\u00e9s del a\u00f1o pasado.<\/li>\n<li>Libreta tama\u00f1o cuartilla para m\u00fasica (a\u00f1o pasado)<\/li>\n<li>Libreta de religi\u00f3n del a\u00f1o pasado.<\/li>\n<li>1 pendrive para guardar documentos.<\/li>\n<li><strong>No comprar agenda.<\/strong><\/li>\n<\/ul>\n<p>En este enlace pueden descargarse el listado en formato Word.<\/p>\n<p><a href=\"https:\/\/blogsaverroes.juntadeandalucia.es\/coledelobres\/files\/2021\/06\/MATERIALES-PARA-5\u00ba.docx\">MATERIALES PARA 5\u00ba<\/a> y 6\u00ba<\/p>\n","protected":false},"excerpt":{"rendered":"<p>Este es el listado de material del tercer ciclo de Educaci\u00f3n Primaria (5\u00ba y 6\u00ba) para el curso 2021\/22. MATERIALES PARA 5\u00ba\/6\u00b0 DE PRIMARIA 500 folios (80 g\/m2). Un cuadernillo con cartulina, papel charol, seda y celof\u00e1n.(aprovechar los que se tengan del a\u00f1o pasado) Una caja de l\u00e1pices . 2 bol\u00edgrafos azules y uno rojo. [&hellip;]<\/p>\n","protected":false},"author":7051,"featured_media":0,"parent":0,"menu_order":0,"comment_status":"closed","ping_status":"closed","template":"","meta":{"_et_pb_use_builder":"off","_et_pb_old_content":"","_et_gb_content_width":"","ngg_post_thumbnail":0,"footnotes":""},"aioseo_notices":[],"_links":{"self":[{"href":"https:\/\/blogsaverroes.juntadeandalucia.es\/coledelobres\/wp-json\/wp\/v2\/pages\/831"}],"collection":[{"href":"https:\/\/blogsaverroes.juntadeandalucia.es\/coledelobres\/wp-json\/wp\/v2\/pages"}],"about":[{"href":"https:\/\/blogsaverroes.juntadeandalucia.es\/coledelobres\/wp-json\/wp\/v2\/types\/page"}],"author":[{"embeddable":true,"href":"https:\/\/blogsaverroes.juntadeandalucia.es\/coledelobres\/wp-json\/wp\/v2\/users\/7051"}],"replies":[{"embeddable":true,"href":"https:\/\/blogsaverroes.juntadeandalucia.es\/coledelobres\/wp-json\/wp\/v2\/comments?post=831"}],"version-history":[{"count":4,"href":"https:\/\/blogsaverroes.juntadeandalucia.es\/coledelobres\/wp-json\/wp\/v2\/pages\/831\/revisions"}],"predecessor-version":[{"id":1100,"href":"https:\/\/blogsaverroes.juntadeandalucia.es\/coledelobres\/wp-json\/wp\/v2\/pages\/831\/revisions\/1100"}],"wp:attachment":[{"href":"https:\/\/blogsaverroes.juntadeandalucia.es\/coledelobres\/wp-json\/wp\/v2\/media?parent=831"}],"curies":[{"name":"wp","href":"https:\/\/api.w.org\/{rel}","templated":true}]}}